{"id":5576,"date":"2025-12-09T01:08:15","date_gmt":"2025-12-09T01:08:15","guid":{"rendered":"https:\/\/mountlaser.com\/?post_type=product&#038;p=5576"},"modified":"2025-12-09T01:08:15","modified_gmt":"2025-12-09T01:08:15","slug":"su01-surveying-umbrella","status":"publish","type":"product","link":"https:\/\/mountlaser.com\/vi\/san-pham\/su01-surveying-umbrella\/","title":{"rendered":"\u00d4 d\u00f9 kh\u1ea3o s\u00e1t SU01"},"content":{"rendered":"<p>C\u00e1i <a href=\"https:\/\/mountlaser.com\/vi\/\"><strong>\u00d4 d\u00f9 kh\u1ea3o s\u00e1t SU01<\/strong><\/a> \u0110\u00e2y l\u00e0 m\u1ed9t lo\u1ea1i m\u00e1i che chuy\u00ean d\u1ee5ng \u0111\u01b0\u1ee3c thi\u1ebft k\u1ebf \u0111\u1ec3 b\u1ea3o v\u1ec7 thi\u1ebft b\u1ecb kh\u1ea3o s\u00e1t nh\u1ea1y c\u1ea3m v\u00e0 ng\u01b0\u1eddi v\u1eadn h\u00e0nh hi\u1ec7n tr\u01b0\u1eddng kh\u1ecfi \u00e1nh n\u1eafng tr\u1ef1c ti\u1ebfp v\u00e0 m\u01b0a b\u1ea5t ch\u1ee3t. \u0110\u01b0\u1ee3c thi\u1ebft k\u1ebf cho c\u00e1c \u0111i\u1ec1u ki\u1ec7n ngo\u00e0i tr\u1eddi kh\u1eafc nghi\u1ec7t, s\u1ea3n ph\u1ea9m n\u00e0y... <a href=\"https:\/\/mountlaser.com\/vi\/danh-muc-san-pham\/surveying-accessory\/\"><strong>\u00f4 d\u00f9 kh\u1ea3o s\u00e1t \u0111\u1ea5t<\/strong><\/a> \u0110\u1ea3m b\u1ea3o hi\u1ec7u su\u1ea5t ho\u1ea1t \u0111\u1ed9ng \u1ed5n \u0111\u1ecbnh c\u1ee7a thi\u1ebft b\u1ecb trong m\u1ecdi \u0111i\u1ec1u ki\u1ec7n th\u1eddi ti\u1ebft. V\u1edbi \u0111\u1ea7u xoay linh ho\u1ea1t \u0111\u1ec3 \u0111i\u1ec1u ch\u1ec9nh h\u01b0\u1edbng v\u00e0 t\u00e1n d\u00f9 r\u1ed9ng 200 cm, d\u00f9 kh\u1ea3o s\u00e1t SU01 cung c\u1ea5p kh\u1ea3 n\u0103ng che n\u1eafng \u0111\u00e1ng tin c\u1eady trong su\u1ed1t c\u00e1c ho\u1ea1t \u0111\u1ed9ng ngo\u00e0i tr\u1eddi k\u00e9o d\u00e0i.<\/p>\n<p><img fetchpriority=\"high\" decoding=\"async\" class=\"aligncenter wp-image-5570\" src=\"https:\/\/mountlaser.com\/wp-content\/uploads\/2025\/12\/SU011.webp\" alt=\"SU01 surveying umbrella\" width=\"500\" height=\"500\" srcset=\"https:\/\/mountlaser.com\/wp-content\/uploads\/2025\/12\/SU011.webp 1000w, https:\/\/mountlaser.com\/wp-content\/uploads\/2025\/12\/SU011-300x300.webp 300w, https:\/\/mountlaser.com\/wp-content\/uploads\/2025\/12\/SU011-150x150.webp 150w, https:\/\/mountlaser.com\/wp-content\/uploads\/2025\/12\/SU011-768x768.webp 768w, https:\/\/mountlaser.com\/wp-content\/uploads\/2025\/12\/SU011-12x12.webp 12w, https:\/\/mountlaser.com\/wp-content\/uploads\/2025\/12\/SU011-600x600.webp 600w, https:\/\/mountlaser.com\/wp-content\/uploads\/2025\/12\/SU011-800x800.webp 800w, https:\/\/mountlaser.com\/wp-content\/uploads\/2025\/12\/SU011-400x400.webp 400w\" sizes=\"(max-width: 500px) 100vw, 500px\" \/><\/p>\n<p>\u0110\u01b0\u1ee3c c\u1ea5u t\u1ea1o t\u1eeb v\u1ea3i 10 t\u1ea5m m\u00e0u xanh tr\u1eafng b\u1ec1n ch\u1eafc v\u00e0 \u0111\u01b0\u1ee3c \u0111\u1ee1 b\u1edfi m\u1ed9t c\u1ed9t hai \u0111o\u1ea1n (\u00d828\u201332 mm), chi\u1ebfc d\u00f9 kh\u1ea3o s\u00e1t \u0111\u1ecba h\u00ecnh n\u00e0y \u0111\u01b0\u1ee3c thi\u1ebft k\u1ebf \u0111\u1ec3 ti\u1ec7n l\u1ee3i v\u00e0 \u0111\u00e1ng tin c\u1eady l\u00e2u d\u00e0i. C\u1ecdc c\u1eafm \u0111\u1ea5t ch\u1ecbu l\u1ef1c cao c\u00f3 th\u1ec3 xuy\u00ean s\u00e2u t\u1edbi 20 cm v\u00e0o \u0111\u1ea5t m\u1ec1m, cung c\u1ea5p kh\u1ea3 n\u0103ng neo gi\u1eef ch\u1eafc ch\u1eafn ngay c\u1ea3 tr\u00ean \u0111\u1ecba h\u00ecnh kh\u00f4ng b\u1eb1ng ph\u1eb3ng. Cho d\u00f9 \u0111\u01b0\u1ee3c s\u1eed d\u1ee5ng cho m\u00e1y to\u00e0n \u0111\u1ea1c, m\u00e1y thu GNSS hay c\u00e1c c\u00f4ng vi\u1ec7c ghi ch\u00e9p hi\u1ec7n tr\u01b0\u1eddng, chi\u1ebfc d\u00f9 n\u00e0y \u0111\u1ec1u r\u1ea5t h\u1eefu \u00edch. <a href=\"https:\/\/mountlaser.com\/vi\/about-us\/\">\u00d4 d\u00f9 kh\u1ea3o s\u00e1t SU01<\/a> Gi\u00fap duy tr\u00ec t\u1ea7m nh\u00ecn, k\u00e9o d\u00e0i tu\u1ed5i th\u1ecd thi\u1ebft b\u1ecb v\u00e0 c\u1ea3i thi\u1ec7n s\u1ef1 tho\u1ea3i m\u00e1i khi l\u00e0m vi\u1ec7c. \u0110\u1ed1i v\u1edbi nh\u1eefng ng\u01b0\u1eddi kh\u1ea3o s\u00e1t c\u1ea7n hi\u1ec7u su\u1ea5t \u1ed5n \u0111\u1ecbnh, t\u00ednh di \u0111\u1ed9ng v\u00e0 kh\u1ea3 n\u0103ng b\u1ea3o v\u1ec7, chi\u1ebfc d\u00f9 kh\u1ea3o s\u00e1t \u0111\u1ecba h\u00ecnh n\u00e0y l\u00e0 m\u1ed9t v\u1eadt d\u1ee5ng thi\u1ebft y\u1ebfu trong b\u1ea5t k\u1ef3 b\u1ed9 d\u1ee5ng c\u1ee5 hi\u1ec7n tr\u01b0\u1eddng n\u00e0o.<\/p>","protected":false},"excerpt":{"rendered":"<ul>\n<li>Kh\u1ea3 n\u0103ng ch\u1ed1ng ch\u1ecbu th\u1eddi ti\u1ebft: B\u1ea3o v\u1ec7 thi\u1ebft b\u1ecb v\u00e0 ng\u01b0\u1eddi v\u1eadn h\u00e0nh kh\u1ecfi \u00e1nh n\u1eafng gay g\u1eaft v\u00e0 m\u01b0a.<\/li>\n<li>\u0110\u1ea7u xoay: Cho ph\u00e9p \u0111i\u1ec1u ch\u1ec9nh h\u01b0\u1edbng \u0111\u1ec3 \u0111\u1ea1t hi\u1ec7u qu\u1ea3 che n\u1eafng t\u1ed1i \u0111a.<\/li>\n<li>T\u00e1n che l\u1edbn 200 cm: V\u1ea3i 10 t\u1ea5m m\u00e0u xanh tr\u1eafng t\u1ea1o \u0111\u1ed9 che ph\u1ee7 r\u1ed9ng.<\/li>\n<li>Chi\u1ec1u cao c\u00f3 th\u1ec3 \u0111i\u1ec1u ch\u1ec9nh: C\u1ed9t hai \u0111o\u1ea1n c\u00f3 th\u1ec3 k\u00e9o d\u00e0i \u0111\u1ebfn 200 cm \u0111\u1ec3 d\u1ec5 d\u00e0ng l\u1eafp \u0111\u1eb7t.<\/li>\n<li>\u0110\u1ed9 \u1ed5n \u0111\u1ecbnh \u0111\u01b0\u1ee3c t\u0103ng c\u01b0\u1eddng: C\u1ecdc kim lo\u1ea1i ch\u1ecbu l\u1ef1c cao c\u00f3 th\u1ec3 xuy\u00ean s\u00e2u 20 cm v\u00e0o \u0111\u1ea5t m\u1ec1m.<\/li>\n<li>C\u1ea5u tr\u00fac b\u1ec1n b\u1ec9: \u0110\u01b0\u1ee3c thi\u1ebft k\u1ebf \u0111\u1ec3 s\u1eed d\u1ee5ng nhi\u1ec1u l\u1ea7n trong m\u00f4i tr\u01b0\u1eddng chuy\u00ean nghi\u1ec7p.<\/li>\n<li>D\u1ec5 d\u00e0ng di \u0111\u1ed9ng v\u00e0 l\u1eafp \u0111\u1eb7t: L\u1eafp r\u00e1p \u0111\u01a1n gi\u1ea3n \u0111\u1ec3 nhanh ch\u00f3ng tri\u1ec3n khai t\u1ea1i c\u00e1c \u0111\u1ecba \u0111i\u1ec3m kh\u1ea3o s\u00e1t.<\/li>\n<\/ul>","protected":false},"featured_media":5572,"comment_status":"open","ping_status":"closed","template":"","meta":[],"product_brand":[],"product_cat":[79,159],"product_tag":[],"class_list":{"0":"post-5576","1":"product","2":"type-product","3":"status-publish","4":"has-post-thumbnail","6":"product_cat-surveying-accessory","7":"product_cat-surveying-umbrella","9":"first","10":"instock","11":"shipping-taxable","12":"product-type-simple"},"_links":{"self":[{"href":"https:\/\/mountlaser.com\/vi\/wp-json\/wp\/v2\/product\/5576","targetHints":{"allow":["GET"]}}],"collection":[{"href":"https:\/\/mountlaser.com\/vi\/wp-json\/wp\/v2\/product"}],"about":[{"href":"https:\/\/mountlaser.com\/vi\/wp-json\/wp\/v2\/types\/product"}],"replies":[{"embeddable":true,"href":"https:\/\/mountlaser.com\/vi\/wp-json\/wp\/v2\/comments?post=5576"}],"wp:featuredmedia":[{"embeddable":true,"href":"https:\/\/mountlaser.com\/vi\/wp-json\/wp\/v2\/media\/5572"}],"wp:attachment":[{"href":"https:\/\/mountlaser.com\/vi\/wp-json\/wp\/v2\/media?parent=5576"}],"wp:term":[{"taxonomy":"product_brand","embeddable":true,"href":"https:\/\/mountlaser.com\/vi\/wp-json\/wp\/v2\/product_brand?post=5576"},{"taxonomy":"product_cat","embeddable":true,"href":"https:\/\/mountlaser.com\/vi\/wp-json\/wp\/v2\/product_cat?post=5576"},{"taxonomy":"product_tag","embeddable":true,"href":"https:\/\/mountlaser.com\/vi\/wp-json\/wp\/v2\/product_tag?post=5576"}],"curies":[{"name":"trang web","href":"https:\/\/api.w.org\/{rel}","templated":true}]}}