{"id":5569,"date":"2025-12-08T09:09:35","date_gmt":"2025-12-08T09:09:35","guid":{"rendered":"https:\/\/mountlaser.com\/?post_type=product&#038;p=5569"},"modified":"2025-12-12T02:46:23","modified_gmt":"2025-12-12T02:46:23","slug":"ps2a-pocket-stereo-viewer","status":"publish","type":"product","link":"https:\/\/mountlaser.com\/vi\/san-pham\/ps2a-pocket-stereo-viewer\/","title":{"rendered":"M\u00e1y xem \u1ea3nh \u00e2m thanh n\u1ed5i b\u1ecf t\u00fai PS2A"},"content":{"rendered":"<p data-start=\"358\" data-end=\"742\">C\u00e1i <a href=\"https:\/\/mountlaser.com\/vi\/\"><strong data-start=\"362\" data-end=\"394\">M\u00e1y xem \u1ea3nh \u00e2m thanh n\u1ed5i b\u1ecf t\u00fai PS2A<\/strong><\/a> \u0110\u00e2y l\u00e0 m\u1ed9t k\u00ednh soi l\u1eadp th\u1ec3 chuy\u00ean nghi\u1ec7p, nh\u1ecf g\u1ecdn, \u0111\u01b0\u1ee3c thi\u1ebft k\u1ebf \u0111\u1ec3 hi\u1ec3n th\u1ecb h\u00ecnh \u1ea3nh l\u1eadp th\u1ec3 r\u00f5 n\u00e9t v\u00e0 ch\u00ednh x\u00e1c trong c\u1ea3 m\u00f4i tr\u01b0\u1eddng l\u00e0m vi\u1ec7c ngo\u00e0i tr\u1eddi v\u00e0 v\u0103n ph\u00f2ng. \u0110\u01b0\u1ee3c ch\u1ebf t\u1ea1o v\u1edbi gi\u00e1 \u0111\u1ee1 b\u1eb1ng h\u1ee3p kim kim lo\u1ea1i \u0111\u00fac b\u1ec1n ch\u1eafc, <a href=\"https:\/\/mountlaser.com\/vi\/danh-muc-san-pham\/surveying-accessory\/\"><strong data-start=\"583\" data-end=\"613\">M\u00e1y xem \u1ea3nh n\u1ed5i b\u1ecf t\u00fai b\u1eb1ng kim lo\u1ea1i<\/strong><\/a> S\u1ea3n ph\u1ea9m n\u00e0y mang l\u1ea1i \u0111\u1ed9 \u1ed5n \u0111\u1ecbnh l\u00e2u d\u00e0i v\u00e0 t\u00ednh nh\u1ea5t qu\u00e1n quang h\u1ecdc cao, l\u00fd t\u01b0\u1edfng cho c\u00e1c nh\u00e0 kh\u1ea3o s\u00e1t, chuy\u00ean gia \u0111o \u1ea3nh v\u00e0 nh\u00e0 ph\u00e2n t\u00edch \u0111\u1ecba h\u00ecnh.<\/p>\n<p data-start=\"744\" data-end=\"1196\">\u0110\u01b0\u1ee3c thi\u1ebft k\u1ebf v\u1edbi kho\u1ea3ng c\u00e1ch gi\u1eefa hai \u0111\u1ed3ng t\u1eed c\u00f3 th\u1ec3 \u0111i\u1ec1u ch\u1ec9nh t\u1eeb 56 mm \u0111\u1ebfn 75 mm, k\u00ednh xem \u1ea3nh l\u1eadp th\u1ec3 b\u1ecf t\u00fai PS2A \u0111\u1ea3m b\u1ea3o tr\u1ea3i nghi\u1ec7m xem tho\u1ea3i m\u00e1i cho nhi\u1ec1u ng\u01b0\u1eddi d\u00f9ng kh\u00e1c nhau, \u0111\u1ed3ng th\u1eddi cung c\u1ea5p tr\u01b0\u1eddng nh\u00ecn r\u1ed9ng 125 mm \u00d7 125 mm \u0111\u1ec3 ki\u1ec3m tra \u1ea3nh l\u1eadp th\u1ec3 hi\u1ec7u qu\u1ea3. V\u1edbi \u0111\u1ed9 ph\u00f3ng \u0111\u1ea1i 2X, k\u00ednh xem \u1ea3nh l\u1eadp th\u1ec3 b\u1ecf t\u00fai b\u1eb1ng kim lo\u1ea1i PS2A \u0111\u00e1p \u1ee9ng \u0111\u01b0\u1ee3c nhi\u1ec1u m\u1ee9c \u0111\u1ed9 chi ti\u1ebft c\u1ea7n thi\u1ebft trong c\u00e1c c\u00f4ng vi\u1ec7c kh\u1ea3o s\u00e1t v\u00e0 l\u1eadp b\u1ea3n \u0111\u1ed3 chuy\u00ean nghi\u1ec7p.<\/p>\n<p data-start=\"744\" data-end=\"1196\"><img fetchpriority=\"high\" decoding=\"async\" class=\"aligncenter wp-image-5563\" src=\"https:\/\/mountlaser.com\/wp-content\/uploads\/2025\/12\/\u4e3b\u56fe3-4.webp\" alt=\"PS2A\/4A pocket stereo viewer\" width=\"500\" height=\"500\" srcset=\"https:\/\/mountlaser.com\/wp-content\/uploads\/2025\/12\/\u4e3b\u56fe3-4.webp 1000w, https:\/\/mountlaser.com\/wp-content\/uploads\/2025\/12\/\u4e3b\u56fe3-4-300x300.webp 300w, https:\/\/mountlaser.com\/wp-content\/uploads\/2025\/12\/\u4e3b\u56fe3-4-150x150.webp 150w, https:\/\/mountlaser.com\/wp-content\/uploads\/2025\/12\/\u4e3b\u56fe3-4-768x768.webp 768w, https:\/\/mountlaser.com\/wp-content\/uploads\/2025\/12\/\u4e3b\u56fe3-4-12x12.webp 12w, https:\/\/mountlaser.com\/wp-content\/uploads\/2025\/12\/\u4e3b\u56fe3-4-600x600.webp 600w, https:\/\/mountlaser.com\/wp-content\/uploads\/2025\/12\/\u4e3b\u56fe3-4-800x800.webp 800w, https:\/\/mountlaser.com\/wp-content\/uploads\/2025\/12\/\u4e3b\u56fe3-4-400x400.webp 400w\" sizes=\"(max-width: 500px) 100vw, 500px\" \/><\/p>\n<p data-start=\"1198\" data-end=\"1423\">B\u1eb1ng c\u00e1ch k\u1ebft h\u1ee3p t\u00ednh di \u0111\u1ed9ng, c\u1ea5u tr\u00fac b\u1ec1n ch\u1eafc v\u00e0 \u0111\u1ed9 r\u00f5 n\u00e9t quang h\u1ecdc, s\u1ea3n ph\u1ea9m n\u00e0y <a href=\"https:\/\/mountlaser.com\/vi\/contact-us\/\">M\u00e1y xem \u1ea3nh n\u1ed5i b\u1ecf t\u00fai PS2A\/4A<\/a> Cung c\u1ea5p hi\u1ec7u n\u0103ng \u0111\u00e1ng tin c\u1eady cho b\u1ea5t k\u1ef3 ai c\u1ea7n kh\u1ea3 n\u0103ng di\u1ec5n gi\u1ea3i h\u00ecnh \u1ea3nh l\u1eadp th\u1ec3 ch\u00ednh x\u00e1c trong m\u00f4i tr\u01b0\u1eddng l\u00e0m vi\u1ec7c \u0111\u00f2i h\u1ecfi cao.<\/p>","protected":false},"excerpt":{"rendered":"<ul>\n<li>PS2A (\u0111\u1ed9 ph\u00f3ng \u0111\u1ea1i 2X).<\/li>\n<li>Kho\u1ea3ng c\u00e1ch gi\u1eefa hai \u0111\u1ed3ng t\u1eed c\u00f3 th\u1ec3 \u0111i\u1ec1u ch\u1ec9nh: 56\u201375 mm \u0111\u1ec3 ph\u00f9 h\u1ee3p v\u1edbi nhi\u1ec1u ng\u01b0\u1eddi d\u00f9ng kh\u00e1c nhau m\u1ed9t c\u00e1ch tho\u1ea3i m\u00e1i.<\/li>\n<li>G\u00f3c nh\u00ecn r\u1ed9ng: 125 mm \u00d7 125 mm cho ph\u00e9p ph\u00e2n t\u00edch h\u00ecnh \u1ea3nh l\u1eadp th\u1ec3 hi\u1ec7u qu\u1ea3.<\/li>\n<li>C\u1ea5u tr\u00fac kim lo\u1ea1i: Th\u00e2n m\u00e1y b\u1eb1ng h\u1ee3p kim \u0111\u00fac ch\u1eafc ch\u1eafn \u0111\u1ea3m b\u1ea3o \u0111\u1ed9 \u1ed5n \u0111\u1ecbnh v\u00e0 \u0111\u1ed9 b\u1ec1n l\u00e2u d\u00e0i.<\/li>\n<li>Thi\u1ebft k\u1ebf nh\u1ecf g\u1ecdn: Tr\u1ecdng l\u01b0\u1ee3ng nh\u1eb9, d\u1ec5 d\u00e0ng v\u1eadn chuy\u1ec3n trong qu\u00e1 tr\u00ecnh l\u00e0m vi\u1ec7c ngo\u00e0i hi\u1ec7n tr\u01b0\u1eddng.<\/li>\n<li>\u1ee8ng d\u1ee5ng chuy\u00ean nghi\u1ec7p: L\u00fd t\u01b0\u1edfng cho vi\u1ec7c ph\u00e2n t\u00edch \u1ea3nh l\u1eadp th\u1ec3, \u0111\u00e1nh gi\u00e1 \u0111\u1ecba h\u00ecnh v\u00e0 c\u00e1c \u1ee9ng d\u1ee5ng \u0111o \u1ea3nh.<\/li>\n<\/ul>","protected":false},"featured_media":5562,"comment_status":"open","ping_status":"closed","template":"","meta":[],"product_brand":[],"product_cat":[79,158],"product_tag":[],"class_list":{"0":"post-5569","1":"product","2":"type-product","3":"status-publish","4":"has-post-thumbnail","6":"product_cat-surveying-accessory","7":"product_cat-pocket-stereo-viewer","9":"first","10":"instock","11":"shipping-taxable","12":"product-type-simple"},"_links":{"self":[{"href":"https:\/\/mountlaser.com\/vi\/wp-json\/wp\/v2\/product\/5569","targetHints":{"allow":["GET"]}}],"collection":[{"href":"https:\/\/mountlaser.com\/vi\/wp-json\/wp\/v2\/product"}],"about":[{"href":"https:\/\/mountlaser.com\/vi\/wp-json\/wp\/v2\/types\/product"}],"replies":[{"embeddable":true,"href":"https:\/\/mountlaser.com\/vi\/wp-json\/wp\/v2\/comments?post=5569"}],"wp:featuredmedia":[{"embeddable":true,"href":"https:\/\/mountlaser.com\/vi\/wp-json\/wp\/v2\/media\/5562"}],"wp:attachment":[{"href":"https:\/\/mountlaser.com\/vi\/wp-json\/wp\/v2\/media?parent=5569"}],"wp:term":[{"taxonomy":"product_brand","embeddable":true,"href":"https:\/\/mountlaser.com\/vi\/wp-json\/wp\/v2\/product_brand?post=5569"},{"taxonomy":"product_cat","embeddable":true,"href":"https:\/\/mountlaser.com\/vi\/wp-json\/wp\/v2\/product_cat?post=5569"},{"taxonomy":"product_tag","embeddable":true,"href":"https:\/\/mountlaser.com\/vi\/wp-json\/wp\/v2\/product_tag?post=5569"}],"curies":[{"name":"trang web","href":"https:\/\/api.w.org\/{rel}","templated":true}]}}