{"id":5539,"date":"2025-12-08T07:47:18","date_gmt":"2025-12-08T07:47:18","guid":{"rendered":"https:\/\/mountlaser.com\/?post_type=product&#038;p=5539"},"modified":"2025-12-12T05:08:10","modified_gmt":"2025-12-12T05:08:10","slug":"al01-abney-level","status":"publish","type":"product","link":"https:\/\/mountlaser.com\/vi\/san-pham\/al01-abney-level\/","title":{"rendered":"AL01 C\u1ea5p \u0111\u1ed9 Abney"},"content":{"rendered":"<p data-start=\"286\" data-end=\"718\">C\u00e1i <a href=\"https:\/\/mountlaser.com\/vi\/\"><strong data-start=\"290\" data-end=\"313\">AL01 C\u1ea5p \u0111\u1ed9 Abney<\/strong><\/a> \u0110\u00e2y l\u00e0 m\u1ed9t d\u1ee5ng c\u1ee5 quang h\u1ecdc \u0111\u1ed9 ch\u00ednh x\u00e1c cao \u0111\u01b0\u1ee3c thi\u1ebft k\u1ebf d\u00e0nh cho c\u00e1c chuy\u00ean gia c\u1ea7n \u0111\u00e1nh gi\u00e1 nhanh ch\u00f3ng v\u00e0 ch\u00ednh x\u00e1c \u0111\u1ed9 d\u1ed1c, g\u00f3c v\u00e0 \u0111\u1ed9 cao trong c\u1ea3 kh\u1ea3o s\u00e1t \u0111\u1ecba h\u00ecnh v\u00e0 kh\u1ea3o s\u00e1t x\u00e2y d\u1ef1ng. L\u00e0 m\u1ed9t d\u1ee5ng c\u1ee5 \u0111a n\u0103ng <a href=\"https:\/\/mountlaser.com\/vi\/danh-muc-san-pham\/surveying-accessory\/\"><strong data-start=\"515\" data-end=\"547\">M\u00e1y th\u1ee7y chu\u1ea9n Abney \u0111\u1ecba h\u00ecnh<\/strong><\/a>, N\u00f3 c\u00f3 \u1ed1ng ng\u1eafm h\u00ecnh vu\u00f4ng \u0111\u01b0\u1ee3c trang b\u1ecb k\u00ednh vi\u1ec5n v\u1ecdng l\u1ea5y n\u00e9t b\u00ean trong, cung c\u1ea5p \u0111\u1ed9 ch\u00ednh x\u00e1c 20&#039;\/2mm, \u0111\u1ea3m b\u1ea3o hi\u1ec7u su\u1ea5t \u0111\u00e1ng tin c\u1eady trong m\u00f4i tr\u01b0\u1eddng th\u1ef1c \u0111\u1ecba kh\u1eafc nghi\u1ec7t.<\/p>\n<figure id=\"attachment_5540\" aria-describedby=\"caption-attachment-5540\" style=\"width: 500px\" class=\"wp-caption aligncenter\"><img fetchpriority=\"high\" decoding=\"async\" class=\"wp-image-5540\" src=\"https:\/\/mountlaser.com\/wp-content\/uploads\/2025\/12\/AL011.webp\" alt=\"AL01\/03 Abney Level\" width=\"500\" height=\"500\" srcset=\"https:\/\/mountlaser.com\/wp-content\/uploads\/2025\/12\/AL011.webp 1000w, https:\/\/mountlaser.com\/wp-content\/uploads\/2025\/12\/AL011-300x300.webp 300w, https:\/\/mountlaser.com\/wp-content\/uploads\/2025\/12\/AL011-150x150.webp 150w, https:\/\/mountlaser.com\/wp-content\/uploads\/2025\/12\/AL011-768x768.webp 768w, https:\/\/mountlaser.com\/wp-content\/uploads\/2025\/12\/AL011-12x12.webp 12w, https:\/\/mountlaser.com\/wp-content\/uploads\/2025\/12\/AL011-600x600.webp 600w, https:\/\/mountlaser.com\/wp-content\/uploads\/2025\/12\/AL011-800x800.webp 800w, https:\/\/mountlaser.com\/wp-content\/uploads\/2025\/12\/AL011-400x400.webp 400w\" sizes=\"(max-width: 500px) 100vw, 500px\" \/><figcaption id=\"caption-attachment-5540\" class=\"wp-caption-text\">AL01 C\u1ea5p \u0111\u1ed9 Abney<\/figcaption><\/figure>\n<p data-start=\"720\" data-end=\"1206\">\u0110\u01b0\u1ee3c thi\u1ebft k\u1ebf \u0111\u1ec3 th\u00edch \u1ee9ng, <a href=\"https:\/\/mountlaser.com\/vi\/about-us\/\">AL01 C\u1ea5p \u0111\u1ed9 Abney<\/a> \u0110i k\u00e8m v\u1edbi c\u00e1c \u0111\u1ea7u \u0111o c\u00f3 th\u1ec3 thay th\u1ebf, cho ph\u00e9p ng\u01b0\u1eddi kh\u1ea3o s\u00e1t d\u1ec5 d\u00e0ng chuy\u1ec3n \u0111\u1ed5i gi\u1eefa c\u00e1c \u1ee9ng d\u1ee5ng. Thang \u0111o ch\u00ednh 1\u00b0 t\u00edch h\u1ee3p v\u1edbi c\u00e1c v\u1ea1ch chia vernier 10\u2032, c\u00f9ng v\u1edbi thang \u0111o \u0111\u1ed9 d\u1ed1c 1:1 v\u00e0 1:10, l\u00e0m cho th\u01b0\u1edbc th\u1ee7y c\u1ea7m tay Abney n\u00e0y l\u00fd t\u01b0\u1edfng cho vi\u1ec7c \u0111o \u0111\u1ed9 d\u1ed1c ch\u00ednh x\u00e1c. \u0110\u1ec3 t\u0103ng t\u00ednh ti\u1ec7n d\u1ee5ng, m\u1eabu AL01 c\u00f3 v\u1ecf ngo\u00e0i m\u00e0u xanh l\u00e1 c\u00e2y.<\/p>\n<p data-start=\"1208\" data-end=\"1443\">Th\u01b0\u1edbc th\u1ee7y AL01 Abney nh\u1ecf g\u1ecdn, nh\u1eb9 v\u00e0 \u0111\u01b0\u1ee3c cung c\u1ea5p k\u00e8m theo t\u00fai \u0111\u1ef1ng ti\u1ec7n d\u1ee5ng c\u00f3 m\u00f3c c\u00e0i th\u1eaft l\u01b0ng, khi\u1ebfn n\u00f3 tr\u1edf th\u00e0nh s\u1ea3n ph\u1ea9m l\u00fd t\u01b0\u1edfng. <a href=\"https:\/\/mountlaser.com\/vi\/contact-us\/\">M\u00e1y th\u1ee7y chu\u1ea9n Abney \u0111\u1ecba h\u00ecnh<\/a> M\u1ed9t ng\u01b0\u1eddi b\u1ea1n \u0111\u1ed3ng h\u00e0nh \u0111\u00e1ng tin c\u1eady d\u00e0nh cho c\u00e1c chuy\u00ean gia kh\u1ea3o s\u00e1t c\u1ea7n s\u1ef1 hi\u1ec7u qu\u1ea3 v\u00e0 t\u00ednh c\u01a1 \u0111\u1ed9ng.<\/p>","protected":false},"excerpt":{"rendered":"<ul>\n<li>\u0110o \u0111\u1ed9 d\u1ed1c v\u00e0 g\u00f3c ch\u00ednh x\u00e1c: \u0110o \u0111\u1ed9 d\u1ed1c, \u0111\u1ed9 cao v\u00e0 s\u1ef1 thay \u0111\u1ed5i g\u00f3c v\u1edbi \u0111\u1ed9 ch\u00ednh x\u00e1c 20&#039;\/2mm.<\/li>\n<li>C\u00e1c cung \u0111o c\u00f3 th\u1ec3 thay th\u1ebf: Hai cung \u0111o cho ph\u00e9p s\u1eed d\u1ee5ng linh ho\u1ea1t cho nhi\u1ec1u nhi\u1ec7m v\u1ee5 \u0111o \u0111\u1ea1c \u0111\u1ecba h\u00ecnh ho\u1eb7c x\u00e2y d\u1ef1ng kh\u00e1c nhau.<\/li>\n<li>\u0110\u1ed9 ch\u00ednh x\u00e1c cao: C\u00f3 thang \u0111o ch\u00ednh 1\u00b0, thang \u0111o vernier 10\u00b0 v\u00e0 thang \u0111o t\u1ef7 l\u1ec7 \u0111\u1ed9 d\u1ed1c t\u00edch h\u1ee3p 1:1 v\u00e0 1:10 \u0111\u1ec3 \u0111o l\u01b0\u1eddng \u1edf c\u1ea5p \u0111\u1ed9 chuy\u00ean nghi\u1ec7p.<\/li>\n<li>C\u00e1c m\u1eabu \u0111\u01b0\u1ee3c m\u00e3 h\u00f3a m\u00e0u s\u1eafc \u0111\u1ec3 d\u1ec5 quan s\u00e1t t\u1ea1i hi\u1ec7n tr\u01b0\u1eddng: M\u00e0u xanh l\u00e1 c\u00e2y AL01 gi\u00fap d\u1ec5 d\u00e0ng nh\u1eadn bi\u1ebft trong c\u00e1c m\u00f4i tr\u01b0\u1eddng kh\u1ea3o s\u00e1t kh\u00e1c nhau.<\/li>\n<li>Nh\u1ecf g\u1ecdn &amp; B\u1ec1n b\u1ec9: \u0110i k\u00e8m v\u1edbi bao \u0111\u1ef1ng c\u00f3 m\u00f3c c\u00e0i th\u1eaft l\u01b0ng \u0111\u1ec3 d\u1ec5 d\u00e0ng mang theo khi ra ngo\u00e0i.<\/li>\n<\/ul>","protected":false},"featured_media":5541,"comment_status":"open","ping_status":"closed","template":"","meta":[],"product_brand":[],"product_cat":[79,156],"product_tag":[],"class_list":{"0":"post-5539","1":"product","2":"type-product","3":"status-publish","4":"has-post-thumbnail","6":"product_cat-surveying-accessory","7":"product_cat-abney-level","9":"first","10":"instock","11":"shipping-taxable","12":"product-type-simple"},"_links":{"self":[{"href":"https:\/\/mountlaser.com\/vi\/wp-json\/wp\/v2\/product\/5539","targetHints":{"allow":["GET"]}}],"collection":[{"href":"https:\/\/mountlaser.com\/vi\/wp-json\/wp\/v2\/product"}],"about":[{"href":"https:\/\/mountlaser.com\/vi\/wp-json\/wp\/v2\/types\/product"}],"replies":[{"embeddable":true,"href":"https:\/\/mountlaser.com\/vi\/wp-json\/wp\/v2\/comments?post=5539"}],"wp:featuredmedia":[{"embeddable":true,"href":"https:\/\/mountlaser.com\/vi\/wp-json\/wp\/v2\/media\/5541"}],"wp:attachment":[{"href":"https:\/\/mountlaser.com\/vi\/wp-json\/wp\/v2\/media?parent=5539"}],"wp:term":[{"taxonomy":"product_brand","embeddable":true,"href":"https:\/\/mountlaser.com\/vi\/wp-json\/wp\/v2\/product_brand?post=5539"},{"taxonomy":"product_cat","embeddable":true,"href":"https:\/\/mountlaser.com\/vi\/wp-json\/wp\/v2\/product_cat?post=5539"},{"taxonomy":"product_tag","embeddable":true,"href":"https:\/\/mountlaser.com\/vi\/wp-json\/wp\/v2\/product_tag?post=5539"}],"curies":[{"name":"trang web","href":"https:\/\/api.w.org\/{rel}","templated":true}]}}