{"id":5531,"date":"2025-12-08T07:08:04","date_gmt":"2025-12-08T07:08:04","guid":{"rendered":"https:\/\/mountlaser.com\/?post_type=product&#038;p=5531"},"modified":"2025-12-08T07:08:04","modified_gmt":"2025-12-08T07:08:04","slug":"ft40-series-flagging-tape","status":"publish","type":"product","link":"https:\/\/mountlaser.com\/vi\/san-pham\/ft40-series-flagging-tape\/","title":{"rendered":"B\u0103ng d\u00ednh \u0111\u00e1nh d\u1ea5u d\u00f2ng FT40"},"content":{"rendered":"<p>MountLaser <a href=\"https:\/\/mountlaser.com\/vi\/\"><strong>B\u0103ng \u0111\u00e1nh d\u1ea5u<\/strong><\/a> \u0110\u00e2y l\u00e0 gi\u1ea3i ph\u00e1p \u0111\u00e1nh d\u1ea5u b\u1ec1n b\u1ec9 v\u00e0 c\u00f3 \u0111\u1ed9 hi\u1ec3n th\u1ecb cao, \u0111\u01b0\u1ee3c thi\u1ebft k\u1ebf cho m\u00f4i tr\u01b0\u1eddng ngo\u00e0i tr\u1eddi kh\u1eafc nghi\u1ec7t. \u0110\u01b0\u1ee3c ch\u1ebf t\u1ea1o d\u00e0nh cho c\u00e1c nh\u00e0 kh\u1ea3o s\u00e1t v\u00e0 chuy\u00ean gia x\u00e2y d\u1ef1ng, b\u0103ng \u0111\u00e1nh d\u1ea5u n\u00e0y mang l\u1ea1i hi\u1ec7u su\u1ea5t \u0111\u00e1ng tin c\u1eady trong nhi\u1ec1u \u0111i\u1ec1u ki\u1ec7n nhi\u1ec7t \u0111\u1ed9 v\u00e0 \u0111\u1ecba h\u00ecnh kh\u00e1c nhau. Cho d\u00f9 \u0111\u00e1nh d\u1ea5u ranh gi\u1edbi, \u0111i\u1ec3m b\u1ed1 tr\u00ed hay v\u1ecb tr\u00ed tham chi\u1ebfu quan tr\u1ecdng, b\u0103ng \u0111\u00e1nh d\u1ea5u n\u00e0y \u0111\u1ea3m b\u1ea3o kh\u1ea3 n\u0103ng hi\u1ec3n th\u1ecb r\u00f5 r\u00e0ng, l\u00e2u d\u00e0i trong m\u1ecdi \u0111i\u1ec1u ki\u1ec7n hi\u1ec7n tr\u01b0\u1eddng.<\/p>\n<p><img fetchpriority=\"high\" decoding=\"async\" class=\"aligncenter wp-image-5536\" src=\"https:\/\/mountlaser.com\/wp-content\/uploads\/2025\/12\/05.webp\" alt=\"Flagging Tape\" width=\"500\" height=\"500\" srcset=\"https:\/\/mountlaser.com\/wp-content\/uploads\/2025\/12\/05.webp 1200w, https:\/\/mountlaser.com\/wp-content\/uploads\/2025\/12\/05-300x300.webp 300w, https:\/\/mountlaser.com\/wp-content\/uploads\/2025\/12\/05-1024x1024.webp 1024w, https:\/\/mountlaser.com\/wp-content\/uploads\/2025\/12\/05-150x150.webp 150w, https:\/\/mountlaser.com\/wp-content\/uploads\/2025\/12\/05-768x768.webp 768w, https:\/\/mountlaser.com\/wp-content\/uploads\/2025\/12\/05-12x12.webp 12w, https:\/\/mountlaser.com\/wp-content\/uploads\/2025\/12\/05-600x600.webp 600w, https:\/\/mountlaser.com\/wp-content\/uploads\/2025\/12\/05-800x800.webp 800w, https:\/\/mountlaser.com\/wp-content\/uploads\/2025\/12\/05-400x400.webp 400w\" sizes=\"(max-width: 500px) 100vw, 500px\" \/><\/p>\n<p>\u0110\u01b0\u1ee3c s\u1ea3n xu\u1ea5t t\u1eeb v\u1eadt li\u1ec7u b\u1ec1n ch\u1eafc, ch\u1ecbu \u0111\u01b0\u1ee3c th\u1eddi ti\u1ebft kh\u1eafc nghi\u1ec7t, s\u1ea3n ph\u1ea9m c\u1ee7a ch\u00fang t\u00f4i <a href=\"https:\/\/mountlaser.com\/vi\/danh-muc-san-pham\/surveying-accessory\/\"><strong>B\u0103ng \u0111\u00e1nh d\u1ea5u c\u1edd<\/strong><\/a> B\u0103ng d\u00e1n \u0111\u00e1nh d\u1ea5u c\u00f3 kh\u1ea3 n\u0103ng ch\u1ed1ng r\u00e1ch v\u00e0 gi\u1eef m\u00e0u v\u01b0\u1ee3t tr\u1ed9i. D\u00f2ng s\u1ea3n ph\u1ea9m n\u00e0y bao g\u1ed3m nhi\u1ec1u chi\u1ec1u d\u00e0i, \u0111\u1ed9 d\u00e0y v\u00e0 m\u00e0u s\u1eafc s\u1ed1ng \u0111\u1ed9ng \u2013 l\u00fd t\u01b0\u1edfng cho vi\u1ec7c nh\u1eadn di\u1ec7n nhanh ch\u00f3ng t\u1ea1i c\u00e1c c\u00f4ng tr\u01b0\u1eddng kh\u1ea3o s\u00e1t v\u00e0 x\u00e2y d\u1ef1ng. V\u1edbi \u0111\u1ed9 linh ho\u1ea1t cao v\u00e0 \u0111\u1ed9 b\u1ec1n v\u01b0\u1ee3t tr\u1ed9i, b\u0103ng d\u00e1n \u0111\u00e1nh d\u1ea5u n\u1ed5i b\u1eadt nh\u01b0 m\u1ed9t c\u00f4ng c\u1ee5 thi\u1ebft y\u1ebfu \u0111\u1ec3 \u0111\u00e1nh d\u1ea5u m\u1eb7t \u0111\u1ea5t ch\u00ednh x\u00e1c v\u00e0 qu\u1ea3n l\u00fd quy tr\u00ecnh l\u00e0m vi\u1ec7c hi\u1ec7u qu\u1ea3.<\/p>\n<div>\n<table style=\"border-collapse: collapse; width: 741.02pt;\" border=\"0\" width=\"988\" cellspacing=\"0\" cellpadding=\"0\">\n<tbody>\n<tr style=\"height: 14.25pt;\">\n<td class=\"et2\" style=\"height: 14.25pt; width: 99.75pt;\" width=\"133\" height=\"19\">CON S\u1ed0<\/td>\n<td class=\"et3\" style=\"width: 101.25pt;\" width=\"135\">NHI\u1ec6T \u0110\u1ed8 HO\u1ea0T \u0110\u1ed8NG.<\/td>\n<td class=\"et4\" style=\"width: 74.25pt;\" width=\"99\">CHI\u1ec0U D\u00c0I<\/td>\n<td class=\"et5\" style=\"width: 83.25pt;\" width=\"111\">\u0110\u1ed8 D\u00c0Y<\/td>\n<td class=\"et5\" style=\"width: 69.00pt;\" width=\"92\">CHI\u1ec0U R\u1ed8NG<\/td>\n<td class=\"et5\" style=\"width: 201.00pt;\" width=\"268\">M\u00c0U S\u1eaeC<\/td>\n<td class=\"et5\" style=\"width: 112.50pt;\" width=\"150\">S\u1ed1 l\u01b0\u1ee3ng \u0111\u1eb7t h\u00e0ng t\u1ed1i thi\u1ec3u (cu\u1ed9n)<\/td>\n<\/tr>\n<tr style=\"height: 14.25pt;\">\n<td class=\"et6\" style=\"height: 14.25pt;\" height=\"19\">FT40-45-127<\/td>\n<td class=\"et6\">-40\u00b0C<\/td>\n<td class=\"et6\">45m<\/td>\n<td class=\"et6\">0,127mm<\/td>\n<td class=\"et6\">25mm<\/td>\n<td class=\"et7\">Cam, H\u1ed3ng, V\u00e0ng, \u0110\u1ecf<\/td>\n<td class=\"et6\">B\u1ed9i s\u1ed1 c\u1ee7a 100<\/td>\n<\/tr>\n<tr style=\"height: 14.25pt;\">\n<td class=\"et6\" style=\"height: 14.25pt;\" height=\"19\">FT15-45-050<\/td>\n<td class=\"et6\">-15\u00b0C<\/td>\n<td class=\"et6\">45m<\/td>\n<td class=\"et6\">0,0508mm<\/td>\n<td class=\"et6\">25mm<\/td>\n<td class=\"et7\">Cam, H\u1ed3ng, V\u00e0ng, \u0110\u1ecf<\/td>\n<td class=\"et6\">B\u1ed9i s\u1ed1 c\u1ee7a 100<\/td>\n<\/tr>\n<tr style=\"height: 14.25pt;\">\n<td class=\"et6\" style=\"height: 14.25pt;\" height=\"19\">FT15-30-070<\/td>\n<td class=\"et6\">-15\u00b0C<\/td>\n<td class=\"et6\">30m<\/td>\n<td class=\"et6\">0,070mm<\/td>\n<td class=\"et6\">25mm<\/td>\n<td class=\"et7\">Cam, H\u1ed3ng, V\u00e0ng, \u0110\u1ecf, Xanh l\u00e1 c\u00e2y, Xanh d\u01b0\u01a1ng<\/td>\n<td class=\"et6\">B\u1ed9i s\u1ed1 c\u1ee7a 240<\/td>\n<\/tr>\n<tr style=\"height: 14.25pt;\">\n<td class=\"et6\" style=\"height: 14.25pt;\" height=\"19\">FT40-100-127<\/td>\n<td class=\"et6\">-40\u00b0C<\/td>\n<td class=\"et6\">100m<\/td>\n<td class=\"et6\">0,127mm<\/td>\n<td class=\"et6\">25mm<\/td>\n<td class=\"et7\">Cam, H\u1ed3ng, V\u00e0ng, \u0110\u1ecf<\/td>\n<td class=\"et6\">B\u1ed9i s\u1ed1 c\u1ee7a 96<\/td>\n<\/tr>\n<tr style=\"height: 14.25pt;\">\n<td class=\"et6\" style=\"height: 14.25pt;\" height=\"19\">FT15-100-050<\/td>\n<td class=\"et6\">-15\u00b0C<\/td>\n<td class=\"et6\">100m<\/td>\n<td class=\"et6\">0,0508mm<\/td>\n<td class=\"et6\">25mm<\/td>\n<td class=\"et7\">Cam, H\u1ed3ng, V\u00e0ng, \u0110\u1ecf<\/td>\n<td class=\"et6\">B\u1ed9i s\u1ed1 c\u1ee7a 96<\/td>\n<\/tr>\n<tr style=\"height: 14.25pt;\">\n<td class=\"et6\" style=\"height: 14.25pt;\" height=\"19\">FT15-100-070<\/td>\n<td class=\"et6\">-15\u00b0C<\/td>\n<td class=\"et6\">100m<\/td>\n<td class=\"et6\">0,070mm<\/td>\n<td class=\"et6\">25mm<\/td>\n<td class=\"et7\">Cam, H\u1ed3ng, V\u00e0ng, \u0110\u1ecf, Xanh l\u00e1 c\u00e2y, Xanh d\u01b0\u01a1ng<\/td>\n<td class=\"et6\">B\u1ed9i s\u1ed1 c\u1ee7a 96<\/td>\n<\/tr>\n<\/tbody>\n<\/table>\n<p>&nbsp;<\/p>\n<\/div>","protected":false},"excerpt":{"rendered":"<ul>\n<li>\u0110\u00e1nh d\u1ea5u c\u00f3 \u0111\u1ed9 hi\u1ec3n th\u1ecb cao: M\u00e0u s\u1eafc t\u01b0\u01a1i s\u00e1ng, ch\u1ed1ng tia UV gi\u00fap nh\u1eadn di\u1ec7n r\u00f5 r\u00e0ng c\u00e1c \u0111i\u1ec3m ki\u1ec3m so\u00e1t, ranh gi\u1edbi, m\u1ed1i nguy hi\u1ec3m v\u00e0 \u0111\u01b0\u1eddng k\u1ebb b\u1ed1 tr\u00ed trong m\u1ecdi \u0111i\u1ec1u ki\u1ec7n.<\/li>\n<li>Kh\u1ea3 n\u0103ng ch\u1ecbu nhi\u1ec7t v\u00e0 th\u1eddi ti\u1ebft kh\u1eafc nghi\u1ec7t: \u0110\u01b0\u1ee3c thi\u1ebft k\u1ebf \u0111\u1ec3 ho\u1ea1t \u0111\u1ed9ng trong m\u00f4i tr\u01b0\u1eddng kh\u1eafc nghi\u1ec7t, v\u1edbi nhi\u1ec7t \u0111\u1ed9 ho\u1ea1t \u0111\u1ed9ng th\u1ea5p t\u1edbi -40\u00b0C t\u00f9y thu\u1ed9c v\u00e0o t\u1eebng m\u1eabu.<\/li>\n<li>Ch\u1ea5t li\u1ec7u d\u1ebbo dai v\u00e0 ch\u1ed1ng r\u00e1ch: \u0110\u1ea3m b\u1ea3o tu\u1ed5i th\u1ecd cao v\u00e0 hi\u1ec7u su\u1ea5t \u0111\u00e1ng tin c\u1eady ngay c\u1ea3 khi \u0111\u01b0\u1ee3c s\u1eed d\u1ee5ng nhi\u1ec1u l\u1ea7n trong qu\u00e1 tr\u00ecnh v\u1eadn h\u00e0nh th\u1ef1c t\u1ebf.<\/li>\n<li>\u1ee8ng d\u1ee5ng \u0111a d\u1ea1ng: Th\u00edch h\u1ee3p cho kh\u1ea3o s\u00e1t k\u1ef9 thu\u1eadt, b\u1ed1 tr\u00ed c\u00f4ng tr\u00ecnh, l\u00e2m nghi\u1ec7p, ti\u1ec7n \u00edch v\u00e0 gi\u00e1m s\u00e1t m\u00f4i tr\u01b0\u1eddng.<\/li>\n<\/ul>","protected":false},"featured_media":5536,"comment_status":"open","ping_status":"closed","template":"","meta":[],"product_brand":[],"product_cat":[79,152],"product_tag":[],"class_list":{"0":"post-5531","1":"product","2":"type-product","3":"status-publish","4":"has-post-thumbnail","6":"product_cat-surveying-accessory","7":"product_cat-surveying-marker","9":"first","10":"instock","11":"shipping-taxable","12":"product-type-simple"},"_links":{"self":[{"href":"https:\/\/mountlaser.com\/vi\/wp-json\/wp\/v2\/product\/5531","targetHints":{"allow":["GET"]}}],"collection":[{"href":"https:\/\/mountlaser.com\/vi\/wp-json\/wp\/v2\/product"}],"about":[{"href":"https:\/\/mountlaser.com\/vi\/wp-json\/wp\/v2\/types\/product"}],"replies":[{"embeddable":true,"href":"https:\/\/mountlaser.com\/vi\/wp-json\/wp\/v2\/comments?post=5531"}],"wp:featuredmedia":[{"embeddable":true,"href":"https:\/\/mountlaser.com\/vi\/wp-json\/wp\/v2\/media\/5536"}],"wp:attachment":[{"href":"https:\/\/mountlaser.com\/vi\/wp-json\/wp\/v2\/media?parent=5531"}],"wp:term":[{"taxonomy":"product_brand","embeddable":true,"href":"https:\/\/mountlaser.com\/vi\/wp-json\/wp\/v2\/product_brand?post=5531"},{"taxonomy":"product_cat","embeddable":true,"href":"https:\/\/mountlaser.com\/vi\/wp-json\/wp\/v2\/product_cat?post=5531"},{"taxonomy":"product_tag","embeddable":true,"href":"https:\/\/mountlaser.com\/vi\/wp-json\/wp\/v2\/product_tag?post=5531"}],"curies":[{"name":"trang web","href":"https:\/\/api.w.org\/{rel}","templated":true}]}}