{"id":5524,"date":"2025-12-08T06:20:52","date_gmt":"2025-12-08T06:20:52","guid":{"rendered":"https:\/\/mountlaser.com\/?post_type=product&#038;p=5524"},"modified":"2025-12-08T06:20:52","modified_gmt":"2025-12-08T06:20:52","slug":"mf01-series-marking-flags","status":"publish","type":"product","link":"https:\/\/mountlaser.com\/vi\/san-pham\/mf01-series-marking-flags\/","title":{"rendered":"C\u1edd \u0111\u00e1nh d\u1ea5u d\u00f2ng MF01"},"content":{"rendered":"<p>C\u1ee7a ch\u00fang t\u00f4i <a href=\"https:\/\/mountlaser.com\/vi\/\"><strong>\u0110\u00e1nh d\u1ea5u c\u1edd<\/strong> <\/a>Nh\u1eefng c\u1ed9t m\u1ed1c \u0111\u00e1nh d\u1ea5u hi\u1ec7n tr\u01b0\u1eddng b\u1ec1n ch\u1eafc v\u00e0 d\u1ec5 nh\u00ecn n\u00e0y \u0111\u01b0\u1ee3c thi\u1ebft k\u1ebf \u0111\u1ec3 \u0111\u00e1p \u1ee9ng nhu c\u1ea7u c\u1ee7a c\u00e1c nh\u00e0 kh\u1ea3o s\u00e1t chuy\u00ean nghi\u1ec7p v\u00e0 c\u00e1c \u0111\u1ed9i x\u00e2y d\u1ef1ng. \u0110\u01b0\u1ee3c l\u00e0m t\u1eeb nh\u1ef1a PVC cao c\u1ea5p, ch\u1ed1ng ch\u1ecbu th\u1eddi ti\u1ebft, nh\u1eefng c\u1ed9t m\u1ed1c n\u00e0y \u0111\u1ea3m b\u1ea3o hi\u1ec7u su\u1ea5t l\u00e2u d\u00e0i ngay c\u1ea3 trong m\u00f4i tr\u01b0\u1eddng ngo\u00e0i tr\u1eddi kh\u1eafc nghi\u1ec7t. \u0110\u1ed9 tin c\u1eady cao. <a href=\"https:\/\/mountlaser.com\/vi\/danh-muc-san-pham\/surveying-accessory\/\"><strong>C\u1edd c\u1ecdc<\/strong><\/a>, Ch\u00fang cung c\u1ea5p kh\u1ea3 n\u0103ng nh\u1eadn di\u1ec7n tr\u1ef1c quan r\u00f5 r\u00e0ng cho c\u00e1c \u0111i\u1ec3m ki\u1ec3m so\u00e1t, ranh gi\u1edbi, ti\u1ec7n \u00edch v\u00e0 \u0111\u01b0\u1eddng b\u1ed1 tr\u00ed tr\u00ean b\u1ea5t k\u1ef3 c\u00f4ng tr\u01b0\u1eddng n\u00e0o.<\/p>\n<p><img fetchpriority=\"high\" decoding=\"async\" class=\"aligncenter wp-image-5525\" src=\"https:\/\/mountlaser.com\/wp-content\/uploads\/2025\/12\/MF011.webp\" alt=\"Marking Flags\" width=\"500\" height=\"500\" srcset=\"https:\/\/mountlaser.com\/wp-content\/uploads\/2025\/12\/MF011.webp 1000w, https:\/\/mountlaser.com\/wp-content\/uploads\/2025\/12\/MF011-300x300.webp 300w, https:\/\/mountlaser.com\/wp-content\/uploads\/2025\/12\/MF011-150x150.webp 150w, https:\/\/mountlaser.com\/wp-content\/uploads\/2025\/12\/MF011-768x768.webp 768w, https:\/\/mountlaser.com\/wp-content\/uploads\/2025\/12\/MF011-12x12.webp 12w, https:\/\/mountlaser.com\/wp-content\/uploads\/2025\/12\/MF011-600x600.webp 600w, https:\/\/mountlaser.com\/wp-content\/uploads\/2025\/12\/MF011-800x800.webp 800w, https:\/\/mountlaser.com\/wp-content\/uploads\/2025\/12\/MF011-400x400.webp 400w\" sizes=\"(max-width: 500px) 100vw, 500px\" \/><\/p>\n<p>\u0110\u01b0\u1ee3c thi\u1ebft k\u1ebf \u0111\u1ec3 linh ho\u1ea1t v\u00e0 b\u1ec1n ch\u1eafc, nh\u1eefng c\u1edd \u0111\u00e1nh d\u1ea5u n\u00e0y c\u00f3 kh\u1ea3 n\u0103ng ch\u1ed1ng r\u00e1ch v\u00e0 gi\u1eef v\u1eefng v\u1ecb tr\u00ed tr\u00ean nhi\u1ec1u \u0111\u1ecba h\u00ecnh kh\u00e1c nhau, l\u00fd t\u01b0\u1edfng cho c\u00e1c c\u00f4ng vi\u1ec7c kh\u1ea3o s\u00e1t, l\u00e0m v\u01b0\u1eddn, khai qu excavation v\u00e0 \u0111\u00e1nh d\u1ea5u c\u00f4ng tr\u00ecnh x\u00e2y d\u1ef1ng. C\u00f3 nhi\u1ec1u m\u00e0u s\u1eafc t\u01b0\u01a1i s\u00e1ng \u0111\u1ec3 l\u1ef1a ch\u1ecdn, ch\u00fang gi\u00fap t\u0103ng kh\u1ea3 n\u0103ng hi\u1ec3n th\u1ecb v\u00e0 \u0111\u1ea3m b\u1ea3o nh\u1eadn di\u1ec7n nhanh ch\u00f3ng t\u1eeb xa. \u0110\u1ed1i v\u1edbi c\u00e1c nh\u00f3m c\u1ea7n \u0111\u00e1nh d\u1ea5u c\u00f4ng tr\u01b0\u1eddng \u0111\u00e1ng tin c\u1eady v\u00e0 hi\u1ec7u qu\u1ea3, nh\u1eefng c\u1edd n\u00e0y l\u00e0 l\u1ef1a ch\u1ecdn l\u00fd t\u01b0\u1edfng. <a href=\"https:\/\/mountlaser.com\/vi\/about-us\/\">\u0110\u00e1nh d\u1ea5u c\u1edd<\/a> Mang l\u1ea1i hi\u1ec7u su\u1ea5t \u1ed5n \u0111\u1ecbnh, \u0111\u1ea1t chu\u1ea9n chuy\u00ean nghi\u1ec7p.<\/p>\n<div>\n<table style=\"border-collapse: collapse; width: 567.77pt;\" border=\"0\" width=\"757\" cellspacing=\"0\" cellpadding=\"0\">\n<tbody>\n<tr style=\"height: 14.25pt;\">\n<td class=\"et2\" style=\"height: 14.25pt; width: 99.75pt;\" width=\"133\" height=\"19\">CON S\u1ed0<\/td>\n<td class=\"et3\" style=\"width: 101.25pt;\" width=\"135\">M\u00c0U S\u1eaeC<\/td>\n<td class=\"et3\" style=\"width: 108.75pt;\" width=\"145\">K\u00cdCH TH\u01af\u1edaC C\u1edc<\/td>\n<td class=\"et3\" style=\"width: 144.00pt;\" width=\"192\">CHI\u1ec0U D\u00c0I<\/td>\n<td class=\"et4\" style=\"width: 114.00pt;\" width=\"152\">S\u1ed1 l\u01b0\u1ee3ng \u0111\u1eb7t h\u00e0ng t\u1ed1i thi\u1ec3u (c\u00e1i)<\/td>\n<\/tr>\n<tr style=\"height: 14.25pt;\">\n<td class=\"et5\" style=\"height: 14.25pt;\" height=\"19\">MF01-RD<\/td>\n<td class=\"et5\">M\u00e0u \u0111\u1ecf<\/td>\n<td class=\"et5\">140 x 100mm<\/td>\n<td class=\"et5\">380mm<\/td>\n<td class=\"et5\" align=\"right\">1000<\/td>\n<\/tr>\n<tr style=\"height: 14.25pt;\">\n<td class=\"et5\" style=\"height: 14.25pt;\" height=\"19\">MF01-YL<\/td>\n<td class=\"et5\">M\u00e0u v\u00e0ng<\/td>\n<td class=\"et5\">140 x 100mm<\/td>\n<td class=\"et5\">380mm<\/td>\n<td class=\"et5\" align=\"right\">1000<\/td>\n<\/tr>\n<tr style=\"height: 14.25pt;\">\n<td class=\"et5\" style=\"height: 14.25pt;\" height=\"19\">MF01-BL<\/td>\n<td class=\"et5\">M\u00e0u xanh da tr\u1eddi<\/td>\n<td class=\"et5\">140 x 100mm<\/td>\n<td class=\"et5\">380mm<\/td>\n<td class=\"et5\" align=\"right\">1000<\/td>\n<\/tr>\n<tr style=\"height: 14.25pt;\">\n<td class=\"et5\" style=\"height: 14.25pt;\" height=\"19\">MF01-PU<\/td>\n<td class=\"et5\">M\u00e0u t\u00edm<\/td>\n<td class=\"et5\">140 x 100mm<\/td>\n<td class=\"et5\">380mm<\/td>\n<td class=\"et5\" align=\"right\">1000<\/td>\n<\/tr>\n<tr style=\"height: 14.25pt;\">\n<td class=\"et5\" style=\"height: 14.25pt;\" height=\"19\">MF01-GY<\/td>\n<td class=\"et5\">X\u00e1m<\/td>\n<td class=\"et5\">140 x 100mm<\/td>\n<td class=\"et5\">380mm<\/td>\n<td class=\"et5\" align=\"right\">1000<\/td>\n<\/tr>\n<tr style=\"height: 14.25pt;\">\n<td class=\"et5\" style=\"height: 14.25pt;\" height=\"19\">MF01-GN<\/td>\n<td class=\"et5\">M\u00e0u xanh l\u00e1<\/td>\n<td class=\"et5\">140 x 100mm<\/td>\n<td class=\"et5\">380mm<\/td>\n<td class=\"et5\" align=\"right\">1000<\/td>\n<\/tr>\n<\/tbody>\n<\/table>\n<p>&nbsp;<\/p>\n<\/div>","protected":false},"excerpt":{"rendered":"<ul>\n<li>\u0110\u01b0\u1ee3c l\u00e0m t\u1eeb ch\u1ea5t li\u1ec7u PVC ch\u1ea5t l\u01b0\u1ee3ng cao, \u0111\u1ea3m b\u1ea3o \u0111\u1ed9 b\u1ec1n, t\u00ednh linh ho\u1ea1t v\u00e0 kh\u1ea3 n\u0103ng s\u1eed d\u1ee5ng l\u00e2u d\u00e0i ngo\u00e0i tr\u1eddi.<\/li>\n<li>C\u00e1c t\u00f9y ch\u1ecdn m\u00e0u s\u1eafc t\u01b0\u01a1i s\u00e1ng, d\u1ec5 nh\u00ecn gi\u00fap x\u00e1c \u0111\u1ecbnh r\u00f5 r\u00e0ng c\u00e1c \u0111i\u1ec3m kh\u1ea3o s\u00e1t.<\/li>\n<li>Th\u00edch h\u1ee3p cho vi\u1ec7c kh\u1ea3o s\u00e1t, x\u00e2y d\u1ef1ng, l\u00e0m v\u01b0\u1eddn v\u00e0 \u0111\u00e1nh d\u1ea5u v\u1ecb tr\u00ed \u0111\u01b0\u1eddng d\u00e2y ti\u1ec7n \u00edch, ho\u1ea1t \u0111\u1ed9ng hi\u1ec7u qu\u1ea3 nh\u01b0 c\u1ea3 c\u1edd \u0111\u00e1nh d\u1ea5u v\u00e0 c\u1edd c\u1eafm.<\/li>\n<li>Ch\u1ed1ng ch\u1ecbu \u0111\u01b0\u1ee3c th\u1eddi ti\u1ebft, u\u1ed1n cong v\u00e0 r\u00e1ch, \u0111\u1ea3m b\u1ea3o vi\u1ec7c \u0111\u00e1nh d\u1ea5u \u1ed5n \u0111\u1ecbnh trong m\u1ecdi \u0111i\u1ec1u ki\u1ec7n m\u00f4i tr\u01b0\u1eddng.<\/li>\n<li>K\u00edch th\u01b0\u1edbc c\u1edd ti\u00eau chu\u1ea9n 140 \u00d7 100 mm, chi\u1ec1u d\u00e0i 380 mm, \u0111\u1ea3m b\u1ea3o kh\u1ea3 n\u0103ng hi\u1ec3n th\u1ecb v\u00e0 l\u1eafp \u0111\u1eb7t t\u1ed1i \u01b0u.<\/li>\n<\/ul>","protected":false},"featured_media":5525,"comment_status":"open","ping_status":"closed","template":"","meta":[],"product_brand":[],"product_cat":[79,152],"product_tag":[],"class_list":{"0":"post-5524","1":"product","2":"type-product","3":"status-publish","4":"has-post-thumbnail","6":"product_cat-surveying-accessory","7":"product_cat-surveying-marker","9":"first","10":"instock","11":"shipping-taxable","12":"product-type-simple"},"_links":{"self":[{"href":"https:\/\/mountlaser.com\/vi\/wp-json\/wp\/v2\/product\/5524","targetHints":{"allow":["GET"]}}],"collection":[{"href":"https:\/\/mountlaser.com\/vi\/wp-json\/wp\/v2\/product"}],"about":[{"href":"https:\/\/mountlaser.com\/vi\/wp-json\/wp\/v2\/types\/product"}],"replies":[{"embeddable":true,"href":"https:\/\/mountlaser.com\/vi\/wp-json\/wp\/v2\/comments?post=5524"}],"wp:featuredmedia":[{"embeddable":true,"href":"https:\/\/mountlaser.com\/vi\/wp-json\/wp\/v2\/media\/5525"}],"wp:attachment":[{"href":"https:\/\/mountlaser.com\/vi\/wp-json\/wp\/v2\/media?parent=5524"}],"wp:term":[{"taxonomy":"product_brand","embeddable":true,"href":"https:\/\/mountlaser.com\/vi\/wp-json\/wp\/v2\/product_brand?post=5524"},{"taxonomy":"product_cat","embeddable":true,"href":"https:\/\/mountlaser.com\/vi\/wp-json\/wp\/v2\/product_cat?post=5524"},{"taxonomy":"product_tag","embeddable":true,"href":"https:\/\/mountlaser.com\/vi\/wp-json\/wp\/v2\/product_tag?post=5524"}],"curies":[{"name":"trang web","href":"https:\/\/api.w.org\/{rel}","templated":true}]}}