{"id":5518,"date":"2025-12-08T05:35:52","date_gmt":"2025-12-08T05:35:52","guid":{"rendered":"https:\/\/mountlaser.com\/?post_type=product&#038;p=5518"},"modified":"2025-12-08T05:35:52","modified_gmt":"2025-12-08T05:35:52","slug":"bl04-bubble-level","status":"publish","type":"product","link":"https:\/\/mountlaser.com\/vi\/san-pham\/bl04-bubble-level\/","title":{"rendered":"Th\u01b0\u1edbc th\u1ee7y BL04"},"content":{"rendered":"<p>C\u00e1i <a href=\"https:\/\/mountlaser.com\/vi\/\"><strong data-start=\"192\" data-end=\"213\">Th\u01b0\u1edbc th\u1ee7y BL04<\/strong><\/a> BL04 l\u00e0 m\u1ed9t linh ki\u1ec7n c\u00e2n b\u1eb1ng \u0111\u1ed9 ch\u00ednh x\u00e1c cao \u0111\u01b0\u1ee3c thi\u1ebft k\u1ebf cho c\u00e1c h\u1ec7 th\u1ed1ng ch\u00e2n \u0111\u1ebf ba ch\u00e2n, gi\u00e1 \u0111\u1ee1 v\u00e0 m\u00e1y to\u00e0n \u0111\u1ea1c. \u0110\u01b0\u1ee3c thi\u1ebft k\u1ebf theo phong c\u00e1ch TS Th\u1ee5y S\u0129 c\u1ed5 \u0111i\u1ec3n, BL04 c\u00f3 v\u1ecf m\u00e0u b\u1ea1c b\u1ec1n ch\u1eafc v\u1edbi b\u1ecdt n\u01b0\u1edbc trung t\u00e2m m\u00e0u tr\u1eafng tinh khi\u1ebft v\u00e0 thi\u1ebft k\u1ebf \u0111\u1eb7c tr\u01b0ng. <a href=\"https:\/\/mountlaser.com\/vi\/danh-muc-san-pham\/surveying-accessory\/\"><strong data-start=\"468\" data-end=\"495\">bong b\u00f3ng c\u00e2n b\u1eb1ng h\u00ecnh b\u00e1n nguy\u1ec7t<\/strong><\/a> Thi\u1ebft k\u1ebf gi\u00fap c\u1ea3i thi\u1ec7n \u0111\u1ed9 r\u00f5 n\u00e9t h\u00ecnh \u1ea3nh. C\u1ea5u tr\u00fac ch\u1eafc ch\u1eafn c\u1ee7a n\u00f3 \u0111\u1ea3m b\u1ea3o \u0111\u1ed9 ch\u00ednh x\u00e1c nh\u1ea5t qu\u00e1n trong m\u00f4i tr\u01b0\u1eddng l\u00e0m vi\u1ec7c kh\u1eafc nghi\u1ec7t, bi\u1ebfn n\u00f3 th\u00e0nh m\u1ed9t ph\u1ee5 ki\u1ec7n thi\u1ebft y\u1ebfu cho c\u00e1c k\u1ef9 s\u01b0 tr\u1eafc \u0111\u1ecba c\u1ea7n \u0111\u1ed9 ch\u00ednh x\u00e1c cao trong vi\u1ec7c c\u0103n ch\u1ec9nh.<\/p>\n<p><img fetchpriority=\"high\" decoding=\"async\" class=\"aligncenter wp-image-5520\" src=\"https:\/\/mountlaser.com\/wp-content\/uploads\/2025\/12\/BL042.webp\" alt=\"BL04 Bubble Level\" width=\"500\" height=\"500\" srcset=\"https:\/\/mountlaser.com\/wp-content\/uploads\/2025\/12\/BL042.webp 1000w, https:\/\/mountlaser.com\/wp-content\/uploads\/2025\/12\/BL042-300x300.webp 300w, https:\/\/mountlaser.com\/wp-content\/uploads\/2025\/12\/BL042-150x150.webp 150w, https:\/\/mountlaser.com\/wp-content\/uploads\/2025\/12\/BL042-768x768.webp 768w, https:\/\/mountlaser.com\/wp-content\/uploads\/2025\/12\/BL042-12x12.webp 12w, https:\/\/mountlaser.com\/wp-content\/uploads\/2025\/12\/BL042-600x600.webp 600w, https:\/\/mountlaser.com\/wp-content\/uploads\/2025\/12\/BL042-800x800.webp 800w, https:\/\/mountlaser.com\/wp-content\/uploads\/2025\/12\/BL042-400x400.webp 400w\" sizes=\"(max-width: 500px) 100vw, 500px\" \/><\/p>\n<p>Cho d\u00f9 \u0111\u01b0\u1ee3c s\u1eed d\u1ee5ng \u0111\u1ec3 hi\u1ec7u chu\u1ea9n thi\u1ebft b\u1ecb hay ki\u1ec3m tra t\u1ea1i ch\u1ed7, <a href=\"https:\/\/mountlaser.com\/vi\/contact-us\/\">Th\u01b0\u1edbc th\u1ee7y BL04<\/a>\u00a0Cung c\u1ea5p hi\u1ec7u su\u1ea5t \u0111\u00e1ng tin c\u1eady trong t\u1ea5t c\u1ea3 c\u00e1c \u1ee9ng d\u1ee5ng kh\u1ea3o s\u00e1t.<\/p>","protected":false},"excerpt":{"rendered":"<ul>\n<li>Thi\u1ebft k\u1ebf b\u1ecdt n\u01b0\u1edbc h\u00ecnh b\u00e1n nguy\u1ec7t \u0111\u1ed9 ch\u00ednh x\u00e1c cao: C\u1ea5u tr\u00fac b\u1ecdt n\u01b0\u1edbc h\u00ecnh b\u00e1n nguy\u1ec7t gi\u00fap t\u0103ng c\u01b0\u1eddng kh\u1ea3 n\u0103ng \u0111\u1ecdc, cho ph\u00e9p ng\u01b0\u1eddi kh\u1ea3o s\u00e1t \u0111\u1ea1t \u0111\u01b0\u1ee3c \u0111\u1ed9 cao ch\u00ednh x\u00e1c v\u1edbi n\u1ed7 l\u1ef1c t\u1ed1i thi\u1ec3u.<\/li>\n<li>C\u1ea5u tr\u00fac b\u1ec1n b\u1ec9 theo phong c\u00e1ch Th\u1ee5y S\u0129: Bong b\u00f3ng th\u1ee7y chu\u1ea9n h\u00ecnh b\u00e1n nguy\u1ec7t \u0111\u01b0\u1ee3c ch\u1ebf t\u1ea1o v\u1edbi v\u1ecf ho\u00e0n to\u00e0n b\u1eb1ng b\u1ea1c \u0111\u1ec3 t\u0103ng \u0111\u1ed9 c\u1ee9ng, kh\u1ea3 n\u0103ng ch\u1ed1ng \u0103n m\u00f2n v\u00e0 tu\u1ed5i th\u1ecd cao.<\/li>\n<li>\u0110\u01b0\u1ee3c t\u1ed1i \u01b0u h\u00f3a cho vi\u1ec7c s\u1eed d\u1ee5ng v\u1edbi m\u00e1y to\u00e0n \u0111\u1ea1c v\u00e0 gi\u00e1 \u0111\u1ee1 ba ch\u00e2n: Ho\u00e0n to\u00e0n t\u01b0\u01a1ng th\u00edch v\u1edbi c\u00e1c thi\u1ebft b\u1ecb ki\u1ec3u TS, th\u01b0\u1edbc th\u1ee7y BL04 mang l\u1ea1i s\u1ef1 \u1ed5n \u0111\u1ecbnh nh\u1ea5t qu\u00e1n v\u00e0 t\u00edch h\u1ee3p m\u01b0\u1ee3t m\u00e0 v\u1edbi h\u1ea7u h\u1ebft c\u00e1c thi\u1ebft l\u1eadp kh\u1ea3o s\u00e1t hi\u1ec7n \u0111\u1ea1i.<\/li>\n<\/ul>","protected":false},"featured_media":5519,"comment_status":"open","ping_status":"closed","template":"","meta":[],"product_brand":[],"product_cat":[79,153],"product_tag":[],"class_list":{"0":"post-5518","1":"product","2":"type-product","3":"status-publish","4":"has-post-thumbnail","6":"product_cat-surveying-accessory","7":"product_cat-bubble-for-tribrach-carrier-prism","9":"first","10":"instock","11":"shipping-taxable","12":"product-type-simple"},"_links":{"self":[{"href":"https:\/\/mountlaser.com\/vi\/wp-json\/wp\/v2\/product\/5518","targetHints":{"allow":["GET"]}}],"collection":[{"href":"https:\/\/mountlaser.com\/vi\/wp-json\/wp\/v2\/product"}],"about":[{"href":"https:\/\/mountlaser.com\/vi\/wp-json\/wp\/v2\/types\/product"}],"replies":[{"embeddable":true,"href":"https:\/\/mountlaser.com\/vi\/wp-json\/wp\/v2\/comments?post=5518"}],"wp:featuredmedia":[{"embeddable":true,"href":"https:\/\/mountlaser.com\/vi\/wp-json\/wp\/v2\/media\/5519"}],"wp:attachment":[{"href":"https:\/\/mountlaser.com\/vi\/wp-json\/wp\/v2\/media?parent=5518"}],"wp:term":[{"taxonomy":"product_brand","embeddable":true,"href":"https:\/\/mountlaser.com\/vi\/wp-json\/wp\/v2\/product_brand?post=5518"},{"taxonomy":"product_cat","embeddable":true,"href":"https:\/\/mountlaser.com\/vi\/wp-json\/wp\/v2\/product_cat?post=5518"},{"taxonomy":"product_tag","embeddable":true,"href":"https:\/\/mountlaser.com\/vi\/wp-json\/wp\/v2\/product_tag?post=5518"}],"curies":[{"name":"trang web","href":"https:\/\/api.w.org\/{rel}","templated":true}]}}