{"id":5509,"date":"2025-12-08T03:30:09","date_gmt":"2025-12-08T03:30:09","guid":{"rendered":"https:\/\/mountlaser.com\/?post_type=product&#038;p=5509"},"modified":"2025-12-08T05:10:26","modified_gmt":"2025-12-08T05:10:26","slug":"bl02-triangle-bubble-level","status":"publish","type":"product","link":"https:\/\/mountlaser.com\/vi\/san-pham\/bl02-triangle-bubble-level\/","title":{"rendered":"Th\u01b0\u1edbc th\u1ee7y tam gi\u00e1c BL02"},"content":{"rendered":"<p>C\u00e1i <a href=\"https:\/\/mountlaser.com\/vi\/\"><strong>Th\u01b0\u1edbc th\u1ee7y tam gi\u00e1c BL02<\/strong><\/a> BL02 l\u00e0 m\u1ed9t linh ki\u1ec7n c\u00e2n b\u1eb1ng \u0111\u01b0\u1ee3c thi\u1ebft k\u1ebf ch\u00ednh x\u00e1c \u0111\u1ec3 \u0111\u1ecbnh v\u1ecb ch\u00ednh x\u00e1c cao trong c\u00e1c m\u00e1y to\u00e0n \u0111\u1ea1c, gi\u00e1 ba ch\u00e2n v\u00e0 h\u1ec7 th\u1ed1ng l\u0103ng k\u00ednh. \u0110\u01b0\u1ee3c ch\u1ebf t\u1ea1o v\u1edbi h\u00ecnh d\u1ea1ng tam gi\u00e1c \u0111\u1eb7c tr\u01b0ng, v\u1ecf m\u00e0u b\u1ea1c v\u00e0 b\u1ecdt n\u01b0\u1edbc trung t\u00e2m m\u00e0u tr\u1eafng, th\u01b0\u1edbc th\u1ee7y tam gi\u00e1c BL02 mang l\u1ea1i kh\u1ea3 n\u0103ng quan s\u00e1t tuy\u1ec7t v\u1eddi v\u00e0 hi\u1ec7u su\u1ea5t \u0111\u00e1ng tin c\u1eady trong m\u00f4i tr\u01b0\u1eddng kh\u1ea3o s\u00e1t kh\u1eafc nghi\u1ec7t.<\/p>\n<p>BL02 cung c\u1ea5p kh\u1ea3 n\u0103ng c\u00e2n b\u1eb1ng \u0111a tr\u1ee5c \u1ed5n \u0111\u1ecbnh, ph\u00f9 h\u1ee3p v\u1edbi c\u00e1c nh\u00e0 kh\u1ea3o s\u00e1t chuy\u00ean nghi\u1ec7p y\u00eau c\u1ea7u \u0111\u1ed9 ch\u00ednh x\u00e1c t\u1ed1i \u0111a. Cho d\u00f9 \u0111\u01b0\u1ee3c s\u1eed d\u1ee5ng nh\u01b0 m\u1ed9t b\u1ed9 ph\u1eadn hi\u1ec7u chu\u1ea9n \u0111\u1ed9c l\u1eadp hay t\u00edch h\u1ee3p v\u00e0o c\u00e1c thi\u1ebft b\u1ecb quang h\u1ecdc, BL02 \u0111\u1ec1u mang l\u1ea1i hi\u1ec7u qu\u1ea3 cao. <a href=\"https:\/\/mountlaser.com\/vi\/about-us\/\">Th\u01b0\u1edbc th\u1ee7y tam gi\u00e1c BL02<\/a> \u0110\u1ea3m b\u1ea3o vi\u1ec7c c\u00e2n b\u1eb1ng nhanh ch\u00f3ng v\u00e0 ch\u00ednh x\u00e1c trong m\u1ecdi thi\u1ebft l\u1eadp.<\/p>\n<p><img fetchpriority=\"high\" decoding=\"async\" class=\"aligncenter wp-image-5510\" src=\"https:\/\/mountlaser.com\/wp-content\/uploads\/2025\/12\/BL021.webp\" alt=\"BL02 triangle bubble level\" width=\"500\" height=\"500\" srcset=\"https:\/\/mountlaser.com\/wp-content\/uploads\/2025\/12\/BL021.webp 1000w, https:\/\/mountlaser.com\/wp-content\/uploads\/2025\/12\/BL021-300x300.webp 300w, https:\/\/mountlaser.com\/wp-content\/uploads\/2025\/12\/BL021-150x150.webp 150w, https:\/\/mountlaser.com\/wp-content\/uploads\/2025\/12\/BL021-768x768.webp 768w, https:\/\/mountlaser.com\/wp-content\/uploads\/2025\/12\/BL021-12x12.webp 12w, https:\/\/mountlaser.com\/wp-content\/uploads\/2025\/12\/BL021-600x600.webp 600w, https:\/\/mountlaser.com\/wp-content\/uploads\/2025\/12\/BL021-800x800.webp 800w, https:\/\/mountlaser.com\/wp-content\/uploads\/2025\/12\/BL021-400x400.webp 400w\" sizes=\"(max-width: 500px) 100vw, 500px\" \/><\/p>\n<p>T\u01b0\u01a1ng th\u00edch v\u1edbi c\u00e1c h\u1ec7 th\u1ed1ng to\u00e0n \u0111\u1ea1c \u0111i\u1ec7n t\u1eed PEN ki\u1ec3u Nh\u1eadt B\u1ea3n, thi\u1ebft b\u1ecb n\u00e0y <a href=\"https:\/\/mountlaser.com\/vi\/contact-us\/\"><strong>Th\u01b0\u1edbc th\u1ee7y Bullseye<\/strong><\/a> \u0110\u00e2y l\u00e0 s\u1ea3n ph\u1ea9m l\u00fd t\u01b0\u1edfng \u0111\u1ec3 duy tr\u00ec s\u1ef1 \u1ed5n \u0111\u1ecbnh c\u1ee7a thi\u1ebft b\u1ecb. C\u1ea5u tr\u00fac nh\u1eb9 v\u00e0 b\u1ec1n ch\u1eafc \u0111\u1ea3m b\u1ea3o \u0111\u1ed9 tin c\u1eady l\u00e2u d\u00e0i, bi\u1ebfn th\u01b0\u1edbc th\u1ee7y tam gi\u00e1c BL02 tr\u1edf th\u00e0nh gi\u1ea3i ph\u00e1p \u0111\u00e1ng tin c\u1eady cho vi\u1ec7c c\u0103n ch\u1ec9nh ch\u00ednh x\u00e1c t\u1ea1i hi\u1ec7n tr\u01b0\u1eddng. C\u00e1c chuy\u00ean gia kh\u1ea3o s\u00e1t d\u1ef1a v\u00e0o th\u01b0\u1edbc th\u1ee7y Bullseye n\u00e0y \u0111\u1ec3 \u0111\u1ea1t \u0111\u01b0\u1ee3c c\u00e1c ph\u00e9p \u0111o nh\u1ea5t qu\u00e1n, c\u00f3 th\u1ec3 l\u1eb7p l\u1ea1i trong m\u1ecdi \u0111i\u1ec1u ki\u1ec7n l\u00e0m vi\u1ec7c.<\/p>","protected":false},"excerpt":{"rendered":"<ul>\n<li>Thi\u1ebft k\u1ebf h\u00ecnh tam gi\u00e1c ch\u00ednh x\u00e1c gi\u00fap c\u00e2n b\u1eb1ng nhanh ch\u00f3ng v\u00e0 chu\u1ea9n x\u00e1c.<\/li>\n<li>V\u1ecf ngo\u00e0i b\u1eb1ng b\u1ea1c b\u1ec1n ch\u1eafc v\u1edbi ph\u1ea7n trung t\u00e2m trong su\u1ed1t m\u00e0u tr\u1eafng gi\u00fap d\u1ec5 d\u00e0ng quan s\u00e1t.<\/li>\n<li>T\u01b0\u01a1ng th\u00edch v\u1edbi c\u00e1c lo\u1ea1i ch\u00e2n \u0111\u1ebf, gi\u00e1 \u0111\u1ee1 v\u00e0 c\u1ee5m l\u0103ng k\u00ednh \u0111\u1ec3 s\u1eed d\u1ee5ng \u0111a n\u0103ng.<\/li>\n<li>\u0110\u1ed9 \u1ed5n \u0111\u1ecbnh cao c\u1ee7a th\u01b0\u1edbc th\u1ee7y Bullseye, \u0111\u1ea3m b\u1ea3o \u0111\u1ed9 ch\u00ednh x\u00e1c khi tham chi\u1ebfu theo ph\u01b0\u01a1ng ngang.<\/li>\n<li>Nh\u1ecf g\u1ecdn v\u00e0 nh\u1eb9, l\u00fd t\u01b0\u1edfng cho c\u1ea3 \u1ee9ng d\u1ee5ng ngo\u00e0i hi\u1ec7n tr\u01b0\u1eddng v\u00e0 trong ph\u00f2ng th\u00ed nghi\u1ec7m.<\/li>\n<\/ul>","protected":false},"featured_media":5510,"comment_status":"open","ping_status":"closed","template":"","meta":[],"product_brand":[],"product_cat":[79,153],"product_tag":[],"class_list":{"0":"post-5509","1":"product","2":"type-product","3":"status-publish","4":"has-post-thumbnail","6":"product_cat-surveying-accessory","7":"product_cat-bubble-for-tribrach-carrier-prism","9":"first","10":"instock","11":"shipping-taxable","12":"product-type-simple"},"_links":{"self":[{"href":"https:\/\/mountlaser.com\/vi\/wp-json\/wp\/v2\/product\/5509","targetHints":{"allow":["GET"]}}],"collection":[{"href":"https:\/\/mountlaser.com\/vi\/wp-json\/wp\/v2\/product"}],"about":[{"href":"https:\/\/mountlaser.com\/vi\/wp-json\/wp\/v2\/types\/product"}],"replies":[{"embeddable":true,"href":"https:\/\/mountlaser.com\/vi\/wp-json\/wp\/v2\/comments?post=5509"}],"wp:featuredmedia":[{"embeddable":true,"href":"https:\/\/mountlaser.com\/vi\/wp-json\/wp\/v2\/media\/5510"}],"wp:attachment":[{"href":"https:\/\/mountlaser.com\/vi\/wp-json\/wp\/v2\/media?parent=5509"}],"wp:term":[{"taxonomy":"product_brand","embeddable":true,"href":"https:\/\/mountlaser.com\/vi\/wp-json\/wp\/v2\/product_brand?post=5509"},{"taxonomy":"product_cat","embeddable":true,"href":"https:\/\/mountlaser.com\/vi\/wp-json\/wp\/v2\/product_cat?post=5509"},{"taxonomy":"product_tag","embeddable":true,"href":"https:\/\/mountlaser.com\/vi\/wp-json\/wp\/v2\/product_tag?post=5509"}],"curies":[{"name":"trang web","href":"https:\/\/api.w.org\/{rel}","templated":true}]}}