{"id":5502,"date":"2025-12-08T02:55:59","date_gmt":"2025-12-08T02:55:59","guid":{"rendered":"https:\/\/mountlaser.com\/?post_type=product&#038;p=5502"},"modified":"2025-12-08T02:55:59","modified_gmt":"2025-12-08T02:55:59","slug":"bl08-bubble-level","status":"publish","type":"product","link":"https:\/\/mountlaser.com\/vi\/san-pham\/bl08-bubble-level\/","title":{"rendered":"Th\u01b0\u1edbc th\u1ee7y BL08"},"content":{"rendered":"<p>C\u00e1i <a href=\"https:\/\/mountlaser.com\/vi\/\"><strong>Th\u01b0\u1edbc th\u1ee7y BL08<\/strong><\/a> \u0110\u00e2y l\u00e0 m\u1ed9t b\u1ed9 ph\u1eadn c\u00e2n b\u1eb1ng \u0111\u1ed9 ch\u00ednh x\u00e1c cao \u0111\u01b0\u1ee3c thi\u1ebft k\u1ebf \u0111\u1eb7c bi\u1ec7t cho c\u00e1c d\u1ee5ng c\u1ee5 \u0111o \u0111\u1ea1c chuy\u00ean nghi\u1ec7p. \u0110\u01b0\u1ee3c ch\u1ebf t\u1ea1o theo ki\u1ec3u TRI Dini03 c\u1ee7a M\u1ef9, th\u01b0\u1edbc th\u1ee7y n\u00e0y c\u00f3 v\u1ecf m\u00e0u \u0111en b\u1ec1n ch\u1eafc k\u1ebft h\u1ee3p v\u1edbi \u1ed1ng th\u1ee7y tinh trung t\u00e2m m\u00e0u xanh l\u00e1 c\u00e2y s\u00e1ng gi\u00fap t\u0103ng c\u01b0\u1eddng kh\u1ea3 n\u0103ng quan s\u00e1t trong m\u1ecdi \u0111i\u1ec1u ki\u1ec7n hi\u1ec7n tr\u01b0\u1eddng. L\u00e0 m\u1ed9t th\u01b0\u1edbc th\u1ee7y \u0111a n\u0103ng BL08, n\u00f3 mang l\u1ea1i hi\u1ec7u su\u1ea5t \u1ed5n \u0111\u1ecbnh v\u00e0 \u0111\u1ed9 ch\u00ednh x\u00e1c \u0111\u00e1ng tin c\u1eady khi \u0111\u01b0\u1ee3c g\u1eafn tr\u00ean l\u0103ng k\u00ednh, gi\u00e1 ba ch\u00e2n ho\u1eb7c gi\u00e1 \u0111\u1ee1.<\/p>\n<p><img fetchpriority=\"high\" decoding=\"async\" class=\"aligncenter wp-image-5503\" src=\"https:\/\/mountlaser.com\/wp-content\/uploads\/2025\/12\/BL081-1.webp\" alt=\"BL08 Bubble Level\" width=\"500\" height=\"500\" srcset=\"https:\/\/mountlaser.com\/wp-content\/uploads\/2025\/12\/BL081-1.webp 1000w, https:\/\/mountlaser.com\/wp-content\/uploads\/2025\/12\/BL081-1-300x300.webp 300w, https:\/\/mountlaser.com\/wp-content\/uploads\/2025\/12\/BL081-1-150x150.webp 150w, https:\/\/mountlaser.com\/wp-content\/uploads\/2025\/12\/BL081-1-768x768.webp 768w, https:\/\/mountlaser.com\/wp-content\/uploads\/2025\/12\/BL081-1-12x12.webp 12w, https:\/\/mountlaser.com\/wp-content\/uploads\/2025\/12\/BL081-1-600x600.webp 600w, https:\/\/mountlaser.com\/wp-content\/uploads\/2025\/12\/BL081-1-800x800.webp 800w, https:\/\/mountlaser.com\/wp-content\/uploads\/2025\/12\/BL081-1-400x400.webp 400w\" sizes=\"(max-width: 500px) 100vw, 500px\" \/><\/p>\n<p>\u0110\u01b0\u1ee3c thi\u1ebft k\u1ebf \u0111\u1ec3 \u0111\u00e1p \u1ee9ng c\u00e1c ti\u00eau chu\u1ea9n nghi\u00eam ng\u1eb7t c\u1ee7a ng\u00e0nh, th\u01b0\u1edbc th\u1ee7y BL08 n\u00e0y c\u0169ng \u0111\u01b0\u1ee3c c\u00f4ng nh\u1eadn r\u1ed9ng r\u00e3i l\u00e0 m\u1ed9t s\u1ea3n ph\u1ea9m ch\u1ea5t l\u01b0\u1ee3ng. <a href=\"https:\/\/mountlaser.com\/vi\/danh-muc-san-pham\/surveying-accessory\/\"><strong>Th\u01b0\u1edbc th\u1ee7y k\u1ef9 thu\u1eadt s\u1ed1 TRI<\/strong><\/a>, Cung c\u1ea5p kh\u1ea3 n\u0103ng c\u00e2n b\u1eb1ng \u1ed5n \u0111\u1ecbnh cho m\u00e1y to\u00e0n \u0111\u1ea1c v\u00e0 c\u00e1c d\u1ee5ng c\u1ee5 quang h\u1ecdc kh\u00e1c. C\u1ea5u tr\u00fac ch\u1eafc ch\u1eafn \u0111\u1ea3m b\u1ea3o tu\u1ed5i th\u1ecd cao, trong khi thi\u1ebft k\u1ebf nh\u1ecf g\u1ecdn, kh\u00f4ng tr\u00f2n gi\u00fap c\u1ea3i thi\u1ec7n kh\u1ea3 n\u0103ng th\u00edch \u1ee9ng trong nhi\u1ec1u m\u00f4i tr\u01b0\u1eddng l\u1eafp \u0111\u1eb7t kh\u00e1c nhau. C\u00e1c chuy\u00ean gia tin d\u00f9ng th\u01b0\u1edbc th\u1ee7y k\u1ef9 thu\u1eadt s\u1ed1 TRI n\u00e0y \u0111\u1ec3 c\u0103n ch\u1ec9nh ch\u00ednh x\u00e1c, thi\u1ebft l\u1eadp \u1ed5n \u0111\u1ecbnh v\u00e0 \u0111o l\u01b0\u1eddng \u0111\u00e1ng tin c\u1eady. V\u1edbi thi\u1ebft k\u1ebf th\u00e2n thi\u1ec7n v\u1edbi ng\u01b0\u1eddi d\u00f9ng,<a href=\"https:\/\/mountlaser.com\/vi\/contact-us\/\"> Th\u01b0\u1edbc th\u1ee7y k\u1ef9 thu\u1eadt s\u1ed1 TRI<\/a> N\u00e2ng cao hi\u1ec7u qu\u1ea3 quy tr\u00ecnh l\u00e0m vi\u1ec7c, cho d\u00f9 \u0111\u00f3 l\u00e0 b\u1ed1 tr\u00ed c\u00f4ng tr\u00ecnh, kh\u1ea3o s\u00e1t \u0111\u1ecba h\u00ecnh hay c\u00e1c \u1ee9ng d\u1ee5ng k\u1ef9 thu\u1eadt.<\/p>","protected":false},"excerpt":{"rendered":"<ul>\n<li>\u0110\u1ed9 hi\u1ec3n th\u1ecb cao: Bong b\u00f3ng m\u00e0u xanh l\u00e1 c\u00e2y \u1edf trung t\u00e2m gi\u00fap d\u1ec5 \u0111\u1ecdc ngay c\u1ea3 d\u01b0\u1edbi \u00e1nh n\u1eafng ch\u00f3i chang ho\u1eb7c trong \u0111i\u1ec1u ki\u1ec7n \u00e1nh s\u00e1ng y\u1ebfu.<\/li>\n<li>C\u1ea5u tr\u00fac b\u1ec1n ch\u1eafc: V\u1ecf ngo\u00e0i m\u00e0u \u0111en \u0111\u01b0\u1ee3c gia c\u1ed1 ch\u1eafc ch\u1eafn, mang l\u1ea1i kh\u1ea3 n\u0103ng b\u1ea3o v\u1ec7 m\u1ea1nh m\u1ebd cho vi\u1ec7c s\u1eed d\u1ee5ng l\u00e2u d\u00e0i ngo\u00e0i tr\u1eddi.<\/li>\n<li>C\u00e2n b\u1eb1ng ch\u00ednh x\u00e1c: Cung c\u1ea5p kh\u1ea3 n\u0103ng c\u0103n ch\u1ec9nh ch\u00ednh x\u00e1c cho l\u0103ng k\u00ednh v\u00e0 c\u00e1c d\u1ee5ng c\u1ee5 \u0111o \u0111\u1ea1c, \u0111\u1ea3m b\u1ea3o c\u00e1c ph\u00e9p \u0111o \u1ed5n \u0111\u1ecbnh v\u00e0 \u0111\u00e1ng tin c\u1eady.<\/li>\n<li>Thi\u1ebft k\u1ebf nh\u1ecf g\u1ecdn, kh\u00f4ng tr\u00f2n: C\u1ea3i thi\u1ec7n kh\u1ea3 n\u0103ng t\u01b0\u01a1ng th\u00edch v\u1edbi thi\u1ebft b\u1ecb v\u00e0 h\u1ed7 tr\u1ee3 nhi\u1ec1u ki\u1ec3u l\u1eafp \u0111\u1eb7t kh\u00e1c nhau.<\/li>\n<\/ul>","protected":false},"featured_media":5504,"comment_status":"open","ping_status":"closed","template":"","meta":[],"product_brand":[],"product_cat":[79,153],"product_tag":[],"class_list":{"0":"post-5502","1":"product","2":"type-product","3":"status-publish","4":"has-post-thumbnail","6":"product_cat-surveying-accessory","7":"product_cat-bubble-for-tribrach-carrier-prism","9":"first","10":"instock","11":"shipping-taxable","12":"product-type-simple"},"_links":{"self":[{"href":"https:\/\/mountlaser.com\/vi\/wp-json\/wp\/v2\/product\/5502","targetHints":{"allow":["GET"]}}],"collection":[{"href":"https:\/\/mountlaser.com\/vi\/wp-json\/wp\/v2\/product"}],"about":[{"href":"https:\/\/mountlaser.com\/vi\/wp-json\/wp\/v2\/types\/product"}],"replies":[{"embeddable":true,"href":"https:\/\/mountlaser.com\/vi\/wp-json\/wp\/v2\/comments?post=5502"}],"wp:featuredmedia":[{"embeddable":true,"href":"https:\/\/mountlaser.com\/vi\/wp-json\/wp\/v2\/media\/5504"}],"wp:attachment":[{"href":"https:\/\/mountlaser.com\/vi\/wp-json\/wp\/v2\/media?parent=5502"}],"wp:term":[{"taxonomy":"product_brand","embeddable":true,"href":"https:\/\/mountlaser.com\/vi\/wp-json\/wp\/v2\/product_brand?post=5502"},{"taxonomy":"product_cat","embeddable":true,"href":"https:\/\/mountlaser.com\/vi\/wp-json\/wp\/v2\/product_cat?post=5502"},{"taxonomy":"product_tag","embeddable":true,"href":"https:\/\/mountlaser.com\/vi\/wp-json\/wp\/v2\/product_tag?post=5502"}],"curies":[{"name":"trang web","href":"https:\/\/api.w.org\/{rel}","templated":true}]}}