{"id":5499,"date":"2025-12-08T02:00:11","date_gmt":"2025-12-08T02:00:11","guid":{"rendered":"https:\/\/mountlaser.com\/?post_type=product&#038;p=5499"},"modified":"2025-12-08T02:00:11","modified_gmt":"2025-12-08T02:00:11","slug":"bl06-digital-bubble-level","status":"publish","type":"product","link":"https:\/\/mountlaser.com\/vi\/san-pham\/bl06-digital-bubble-level\/","title":{"rendered":"Th\u01b0\u1edbc th\u1ee7y k\u1ef9 thu\u1eadt s\u1ed1 BL06"},"content":{"rendered":"<p>C\u00e1i <a href=\"https:\/\/mountlaser.com\/vi\/danh-muc-san-pham\/surveying-accessory\/\"><strong>Th\u01b0\u1edbc th\u1ee7y k\u1ef9 thu\u1eadt s\u1ed1 BL06<\/strong><\/a> \u0110\u00e2y l\u00e0 m\u1ed9t \u1ed1ng th\u1ee7y chu\u1ea9n tr\u00f2n c\u00f3 \u0111\u1ed9 ch\u00ednh x\u00e1c cao, \u0111\u01b0\u1ee3c thi\u1ebft k\u1ebf cho c\u00e1c \u1ee9ng d\u1ee5ng kh\u1ea3o s\u00e1t chuy\u00ean nghi\u1ec7p. \u0110\u01b0\u1ee3c ch\u1ebf t\u1ea1o trong v\u1ecf ki\u1ec3u Th\u1ee5y S\u0129, th\u01b0\u1edbc th\u1ee7y k\u1ef9 thu\u1eadt s\u1ed1 n\u00e0y cung c\u1ea5p hi\u1ec7u su\u1ea5t c\u00e2n b\u1eb1ng m\u01b0\u1ee3t m\u00e0, c\u1ef1c k\u1ef3 ch\u00ednh x\u00e1c cho c\u00e1c d\u1ee5ng c\u1ee5 nh\u01b0 gi\u00e1 ba ch\u00e2n, gi\u00e1 \u0111\u1ee1 v\u00e0 l\u0103ng k\u00ednh. C\u1ea5u tr\u00fac ho\u00e0n to\u00e0n b\u1eb1ng b\u1ea1c \u0111\u1ea3m b\u1ea3o \u0111\u1ed9 b\u1ec1n tuy\u1ec7t v\u1eddi, trong khi thi\u1ebft k\u1ebf tr\u00f2n ho\u00e0n ch\u1ec9nh mang l\u1ea1i \u0111\u1ed9 nh\u1ea1y nh\u1ea5t qu\u00e1n tr\u00ean m\u1ecdi h\u01b0\u1edbng.<\/p>\n<p><img fetchpriority=\"high\" decoding=\"async\" class=\"aligncenter wp-image-5500\" src=\"https:\/\/mountlaser.com\/wp-content\/uploads\/2025\/12\/01.webp\" alt=\"BL06 Digital bubble level\" width=\"500\" height=\"500\" srcset=\"https:\/\/mountlaser.com\/wp-content\/uploads\/2025\/12\/01.webp 1000w, https:\/\/mountlaser.com\/wp-content\/uploads\/2025\/12\/01-300x300.webp 300w, https:\/\/mountlaser.com\/wp-content\/uploads\/2025\/12\/01-150x150.webp 150w, https:\/\/mountlaser.com\/wp-content\/uploads\/2025\/12\/01-768x768.webp 768w, https:\/\/mountlaser.com\/wp-content\/uploads\/2025\/12\/01-12x12.webp 12w, https:\/\/mountlaser.com\/wp-content\/uploads\/2025\/12\/01-600x600.webp 600w, https:\/\/mountlaser.com\/wp-content\/uploads\/2025\/12\/01-800x800.webp 800w, https:\/\/mountlaser.com\/wp-content\/uploads\/2025\/12\/01-400x400.webp 400w\" sizes=\"(max-width: 500px) 100vw, 500px\" \/><\/p>\n<p>L\u00e0 m\u1ed9t th\u01b0\u1edbc th\u1ee7y k\u1ef9 thu\u1eadt s\u1ed1 BL06, n\u00f3 cung c\u1ea5p \u0111\u1ed9 ch\u00ednh x\u00e1c \u1ed5n \u0111\u1ecbnh, c\u00f3 th\u1ec3 l\u1eb7p l\u1ea1i m\u00e0 c\u00e1c k\u1ef9 s\u01b0 kh\u1ea3o s\u00e1t hi\u1ec7n tr\u01b0\u1eddng c\u00f3 th\u1ec3 tin c\u1eady trong qu\u00e1 tr\u00ecnh thi\u1ebft l\u1eadp thi\u1ebft b\u1ecb. C\u1ea5u t\u1ea1o ch\u1eafc ch\u1eafn v\u00e0 hi\u1ec7u chu\u1ea9n \u1ed1ng th\u1ee7y ch\u00ednh x\u00e1c l\u00e0m cho th\u01b0\u1edbc th\u1ee7y k\u1ef9 thu\u1eadt s\u1ed1 n\u00e0y ph\u00f9 h\u1ee3p v\u1edbi m\u00e1y to\u00e0n \u0111\u1ea1c, thi\u1ebft l\u1eadp GNSS, m\u00e1y th\u1ee7y b\u00ecnh t\u1ef1 \u0111\u1ed9ng v\u00e0 c\u00e1c thi\u1ebft b\u1ecb ch\u00ednh x\u00e1c kh\u00e1c y\u00eau c\u1ea7u c\u0103n ch\u1ec9nh ngang \u0111\u00e1ng tin c\u1eady. Cho d\u00f9 \u0111\u01b0\u1ee3c s\u1eed d\u1ee5ng nh\u01b0 m\u1ed9t b\u1ed9 ph\u1eadn thay th\u1ebf hay \u0111\u01b0\u1ee3c t\u00edch h\u1ee3p v\u00e0o thi\u1ebft b\u1ecb m\u1edbi, thi\u1ebft b\u1ecb n\u00e0y \u0111\u1ec1u \u0111\u00e1ng tin c\u1eady. <!--StartFragment --><a href=\"https:\/\/mountlaser.com\/vi\/about-us\/\"><strong><span class=\"cf0\">Th\u01b0\u1edbc th\u1ee7y ch\u00ednh x\u00e1c<\/span><\/strong><\/a><!--EndFragment -->\u00a0\u0110\u1ea3m b\u1ea3o \u0111\u1ed9 tin c\u1eady c\u1ee7a ph\u00e9p \u0111o ngay c\u1ea3 trong m\u00f4i tr\u01b0\u1eddng th\u1ef1c \u0111\u1ecba kh\u1eafc nghi\u1ec7t.<\/p>","protected":false},"excerpt":{"rendered":"<ul>\n<li>\u1ed0ng th\u1ee7y chu\u1ea9n tr\u00f2n c\u00f3 \u0111\u1ed9 ch\u00ednh x\u00e1c cao \u0111\u1ea3m b\u1ea3o vi\u1ec7c c\u00e2n b\u1eb1ng ch\u00ednh x\u00e1c v\u00e0 nh\u1ea5t qu\u00e1n cho c\u00e1c d\u1ee5ng c\u1ee5 \u0111o \u0111\u1ea1c.<\/li>\n<li>V\u1ecf ho\u00e0n to\u00e0n b\u1eb1ng b\u1ea1c mang l\u1ea1i \u0111\u1ed9 b\u1ec1n tuy\u1ec7t v\u1eddi v\u00e0 kh\u1ea3 n\u0103ng ch\u1ed1ng ch\u1ecbu c\u00e1c \u0111i\u1ec1u ki\u1ec7n kh\u1eafc nghi\u1ec7t ngo\u00e0i tr\u1eddi.<\/li>\n<li>Thi\u1ebft k\u1ebf b\u1ecdt n\u01b0\u1edbc tr\u00f2n ho\u00e0n ch\u1ec9nh gi\u00fap c\u1ea3i thi\u1ec7n \u0111\u1ed9 nh\u1ea1y v\u00e0 kh\u1ea3 n\u0103ng c\u00e2n b\u1eb1ng \u0111a h\u01b0\u1edbng.<\/li>\n<li>T\u01b0\u01a1ng th\u00edch v\u1edbi ch\u00e2n \u0111\u1ebf ba ch\u00e2n, gi\u00e1 \u0111\u1ee1, l\u0103ng k\u00ednh v\u00e0 h\u1ec7 th\u1ed1ng c\u00e2n b\u1eb1ng quang h\u1ecdc\/t\u1ef1 \u0111\u1ed9ng.<\/li>\n<li>C\u1ea5u tr\u00fac ch\u00ednh x\u00e1c theo ki\u1ec3u Th\u1ee5y S\u0129 \u0111\u1ea3m b\u1ea3o \u0111\u1ed9 \u1ed5n \u0111\u1ecbnh l\u00e2u d\u00e0i v\u00e0 s\u1ef1 c\u0103n ch\u1ec9nh thi\u1ebft b\u1ecb \u0111\u00e1ng tin c\u1eady.<\/li>\n<\/ul>","protected":false},"featured_media":5500,"comment_status":"open","ping_status":"closed","template":"","meta":[],"product_brand":[],"product_cat":[79,153],"product_tag":[],"class_list":{"0":"post-5499","1":"product","2":"type-product","3":"status-publish","4":"has-post-thumbnail","6":"product_cat-surveying-accessory","7":"product_cat-bubble-for-tribrach-carrier-prism","9":"first","10":"instock","11":"shipping-taxable","12":"product-type-simple"},"_links":{"self":[{"href":"https:\/\/mountlaser.com\/vi\/wp-json\/wp\/v2\/product\/5499","targetHints":{"allow":["GET"]}}],"collection":[{"href":"https:\/\/mountlaser.com\/vi\/wp-json\/wp\/v2\/product"}],"about":[{"href":"https:\/\/mountlaser.com\/vi\/wp-json\/wp\/v2\/types\/product"}],"replies":[{"embeddable":true,"href":"https:\/\/mountlaser.com\/vi\/wp-json\/wp\/v2\/comments?post=5499"}],"wp:featuredmedia":[{"embeddable":true,"href":"https:\/\/mountlaser.com\/vi\/wp-json\/wp\/v2\/media\/5500"}],"wp:attachment":[{"href":"https:\/\/mountlaser.com\/vi\/wp-json\/wp\/v2\/media?parent=5499"}],"wp:term":[{"taxonomy":"product_brand","embeddable":true,"href":"https:\/\/mountlaser.com\/vi\/wp-json\/wp\/v2\/product_brand?post=5499"},{"taxonomy":"product_cat","embeddable":true,"href":"https:\/\/mountlaser.com\/vi\/wp-json\/wp\/v2\/product_cat?post=5499"},{"taxonomy":"product_tag","embeddable":true,"href":"https:\/\/mountlaser.com\/vi\/wp-json\/wp\/v2\/product_tag?post=5499"}],"curies":[{"name":"trang web","href":"https:\/\/api.w.org\/{rel}","templated":true}]}}