{"id":5492,"date":"2025-12-08T01:21:19","date_gmt":"2025-12-08T01:21:19","guid":{"rendered":"https:\/\/mountlaser.com\/?post_type=product&#038;p=5492"},"modified":"2025-12-08T01:21:19","modified_gmt":"2025-12-08T01:21:19","slug":"bl03-bubble-for-auto-level","status":"publish","type":"product","link":"https:\/\/mountlaser.com\/vi\/san-pham\/bl03-bubble-for-auto-level\/","title":{"rendered":"BL03 Bong b\u00f3ng d\u00f9ng cho m\u00e1y c\u00e2n b\u1eb1ng t\u1ef1 \u0111\u1ed9ng"},"content":{"rendered":"<p>C\u00e1i <a href=\"https:\/\/mountlaser.com\/vi\/danh-muc-san-pham\/surveying-accessory\/\"><strong>BL03 bong b\u00f3ng d\u00f9ng cho m\u00e1y c\u00e2n b\u1eb1ng t\u1ef1 \u0111\u1ed9ng<\/strong><\/a> BL03 l\u00e0 m\u1ed9t b\u1ed9 ph\u1eadn c\u00e2n b\u1eb1ng \u0111\u01b0\u1ee3c thi\u1ebft k\u1ebf ch\u00ednh x\u00e1c, \u0111\u1eb7c bi\u1ec7t d\u00e0nh cho c\u00e1c d\u1ee5ng c\u1ee5 quang h\u1ecdc c\u00f3 \u0111\u1ed9 ch\u00ednh x\u00e1c cao. \u0110\u01b0\u1ee3c s\u1ea3n xu\u1ea5t theo thi\u1ebft k\u1ebf ki\u1ec3u Th\u1ee5y S\u0129, b\u1ecdt th\u1ee7y BL03 d\u00e0nh cho m\u00e1y c\u00e2n b\u1eb1ng t\u1ef1 \u0111\u1ed9ng mang l\u1ea1i \u0111\u1ed9 \u1ed5n \u0111\u1ecbnh v\u00e0 \u0111\u1ed9 tin c\u1eady v\u01b0\u1ee3t tr\u1ed9i cho c\u00e1c \u1ee9ng d\u1ee5ng th\u1ef1c \u0111\u1ecba \u0111\u00f2i h\u1ecfi kh\u1eaft khe. C\u1ea5u tr\u00fac b\u1eb1ng b\u1ea1c nguy\u00ean ch\u1ea5t b\u1ec1n b\u1ec9 gi\u00fap t\u0103ng tu\u1ed5i th\u1ecd \u0111\u1ed3ng th\u1eddi duy tr\u00ec kh\u1ea3 n\u0103ng hi\u1ec3n th\u1ecb tuy\u1ec7t v\u1eddi trong c\u00e1c \u0111i\u1ec1u ki\u1ec7n \u00e1nh s\u00e1ng kh\u00e1c nhau. T\u01b0\u01a1ng th\u00edch v\u1edbi c\u00e1c d\u1ee5ng c\u1ee5 lo\u1ea1i NA2, <a href=\"https:\/\/mountlaser.com\/vi\/products\/\"><strong>NA2 t\u1ef1 \u0111\u1ed9ng c\u00e2n b\u1eb1ng bong b\u00f3ng<\/strong><\/a> Cung c\u1ea5p hi\u1ec7u su\u1ea5t san l\u1ea5p m\u1eb7t b\u1eb1ng m\u01b0\u1ee3t m\u00e0 v\u00e0 ch\u00ednh x\u00e1c cho c\u00e1c k\u1ef9 s\u01b0 tr\u1eafc \u0111\u1ecba y\u00eau c\u1ea7u \u0111\u1ed9 ch\u00ednh x\u00e1c nh\u1ea5t qu\u00e1n.<\/p>\n<p><img fetchpriority=\"high\" decoding=\"async\" class=\"aligncenter wp-image-5494\" src=\"https:\/\/mountlaser.com\/wp-content\/uploads\/2025\/12\/BL032.webp\" alt=\"BL03 bubble for auto level\" width=\"500\" height=\"500\" srcset=\"https:\/\/mountlaser.com\/wp-content\/uploads\/2025\/12\/BL032.webp 1000w, https:\/\/mountlaser.com\/wp-content\/uploads\/2025\/12\/BL032-300x300.webp 300w, https:\/\/mountlaser.com\/wp-content\/uploads\/2025\/12\/BL032-150x150.webp 150w, https:\/\/mountlaser.com\/wp-content\/uploads\/2025\/12\/BL032-768x768.webp 768w, https:\/\/mountlaser.com\/wp-content\/uploads\/2025\/12\/BL032-12x12.webp 12w, https:\/\/mountlaser.com\/wp-content\/uploads\/2025\/12\/BL032-600x600.webp 600w, https:\/\/mountlaser.com\/wp-content\/uploads\/2025\/12\/BL032-800x800.webp 800w, https:\/\/mountlaser.com\/wp-content\/uploads\/2025\/12\/BL032-400x400.webp 400w\" sizes=\"(max-width: 500px) 100vw, 500px\" \/><\/p>\n<p>\u0110\u01b0\u1ee3c thi\u1ebft k\u1ebf \u0111\u1ec3 t\u00edch h\u1ee3p li\u1ec1n m\u1ea1ch, th\u01b0\u1edbc th\u1ee7y t\u1ef1 \u0111\u1ed9ng NA2 \u0111\u1ea3m b\u1ea3o c\u0103n ch\u1ec9nh ch\u00ednh x\u00e1c v\u00e0 h\u1ed7 tr\u1ee3 \u0111\u1ed9 ch\u00ednh x\u00e1c \u0111o l\u01b0\u1eddng nh\u1ea5t qu\u00e1n. Th\u01b0\u1edbc th\u1ee7y t\u1ef1 \u0111\u1ed9ng NA2 n\u00e2ng cao hi\u1ec7u su\u1ea5t c\u1ee7a thi\u1ebft b\u1ecb c\u00e2n b\u1eb1ng b\u1eb1ng c\u00e1ch c\u1ea3i thi\u1ec7n t\u1ed1c \u0111\u1ed9 thi\u1ebft l\u1eadp v\u00e0 gi\u1ea3m l\u1ed7i c\u00e2n b\u1eb1ng. V\u1edbi c\u1ea5u tr\u00fac \u0111\u01b0\u1ee3c c\u1ea3i ti\u1ebfn, <a href=\"https:\/\/mountlaser.com\/vi\/\">BL03 bong b\u00f3ng d\u00f9ng cho m\u00e1y c\u00e2n b\u1eb1ng t\u1ef1 \u0111\u1ed9ng<\/a> \u0110\u00e2y l\u00e0 m\u1ed9t linh ki\u1ec7n \u0111\u00e1ng tin c\u1eady cho c\u1ea3 vi\u1ec7c thay th\u1ebf v\u00e0 b\u1ea3o tr\u00ec thi\u1ebft b\u1ecb.<\/p>","protected":false},"excerpt":{"rendered":"<ul>\n<li>K\u1ef9 thu\u1eadt ch\u1ebf t\u1ea1o theo ki\u1ec3u Th\u1ee5y S\u0129 \u0111\u1ea3m b\u1ea3o \u0111\u1ed9 ch\u00ednh x\u00e1c v\u01b0\u1ee3t tr\u1ed9i v\u00e0 hi\u1ec7u su\u1ea5t c\u00e2n b\u1eb1ng \u1ed5n \u0111\u1ecbnh.<\/li>\n<li>V\u1ecf ho\u00e0n to\u00e0n b\u1eb1ng b\u1ea1c b\u1ec1n ch\u1eafc gi\u00fap t\u0103ng kh\u1ea3 n\u0103ng ch\u1ed1ng va \u0111\u1eadp, \u0103n m\u00f2n v\u00e0 m\u00e0i m\u00f2n.<\/li>\n<li>Bu\u1ed3ng c\u00e2n b\u1eb1ng c\u00f3 \u0111\u1ed9 nh\u1ea1y cao gi\u00fap c\u00e2n b\u1eb1ng nhanh h\u01a1n v\u00e0 c\u1ea3i thi\u1ec7n \u0111\u1ed9 tin c\u1eady c\u1ee7a ph\u00e9p \u0111o.<\/li>\n<li>T\u01b0\u01a1ng th\u00edch v\u1edbi h\u1ec7 th\u1ed1ng t\u1ef1 \u0111\u1ed9ng \u0111i\u1ec1u ch\u1ec9nh \u0111\u1ed9 cao NA2, gi\u00fap d\u1ec5 d\u00e0ng thay th\u1ebf v\u00e0 k\u00e9o d\u00e0i tu\u1ed5i th\u1ecd thi\u1ebft b\u1ecb.<\/li>\n<li>\u0110\u01b0\u1ee3c t\u1ed1i \u01b0u h\u00f3a cho c\u00f4ng t\u00e1c kh\u1ea3o s\u00e1t chuy\u00ean nghi\u1ec7p, mang l\u1ea1i k\u1ebft qu\u1ea3 nh\u1ea5t qu\u00e1n trong c\u00e1c \u1ee9ng d\u1ee5ng x\u00e2y d\u1ef1ng, l\u1eadp b\u1ea3n \u0111\u1ed3 v\u00e0 k\u1ef9 thu\u1eadt.<\/li>\n<\/ul>","protected":false},"featured_media":5493,"comment_status":"open","ping_status":"closed","template":"","meta":[],"product_brand":[],"product_cat":[79,153],"product_tag":[],"class_list":{"0":"post-5492","1":"product","2":"type-product","3":"status-publish","4":"has-post-thumbnail","6":"product_cat-surveying-accessory","7":"product_cat-bubble-for-tribrach-carrier-prism","9":"first","10":"instock","11":"shipping-taxable","12":"product-type-simple"},"_links":{"self":[{"href":"https:\/\/mountlaser.com\/vi\/wp-json\/wp\/v2\/product\/5492","targetHints":{"allow":["GET"]}}],"collection":[{"href":"https:\/\/mountlaser.com\/vi\/wp-json\/wp\/v2\/product"}],"about":[{"href":"https:\/\/mountlaser.com\/vi\/wp-json\/wp\/v2\/types\/product"}],"replies":[{"embeddable":true,"href":"https:\/\/mountlaser.com\/vi\/wp-json\/wp\/v2\/comments?post=5492"}],"wp:featuredmedia":[{"embeddable":true,"href":"https:\/\/mountlaser.com\/vi\/wp-json\/wp\/v2\/media\/5493"}],"wp:attachment":[{"href":"https:\/\/mountlaser.com\/vi\/wp-json\/wp\/v2\/media?parent=5492"}],"wp:term":[{"taxonomy":"product_brand","embeddable":true,"href":"https:\/\/mountlaser.com\/vi\/wp-json\/wp\/v2\/product_brand?post=5492"},{"taxonomy":"product_cat","embeddable":true,"href":"https:\/\/mountlaser.com\/vi\/wp-json\/wp\/v2\/product_cat?post=5492"},{"taxonomy":"product_tag","embeddable":true,"href":"https:\/\/mountlaser.com\/vi\/wp-json\/wp\/v2\/product_tag?post=5492"}],"curies":[{"name":"trang web","href":"https:\/\/api.w.org\/{rel}","templated":true}]}}