{"id":5478,"date":"2025-12-05T09:17:47","date_gmt":"2025-12-05T09:17:47","guid":{"rendered":"https:\/\/mountlaser.com\/?post_type=product&#038;p=5478"},"modified":"2025-12-11T09:26:00","modified_gmt":"2025-12-11T09:26:00","slug":"de-2b-series-theodolite","status":"publish","type":"product","link":"https:\/\/mountlaser.com\/vi\/san-pham\/de-2b-series-theodolite\/","title":{"rendered":"M\u00e1y kinh v\u0129 d\u00f2ng DE-2B"},"content":{"rendered":"<p>D\u00f2ng s\u1ea3n ph\u1ea9m DE-2B cung c\u1ea5p gi\u1ea3i ph\u00e1p chuy\u00ean bi\u1ec7t cho vi\u1ec7c c\u0103n ch\u1ec9nh ch\u00ednh x\u00e1c v\u00e0 \u0111o g\u00f3c. Cho d\u00f9 b\u1ea1n c\u1ea7n \u0111\u1ed9 tin c\u1eady c\u01a1 b\u1ea3n c\u1ee7a m\u1ed9t m\u00f4 h\u00ecnh quang h\u1ecdc hay kh\u1ea3 n\u0103ng \u0111\u1ecbnh v\u1ecb ch\u00ednh x\u00e1c, d\u1ec5 quan s\u00e1t c\u1ee7a tia laser xanh. <a href=\"https:\/\/mountlaser.com\/vi\/\"><strong>M\u00e1y kinh v\u0129 \u0111i\u1ec7n t\u1eed DE-2B<\/strong><\/a><\/p>\n<p>H\u00e3y l\u1ef1a ch\u1ecdn t\u1eeb nhi\u1ec1u m\u1eabu m\u00e3 kh\u00e1c nhau, n\u1ed5i b\u1eadt v\u1edbi l\u1edbp v\u1ecf ngo\u00e0i ch\u1eafc ch\u1eafn, nhi\u1ec1u m\u00e0u s\u1eafc v\u00e0 c\u1ea5u h\u00ecnh con tr\u1ecf laser ti\u00ean ti\u1ebfn, t\u1ea5t c\u1ea3 \u0111\u1ec1u \u0111\u01b0\u1ee3c x\u00e2y d\u1ef1ng tr\u00ean n\u1ec1n t\u1ea3ng hi\u1ec7u n\u0103ng quang h\u1ecdc v\u00e0 \u0111i\u1ec7n t\u1eed v\u1eefng ch\u1eafc.<\/p>\n<p><img fetchpriority=\"high\" decoding=\"async\" class=\"aligncenter wp-image-5479\" src=\"https:\/\/mountlaser.com\/wp-content\/uploads\/2025\/12\/DE-2ALG1_\u526f\u672c.webp\" alt=\"Electronic Theodolite DE-2B\" width=\"500\" height=\"500\" srcset=\"https:\/\/mountlaser.com\/wp-content\/uploads\/2025\/12\/DE-2ALG1_\u526f\u672c.webp 1000w, https:\/\/mountlaser.com\/wp-content\/uploads\/2025\/12\/DE-2ALG1_\u526f\u672c-300x300.webp 300w, https:\/\/mountlaser.com\/wp-content\/uploads\/2025\/12\/DE-2ALG1_\u526f\u672c-150x150.webp 150w, https:\/\/mountlaser.com\/wp-content\/uploads\/2025\/12\/DE-2ALG1_\u526f\u672c-768x768.webp 768w, https:\/\/mountlaser.com\/wp-content\/uploads\/2025\/12\/DE-2ALG1_\u526f\u672c-12x12.webp 12w, https:\/\/mountlaser.com\/wp-content\/uploads\/2025\/12\/DE-2ALG1_\u526f\u672c-600x600.webp 600w, https:\/\/mountlaser.com\/wp-content\/uploads\/2025\/12\/DE-2ALG1_\u526f\u672c-800x800.webp 800w, https:\/\/mountlaser.com\/wp-content\/uploads\/2025\/12\/DE-2ALG1_\u526f\u672c-400x400.webp 400w\" sizes=\"(max-width: 500px) 100vw, 500px\" \/><\/p>\n<p><strong>M\u00e1y kinh v\u0129 d\u00f2ng DE-2B HO\u1eb6C M\u00e1y kinh v\u0129 \u0111i\u1ec7n t\u1eed DE-2B<\/strong><br \/>\nM\u00e1y kinh v\u0129 DE-2BR, v\u1ecf m\u00e0u \u0111\u1ecf, laser \u0111\u1ecf ph\u00eda d\u01b0\u1edbi, th\u1ea5u k\u00ednh quang h\u1ecdc ph\u00eda tr\u00ean.<br \/>\nM\u00e1y kinh v\u0129 DE-2BY, v\u1ecf m\u00e0u v\u00e0ng, laser \u0111\u1ecf ph\u00eda d\u01b0\u1edbi, th\u1ea5u k\u00ednh quang h\u1ecdc ph\u00eda tr\u00ean.<br \/>\nM\u00e1y kinh v\u0129 DE-2BG, v\u1ecf m\u00e0u xanh l\u00e1 c\u00e2y, laser \u0111\u1ecf ph\u00eda d\u01b0\u1edbi, th\u1ea5u k\u00ednh quang h\u1ecdc ph\u00eda tr\u00ean.<br \/>\nM\u00e1y kinh v\u0129 DEL-2BG, v\u1ecf m\u00e0u xanh l\u00e1 c\u00e2y, tia laser \u0111\u1ecf ph\u00eda d\u01b0\u1edbi, tia laser \u0111\u1ecf ph\u00eda tr\u00ean<br \/>\nM\u00e1y kinh v\u0129 DEL-2BR, v\u1ecf m\u00e0u \u0111\u1ecf, tia laser \u0111\u1ecf ph\u00eda d\u01b0\u1edbi, tia laser \u0111\u1ecf ph\u00eda tr\u00ean<br \/>\nM\u00e1y kinh v\u0129 DEL-2BY, v\u1ecf m\u00e0u v\u00e0ng, tia laser \u0111\u1ecf ph\u00eda d\u01b0\u1edbi, tia laser \u0111\u1ecf ph\u00eda tr\u00ean<br \/>\nM\u00e1y kinh v\u0129 DEL-2BGG, v\u1ecf m\u00e0u xanh l\u00e1 c\u00e2y, tia laser \u0111\u1ecf ph\u00eda d\u01b0\u1edbi, tia laser xanh l\u00e1 c\u00e2y ph\u00eda tr\u00ean<br \/>\nM\u00e1y kinh v\u0129 DEL-2BRG, v\u1ecf m\u00e0u \u0111\u1ecf, tia laser \u0111\u1ecf ph\u00eda d\u01b0\u1edbi, tia laser xanh ph\u00eda tr\u00ean<br \/>\nM\u00e1y kinh v\u0129 DEL-2BYG, v\u1ecf m\u00e0u v\u00e0ng, tia laser \u0111\u1ecf ph\u00eda d\u01b0\u1edbi, tia laser xanh ph\u00eda tr\u00ean<\/p>\n<p><strong><a href=\"https:\/\/mountlaser.com\/vi\/\">M\u00e1y kinh v\u0129 d\u00f2ng DE-2B<\/a> Th\u00f4ng s\u1ed1 k\u1ef9 thu\u1eadt<\/strong><\/p>\n<table style=\"border-collapse: collapse; width: 847px; height: 948px;\" border=\"0\" width=\"792\" cellspacing=\"0\" cellpadding=\"0\">\n<tbody>\n<tr style=\"height: 13.50pt;\">\n<td class=\"et2\" style=\"height: 13.50pt; width: 230.25pt;\" colspan=\"2\" width=\"307\" height=\"18\">M\u00e3 s\u1ed1 s\u1ea3n ph\u1ea9m.<\/td>\n<td class=\"et3\" style=\"width: 117.00pt;\" width=\"156\">DE-2BR\/2BY\/2BG<\/td>\n<td class=\"et3\" style=\"width: 117.00pt;\" width=\"156\">DEL-2BR\/2BY\/2BG<\/td>\n<td class=\"et3\" style=\"width: 129.75pt;\" width=\"173\">DEL-2BRG\/2BYG\/2BGG<\/td>\n<\/tr>\n<tr style=\"height: 13.50pt;\">\n<td class=\"et3\" style=\"height: 13.50pt;\" height=\"18\">Tribrach<\/td>\n<td class=\"et3\">Ng\u01b0\u1eddi m\u1eabu<\/td>\n<td class=\"et3\">C\u00f3 th\u1ec3 th\u00e1o r\u1eddi<\/td>\n<td class=\"et3\">C\u00f3 th\u1ec3 th\u00e1o r\u1eddi<\/td>\n<td class=\"et3\">C\u00f3 th\u1ec3 th\u00e1o r\u1eddi<\/td>\n<\/tr>\n<tr style=\"height: 13.50pt;\">\n<td class=\"et2\" style=\"height: 108.00pt;\" rowspan=\"8\" height=\"144\">K\u00ednh thi\u00ean v\u0103n<\/td>\n<td class=\"et3\">H\u00ecnh \u1ea3nh<\/td>\n<td class=\"et3\">D\u1ef1ng l\u00ean<\/td>\n<td class=\"et3\">D\u1ef1ng l\u00ean<\/td>\n<td class=\"et3\">D\u1ef1ng l\u00ean<\/td>\n<\/tr>\n<tr style=\"height: 13.50pt;\">\n<td class=\"et3\">\u0110\u1ed9 ph\u00f3ng \u0111\u1ea1i<\/td>\n<td class=\"et3\">30 l\u1ea7n<\/td>\n<td class=\"et3\">30 l\u1ea7n<\/td>\n<td class=\"et3\">30 l\u1ea7n<\/td>\n<\/tr>\n<tr style=\"height: 13.50pt;\">\n<td class=\"et3\">Kh\u1ea9u \u0111\u1ed9 v\u1eadt k\u00ednh<\/td>\n<td class=\"et3\">45mm<\/td>\n<td class=\"et3\">45mm<\/td>\n<td class=\"et3\">45mm<\/td>\n<\/tr>\n<tr style=\"height: 13.50pt;\">\n<td class=\"et3\">Ngh\u1ecb quy\u1ebft<\/td>\n<td class=\"et3\">3\u2033<\/td>\n<td class=\"et3\">3\u2033<\/td>\n<td class=\"et3\">3\u2033<\/td>\n<\/tr>\n<tr style=\"height: 13.50pt;\">\n<td class=\"et3\">FOV<\/td>\n<td class=\"et3\">1\u00b030\u2032<\/td>\n<td class=\"et3\">1\u00b030\u2032<\/td>\n<td class=\"et3\">1\u00b030\u2032<\/td>\n<\/tr>\n<tr style=\"height: 13.50pt;\">\n<td class=\"et3\">Ti\u00eau \u0111i\u1ec3m t\u1ed1i thi\u1ec3u<\/td>\n<td class=\"et3\">1,35m<\/td>\n<td class=\"et3\">1,35m<\/td>\n<td class=\"et3\">1,35m<\/td>\n<\/tr>\n<tr style=\"height: 13.50pt;\">\n<td class=\"et3\">H\u1eb1ng s\u1ed1 nh\u00e2n\/c\u1ed9ng<\/td>\n<td class=\"et3\">100\/ 0<\/td>\n<td class=\"et3\">100\/ 0<\/td>\n<td class=\"et3\">100\/ 0<\/td>\n<\/tr>\n<tr style=\"height: 13.50pt;\">\n<td class=\"et3\">Chi\u1ec1u d\u00e0i<\/td>\n<td class=\"et3\">155mm<\/td>\n<td class=\"et3\">155mm<\/td>\n<td class=\"et3\">155mm<\/td>\n<\/tr>\n<tr style=\"height: 13.50pt;\">\n<td class=\"et2\" style=\"height: 67.50pt;\" rowspan=\"5\" height=\"90\">\u0110o g\u00f3c<\/td>\n<td class=\"et3\">Ch\u1ebf \u0111\u1ed9 \u0111o<\/td>\n<td class=\"et3\">B\u1ed9 m\u00e3 h\u00f3a tuy\u1ec7t \u0111\u1ed1i<\/td>\n<td class=\"et3\">B\u1ed9 m\u00e3 h\u00f3a tuy\u1ec7t \u0111\u1ed1i<\/td>\n<td class=\"et3\">B\u1ed9 m\u00e3 h\u00f3a tuy\u1ec7t \u0111\u1ed1i<\/td>\n<\/tr>\n<tr style=\"height: 13.50pt;\">\n<td class=\"et3\">Y\u00eau c\u1ea7u \u0111\u1ecdc t\u1ed1i thi\u1ec3u<\/td>\n<td class=\"et3\">1\u2033\/ 5\u2033<\/td>\n<td class=\"et3\">1\u2033\/ 5\u2033<\/td>\n<td class=\"et3\">1\u2033\/ 5\u2033<\/td>\n<\/tr>\n<tr style=\"height: 13.50pt;\">\n<td class=\"et3\">\u0110\u1ed9 ch\u00ednh x\u00e1c khi \u0111\u1ecdc<\/td>\n<td class=\"et3\">2\u2033\/ 5\u2033\/ 10\u2033<\/td>\n<td class=\"et3\">2\u2033\/ 5\u2033\/ 10\u2033<\/td>\n<td class=\"et3\">2\u2033\/ 5\u2033\/ 10\u2033<\/td>\n<\/tr>\n<tr style=\"height: 13.50pt;\">\n<td class=\"et3\">\u0110\u01b0\u1eddng k\u00ednh h\u00ecnh tr\u00f2n<\/td>\n<td class=\"et3\">79mm<\/td>\n<td class=\"et3\">79mm<\/td>\n<td class=\"et3\">79mm<\/td>\n<\/tr>\n<tr style=\"height: 13.50pt;\">\n<td class=\"et3\">\u0110\u01a1n v\u1ecb g\u00f3c<\/td>\n<td class=\"et3\">360\u00b0\/ 400 g\u00f3c\/ 6400 tri\u1ec7u<\/td>\n<td class=\"et3\">360\u00b0\/ 400 g\u00f3c\/ 6400 tri\u1ec7u<\/td>\n<td class=\"et3\">360\u00b0\/ 400 g\u00f3c\/ 6400 tri\u1ec7u<\/td>\n<\/tr>\n<tr style=\"height: 13.50pt;\">\n<td class=\"et2\" style=\"height: 27.00pt;\" rowspan=\"2\" height=\"36\">B\u1ed9 b\u00f9<\/td>\n<td class=\"et3\">C\u1ea3m bi\u1ebfn \u0111\u1ed9 nghi\u00eang<\/td>\n<td class=\"et3\">\u0110\u00fang<\/td>\n<td class=\"et3\">\u0110\u00fang<\/td>\n<td class=\"et3\">\u0110\u00fang<\/td>\n<\/tr>\n<tr style=\"height: 13.50pt;\">\n<td class=\"et3\">Ph\u1ea1m vi<\/td>\n<td class=\"et3\">\u00b13\u2032<\/td>\n<td class=\"et3\">\u00b13\u2032<\/td>\n<td class=\"et3\">\u00b13\u2032<\/td>\n<\/tr>\n<tr style=\"height: 13.50pt;\">\n<td class=\"et2\" style=\"height: 54.00pt;\" rowspan=\"4\" height=\"72\">Laser Plummet<\/td>\n<td class=\"et3\">B\u01b0\u1edbc s\u00f3ng<\/td>\n<td class=\"et3\">Ch\u00f9m tia \u0111\u1ecf 635nm<\/td>\n<td class=\"et3\">Ch\u00f9m tia \u0111\u1ecf 635nm<\/td>\n<td class=\"et3\">Ch\u00f9m tia \u0111\u1ecf 635nm<\/td>\n<\/tr>\n<tr style=\"height: 13.50pt;\">\n<td class=\"et3\">Quy\u1ec1n l\u1ef1c<\/td>\n<td class=\"et3\">1mw<\/td>\n<td class=\"et3\">1mw<\/td>\n<td class=\"et3\">1mw<\/td>\n<\/tr>\n<tr style=\"height: 13.50pt;\">\n<td class=\"et3\">\u0110\u1ed9 ch\u00ednh x\u00e1c (1,5m)<\/td>\n<td class=\"et3\">\u00b10,5mm<\/td>\n<td class=\"et3\">\u00b10,5mm<\/td>\n<td class=\"et3\">\u00b10,5mm<\/td>\n<\/tr>\n<tr style=\"height: 13.50pt;\">\n<td class=\"et3\">Laser Grade<\/td>\n<td class=\"et3\">L\u1edbp h\u1ecdc<span class=\"font6\">\u2161<\/span><\/td>\n<td class=\"et3\">L\u1edbp h\u1ecdc<span class=\"font6\">\u2161<\/span><\/td>\n<td class=\"et3\">L\u1edbp h\u1ecdc<span class=\"font6\">\u2161<\/span><\/td>\n<\/tr>\n<tr style=\"height: 13.50pt;\">\n<td class=\"et2\" style=\"height: 40.50pt;\" rowspan=\"3\" height=\"54\">D\u1ecdi quang h\u1ecdc (T\u00f9y ch\u1ecdn)<\/td>\n<td class=\"et3\">\u0110\u1ed9 ph\u00f3ng \u0111\u1ea1i<\/td>\n<td class=\"et3\">3 l\u1ea7n<\/td>\n<td class=\"et3\">3 l\u1ea7n<\/td>\n<td class=\"et3\">3 l\u1ea7n<\/td>\n<\/tr>\n<tr style=\"height: 13.50pt;\">\n<td class=\"et3\">G\u00f3c nh\u00ecn<\/td>\n<td class=\"et3\">5\u00b0<\/td>\n<td class=\"et3\">5\u00b0<\/td>\n<td class=\"et3\">5\u00b0<\/td>\n<\/tr>\n<tr style=\"height: 13.50pt;\">\n<td class=\"et3\">Ph\u1ea1m vi l\u1ea5y n\u00e9t<\/td>\n<td class=\"et3\">0,5m\u2014<span class=\"font6\">\u221e<\/span><\/td>\n<td class=\"et3\">0,5m\u2014<span class=\"font6\">\u221e<\/span><\/td>\n<td class=\"et3\">0,5m\u2014<span class=\"font6\">\u221e<\/span><\/td>\n<\/tr>\n<tr style=\"height: 13.50pt;\">\n<td class=\"et2\" style=\"height: 67.50pt;\" rowspan=\"5\" height=\"90\">Con tr\u1ecf laser<\/td>\n<td class=\"et3\">B\u01b0\u1edbc s\u00f3ng<\/td>\n<td class=\"et3\">\/<\/td>\n<td class=\"et3\">M\u00e0u \u0111\u1ecf 635nm<\/td>\n<td class=\"et3\">Xanh l\u1ee5c 520nm<\/td>\n<\/tr>\n<tr style=\"height: 13.50pt;\">\n<td class=\"et3\">Quy\u1ec1n l\u1ef1c<\/td>\n<td class=\"et3\">\/<\/td>\n<td class=\"et3\">5mw<\/td>\n<td class=\"et3\">5mw<\/td>\n<\/tr>\n<tr style=\"height: 13.50pt;\">\n<td class=\"et3\">Ph\u1ea1m vi \u0111o b\u1eb1ng laser (Ban ng\u00e0y)<\/td>\n<td class=\"et3\">\/<\/td>\n<td class=\"et3\">180m<\/td>\n<td class=\"et3\">250m<\/td>\n<\/tr>\n<tr style=\"height: 13.50pt;\">\n<td class=\"et3\">\u0110\u1ed9 ch\u00ednh x\u00e1c \u0111\u1ed3ng tr\u1ee5c c\u1ee7a laser<\/td>\n<td class=\"et3\">\/<\/td>\n<td class=\"et4\">\u2264<span class=\"font7\">5\u2033<\/span><\/td>\n<td class=\"et5\">\u2264<span class=\"font1\">5\u2033<\/span><\/td>\n<\/tr>\n<tr style=\"height: 13.50pt;\">\n<td class=\"et3\">\u0110\u01b0\u1eddng k\u00ednh \u0111i\u1ec3m laser<\/td>\n<td class=\"et3\">\/<\/td>\n<td class=\"et6\">\u2264<span class=\"font8\">2mm\/100m<\/span><\/td>\n<td class=\"et6\">\u2264<span class=\"font8\">2mm\/ 100m<\/span><\/td>\n<\/tr>\n<tr style=\"height: 13.50pt;\">\n<td class=\"et2\" style=\"height: 27.00pt;\" rowspan=\"2\" height=\"36\">L\u1ecd<\/td>\n<td class=\"et3\">L\u1ecd \u0111\u1ef1ng m\u1eabu<\/td>\n<td class=\"et3\">30\u2033\/ 2mm<\/td>\n<td class=\"et3\">30\u2033\/ 2mm<\/td>\n<td class=\"et3\">30\u2033\/ 2mm<\/td>\n<\/tr>\n<tr style=\"height: 13.50pt;\">\n<td class=\"et3\">L\u1ecd tr\u00f2n<\/td>\n<td class=\"et3\">8&#039;\/ 2mm<\/td>\n<td class=\"et3\">8&#039;\/ 2mm<\/td>\n<td class=\"et3\">8&#039;\/ 2mm<\/td>\n<\/tr>\n<tr style=\"height: 13.50pt;\">\n<td class=\"et3\" style=\"height: 13.50pt;\" height=\"18\">Tr\u01b0ng b\u00e0y<\/td>\n<td class=\"et3\">Hai m\u1eb7t<\/td>\n<td class=\"et3\">\u0110\u00e8n n\u1ec1n LED<\/td>\n<td class=\"et3\">\u0110\u00e8n n\u1ec1n LED<\/td>\n<td class=\"et3\">\u0110\u00e8n n\u1ec1n LED<\/td>\n<\/tr>\n<tr style=\"height: 13.50pt;\">\n<td class=\"et2\" style=\"height: 27.00pt;\" rowspan=\"2\" height=\"36\">Quy\u1ec1n l\u1ef1c<\/td>\n<td class=\"et3\">Ngu\u1ed3n n\u0103ng l\u01b0\u1ee3ng<\/td>\n<td class=\"et7\">Pin Li-ion 7.4V 1650mAh<\/td>\n<td class=\"et7\">Pin Li-ion 7.4V 1650mAh<\/td>\n<td class=\"et7\">Pin Li-ion 7.4V 1650mAh<\/td>\n<\/tr>\n<tr style=\"height: 13.50pt;\">\n<td class=\"et3\">Nhi\u1ec7t \u0111\u1ed9 l\u00e0m vi\u1ec7c<\/td>\n<td class=\"et3\">-20<span class=\"font3\">\u2103\uff5e<\/span><span class=\"font1\">+50<\/span><span class=\"font3\">\u2103<\/span><\/td>\n<td class=\"et3\">-20<span class=\"font3\">\u2103\uff5e<\/span><span class=\"font1\">+50<\/span><span class=\"font3\">\u2103<\/span><\/td>\n<td class=\"et3\">-20<span class=\"font3\">\u2103\uff5e<\/span><span class=\"font1\">+50<\/span><span class=\"font3\">\u2103<\/span><\/td>\n<\/tr>\n<\/tbody>\n<\/table>","protected":false},"excerpt":{"rendered":"<ul>\n<li>\u0110\u01b0\u1ee3c ch\u1ebf t\u1ea1o \u0111\u1ec3 \u0111\u1ea1t \u0111\u1ed9 ch\u00ednh x\u00e1c v\u00e0 \u0111\u1ed9 b\u1ec1n cao, m\u1ecdi m\u00e1y kinh v\u0129 quang h\u1ecdc laser DE-2B v\u00e0 c\u1ea3 phi\u00ean b\u1ea3n \u0111i\u1ec7n t\u1eed \u0111\u1ec1u c\u00f3 nh\u1eefng th\u00f4ng s\u1ed1 k\u1ef9 thu\u1eadt chuy\u00ean nghi\u1ec7p sau:<\/li>\n<li>\u0110o l\u01b0\u1eddng \u0111\u1ed9 ch\u00ednh x\u00e1c cao: Trang b\u1ecb b\u1ed9 m\u00e3 h\u00f3a tuy\u1ec7t \u0111\u1ed1i.<\/li>\n<li>H\u1ec7 th\u1ed1ng quang h\u1ecdc m\u1ea1nh m\u1ebd: K\u00ednh vi\u1ec5n v\u1ecdng t\u1ea1o \u1ea3nh th\u1eb3ng v\u1edbi \u0111\u1ed9 ph\u00f3ng \u0111\u1ea1i 30x v\u00e0 \u0111\u01b0\u1eddng k\u00ednh v\u1eadt k\u00ednh 45mm cung c\u1ea5p h\u00ecnh \u1ea3nh r\u00f5 n\u00e9t.<\/li>\n<\/ul>","protected":false},"featured_media":5480,"comment_status":"open","ping_status":"closed","template":"","meta":[],"product_brand":[],"product_cat":[144,95],"product_tag":[],"class_list":{"0":"post-5478","1":"product","2":"type-product","3":"status-publish","4":"has-post-thumbnail","6":"product_cat-theodoliteagent-sales","7":"product_cat-agent-sales","9":"first","10":"instock","11":"shipping-taxable","12":"product-type-simple"},"_links":{"self":[{"href":"https:\/\/mountlaser.com\/vi\/wp-json\/wp\/v2\/product\/5478","targetHints":{"allow":["GET"]}}],"collection":[{"href":"https:\/\/mountlaser.com\/vi\/wp-json\/wp\/v2\/product"}],"about":[{"href":"https:\/\/mountlaser.com\/vi\/wp-json\/wp\/v2\/types\/product"}],"replies":[{"embeddable":true,"href":"https:\/\/mountlaser.com\/vi\/wp-json\/wp\/v2\/comments?post=5478"}],"wp:featuredmedia":[{"embeddable":true,"href":"https:\/\/mountlaser.com\/vi\/wp-json\/wp\/v2\/media\/5480"}],"wp:attachment":[{"href":"https:\/\/mountlaser.com\/vi\/wp-json\/wp\/v2\/media?parent=5478"}],"wp:term":[{"taxonomy":"product_brand","embeddable":true,"href":"https:\/\/mountlaser.com\/vi\/wp-json\/wp\/v2\/product_brand?post=5478"},{"taxonomy":"product_cat","embeddable":true,"href":"https:\/\/mountlaser.com\/vi\/wp-json\/wp\/v2\/product_cat?post=5478"},{"taxonomy":"product_tag","embeddable":true,"href":"https:\/\/mountlaser.com\/vi\/wp-json\/wp\/v2\/product_tag?post=5478"}],"curies":[{"name":"trang web","href":"https:\/\/api.w.org\/{rel}","templated":true}]}}