{"id":5477,"date":"2025-12-05T08:56:49","date_gmt":"2025-12-05T08:56:49","guid":{"rendered":"https:\/\/mountlaser.com\/?post_type=product&#038;p=5477"},"modified":"2025-12-05T08:56:49","modified_gmt":"2025-12-05T08:56:49","slug":"gli115-bubble-for-prism","status":"publish","type":"product","link":"https:\/\/mountlaser.com\/vi\/san-pham\/gli115-bubble-for-prism\/","title":{"rendered":"GLI115 Bong b\u00f3ng cho Prism"},"content":{"rendered":"<p>C\u00e1i <a href=\"https:\/\/mountlaser.com\/vi\/\"><strong data-start=\"210\" data-end=\"237\">GLI115 Bong b\u00f3ng cho Prism<\/strong><\/a> GLI115 Bubble l\u00e0 th\u01b0\u1edbc th\u1ee7y k\u1eb9p ch\u00ednh x\u00e1c \u0111\u01b0\u1ee3c thi\u1ebft k\u1ebf cho c\u00e1c c\u1ed9t ph\u1ea3n x\u1ea1 mini, gi\u00fap c\u0103n ch\u1ec9nh nhanh ch\u00f3ng v\u00e0 \u0111\u00e1ng tin c\u1eady trong c\u00e1c c\u00f4ng vi\u1ec7c kh\u1ea3o s\u00e1t chuy\u00ean nghi\u1ec7p. \u0110\u01b0\u1ee3c ch\u1ebf t\u1ea1o t\u1eeb nh\u1ef1a b\u1ec1n ch\u1eafc theo ki\u1ec3u Th\u1ee5y S\u0129, GLI115 Bubble d\u00e0nh cho l\u0103ng k\u00ednh n\u00e0y mang l\u1ea1i \u0111\u1ed9 \u1ed5n \u0111\u1ecbnh tuy\u1ec7t v\u1eddi trong khi v\u1eabn nh\u1eb9 v\u00e0 d\u1ec5 g\u1eafn. L\u00e0 m\u1ed9t th\u01b0\u1edbc th\u1ee7y c\u00f3 \u0111\u1ed9 hi\u1ec3n th\u1ecb cao... <a href=\"https:\/\/mountlaser.com\/vi\/danh-muc-san-pham\/surveying-accessory\/\"><strong data-start=\"548\" data-end=\"590\">bong b\u00f3ng nh\u1ef1a d\u00f9ng cho c\u1ed9t ph\u1ea3n quang mini<\/strong><\/a>, N\u00f3 \u0111\u1ea3m b\u1ea3o c\u00e1c nh\u00e0 kh\u1ea3o s\u00e1t \u0111\u1ea1t \u0111\u01b0\u1ee3c \u0111\u1ed9 ch\u00ednh x\u00e1c theo ph\u01b0\u01a1ng th\u1eb3ng \u0111\u1ee9ng \u1ed5n \u0111\u1ecbnh ngay c\u1ea3 trong \u0111i\u1ec1u ki\u1ec7n hi\u1ec7n tr\u01b0\u1eddng kh\u1eafc nghi\u1ec7t.<\/p>\n<p><img fetchpriority=\"high\" decoding=\"async\" class=\"aligncenter wp-image-5490\" src=\"https:\/\/mountlaser.com\/wp-content\/uploads\/2025\/12\/GLI1156.webp\" alt=\"GLI115 Bubble for Prism\" width=\"500\" height=\"500\" srcset=\"https:\/\/mountlaser.com\/wp-content\/uploads\/2025\/12\/GLI1156.webp 1000w, https:\/\/mountlaser.com\/wp-content\/uploads\/2025\/12\/GLI1156-300x300.webp 300w, https:\/\/mountlaser.com\/wp-content\/uploads\/2025\/12\/GLI1156-150x150.webp 150w, https:\/\/mountlaser.com\/wp-content\/uploads\/2025\/12\/GLI1156-768x768.webp 768w, https:\/\/mountlaser.com\/wp-content\/uploads\/2025\/12\/GLI1156-12x12.webp 12w, https:\/\/mountlaser.com\/wp-content\/uploads\/2025\/12\/GLI1156-600x600.webp 600w, https:\/\/mountlaser.com\/wp-content\/uploads\/2025\/12\/GLI1156-800x800.webp 800w, https:\/\/mountlaser.com\/wp-content\/uploads\/2025\/12\/GLI1156-400x400.webp 400w\" sizes=\"(max-width: 500px) 100vw, 500px\" \/><\/p>\n<p>C\u00e1i <a href=\"https:\/\/mountlaser.com\/vi\/contact-us\/\">GLI115 Bong b\u00f3ng cho Prism<\/a> \u0110\u00e2y l\u00e0 s\u1ef1 l\u1ef1a ch\u1ecdn l\u00fd t\u01b0\u1edfng cho c\u00e1c k\u1ef9 thu\u1eadt vi\u00ean c\u1ea7n hi\u1ec7u su\u1ea5t san l\u1ea5p m\u1eb7t b\u1eb1ng \u0111\u00e1ng tin c\u1eady, s\u1eb5n s\u00e0ng s\u1eed d\u1ee5ng t\u1ea1i hi\u1ec7n tr\u01b0\u1eddng v\u1edbi thi\u1ebft k\u1ebf nh\u1ecf g\u1ecdn v\u00e0 hi\u1ec7u qu\u1ea3.<\/p>","protected":false},"excerpt":{"rendered":"<ul>\n<li>Thi\u1ebft k\u1ebf d\u1ea1ng k\u1eb9p \u2013 V\u1ecf nh\u1ef1a h\u00ecnh c\u1ea7u d\u00e0nh cho c\u1ed9t ph\u1ea3n x\u1ea1 mini \u0111\u01b0\u1ee3c g\u1eafn ch\u1eafc ch\u1eafn ch\u1ec9 trong v\u00e0i gi\u00e2y \u0111\u1ec3 thi\u1ebft l\u1eadp nhanh ch\u00f3ng.<\/li>\n<li>\u1ed0ng th\u1ee7y tinh trong su\u1ed1t \u2013 \u0110\u1ea3m b\u1ea3o vi\u1ec7c c\u00e2n b\u1eb1ng r\u00f5 r\u00e0ng v\u00e0 ch\u00ednh x\u00e1c trong qu\u00e1 tr\u00ecnh kh\u1ea3o s\u00e1t.<\/li>\n<li>Ch\u1ea5t li\u1ec7u nh\u1ef1a b\u1ec1n b\u1ec9 theo phong c\u00e1ch Th\u1ee5y S\u0129 \u2013 \u0110\u01b0\u1ee3c ch\u1ebf t\u1ea1o \u0111\u1ec3 ch\u1ecbu \u0111\u01b0\u1ee3c c\u00e1c \u0111i\u1ec1u ki\u1ec7n m\u00f4i tr\u01b0\u1eddng ngo\u00e0i tr\u1eddi kh\u1eafc nghi\u1ec7t, \u0111\u1ea3m b\u1ea3o tu\u1ed5i th\u1ecd s\u1eed d\u1ee5ng l\u00e2u d\u00e0i.<\/li>\n<li>Thi\u1ebft k\u1ebf nh\u1eb9 v\u00e0 nh\u1ecf g\u1ecdn gi\u00fap gi\u1ea3m thi\u1ec3u t\u1ea3i tr\u1ecdng l\u00ean c\u1ed9t.<\/li>\n<li>Hi\u1ec7u n\u0103ng \u1ed5n \u0111\u1ecbnh v\u00e0 \u0111\u00e1ng tin c\u1eady cho vi\u1ec7c c\u0103n ch\u1ec9nh th\u1eb3ng \u0111\u1ee9ng ch\u00ednh x\u00e1c.<\/li>\n<li>T\u01b0\u01a1ng th\u00edch v\u1edbi h\u1ea7u h\u1ebft c\u00e1c lo\u1ea1i c\u1ed9t ph\u1ea3n quang mini.<\/li>\n<\/ul>","protected":false},"featured_media":5485,"comment_status":"open","ping_status":"closed","template":"","meta":[],"product_brand":[],"product_cat":[79,153],"product_tag":[],"class_list":{"0":"post-5477","1":"product","2":"type-product","3":"status-publish","4":"has-post-thumbnail","6":"product_cat-surveying-accessory","7":"product_cat-bubble-for-tribrach-carrier-prism","9":"first","10":"instock","11":"shipping-taxable","12":"product-type-simple"},"_links":{"self":[{"href":"https:\/\/mountlaser.com\/vi\/wp-json\/wp\/v2\/product\/5477","targetHints":{"allow":["GET"]}}],"collection":[{"href":"https:\/\/mountlaser.com\/vi\/wp-json\/wp\/v2\/product"}],"about":[{"href":"https:\/\/mountlaser.com\/vi\/wp-json\/wp\/v2\/types\/product"}],"replies":[{"embeddable":true,"href":"https:\/\/mountlaser.com\/vi\/wp-json\/wp\/v2\/comments?post=5477"}],"wp:featuredmedia":[{"embeddable":true,"href":"https:\/\/mountlaser.com\/vi\/wp-json\/wp\/v2\/media\/5485"}],"wp:attachment":[{"href":"https:\/\/mountlaser.com\/vi\/wp-json\/wp\/v2\/media?parent=5477"}],"wp:term":[{"taxonomy":"product_brand","embeddable":true,"href":"https:\/\/mountlaser.com\/vi\/wp-json\/wp\/v2\/product_brand?post=5477"},{"taxonomy":"product_cat","embeddable":true,"href":"https:\/\/mountlaser.com\/vi\/wp-json\/wp\/v2\/product_cat?post=5477"},{"taxonomy":"product_tag","embeddable":true,"href":"https:\/\/mountlaser.com\/vi\/wp-json\/wp\/v2\/product_tag?post=5477"}],"curies":[{"name":"trang web","href":"https:\/\/api.w.org\/{rel}","templated":true}]}}