{"id":5470,"date":"2025-12-05T08:22:48","date_gmt":"2025-12-05T08:22:48","guid":{"rendered":"https:\/\/mountlaser.com\/?post_type=product&#038;p=5470"},"modified":"2025-12-05T08:22:48","modified_gmt":"2025-12-05T08:22:48","slug":"bl12-bubble-level-for-tribrach","status":"publish","type":"product","link":"https:\/\/mountlaser.com\/vi\/san-pham\/bl12-bubble-level-for-tribrach\/","title":{"rendered":"Th\u01b0\u1edbc th\u1ee7y BL12 d\u00e0nh cho ch\u00e2n \u0111\u1ebf ba ch\u00e2n"},"content":{"rendered":"<p>C\u00e1i <a href=\"https:\/\/mountlaser.com\/vi\/\"><strong>Th\u01b0\u1edbc th\u1ee7y BL12 d\u00e0nh cho ch\u00e2n \u0111\u1ebf ba ch\u00e2n<\/strong><\/a> BL12 l\u00e0 m\u1ed9t \u1ed1ng th\u1ee7y chu\u1ea9n d\u00e0i \u0111\u01b0\u1ee3c thi\u1ebft k\u1ebf ch\u00ednh x\u00e1c nh\u1eb1m \u0111\u1ea3m b\u1ea3o vi\u1ec7c c\u00e2n b\u1eb1ng ch\u00ednh x\u00e1c c\u00e1c d\u1ee5ng c\u1ee5 kh\u1ea3o s\u00e1t trong m\u00f4i tr\u01b0\u1eddng hi\u1ec7n tr\u01b0\u1eddng kh\u1eafc nghi\u1ec7t. \u0110\u01b0\u1ee3c ch\u1ebf t\u1ea1o \u0111\u1ec3 \u0111\u00e1ng tin c\u1eady, th\u01b0\u1edbc th\u1ee7y BL12 d\u00e0nh cho ch\u00e2n m\u00e1y cung c\u1ea5p cho ng\u01b0\u1eddi kh\u1ea3o s\u00e1t hi\u1ec7u su\u1ea5t \u1ed5n \u0111\u1ecbnh v\u00e0 kh\u1ea3 n\u0103ng c\u0103n ch\u1ec9nh tr\u1ef1c quan nhanh ch\u00f3ng, tr\u1edf th\u00e0nh m\u1ed9t th\u00e0nh ph\u1ea7n thi\u1ebft y\u1ebfu cho c\u00e1c b\u1ed9 chuy\u1ec3n \u0111\u1ed5i ch\u00e2n m\u00e1y v\u00e0 c\u00e1c thi\u1ebft l\u1eadp quang h\u1ecdc chuy\u00ean nghi\u1ec7p. <a href=\"https:\/\/mountlaser.com\/vi\/about-us\/\"><strong>Th\u01b0\u1edbc th\u1ee7y bong b\u00f3ng d\u00e0i m\u00e0u v\u00e0ng d\u00f9ng cho ch\u00e2n \u0111\u1ebf ba ch\u00e2n<\/strong><\/a>, N\u00f3 cung c\u1ea5p m\u1ed9t b\u1ec1 m\u1eb7t quan s\u00e1t m\u1edf r\u1ed9ng, gi\u00fap t\u0103ng c\u01b0\u1eddng \u0111\u1ed9 nh\u1ea1y v\u00e0 c\u1ea3i thi\u1ec7n \u0111\u1ed9 ch\u00ednh x\u00e1c khi c\u00e2n b\u1eb1ng trong qu\u00e1 tr\u00ecnh thi\u1ebft l\u1eadp thi\u1ebft b\u1ecb.<\/p>\n<p><img fetchpriority=\"high\" decoding=\"async\" class=\"aligncenter wp-image-5473\" src=\"https:\/\/mountlaser.com\/wp-content\/uploads\/2025\/12\/BL12YL3.webp\" alt=\"BL12 Bubble Level for tribrach\" width=\"500\" height=\"500\" srcset=\"https:\/\/mountlaser.com\/wp-content\/uploads\/2025\/12\/BL12YL3.webp 1000w, https:\/\/mountlaser.com\/wp-content\/uploads\/2025\/12\/BL12YL3-300x300.webp 300w, https:\/\/mountlaser.com\/wp-content\/uploads\/2025\/12\/BL12YL3-150x150.webp 150w, https:\/\/mountlaser.com\/wp-content\/uploads\/2025\/12\/BL12YL3-768x768.webp 768w, https:\/\/mountlaser.com\/wp-content\/uploads\/2025\/12\/BL12YL3-12x12.webp 12w, https:\/\/mountlaser.com\/wp-content\/uploads\/2025\/12\/BL12YL3-600x600.webp 600w, https:\/\/mountlaser.com\/wp-content\/uploads\/2025\/12\/BL12YL3-800x800.webp 800w, https:\/\/mountlaser.com\/wp-content\/uploads\/2025\/12\/BL12YL3-400x400.webp 400w\" sizes=\"(max-width: 500px) 100vw, 500px\" \/><\/p>\n<p>\u0110\u01b0\u1ee3c ch\u1ebf t\u1ea1o t\u1eeb v\u1eadt li\u1ec7u ch\u1ea5t l\u01b0\u1ee3ng cao v\u00e0 c\u00f3 \u0111\u1ed9 cong t\u1ed1i \u01b0u, th\u01b0\u1edbc th\u1ee7y d\u00e0i BL12 d\u00e0nh cho ch\u00e2n \u0111\u1ebf ba ch\u00e2n mang l\u1ea1i \u0111\u1ed9 b\u1ec1n v\u01b0\u1ee3t tr\u1ed9i v\u00e0 ph\u1ea3n h\u1ed3i \u0111o l\u01b0\u1eddng nh\u1ea5t qu\u00e1n. Cho d\u00f9 \u0111\u01b0\u1ee3c s\u1eed d\u1ee5ng v\u1edbi m\u00e1y to\u00e0n \u0111\u1ea1c, l\u0103ng k\u00ednh hay ph\u1ee5 ki\u1ec7n GNSS, th\u01b0\u1edbc th\u1ee7y BL12 d\u00e0nh cho ch\u00e2n \u0111\u1ebf ba ch\u00e2n \u0111\u1ea3m b\u1ea3o thi\u1ebft b\u1ecb \u0111\u01b0\u1ee3c c\u0103n ch\u1ec9nh ho\u00e0n h\u1ea3o \u0111\u1ec3 thu th\u1eadp d\u1eef li\u1ec7u ch\u00ednh x\u00e1c.<\/p>","protected":false},"excerpt":{"rendered":"<ul>\n<li>Th\u01b0\u1edbc th\u1ee7y d\u00e0i v\u1edbi thi\u1ebft k\u1ebf ch\u00e2n \u0111\u1ebf ba ch\u00e2n \u0111\u1ea3m b\u1ea3o \u0111\u1ed9 ch\u00ednh x\u00e1c cao trong vi\u1ec7c c\u00e2n b\u1eb1ng v\u00e0 c\u0103n ch\u1ec9nh \u1ed5n \u0111\u1ecbnh cho c\u00e1c d\u1ee5ng c\u1ee5 \u0111o \u0111\u1ea1c.<\/li>\n<li>V\u1ecf m\u00e0u v\u00e0ng b\u1ec1n ch\u1eafc gi\u00fap t\u0103ng kh\u1ea3 n\u0103ng nh\u1eadn di\u1ec7n v\u00e0 cung c\u1ea5p th\u00eam l\u1edbp b\u1ea3o v\u1ec7 trong qu\u00e1 tr\u00ecnh s\u1eed d\u1ee5ng ngo\u00e0i tr\u1eddi.<\/li>\n<li>T\u01b0\u01a1ng th\u00edch v\u1edbi c\u00e1c b\u1ed9 chuy\u1ec3n \u0111\u1ed5i ch\u00e2n \u0111\u1ebf ba ch\u00e2n, th\u01b0\u1edbc th\u1ee7y BL12 d\u00e0nh cho ch\u00e2n \u0111\u1ebf ba ch\u00e2n l\u00e0 m\u1ed9t b\u1ed9 ph\u1eadn thay th\u1ebf ho\u1eb7c n\u00e2ng c\u1ea5p \u0111a n\u0103ng.<\/li>\n<\/ul>","protected":false},"featured_media":5471,"comment_status":"open","ping_status":"closed","template":"","meta":[],"product_brand":[],"product_cat":[79,153],"product_tag":[],"class_list":{"0":"post-5470","1":"product","2":"type-product","3":"status-publish","4":"has-post-thumbnail","6":"product_cat-surveying-accessory","7":"product_cat-bubble-for-tribrach-carrier-prism","9":"first","10":"instock","11":"shipping-taxable","12":"product-type-simple"},"_links":{"self":[{"href":"https:\/\/mountlaser.com\/vi\/wp-json\/wp\/v2\/product\/5470","targetHints":{"allow":["GET"]}}],"collection":[{"href":"https:\/\/mountlaser.com\/vi\/wp-json\/wp\/v2\/product"}],"about":[{"href":"https:\/\/mountlaser.com\/vi\/wp-json\/wp\/v2\/types\/product"}],"replies":[{"embeddable":true,"href":"https:\/\/mountlaser.com\/vi\/wp-json\/wp\/v2\/comments?post=5470"}],"wp:featuredmedia":[{"embeddable":true,"href":"https:\/\/mountlaser.com\/vi\/wp-json\/wp\/v2\/media\/5471"}],"wp:attachment":[{"href":"https:\/\/mountlaser.com\/vi\/wp-json\/wp\/v2\/media?parent=5470"}],"wp:term":[{"taxonomy":"product_brand","embeddable":true,"href":"https:\/\/mountlaser.com\/vi\/wp-json\/wp\/v2\/product_brand?post=5470"},{"taxonomy":"product_cat","embeddable":true,"href":"https:\/\/mountlaser.com\/vi\/wp-json\/wp\/v2\/product_cat?post=5470"},{"taxonomy":"product_tag","embeddable":true,"href":"https:\/\/mountlaser.com\/vi\/wp-json\/wp\/v2\/product_tag?post=5470"}],"curies":[{"name":"trang web","href":"https:\/\/api.w.org\/{rel}","templated":true}]}}