{"id":547,"date":"2024-03-28T08:16:41","date_gmt":"2024-03-28T08:16:41","guid":{"rendered":"https:\/\/startersites.io\/blocksy\/pottery\/?post_type=product&#038;p=547"},"modified":"2025-12-01T02:06:00","modified_gmt":"2025-12-01T02:06:00","slug":"ma-h32-auto-level","status":"publish","type":"product","link":"https:\/\/mountlaser.com\/vi\/san-pham\/ma-h32-auto-level\/","title":{"rendered":"MA-H32 T\u1ef1 \u0111\u1ed9ng c\u00e2n b\u1eb1ng"},"content":{"rendered":"<p>C\u00e1i <a href=\"https:\/\/mountlaser.com\/vi\/\"><strong>MA-H32\/H36 T\u1ef1 \u0111\u1ed9ng c\u00e2n b\u1eb1ng<\/strong><\/a> Mountlaser \u0111\u00e3 thi\u1ebft l\u1eadp m\u1ed9t ti\u00eau chu\u1ea9n m\u1edbi cho... <a href=\"https:\/\/mountlaser.com\/vi\/danh-muc-san-pham\/surveying-instrument\/automatic-level\/\"><strong>kh\u1ea3o s\u00e1t b\u1eb1ng m\u00e1y \u0111o \u0111\u1ed9 cao t\u1ef1 \u0111\u1ed9ng ch\u1ea5t l\u01b0\u1ee3ng cao<\/strong><\/a>, Mang l\u1ea1i \u0111\u1ed9 ch\u00ednh x\u00e1c v\u00e0 \u0111\u1ed9 tin c\u1eady v\u01b0\u1ee3t tr\u1ed9i cho c\u00e1c nh\u00e0 kh\u1ea3o s\u00e1t \u0111\u1ecba h\u00ecnh chuy\u00ean nghi\u1ec7p v\u00e0 k\u1ef9 s\u01b0 x\u00e2y d\u1ef1ng. \u0110\u01b0\u1ee3c thi\u1ebft k\u1ebf v\u1edbi b\u1ed9 b\u00f9 gi\u1ea3m ch\u1ea5n kh\u00ed ti\u00ean ti\u1ebfn, c\u00e1c thi\u1ebft b\u1ecb n\u00e0y \u0111\u1ea3m b\u1ea3o \u0111\u1ed9 ch\u00ednh x\u00e1c \u0111\u1eb7c bi\u1ec7t v\u1edbi \u0111\u1ed9 l\u1ec7ch chu\u1ea9n ch\u1ec9 1,0 mm tr\u00ean m\u1ed7i kil\u00f4m\u00e9t \u0111o hai chi\u1ec1u.<\/p>\n<p>\u1ed0ng nh\u00f2m MA-H32 c\u00f3 \u0111\u1ed9 ph\u00f3ng \u0111\u1ea1i 32x, trong khi MA-H36 cung c\u1ea5p \u0111\u1ed9 ph\u00f3ng \u0111\u1ea1i n\u00e2ng cao 36x\u2014c\u1ea3 hai \u0111\u1ec1u c\u00f3 k\u00ednh vi\u1ec5n v\u1ecdng ch\u1ee5p \u1ea3nh th\u1eb3ng \u0111\u1ee9ng cho h\u00ecnh \u1ea3nh r\u00f5 n\u00e9t, \u0111\u00fang chi\u1ec1u. V\u1ecf m\u00e1y ch\u1eafc ch\u1eafn \u0111\u1ea1t chu\u1ea9n IP54 c\u00f3 kh\u1ea3 n\u0103ng ch\u1ed1ng n\u01b0\u1edbc v\u00e0 b\u1ee5i, l\u00fd t\u01b0\u1edfng cho m\u00f4i tr\u01b0\u1eddng ngo\u00e0i tr\u1eddi kh\u1eafc nghi\u1ec7t.<\/p>\n<p>M\u1eb7c d\u00f9 s\u1edf h\u1eefu nh\u1eefng t\u00ednh n\u0103ng ti\u00ean ti\u1ebfn, gi\u00e1 th\u00e0nh c\u1ee7a m\u00e1y th\u1ee7y b\u00ecnh t\u1ef1 \u0111\u1ed9ng v\u1eabn r\u1ea5t c\u1ea1nh tranh, mang l\u1ea1i gi\u00e1 tr\u1ecb v\u01b0\u1ee3t tr\u1ed9i m\u00e0 kh\u00f4ng \u1ea3nh h\u01b0\u1edfng \u0111\u1ebfn hi\u1ec7u su\u1ea5t. Cho d\u00f9 \u0111\u01b0\u1ee3c s\u1eed d\u1ee5ng cho kh\u1ea3o s\u00e1t \u0111\u1ecba h\u00ecnh, b\u1ed1 tr\u00ed c\u00f4ng tr\u00ecnh hay c\u00e1c nhi\u1ec7m v\u1ee5 san l\u1ea5p m\u1eb7t b\u1eb1ng trong k\u1ef9 thu\u1eadt, m\u00e1y th\u1ee7y b\u00ecnh t\u1ef1 \u0111\u1ed9ng MA-H32\/H36 \u0111\u1ec1u th\u1ec3 hi\u1ec7n ti\u00eau chu\u1ea9n ch\u1ea5t l\u01b0\u1ee3ng cao c\u1ee7a m\u00e1y th\u1ee7y b\u00ecnh t\u1ef1 \u0111\u1ed9ng \u2013 b\u1ec1n b\u1ec9, ch\u00ednh x\u00e1c v\u00e0 th\u00e2n thi\u1ec7n v\u1edbi ng\u01b0\u1eddi d\u00f9ng. Khi x\u00e9t c\u1ea3 \u0111\u1ed9 ch\u00ednh x\u00e1c v\u00e0 gi\u00e1 c\u1ea3 c\u1ee7a m\u00e1y th\u1ee7y b\u00ecnh t\u1ef1 \u0111\u1ed9ng, c\u00e1c m\u1eabu m\u00e1y n\u00e0y n\u1ed5i b\u1eadt nh\u01b0 nh\u1eefng gi\u1ea3i ph\u00e1p ti\u1ebft ki\u1ec7m chi ph\u00ed cho c\u00e1c chuy\u00ean gia c\u1ea7n k\u1ebft qu\u1ea3 \u0111\u00e1ng tin c\u1eady trong m\u1ecdi c\u00f4ng vi\u1ec7c.<\/p>\n<p>&nbsp;<\/p>\n<p><img fetchpriority=\"high\" decoding=\"async\" class=\"aligncenter wp-image-1890\" src=\"https:\/\/mountlaser.com\/wp-content\/uploads\/2024\/03\/MA-H325.webp\" alt=\"high quality auto level surveying\" width=\"500\" height=\"500\" srcset=\"https:\/\/mountlaser.com\/wp-content\/uploads\/2024\/03\/MA-H325.webp 1000w, https:\/\/mountlaser.com\/wp-content\/uploads\/2024\/03\/MA-H325-300x300.webp 300w, https:\/\/mountlaser.com\/wp-content\/uploads\/2024\/03\/MA-H325-400x400.webp 400w, https:\/\/mountlaser.com\/wp-content\/uploads\/2024\/03\/MA-H325-800x800.webp 800w, https:\/\/mountlaser.com\/wp-content\/uploads\/2024\/03\/MA-H325-600x600.webp 600w, https:\/\/mountlaser.com\/wp-content\/uploads\/2024\/03\/MA-H325-150x150.webp 150w, https:\/\/mountlaser.com\/wp-content\/uploads\/2024\/03\/MA-H325-768x768.webp 768w, https:\/\/mountlaser.com\/wp-content\/uploads\/2024\/03\/MA-H325-12x12.webp 12w\" sizes=\"(max-width: 500px) 100vw, 500px\" \/><\/p>\n<p><strong><a href=\"https:\/\/mountlaser.com\/vi\/about-us\/\">T\u1ef1 \u0111\u1ed9ng c\u00e2n b\u1eb1ng<\/a> Th\u00f4ng s\u1ed1 k\u1ef9 thu\u1eadt<\/strong><\/p>\n<table style=\"border-collapse: collapse; width: 555.02pt;\" border=\"0\" width=\"740\" cellspacing=\"0\" cellpadding=\"0\">\n<tbody>\n<tr style=\"height: 14.25pt;\">\n<td class=\"et2\" style=\"height: 14.25pt; width: 242.25pt;\" width=\"323\" height=\"19\">M\u00e3 s\u1ed1 s\u1ea3n ph\u1ea9m.<\/td>\n<td class=\"et2\" style=\"width: 146.25pt;\" width=\"195\">MA-H32<\/td>\n<td class=\"et3\" style=\"width: 166.50pt;\" width=\"222\">MA-H36<\/td>\n<\/tr>\n<tr style=\"height: 14.25pt;\">\n<td class=\"et4\" style=\"height: 14.25pt;\" height=\"19\">Kho\u1ea3ng c\u00e1ch l\u00e0m vi\u1ec7c<\/td>\n<td class=\"et5\" colspan=\"2\">50m<\/td>\n<\/tr>\n<tr style=\"height: 14.25pt;\">\n<td class=\"et4\" style=\"height: 14.25pt;\" height=\"19\">\u0110\u1ed9 l\u1ec7ch chu\u1ea9n cho c\u1ef1 ly ch\u1ea1y \u0111\u00f4i 1km<\/td>\n<td class=\"et5\" colspan=\"2\">1.0mm<\/td>\n<\/tr>\n<tr style=\"height: 14.25pt;\">\n<td class=\"et4\" style=\"height: 14.25pt;\" height=\"19\">\u0110\u1ed9 ph\u00f3ng \u0111\u1ea1i c\u1ee7a k\u00ednh thi\u00ean v\u0103n<\/td>\n<td class=\"et4\">32X<\/td>\n<td class=\"et7\">36X<\/td>\n<\/tr>\n<tr style=\"height: 14.25pt;\">\n<td class=\"et4\" style=\"height: 14.25pt;\" height=\"19\">H\u00ecnh \u1ea3nh k\u00ednh thi\u00ean v\u0103n<\/td>\n<td class=\"et5\" colspan=\"2\">D\u1ef1ng l\u00ean<\/td>\n<\/tr>\n<tr style=\"height: 14.25pt;\">\n<td class=\"et4\" style=\"height: 14.25pt;\" height=\"19\">Kho\u1ea3ng c\u00e1ch ng\u1eafm ng\u1eafn nh\u1ea5t<\/td>\n<td class=\"et5\" colspan=\"2\">0,5m<\/td>\n<\/tr>\n<tr style=\"height: 14.25pt;\">\n<td class=\"et4\" style=\"height: 14.25pt;\" height=\"19\">Sai s\u1ed1 kho\u1ea3ng c\u00e1ch quan s\u00e1t<\/td>\n<td class=\"et5\" colspan=\"2\">\u2264\u00b10,5%<\/td>\n<\/tr>\n<tr style=\"height: 14.25pt;\">\n<td class=\"et4\" style=\"height: 14.25pt;\" height=\"19\">K\u00edch th\u01b0\u1edbc kh\u1ea9u \u0111\u1ed9 hi\u1ec7u d\u1ee5ng c\u1ee7a th\u1ea5u k\u00ednh v\u1eadt k\u00ednh<\/td>\n<td class=\"et5\" colspan=\"2\">40mm<\/td>\n<\/tr>\n<tr style=\"height: 14.25pt;\">\n<td class=\"et4\" style=\"height: 14.25pt;\" height=\"19\">L\u1ed7i l\u1ea5y n\u00e9t<\/td>\n<td class=\"et5\" colspan=\"2\">\u22641,0mm<\/td>\n<\/tr>\n<tr style=\"height: 14.25pt;\">\n<td class=\"et4\" style=\"height: 14.25pt;\" height=\"19\">Lo\u1ea1i b\u00f9 tr\u1eeb<\/td>\n<td class=\"et5\" colspan=\"2\">Gi\u1ea3m ch\u1ea5n b\u1eb1ng kh\u00f4ng kh\u00ed<\/td>\n<\/tr>\n<tr style=\"height: 14.25pt;\">\n<td class=\"et4\" style=\"height: 14.25pt;\" height=\"19\">Sai s\u1ed1 b\u00f9 tr\u1eeb<\/td>\n<td class=\"et5\" colspan=\"2\">&lt;0,5\u2032<\/td>\n<\/tr>\n<tr style=\"height: 14.25pt;\">\n<td class=\"et4\" style=\"height: 14.25pt;\" height=\"19\">T\u00e2m ng\u1eafm<\/td>\n<td class=\"et5\" colspan=\"2\">H\u00ecnh n\u00eam<\/td>\n<\/tr>\n<tr style=\"height: 14.25pt;\">\n<td class=\"et4\" style=\"height: 14.25pt;\" height=\"19\">\u0110\u1ed9 ch\u00ednh x\u00e1c c\u00e0i \u0111\u1eb7t<\/td>\n<td class=\"et5\" colspan=\"2\">\u00b10,4%<\/td>\n<\/tr>\n<tr style=\"height: 14.25pt;\">\n<td class=\"et4\" style=\"height: 14.25pt;\" height=\"19\">Ch\u1ed1ng n\u01b0\u1edbc v\u00e0 b\u1ee5i<\/td>\n<td class=\"et5\" colspan=\"2\">IP54<\/td>\n<\/tr>\n<tr style=\"height: 14.25pt;\">\n<td class=\"et4\" style=\"height: 14.25pt;\" height=\"19\">G\u1eedi ph\u1ee5 ki\u1ec7n<\/td>\n<td class=\"et5\" colspan=\"2\">Qu\u1ea3 c\u00e2n th\u1eb3ng \u0111\u1ee9ng, lo\u1ea1i \u0111i\u1ec1u ch\u1ec9nh b\u1eb1ng tay, c\u00f3 ch\u1ed1t \u0111i\u1ec1u ch\u1ec9nh, h\u1ed9p nh\u1ef1a.<\/td>\n<\/tr>\n<tr style=\"height: 14.25pt;\">\n<td class=\"et8\" style=\"height: 14.25pt;\" height=\"19\">Tr\u1ecdng l\u01b0\u1ee3ng t\u1ecbnh<\/td>\n<td class=\"et9\" colspan=\"2\">1,55kg<\/td>\n<\/tr>\n<\/tbody>\n<\/table>","protected":false},"excerpt":{"rendered":"<ul>\n<li>\u0110\u1ed9 ph\u00f3ng \u0111\u1ea1i linh ho\u1ea1t: Ch\u1ecdn k\u00ednh vi\u1ec5n v\u1ecdng th\u1eb3ng \u0111\u1ee9ng 32x (MA-H32) ho\u1eb7c 36x (MA-H36) \u0111\u1ec3 c\u00f3 h\u00ecnh \u1ea3nh s\u1eafc n\u00e9t, \u0111\u00fang chi\u1ec1u.<\/li>\n<li>B\u00f9 tr\u1eeb t\u1ef1 \u0111\u1ed9ng: B\u1ed9 b\u00f9 gi\u1ea3m ch\u1ea5n kh\u00f4ng kh\u00ed v\u1edbi sai s\u1ed1 &lt;0,5\u2032 gi\u00fap thi\u1ebft l\u1eadp nhanh ch\u00f3ng v\u00e0 \u1ed5n \u0111\u1ecbnh.<\/li>\n<li>D\u1ec5 s\u1eed d\u1ee5ng: Bao g\u1ed3m d\u00e2y d\u1ecdi, s\u00e1ch h\u01b0\u1edbng d\u1eabn, ch\u1ed1t \u0111i\u1ec1u ch\u1ec9nh v\u00e0 h\u1ed9p nh\u1ef1a ti\u1ec7n d\u1ee5ng khi s\u1eed d\u1ee5ng ngo\u00e0i tr\u1eddi.<\/li>\n<\/ul>","protected":false},"featured_media":1887,"comment_status":"open","ping_status":"closed","template":"","meta":[],"product_brand":[],"product_cat":[15,140],"product_tag":[],"class_list":{"0":"post-547","1":"product","2":"type-product","3":"status-publish","4":"has-post-thumbnail","6":"product_cat-surveying-instrument","7":"product_cat-automatic-level","9":"first","10":"instock","11":"shipping-taxable","12":"product-type-simple"},"_links":{"self":[{"href":"https:\/\/mountlaser.com\/vi\/wp-json\/wp\/v2\/product\/547","targetHints":{"allow":["GET"]}}],"collection":[{"href":"https:\/\/mountlaser.com\/vi\/wp-json\/wp\/v2\/product"}],"about":[{"href":"https:\/\/mountlaser.com\/vi\/wp-json\/wp\/v2\/types\/product"}],"replies":[{"embeddable":true,"href":"https:\/\/mountlaser.com\/vi\/wp-json\/wp\/v2\/comments?post=547"}],"wp:featuredmedia":[{"embeddable":true,"href":"https:\/\/mountlaser.com\/vi\/wp-json\/wp\/v2\/media\/1887"}],"wp:attachment":[{"href":"https:\/\/mountlaser.com\/vi\/wp-json\/wp\/v2\/media?parent=547"}],"wp:term":[{"taxonomy":"product_brand","embeddable":true,"href":"https:\/\/mountlaser.com\/vi\/wp-json\/wp\/v2\/product_brand?post=547"},{"taxonomy":"product_cat","embeddable":true,"href":"https:\/\/mountlaser.com\/vi\/wp-json\/wp\/v2\/product_cat?post=547"},{"taxonomy":"product_tag","embeddable":true,"href":"https:\/\/mountlaser.com\/vi\/wp-json\/wp\/v2\/product_tag?post=547"}],"curies":[{"name":"trang web","href":"https:\/\/api.w.org\/{rel}","templated":true}]}}