{"id":5462,"date":"2025-12-05T08:00:49","date_gmt":"2025-12-05T08:00:49","guid":{"rendered":"https:\/\/mountlaser.com\/?post_type=product&#038;p=5462"},"modified":"2025-12-05T08:00:49","modified_gmt":"2025-12-05T08:00:49","slug":"bl11-bubble-for-tribrach","status":"publish","type":"product","link":"https:\/\/mountlaser.com\/vi\/san-pham\/bl11-bubble-for-tribrach\/","title":{"rendered":"BL11 Bong b\u00f3ng cho ch\u00e2n \u0111\u1ebf ba ch\u00e2n"},"content":{"rendered":"<p>C\u00e1i <a href=\"https:\/\/mountlaser.com\/vi\/\"><strong data-start=\"175\" data-end=\"203\">BL11 Bong b\u00f3ng cho ch\u00e2n \u0111\u1ebf ba ch\u00e2n<\/strong><\/a> BL11 Bubble l\u00e0 m\u1ed9t th\u01b0\u1edbc th\u1ee7y tr\u00f2n \u0111\u01b0\u1ee3c thi\u1ebft k\u1ebf ch\u00ednh x\u00e1c nh\u1eb1m \u0111\u1ea3m b\u1ea3o s\u1ef1 c\u0103n ch\u1ec9nh d\u1ee5ng c\u1ee5 ch\u00ednh x\u00e1c trong c\u00e1c \u1ee9ng d\u1ee5ng kh\u1ea3o s\u00e1t chuy\u00ean nghi\u1ec7p. \u1ed0ng th\u1ee7y ch\u1ea5t l\u01b0\u1ee3ng cao n\u00e0y cung c\u1ea5p hi\u1ec7u su\u1ea5t c\u00e2n b\u1eb1ng r\u00f5 r\u00e0ng, \u0111\u00e1ng tin c\u1eady, tr\u1edf th\u00e0nh m\u1ed9t b\u1ed9 ph\u1eadn thay th\u1ebf l\u00fd t\u01b0\u1edfng cho c\u00e1c h\u1ec7 th\u1ed1ng ch\u00e2n \u0111\u1ebf ba ch\u00e2n v\u00e0 h\u1ec7 th\u1ed1ng l\u0103ng k\u00ednh. BL11 Bubble d\u00e0nh cho ch\u00e2n \u0111\u1ebf ba ch\u00e2n c\u00f3 m\u1ed9t vi\u00ean nang ch\u1ea5t l\u1ecfng b\u1ec1n, d\u1ec5 nh\u00ecn, cho ph\u00e9p ng\u01b0\u1eddi kh\u1ea3o s\u00e1t thi\u1ebft l\u1eadp nhanh ch\u00f3ng v\u00e0 nh\u1ea5t qu\u00e1n t\u1ea1i hi\u1ec7n tr\u01b0\u1eddng. \u0110\u01b0\u1ee3c thi\u1ebft k\u1ebf \u0111\u1ec3 t\u01b0\u01a1ng th\u00edch v\u1edbi nhi\u1ec1u lo\u1ea1i ph\u1ee5 ki\u1ec7n quang h\u1ecdc v\u00e0 GNSS, n\u00f3 c\u0169ng ho\u1ea1t \u0111\u1ed9ng li\u1ec1n m\u1ea1ch nh\u01b0 m\u1ed9t... <a href=\"https:\/\/mountlaser.com\/vi\/products\/\"><strong data-start=\"745\" data-end=\"771\">Bong b\u00f3ng tr\u00f2n cho l\u0103ng k\u00ednh<\/strong><\/a>, Cung c\u1ea5p kh\u1ea3 n\u0103ng c\u00e2n b\u1eb1ng \u1ed5n \u0111\u1ecbnh cho l\u0103ng k\u00ednh v\u00e0 c\u00e1c thi\u1ebft b\u1ecb g\u1eafn k\u1ebft kh\u00e1c.<\/p>\n<p><img fetchpriority=\"high\" decoding=\"async\" class=\"aligncenter wp-image-5466\" src=\"https:\/\/mountlaser.com\/wp-content\/uploads\/2025\/12\/BL104.webp\" alt=\"BL11 Bubble for tribrach\" width=\"500\" height=\"500\" srcset=\"https:\/\/mountlaser.com\/wp-content\/uploads\/2025\/12\/BL104.webp 1000w, https:\/\/mountlaser.com\/wp-content\/uploads\/2025\/12\/BL104-300x300.webp 300w, https:\/\/mountlaser.com\/wp-content\/uploads\/2025\/12\/BL104-150x150.webp 150w, https:\/\/mountlaser.com\/wp-content\/uploads\/2025\/12\/BL104-768x768.webp 768w, https:\/\/mountlaser.com\/wp-content\/uploads\/2025\/12\/BL104-12x12.webp 12w, https:\/\/mountlaser.com\/wp-content\/uploads\/2025\/12\/BL104-600x600.webp 600w, https:\/\/mountlaser.com\/wp-content\/uploads\/2025\/12\/BL104-800x800.webp 800w, https:\/\/mountlaser.com\/wp-content\/uploads\/2025\/12\/BL104-400x400.webp 400w\" sizes=\"(max-width: 500px) 100vw, 500px\" \/><\/p>\n<p>Cho d\u00f9 \u0111\u01b0\u1ee3c s\u1eed d\u1ee5ng nh\u01b0 m\u1ed9t bong b\u00f3ng tribrach hay m\u1ed9t <a href=\"https:\/\/mountlaser.com\/vi\/contact-us\/\">Bong b\u00f3ng tr\u00f2n cho l\u0103ng k\u00ednh<\/a>, BL11 mang l\u1ea1i s\u1ef1 \u1ed5n \u0111\u1ecbnh l\u00e2u d\u00e0i v\u00e0 \u0111\u1ed9 ch\u00ednh x\u00e1c \u0111\u00e1ng tin c\u1eady. B\u1ed9 ph\u1eadn c\u00e2n b\u1eb1ng BL11 d\u00e0nh cho ch\u00e2n m\u00e1y l\u00e0 m\u1ed9t th\u00e0nh ph\u1ea7n thi\u1ebft y\u1ebfu \u0111\u1ec3 duy tr\u00ec \u0111\u1ed9 ch\u00ednh x\u00e1c trong quy tr\u00ecnh l\u00e0m vi\u1ec7c v\u1edbi m\u00e1y to\u00e0n \u0111\u1ea1c, l\u0103ng k\u00ednh v\u00e0 GNSS.<\/p>","protected":false},"excerpt":{"rendered":"<ul>\n<li>San l\u1ea5p m\u1eb7t b\u1eb1ng ch\u00ednh x\u00e1c \u2013 \u0110\u1ea3m b\u1ea3o thi\u1ebft l\u1eadp ch\u00ednh x\u00e1c cho gi\u00e1 ba ch\u00e2n, l\u0103ng k\u00ednh v\u00e0 c\u00e1c d\u1ee5ng c\u1ee5 \u0111o \u0111\u1ea1c.<\/li>\n<li>Kh\u1ea3 n\u0103ng t\u01b0\u01a1ng th\u00edch cao \u2013 Ho\u1ea1t \u0111\u1ed9ng nh\u01b0 c\u1ea3 b\u1ecdt th\u1ee7y ba ch\u00e2n v\u00e0 b\u1ecdt th\u1ee7y tr\u00f2n cho Prism, h\u1ed7 tr\u1ee3 nhi\u1ec1u ph\u1ee5 ki\u1ec7n kh\u1ea3o s\u00e1t.<\/li>\n<li>K\u1ebft c\u1ea5u b\u1ec1n ch\u1eafc \u2013 \u0110\u01b0\u1ee3c ch\u1ebf t\u1ea1o b\u1eb1ng v\u1eadt li\u1ec7u \u1ed5n \u0111\u1ecbnh, c\u00f3 \u0111\u1ed9 b\u1ec1n cao, \u0111\u1ea3m b\u1ea3o \u0111\u1ed9 tin c\u1eady trong m\u00f4i tr\u01b0\u1eddng l\u00e0m vi\u1ec7c kh\u1eafc nghi\u1ec7t.<\/li>\n<\/ul>","protected":false},"featured_media":5463,"comment_status":"open","ping_status":"closed","template":"","meta":[],"product_brand":[],"product_cat":[79,153],"product_tag":[],"class_list":{"0":"post-5462","1":"product","2":"type-product","3":"status-publish","4":"has-post-thumbnail","6":"product_cat-surveying-accessory","7":"product_cat-bubble-for-tribrach-carrier-prism","9":"first","10":"instock","11":"shipping-taxable","12":"product-type-simple"},"_links":{"self":[{"href":"https:\/\/mountlaser.com\/vi\/wp-json\/wp\/v2\/product\/5462","targetHints":{"allow":["GET"]}}],"collection":[{"href":"https:\/\/mountlaser.com\/vi\/wp-json\/wp\/v2\/product"}],"about":[{"href":"https:\/\/mountlaser.com\/vi\/wp-json\/wp\/v2\/types\/product"}],"replies":[{"embeddable":true,"href":"https:\/\/mountlaser.com\/vi\/wp-json\/wp\/v2\/comments?post=5462"}],"wp:featuredmedia":[{"embeddable":true,"href":"https:\/\/mountlaser.com\/vi\/wp-json\/wp\/v2\/media\/5463"}],"wp:attachment":[{"href":"https:\/\/mountlaser.com\/vi\/wp-json\/wp\/v2\/media?parent=5462"}],"wp:term":[{"taxonomy":"product_brand","embeddable":true,"href":"https:\/\/mountlaser.com\/vi\/wp-json\/wp\/v2\/product_brand?post=5462"},{"taxonomy":"product_cat","embeddable":true,"href":"https:\/\/mountlaser.com\/vi\/wp-json\/wp\/v2\/product_cat?post=5462"},{"taxonomy":"product_tag","embeddable":true,"href":"https:\/\/mountlaser.com\/vi\/wp-json\/wp\/v2\/product_tag?post=5462"}],"curies":[{"name":"trang web","href":"https:\/\/api.w.org\/{rel}","templated":true}]}}