{"id":5450,"date":"2025-12-05T05:56:21","date_gmt":"2025-12-05T05:56:21","guid":{"rendered":"https:\/\/mountlaser.com\/?post_type=product&#038;p=5450"},"modified":"2025-12-05T06:12:58","modified_gmt":"2025-12-05T06:12:58","slug":"hdcc01-heavy-duty-column-mount-bracket","status":"publish","type":"product","link":"https:\/\/mountlaser.com\/vi\/san-pham\/hdcc01-heavy-duty-column-mount-bracket\/","title":{"rendered":"Gi\u00e1 \u0111\u1ee1 c\u1ed9t ch\u1ecbu t\u1ea3i n\u1eb7ng HDCC01"},"content":{"rendered":"<p data-start=\"141\" data-end=\"685\">C\u00e1i <a href=\"https:\/\/mountlaser.com\/vi\/\"><strong data-start=\"145\" data-end=\"180\">Gi\u00e1 \u0111\u1ee1 g\u1eafn c\u1ed9t ch\u1ecbu t\u1ea3i n\u1eb7ng<\/strong><\/a> S\u1ea3n ph\u1ea9m c\u1ee7a MountLaser \u0111\u01b0\u1ee3c thi\u1ebft k\u1ebf \u0111\u1ec3 mang l\u1ea1i s\u1ef1 \u1ed5n \u0111\u1ecbnh, \u0111\u1ed9 b\u1ec1n v\u00e0 \u0111\u1ed9 ch\u00ednh x\u00e1c v\u01b0\u1ee3t tr\u1ed9i cho c\u00e1c \u1ee9ng d\u1ee5ng kh\u1ea3o s\u00e1t v\u00e0 x\u00e2y d\u1ef1ng chuy\u00ean nghi\u1ec7p. \u0110\u01b0\u1ee3c thi\u1ebft k\u1ebf nh\u01b0 m\u1ed9t... <a href=\"https:\/\/mountlaser.com\/vi\/about-us\/\"><strong data-start=\"342\" data-end=\"377\">Gi\u00e1 \u0111\u1ee1 g\u1eafn c\u1ed9t c\u00f3 th\u1ec3 \u0111i\u1ec1u ch\u1ec9nh<\/strong><\/a>, H\u1ec7 th\u1ed1ng n\u00e0y cung c\u1ea5p kh\u1ea3 n\u0103ng \u0111i\u1ec1u ch\u1ec9nh xoay v\u00e0 theo chi\u1ec1u d\u1ecdc, cho ph\u00e9p ng\u01b0\u1eddi d\u00f9ng \u0111\u1ecbnh v\u1ecb c\u00e1c thi\u1ebft b\u1ecb c\u1ee7a m\u00ecnh v\u1edbi \u0111\u1ed9 cao v\u00e0 s\u1ef1 c\u0103n ch\u1ec9nh ch\u00ednh x\u00e1c. \u0110\u01b0\u1ee3c ch\u1ebf t\u1ea1o t\u1eeb nh\u00f4m k\u1ebft c\u1ea5u c\u01b0\u1eddng \u0111\u1ed9 cao v\u00e0 trang b\u1ecb c\u00e1c ph\u1ee5 ki\u1ec7n b\u1eb1ng th\u00e9p kh\u00f4ng g\u1ec9, h\u1ec7 th\u1ed1ng n\u00e0y \u0111\u1ea3m b\u1ea3o \u0111\u1ed9 b\u1ec1n ngay c\u1ea3 trong m\u00f4i tr\u01b0\u1eddng c\u00f4ng nghi\u1ec7p kh\u1eafc nghi\u1ec7t nh\u1ea5t.<\/p>\n<p data-start=\"141\" data-end=\"685\"><img fetchpriority=\"high\" decoding=\"async\" class=\"aligncenter wp-image-5453\" src=\"https:\/\/mountlaser.com\/wp-content\/uploads\/2025\/12\/HDCC013.webp\" alt=\"heavy-duty Column Mount Bracket\" width=\"500\" height=\"500\" srcset=\"https:\/\/mountlaser.com\/wp-content\/uploads\/2025\/12\/HDCC013.webp 1000w, https:\/\/mountlaser.com\/wp-content\/uploads\/2025\/12\/HDCC013-300x300.webp 300w, https:\/\/mountlaser.com\/wp-content\/uploads\/2025\/12\/HDCC013-150x150.webp 150w, https:\/\/mountlaser.com\/wp-content\/uploads\/2025\/12\/HDCC013-768x768.webp 768w, https:\/\/mountlaser.com\/wp-content\/uploads\/2025\/12\/HDCC013-12x12.webp 12w, https:\/\/mountlaser.com\/wp-content\/uploads\/2025\/12\/HDCC013-600x600.webp 600w, https:\/\/mountlaser.com\/wp-content\/uploads\/2025\/12\/HDCC013-800x800.webp 800w, https:\/\/mountlaser.com\/wp-content\/uploads\/2025\/12\/HDCC013-400x400.webp 400w\" sizes=\"(max-width: 500px) 100vw, 500px\" \/><\/p>\n<p data-start=\"687\" data-end=\"1336\">M\u1ed9t d\u00e2y \u0111ai c\u00f4ng nghi\u1ec7p r\u1ed9ng 2 inch (5,08 cm) v\u00e0 d\u00e0i 10 ft (3,05 m) \u2013 c\u00f3 kh\u1ea3 n\u0103ng ch\u1ecbu t\u1ea3i l\u00ean \u0111\u1ebfn 2.200 lb (1.000 kg) \u2013 cho ph\u00e9p gi\u00e1 \u0111\u1ee1 \u0111\u01b0\u1ee3c g\u1eafn ch\u1eafc ch\u1eafn v\u00e0o c\u1ea3 c\u1ed9t vu\u00f4ng v\u00e0 c\u1ed9t tr\u00f2n. Gi\u00e1 \u0111\u1ee1 g\u1eafn c\u1ed9t ch\u1ecbu t\u1ea3i n\u1eb7ng n\u00e0y cung c\u1ea5p kh\u1ea3 n\u0103ng di chuy\u1ec3n theo chi\u1ec1u d\u1ecdc 12 inch (30,48 cm), trong khi b\u1ec7 g\u1eafn 6 inch c\u00f3 \u0111inh t\u00e1n ren ti\u00eau chu\u1ea9n 5\/8-11 ph\u00f9 h\u1ee3p v\u1edbi nhi\u1ec1u lo\u1ea1i d\u1ee5ng c\u1ee5 \u0111o \u0111\u1ea1c. V\u1edbi kho\u1ea3ng c\u00e1ch t\u00e2m t\u1ed1i \u01b0u 15 inch (38,1 cm) cung c\u1ea5p th\u00eam kho\u1ea3ng tr\u1ed1ng, <a href=\"https:\/\/mountlaser.com\/vi\/danh-muc-san-pham\/surveying-accessory\/\">Gi\u00e1 \u0111\u1ee1 g\u1eafn c\u1ed9t ch\u1ecbu t\u1ea3i n\u1eb7ng<\/a> T\u0103ng c\u01b0\u1eddng kh\u1ea3 n\u0103ng s\u1eed d\u1ee5ng trong kh\u00f4ng gian l\u00e0m vi\u1ec7c ch\u1eadt h\u1eb9p ho\u1eb7c b\u1ecb c\u1ea3n tr\u1edf. B\u1ed9 ph\u1eadn gi\u1ea3m ch\u1ea5n b\u1eb1ng cao su t\u00edch h\u1ee3p gi\u00fap \u0111\u1ea3m b\u1ea3o thao t\u00e1c an to\u00e0n v\u00e0 tho\u1ea3i m\u00e1i h\u01a1n trong qu\u00e1 tr\u00ecnh thi\u1ebft l\u1eadp.<\/p>","protected":false},"excerpt":{"rendered":"<ul>\n<li>X\u00e2y d\u1ef1ng c\u01b0\u1eddng \u0111\u1ed9 cao<\/li>\n<li>V\u1ecb tr\u00ed c\u00f3 th\u1ec3 \u0111i\u1ec1u ch\u1ec9nh ho\u00e0n to\u00e0n<\/li>\n<li>Kh\u1ea3 n\u0103ng t\u01b0\u01a1ng th\u00edch r\u1ed9ng r\u00e3i &amp; L\u1eafp \u0111\u1eb7t an to\u00e0n: \u0110i k\u00e8m v\u1edbi d\u00e2y \u0111ai ch\u1ecbu l\u1ef1c 2 inch x 10 ft c\u00f3 th\u1ec3 c\u1ed1 \u0111\u1ecbnh v\u00e0o c\u00e1c c\u1ed9t tr\u00f2n ho\u1eb7c vu\u00f4ng, ch\u1ecbu \u0111\u01b0\u1ee3c tr\u1ecdng l\u01b0\u1ee3ng l\u00ean \u0111\u1ebfn 2.200 lb (1.000 kg).<\/li>\n<li>B\u1ec7 \u0111\u1ee1 s\u1eb5n s\u00e0ng cho thi\u1ebft b\u1ecb: \u0110\u01b0\u1ee3c trang b\u1ecb \u0111\u1ebf ph\u1eb3ng 6 inch v\u00e0 \u0111inh t\u00e1n ren ti\u00eau chu\u1ea9n 5\/8-11 \u0111\u1ec3 g\u1eafn m\u00e1y to\u00e0n \u0111\u1ea1c, m\u00e1y laser v\u00e0 c\u00e1c thi\u1ebft b\u1ecb \u0111o \u0111\u1ea1c kh\u00e1c.<\/li>\n<li>T\u1ed1i \u01b0u h\u00f3a kho\u1ea3ng c\u00e1ch v\u00e0 an to\u00e0n: Kho\u1ea3ng c\u00e1ch t\u00e2m 15 inch gi\u00fap t\u0103ng c\u01b0\u1eddng t\u1ea7m nh\u00ecn, trong khi b\u1ed9 ph\u1eadn gi\u1ea3m ch\u1ea5n b\u1eb1ng cao su t\u00edch h\u1ee3p gi\u00fap b\u1ea3o v\u1ec7 ng\u01b0\u1eddi d\u00f9ng t\u1ed1t h\u01a1n trong qu\u00e1 tr\u00ecnh l\u1eafp \u0111\u1eb7t.<\/li>\n<\/ul>","protected":false},"featured_media":5452,"comment_status":"open","ping_status":"closed","template":"","meta":[],"product_brand":[],"product_cat":[79,155],"product_tag":[],"class_list":{"0":"post-5450","1":"product","2":"type-product","3":"status-publish","4":"has-post-thumbnail","6":"product_cat-surveying-accessory","7":"product_cat-column-mount-bracket","9":"first","10":"instock","11":"shipping-taxable","12":"product-type-simple"},"_links":{"self":[{"href":"https:\/\/mountlaser.com\/vi\/wp-json\/wp\/v2\/product\/5450","targetHints":{"allow":["GET"]}}],"collection":[{"href":"https:\/\/mountlaser.com\/vi\/wp-json\/wp\/v2\/product"}],"about":[{"href":"https:\/\/mountlaser.com\/vi\/wp-json\/wp\/v2\/types\/product"}],"replies":[{"embeddable":true,"href":"https:\/\/mountlaser.com\/vi\/wp-json\/wp\/v2\/comments?post=5450"}],"wp:featuredmedia":[{"embeddable":true,"href":"https:\/\/mountlaser.com\/vi\/wp-json\/wp\/v2\/media\/5452"}],"wp:attachment":[{"href":"https:\/\/mountlaser.com\/vi\/wp-json\/wp\/v2\/media?parent=5450"}],"wp:term":[{"taxonomy":"product_brand","embeddable":true,"href":"https:\/\/mountlaser.com\/vi\/wp-json\/wp\/v2\/product_brand?post=5450"},{"taxonomy":"product_cat","embeddable":true,"href":"https:\/\/mountlaser.com\/vi\/wp-json\/wp\/v2\/product_cat?post=5450"},{"taxonomy":"product_tag","embeddable":true,"href":"https:\/\/mountlaser.com\/vi\/wp-json\/wp\/v2\/product_tag?post=5450"}],"curies":[{"name":"trang web","href":"https:\/\/api.w.org\/{rel}","templated":true}]}}