{"id":5448,"date":"2025-12-05T05:17:35","date_gmt":"2025-12-05T05:17:35","guid":{"rendered":"https:\/\/mountlaser.com\/?post_type=product&#038;p=5448"},"modified":"2025-12-11T05:09:18","modified_gmt":"2025-12-11T05:09:18","slug":"pb01-08-brass-plumb-bob","status":"publish","type":"product","link":"https:\/\/mountlaser.com\/vi\/san-pham\/pb01-08-brass-plumb-bob\/","title":{"rendered":"PB01-08 Qu\u1ea3 c\u00e2n d\u00e2y d\u1ecdi b\u1eb1ng \u0111\u1ed3ng thau"},"content":{"rendered":"<p>C\u00e1i <a href=\"https:\/\/mountlaser.com\/vi\/\"><strong>PB01-08 Qu\u1ea3 c\u00e2n b\u1eb1ng \u0111\u1ed3ng thau<\/strong><\/a> \u0110\u00e2y l\u00e0 m\u1ed9t d\u1ee5ng c\u1ee5 cao c\u1ea5p, \u0111\u01b0\u1ee3c gia c\u00f4ng ch\u00ednh x\u00e1c, \u0111\u01b0\u1ee3c thi\u1ebft k\u1ebf d\u00e0nh cho c\u00e1c chuy\u00ean gia \u0111\u00f2i h\u1ecfi \u0111\u1ed9 ch\u00ednh x\u00e1c v\u00e0 \u0111\u1ed9 tin c\u1eady l\u00e2u d\u00e0i trong c\u00e1c c\u00f4ng vi\u1ec7c x\u00e2y d\u1ef1ng v\u00e0 kh\u1ea3o s\u00e1t. \u0110\u01b0\u1ee3c ch\u1ebf t\u1ea1o t\u1eeb \u0111\u1ed3ng thau nguy\u00ean kh\u1ed1i, d\u00e2y d\u1ecdi b\u1eb1ng \u0111\u1ed3ng thau PB01-08 mang l\u1ea1i s\u1ef1 c\u00e2n b\u1eb1ng v\u00e0 \u1ed5n \u0111\u1ecbnh tuy\u1ec7t v\u1eddi, \u0111\u1ea3m b\u1ea3o \u0111\u1ed9 th\u1eb3ng \u0111\u1ee9ng ch\u00ednh x\u00e1c m\u1ecdi l\u00fac. <a href=\"https:\/\/mountlaser.com\/vi\/danh-muc-san-pham\/surveying-accessory\/\"><strong>qu\u1ea3 c\u00e2n b\u1eb1ng \u0111\u1ed3ng thau nguy\u00ean kh\u1ed1i<\/strong><\/a> \u0110\u01b0\u1ee3c b\u1ea3o v\u1ec7 b\u1eb1ng l\u1edbp s\u01a1n m\u00e0i b\u1ec1n ch\u1eafc, gi\u00fap k\u00e9o d\u00e0i tu\u1ed5i th\u1ecd ngay c\u1ea3 trong \u0111i\u1ec1u ki\u1ec7n kh\u1eafc nghi\u1ec7t ngo\u00e0i tr\u1eddi.<\/p>\n<p><img fetchpriority=\"high\" decoding=\"async\" class=\"aligncenter wp-image-5449\" src=\"https:\/\/mountlaser.com\/wp-content\/uploads\/2025\/12\/PB01.webp\" alt=\"PB01-08 BRASS PLUMB BOB\" width=\"500\" height=\"500\" srcset=\"https:\/\/mountlaser.com\/wp-content\/uploads\/2025\/12\/PB01.webp 1000w, https:\/\/mountlaser.com\/wp-content\/uploads\/2025\/12\/PB01-300x300.webp 300w, https:\/\/mountlaser.com\/wp-content\/uploads\/2025\/12\/PB01-150x150.webp 150w, https:\/\/mountlaser.com\/wp-content\/uploads\/2025\/12\/PB01-768x768.webp 768w, https:\/\/mountlaser.com\/wp-content\/uploads\/2025\/12\/PB01-12x12.webp 12w, https:\/\/mountlaser.com\/wp-content\/uploads\/2025\/12\/PB01-600x600.webp 600w, https:\/\/mountlaser.com\/wp-content\/uploads\/2025\/12\/PB01-800x800.webp 800w, https:\/\/mountlaser.com\/wp-content\/uploads\/2025\/12\/PB01-400x400.webp 400w\" sizes=\"(max-width: 500px) 100vw, 500px\" \/><\/p>\n<p>V\u1edbi \u0111\u1ea7u m\u0169i b\u1eb1ng th\u00e9p t\u00f4i c\u1ee9ng v\u00e0 n\u1eafp ren ti\u00eau chu\u1ea9n ASA, <a href=\"https:\/\/mountlaser.com\/vi\/contact-us\/\">PB01-08 Qu\u1ea3 c\u00e2n b\u1eb1ng \u0111\u1ed3ng thau<\/a> Cho ph\u00e9p thay th\u1ebf \u0111\u1ea7u d\u00f2 nhanh ch\u00f3ng v\u00e0 g\u1eafn ch\u1eafc ch\u1eafn. N\u1eafp th\u00e9p c\u0169ng bao g\u1ed3m ng\u0103n ch\u1ee9a b\u00ean trong cho m\u1ed9t \u0111\u1ea7u d\u00f2 d\u1ef1 ph\u00f2ng, t\u0103ng th\u00eam s\u1ef1 ti\u1ec7n l\u1ee3i khi s\u1eed d\u1ee5ng li\u00ean t\u1ee5c ngo\u00e0i hi\u1ec7n tr\u01b0\u1eddng. Qu\u1ea3 c\u00e2n b\u1eb1ng \u0111\u1ed3ng thau nguy\u00ean kh\u1ed1i mang l\u1ea1i hi\u1ec7u su\u1ea5t ch\u00ednh x\u00e1c cho vi\u1ec7c b\u1ed1 tr\u00ed, c\u0103n ch\u1ec9nh v\u00e0 \u0111\u00e1nh d\u1ea5u \u0111i\u1ec3m ki\u1ec3m so\u00e1t.<\/p>","protected":false},"excerpt":{"rendered":"<ul>\n<li>\u0110\u1ed9 ch\u00ednh x\u00e1c cao v\u00e0 c\u00e2n b\u1eb1ng ho\u00e0n h\u1ea3o \u2013 \u0110\u1ea3m b\u1ea3o \u0111\u1ed9 th\u1eb3ng \u0111\u1ee9ng ch\u00ednh x\u00e1c cho c\u00f4ng t\u00e1c kh\u1ea3o s\u00e1t, x\u00e2y d\u1ef1ng v\u00e0 b\u1ed1 tr\u00ed.<\/li>\n<li>C\u1ea5u t\u1ea1o b\u1eb1ng \u0111\u1ed3ng thau nguy\u00ean kh\u1ed1i b\u1ec1n ch\u1eafc \u2013 Ch\u1ed1ng \u0103n m\u00f2n, ch\u1ed1ng va \u0111\u1eadp v\u00e0 \u0111\u01b0\u1ee3c thi\u1ebft k\u1ebf \u0111\u1ec3 s\u1eed d\u1ee5ng l\u00e2u d\u00e0i ngo\u00e0i tr\u1eddi.<\/li>\n<li>\u0110\u1ea7u m\u0169i b\u1eb1ng th\u00e9p t\u00f4i c\u1ee9ng &amp; n\u1eafp ren ASA \u2013 Mang l\u1ea1i hi\u1ec7u su\u1ea5t \u0111\u00e1ng tin c\u1eady v\u1edbi kh\u1ea3 n\u0103ng l\u01b0u tr\u1eef \u0111\u1ea7u m\u0169i d\u1ef1 ph\u00f2ng ti\u1ec7n l\u1ee3i.<\/li>\n<li>Nhi\u1ec1u t\u00f9y ch\u1ecdn tr\u1ecdng l\u01b0\u1ee3ng \u2013 Ph\u00f9 h\u1ee3p v\u1edbi nhi\u1ec1u nhi\u1ec7m v\u1ee5 chuy\u00ean nghi\u1ec7p v\u00e0 \u0111i\u1ec1u ki\u1ec7n m\u00f4i tr\u01b0\u1eddng kh\u00e1c nhau.<\/li>\n<\/ul>","protected":false},"featured_media":5449,"comment_status":"open","ping_status":"closed","template":"","meta":[],"product_brand":[],"product_cat":[79,154],"product_tag":[],"class_list":{"0":"post-5448","1":"product","2":"type-product","3":"status-publish","4":"has-post-thumbnail","6":"product_cat-surveying-accessory","7":"product_cat-brass-plumb-bob","9":"first","10":"instock","11":"shipping-taxable","12":"product-type-simple"},"_links":{"self":[{"href":"https:\/\/mountlaser.com\/vi\/wp-json\/wp\/v2\/product\/5448","targetHints":{"allow":["GET"]}}],"collection":[{"href":"https:\/\/mountlaser.com\/vi\/wp-json\/wp\/v2\/product"}],"about":[{"href":"https:\/\/mountlaser.com\/vi\/wp-json\/wp\/v2\/types\/product"}],"replies":[{"embeddable":true,"href":"https:\/\/mountlaser.com\/vi\/wp-json\/wp\/v2\/comments?post=5448"}],"wp:featuredmedia":[{"embeddable":true,"href":"https:\/\/mountlaser.com\/vi\/wp-json\/wp\/v2\/media\/5449"}],"wp:attachment":[{"href":"https:\/\/mountlaser.com\/vi\/wp-json\/wp\/v2\/media?parent=5448"}],"wp:term":[{"taxonomy":"product_brand","embeddable":true,"href":"https:\/\/mountlaser.com\/vi\/wp-json\/wp\/v2\/product_brand?post=5448"},{"taxonomy":"product_cat","embeddable":true,"href":"https:\/\/mountlaser.com\/vi\/wp-json\/wp\/v2\/product_cat?post=5448"},{"taxonomy":"product_tag","embeddable":true,"href":"https:\/\/mountlaser.com\/vi\/wp-json\/wp\/v2\/product_tag?post=5448"}],"curies":[{"name":"trang web","href":"https:\/\/api.w.org\/{rel}","templated":true}]}}