{"id":5441,"date":"2025-12-05T03:21:14","date_gmt":"2025-12-05T03:21:14","guid":{"rendered":"https:\/\/mountlaser.com\/?post_type=product&#038;p=5441"},"modified":"2025-12-05T03:21:14","modified_gmt":"2025-12-05T03:21:14","slug":"bl20-surveying-instrument-bubble-level","status":"publish","type":"product","link":"https:\/\/mountlaser.com\/vi\/san-pham\/bl20-surveying-instrument-bubble-level\/","title":{"rendered":"Th\u01b0\u1edbc th\u1ee7y BL20 d\u00f9ng trong kh\u1ea3o s\u00e1t \u0111\u1ecba h\u00ecnh"},"content":{"rendered":"<p data-start=\"209\" data-end=\"750\">C\u00e1i <a href=\"https:\/\/mountlaser.com\/vi\/\"><strong data-start=\"213\" data-end=\"255\">Th\u01b0\u1edbc th\u1ee7y BL20 d\u00f9ng trong kh\u1ea3o s\u00e1t \u0111\u1ecba h\u00ecnh<\/strong><\/a> BL20 l\u00e0 m\u1ed9t b\u1ed9 ph\u1eadn c\u00e2n b\u1eb1ng \u0111\u01b0\u1ee3c thi\u1ebft k\u1ebf ch\u00ednh x\u00e1c d\u00e0nh cho c\u00e1c m\u00e1y th\u1ee7y chu\u1ea9n quang h\u1ecdc v\u00e0 t\u1ef1 \u0111\u1ed9ng c\u00f3 \u0111\u1ed9 ch\u00ednh x\u00e1c cao. \u0110\u01b0\u1ee3c ch\u1ebf t\u1ea1o theo thi\u1ebft k\u1ebf NA532 ki\u1ec3u Th\u1ee5y S\u0129, th\u01b0\u1edbc th\u1ee7y BL20 \u0111\u1ea3m b\u1ea3o ph\u1ea3n h\u1ed3i c\u00e2n b\u1eb1ng \u1ed5n \u0111\u1ecbnh, \u0111\u00e1ng tin c\u1eady v\u00e0 c\u1ef1c k\u1ef3 r\u00f5 n\u00e9t cho c\u00e1c \u1ee9ng d\u1ee5ng kh\u1ea3o s\u00e1t chuy\u00ean nghi\u1ec7p. L\u00e0 m\u1ed9t thi\u1ebft b\u1ecb thi\u1ebft y\u1ebfu <a href=\"https:\/\/mountlaser.com\/vi\/danh-muc-san-pham\/surveying-accessory\/\"><strong data-start=\"556\" data-end=\"583\">th\u01b0\u1edbc \u0111o \u0111\u1ed9 th\u0103ng b\u1eb1ng t\u1ef1 \u0111\u1ed9ng<\/strong><\/a>, N\u00f3 mang l\u1ea1i hi\u1ec7u su\u1ea5t \u1ed5n \u0111\u1ecbnh trong m\u00f4i tr\u01b0\u1eddng l\u00e0m vi\u1ec7c kh\u1eafc nghi\u1ec7t, l\u00fd t\u01b0\u1edfng cho c\u00e1c nh\u00e0 kh\u1ea3o s\u00e1t c\u1ea7n \u0111\u1ed9 ch\u00ednh x\u00e1c cao trong vi\u1ec7c c\u0103n ch\u1ec9nh v\u00e0 hi\u1ec7u chu\u1ea9n thi\u1ebft b\u1ecb \u0111\u00e1ng tin c\u1eady.<\/p>\n<p data-start=\"209\" data-end=\"750\"><img fetchpriority=\"high\" decoding=\"async\" class=\"aligncenter wp-image-5446\" src=\"https:\/\/mountlaser.com\/wp-content\/uploads\/2025\/12\/BL085.webp\" alt=\"BL20 Surveying Instrument Bubble Level\" width=\"500\" height=\"500\" srcset=\"https:\/\/mountlaser.com\/wp-content\/uploads\/2025\/12\/BL085.webp 1000w, https:\/\/mountlaser.com\/wp-content\/uploads\/2025\/12\/BL085-300x300.webp 300w, https:\/\/mountlaser.com\/wp-content\/uploads\/2025\/12\/BL085-150x150.webp 150w, https:\/\/mountlaser.com\/wp-content\/uploads\/2025\/12\/BL085-768x768.webp 768w, https:\/\/mountlaser.com\/wp-content\/uploads\/2025\/12\/BL085-12x12.webp 12w, https:\/\/mountlaser.com\/wp-content\/uploads\/2025\/12\/BL085-600x600.webp 600w, https:\/\/mountlaser.com\/wp-content\/uploads\/2025\/12\/BL085-800x800.webp 800w, https:\/\/mountlaser.com\/wp-content\/uploads\/2025\/12\/BL085-400x400.webp 400w\" sizes=\"(max-width: 500px) 100vw, 500px\" \/><\/p>\n<p data-start=\"752\" data-end=\"1260\">V\u1edbi k\u1ebft c\u1ea5u b\u1ec1n ch\u1eafc v\u00e0 \u0111\u1ed9 nh\u1ea1y tuy\u1ec7t v\u1eddi, th\u01b0\u1edbc th\u1ee7y t\u1ef1 \u0111\u1ed9ng n\u00e0y ph\u00f9 h\u1ee3p ho\u00e0n h\u1ea3o v\u1edbi nhi\u1ec1u lo\u1ea1i ch\u00e2n \u0111\u1ebf, gi\u00e1 \u0111\u1ee1 v\u00e0 d\u1ee5ng c\u1ee5 quang h\u1ecdc. Cho d\u00f9 \u0111\u01b0\u1ee3c s\u1eed d\u1ee5ng \u0111\u1ec3 b\u1ed1 tr\u00ed c\u00f4ng tr\u00ecnh, kh\u1ea3o s\u00e1t k\u1ef9 thu\u1eadt hay b\u1ea3o tr\u00ec d\u1ee5ng c\u1ee5, th\u01b0\u1edbc th\u1ee7y BL20 mang l\u1ea1i \u0111\u1ed9 ch\u00ednh x\u00e1c \u0111\u00e1ng tin c\u1eady c\u1ea7n thi\u1ebft cho c\u00f4ng vi\u1ec7c hi\u1ec7n tr\u01b0\u1eddng h\u00e0ng ng\u00e0y. S\u1ea3n ph\u1ea9m ch\u1ea5t l\u01b0\u1ee3ng cao n\u00e0y <a href=\"https:\/\/mountlaser.com\/vi\/about-us\/\">th\u01b0\u1edbc \u0111o \u0111\u1ed9 th\u0103ng b\u1eb1ng t\u1ef1 \u0111\u1ed9ng<\/a> N\u00e2ng cao hi\u1ec7u qu\u1ea3 \u0111o l\u01b0\u1eddng \u0111\u1ec3 \u0111\u1ea3m b\u1ea3o m\u1ecdi thi\u1ebft l\u1eadp \u0111\u1ec1u \u0111\u00e1p \u1ee9ng c\u00e1c ti\u00eau chu\u1ea9n \u0111\u1ed9 ch\u00ednh x\u00e1c kh\u1eaft khe.<\/p>","protected":false},"excerpt":{"rendered":"<ul>\n<li>C\u00e2n b\u1eb1ng \u0111\u1ed9 ch\u00ednh x\u00e1c cao \u2013 Cung c\u1ea5p chuy\u1ec3n \u0111\u1ed9ng b\u1ecdt kh\u00ed r\u00f5 r\u00e0ng, nh\u1ea1y b\u00e9n \u0111\u1ec3 \u0111\u1ea3m b\u1ea3o c\u00e1c d\u1ee5ng c\u1ee5 \u0111o \u0111\u1ed9 ph\u1eb3ng quang h\u1ecdc v\u00e0 t\u1ef1 \u0111\u1ed9ng \u0111\u1ea1t \u0111\u01b0\u1ee3c s\u1ef1 c\u0103n ch\u1ec9nh ch\u00ednh x\u00e1c.<\/li>\n<li>C\u1ea5u tr\u00fac b\u1ec1n b\u1ec9, s\u1eb5n s\u00e0ng cho s\u1eed d\u1ee5ng ngo\u00e0i tr\u1eddi \u2013 \u0110\u01b0\u1ee3c thi\u1ebft k\u1ebf v\u1edbi v\u1eadt li\u1ec7u ch\u1eafc ch\u1eafn, ph\u00f9 h\u1ee3p v\u1edbi m\u00f4i tr\u01b0\u1eddng ngo\u00e0i tr\u1eddi kh\u1eafc nghi\u1ec7t v\u00e0 s\u1eed d\u1ee5ng l\u00e2u d\u00e0i.<\/li>\n<li>Kh\u1ea3 n\u0103ng t\u01b0\u01a1ng th\u00edch v\u1edbi nhi\u1ec1u lo\u1ea1i thi\u1ebft b\u1ecb \u2013 \u0110\u01b0\u1ee3c thi\u1ebft k\u1ebf cho c\u00e1c thi\u1ebft b\u1ecb ki\u1ec3u NA532 v\u00e0 d\u1ec5 d\u00e0ng l\u1eafp \u0111\u1eb7t v\u00e0o h\u1ea7u h\u1ebft c\u00e1c ch\u00e2n \u0111\u1ebf, gi\u00e1 \u0111\u1ee1 v\u00e0 h\u1ec7 th\u1ed1ng c\u00e2n b\u1eb1ng.<\/li>\n<li>Hi\u1ec7u su\u1ea5t \u1ed5n \u0111\u1ecbnh v\u00e0 \u0111\u00e1ng tin c\u1eady \u2013 Gi\u1ea3m thi\u1ec3u l\u1ed7i thi\u1ebft l\u1eadp v\u00e0 n\u00e2ng cao \u0111\u1ed9 ch\u00ednh x\u00e1c kh\u1ea3o s\u00e1t trong c\u00e1c \u1ee9ng d\u1ee5ng x\u00e2y d\u1ef1ng, l\u1eadp b\u1ea3n \u0111\u1ed3 v\u00e0 k\u1ef9 thu\u1eadt.<\/li>\n<li>L\u1eafp \u0111\u1eb7t d\u1ec5 d\u00e0ng \u2013 C\u1ea5u tr\u00fac nh\u1ecf g\u1ecdn v\u00e0 nh\u1eb9 gi\u00fap thay th\u1ebf ho\u1eb7c t\u00edch h\u1ee3p nhanh ch\u00f3ng v\u00e0o thi\u1ebft b\u1ecb kh\u1ea3o s\u00e1t.<\/li>\n<\/ul>","protected":false},"featured_media":5442,"comment_status":"open","ping_status":"closed","template":"","meta":[],"product_brand":[],"product_cat":[79,153],"product_tag":[],"class_list":{"0":"post-5441","1":"product","2":"type-product","3":"status-publish","4":"has-post-thumbnail","6":"product_cat-surveying-accessory","7":"product_cat-bubble-for-tribrach-carrier-prism","9":"first","10":"instock","11":"shipping-taxable","12":"product-type-simple"},"_links":{"self":[{"href":"https:\/\/mountlaser.com\/vi\/wp-json\/wp\/v2\/product\/5441","targetHints":{"allow":["GET"]}}],"collection":[{"href":"https:\/\/mountlaser.com\/vi\/wp-json\/wp\/v2\/product"}],"about":[{"href":"https:\/\/mountlaser.com\/vi\/wp-json\/wp\/v2\/types\/product"}],"replies":[{"embeddable":true,"href":"https:\/\/mountlaser.com\/vi\/wp-json\/wp\/v2\/comments?post=5441"}],"wp:featuredmedia":[{"embeddable":true,"href":"https:\/\/mountlaser.com\/vi\/wp-json\/wp\/v2\/media\/5442"}],"wp:attachment":[{"href":"https:\/\/mountlaser.com\/vi\/wp-json\/wp\/v2\/media?parent=5441"}],"wp:term":[{"taxonomy":"product_brand","embeddable":true,"href":"https:\/\/mountlaser.com\/vi\/wp-json\/wp\/v2\/product_brand?post=5441"},{"taxonomy":"product_cat","embeddable":true,"href":"https:\/\/mountlaser.com\/vi\/wp-json\/wp\/v2\/product_cat?post=5441"},{"taxonomy":"product_tag","embeddable":true,"href":"https:\/\/mountlaser.com\/vi\/wp-json\/wp\/v2\/product_tag?post=5441"}],"curies":[{"name":"trang web","href":"https:\/\/api.w.org\/{rel}","templated":true}]}}