{"id":5435,"date":"2025-12-05T02:40:20","date_gmt":"2025-12-05T02:40:20","guid":{"rendered":"https:\/\/mountlaser.com\/?post_type=product&#038;p=5435"},"modified":"2025-12-05T02:40:20","modified_gmt":"2025-12-05T02:40:20","slug":"bl07-surveying-instrument-bubble-level","status":"publish","type":"product","link":"https:\/\/mountlaser.com\/vi\/san-pham\/bl07-surveying-instrument-bubble-level\/","title":{"rendered":"BL07 D\u1ee5ng c\u1ee5 \u0111o \u0111\u1ea1c, th\u01b0\u1edbc th\u1ee7y"},"content":{"rendered":"<p>C\u00e1i <a href=\"https:\/\/mountlaser.com\/vi\/\"><strong>M\u1ee9c c\u00e2n b\u1eb1ng k\u1ef9 thu\u1eadt s\u1ed1<\/strong><\/a> BL07 l\u00e0 m\u1ed9t thi\u1ebft b\u1ecb c\u00f3 \u0111\u1ed9 ch\u00ednh x\u00e1c cao. <a href=\"https:\/\/mountlaser.com\/vi\/danh-muc-san-pham\/surveying-accessory\/\"><strong>D\u1ee5ng c\u1ee5 \u0111o \u0111\u1ea1c: Th\u01b0\u1edbc th\u1ee7y<\/strong><\/a> \u0110\u01b0\u1ee3c thi\u1ebft k\u1ebf cho c\u00e1c lo\u1ea1i gi\u00e1 \u0111\u1ee1 ba ch\u00e2n, gi\u00e1 \u0111\u1ee1 di \u0111\u1ed9ng v\u00e0 h\u1ec7 th\u1ed1ng l\u0103ng k\u00ednh \u0111\u01b0\u1ee3c s\u1eed d\u1ee5ng trong kh\u1ea3o s\u00e1t chuy\u00ean nghi\u1ec7p. \u0110\u01b0\u1ee3c ch\u1ebf t\u1ea1o theo ki\u1ec3u d\u00e1ng GX c\u1ee7a Th\u1ee5y S\u0129, th\u01b0\u1edbc th\u1ee7y k\u1ef9 thu\u1eadt s\u1ed1 n\u00e0y cung c\u1ea5p \u0111\u1ed9 ch\u00ednh x\u00e1c v\u00e0 \u0111\u1ed9 \u1ed5n \u0111\u1ecbnh v\u01b0\u1ee3t tr\u1ed9i, \u0111\u1ea3m b\u1ea3o c\u00e1c d\u1ee5ng c\u1ee5 \u0111\u01b0\u1ee3c c\u00e2n b\u1eb1ng ho\u00e0n h\u1ea3o \u0111\u1ec3 \u0111o \u0111\u1ea1c th\u1ef1c \u0111\u1ecba \u0111\u00e1ng tin c\u1eady.<\/p>\n<p><img fetchpriority=\"high\" decoding=\"async\" class=\"aligncenter wp-image-5437\" src=\"https:\/\/mountlaser.com\/wp-content\/uploads\/2025\/12\/BL072.webp\" alt=\"Digital bubble level\" width=\"500\" height=\"500\" srcset=\"https:\/\/mountlaser.com\/wp-content\/uploads\/2025\/12\/BL072.webp 1000w, https:\/\/mountlaser.com\/wp-content\/uploads\/2025\/12\/BL072-300x300.webp 300w, https:\/\/mountlaser.com\/wp-content\/uploads\/2025\/12\/BL072-150x150.webp 150w, https:\/\/mountlaser.com\/wp-content\/uploads\/2025\/12\/BL072-768x768.webp 768w, https:\/\/mountlaser.com\/wp-content\/uploads\/2025\/12\/BL072-12x12.webp 12w, https:\/\/mountlaser.com\/wp-content\/uploads\/2025\/12\/BL072-600x600.webp 600w, https:\/\/mountlaser.com\/wp-content\/uploads\/2025\/12\/BL072-800x800.webp 800w, https:\/\/mountlaser.com\/wp-content\/uploads\/2025\/12\/BL072-400x400.webp 400w\" sizes=\"(max-width: 500px) 100vw, 500px\" \/><\/p>\n<p>L\u00e0 m\u1ed9t d\u1ee5ng c\u1ee5 \u0111o \u0111\u1ed9 nghi\u00eang \u0111a n\u0103ng, th\u01b0\u1edbc th\u1ee7y BL07 t\u00edch h\u1ee3p ho\u00e0n h\u1ea3o v\u1edbi m\u00e1y to\u00e0n \u0111\u1ea1c, l\u0103ng k\u00ednh v\u00e0 c\u00e1c ph\u1ee5 ki\u1ec7n \u0111o \u0111\u1ea1c kh\u00e1c, n\u01a1i vi\u1ec7c \u0111o \u0111\u1ed9 nghi\u00eang ch\u00ednh x\u00e1c l\u00e0 v\u00f4 c\u00f9ng quan tr\u1ecdng. \u0110\u01b0\u1ee3c ch\u1ebf t\u1ea1o \u0111\u1ec3 b\u1ec1n b\u1ec9 v\u00e0 ch\u00ednh x\u00e1c, BL07 mang \u0111\u1ebfn cho c\u00e1c nh\u00e0 kh\u1ea3o s\u00e1t m\u1ed9t c\u00f4ng c\u1ee5 \u0111\u00e1ng tin c\u1eady. <a href=\"https:\/\/mountlaser.com\/vi\/about-us\/\">M\u1ee9c c\u00e2n b\u1eb1ng k\u1ef9 thu\u1eadt s\u1ed1<\/a> Gi\u1ea3i ph\u00e1p t\u1ed1i \u01b0u cho c\u00e1c \u0111i\u1ec1u ki\u1ec7n \u0111\u1ecba \u0111i\u1ec3m kh\u1eafc nghi\u1ec7t.<\/p>","protected":false},"excerpt":{"rendered":"<ul>\n<li>San l\u1ea5p m\u1eb7t b\u1eb1ng \u0111\u1ed9 ch\u00ednh x\u00e1c cao \u2013 \u0110\u1ea3m b\u1ea3o c\u00e1c d\u1ee5ng c\u1ee5 kh\u1ea3o s\u00e1t lu\u00f4n \u0111\u01b0\u1ee3c c\u0103n ch\u1ec9nh ch\u00ednh x\u00e1c, n\u00e2ng cao \u0111\u1ed9 tin c\u1eady c\u1ee7a ph\u00e9p \u0111o.<\/li>\n<li>Thi\u1ebft k\u1ebf GX ki\u1ec3u Th\u1ee5y S\u0129 \u2013 C\u1ea5u tr\u00fac ti\u00ean ti\u1ebfn t\u0103ng c\u01b0\u1eddng \u0111\u1ed9 nh\u1ea1y v\u00e0 \u0111\u1ed9 \u1ed5n \u0111\u1ecbnh cho m\u1ee5c \u0111\u00edch s\u1eed d\u1ee5ng chuy\u00ean nghi\u1ec7p.<\/li>\n<li>Kh\u1ea3 n\u0103ng t\u01b0\u01a1ng th\u00edch r\u1ed9ng \u2013 Ho\u1ea1t \u0111\u1ed9ng v\u1edbi gi\u00e1 ba ch\u00e2n, gi\u00e1 \u0111\u1ee1, l\u0103ng k\u00ednh v\u00e0 nhi\u1ec1u lo\u1ea1i d\u1ee5ng c\u1ee5 \u0111o \u0111\u1ea1c kh\u00e1c nhau.<\/li>\n<li>C\u1ea5u tr\u00fac b\u1ec1n ch\u1eafc \u2013 \u0110\u01b0\u1ee3c ch\u1ebf t\u1ea1o \u0111\u1ec3 ch\u1ecbu \u0111\u01b0\u1ee3c m\u00f4i tr\u01b0\u1eddng kh\u1eafc nghi\u1ec7t ngo\u00e0i tr\u1eddi \u0111\u1ed3ng th\u1eddi duy tr\u00ec \u0111\u1ed9 ch\u00ednh x\u00e1c \u1ed5n \u0111\u1ecbnh.<\/li>\n<li>Tham kh\u1ea3o tr\u1ef1c quan r\u00f5 r\u00e0ng \u2013 Cung c\u1ea5p kh\u1ea3 n\u0103ng \u0111\u1ecdc b\u1ecdt kh\u00ed nhanh ch\u00f3ng v\u00e0 tr\u1ef1c quan, gi\u1ea3m th\u1eddi gian thi\u1ebft l\u1eadp.<\/li>\n<\/ul>","protected":false},"featured_media":5437,"comment_status":"open","ping_status":"closed","template":"","meta":[],"product_brand":[],"product_cat":[79,153],"product_tag":[],"class_list":{"0":"post-5435","1":"product","2":"type-product","3":"status-publish","4":"has-post-thumbnail","6":"product_cat-surveying-accessory","7":"product_cat-bubble-for-tribrach-carrier-prism","9":"first","10":"instock","11":"shipping-taxable","12":"product-type-simple"},"_links":{"self":[{"href":"https:\/\/mountlaser.com\/vi\/wp-json\/wp\/v2\/product\/5435","targetHints":{"allow":["GET"]}}],"collection":[{"href":"https:\/\/mountlaser.com\/vi\/wp-json\/wp\/v2\/product"}],"about":[{"href":"https:\/\/mountlaser.com\/vi\/wp-json\/wp\/v2\/types\/product"}],"replies":[{"embeddable":true,"href":"https:\/\/mountlaser.com\/vi\/wp-json\/wp\/v2\/comments?post=5435"}],"wp:featuredmedia":[{"embeddable":true,"href":"https:\/\/mountlaser.com\/vi\/wp-json\/wp\/v2\/media\/5437"}],"wp:attachment":[{"href":"https:\/\/mountlaser.com\/vi\/wp-json\/wp\/v2\/media?parent=5435"}],"wp:term":[{"taxonomy":"product_brand","embeddable":true,"href":"https:\/\/mountlaser.com\/vi\/wp-json\/wp\/v2\/product_brand?post=5435"},{"taxonomy":"product_cat","embeddable":true,"href":"https:\/\/mountlaser.com\/vi\/wp-json\/wp\/v2\/product_cat?post=5435"},{"taxonomy":"product_tag","embeddable":true,"href":"https:\/\/mountlaser.com\/vi\/wp-json\/wp\/v2\/product_tag?post=5435"}],"curies":[{"name":"trang web","href":"https:\/\/api.w.org\/{rel}","templated":true}]}}