{"id":543,"date":"2024-03-28T08:13:14","date_gmt":"2024-03-28T08:13:14","guid":{"rendered":"https:\/\/startersites.io\/blocksy\/pottery\/?post_type=product&#038;p=543"},"modified":"2025-12-01T02:32:34","modified_gmt":"2025-12-01T02:32:34","slug":"ma-dh32-dh36-optical-style-auto-level","status":"publish","type":"product","link":"https:\/\/mountlaser.com\/vi\/san-pham\/ma-dh32-dh36-optical-style-auto-level\/","title":{"rendered":"MA-DH32\/ DH36 B\u1ed9 c\u00e2n b\u1eb1ng t\u1ef1 \u0111\u1ed9ng ki\u1ec3u quang h\u1ecdc"},"content":{"rendered":"<p>C\u00e1i <strong><a href=\"https:\/\/mountlaser.com\/vi\/\">MA-DH32\/DH36 M\u00e1y c\u00e2n b\u1eb1ng t\u1ef1 \u0111\u1ed9ng ki\u1ec3u quang h\u1ecdc<\/a><\/strong> C\u00e1c s\u1ea3n ph\u1ea9m t\u1eeb Mountlaser \u0111\u1ea1i di\u1ec7n cho th\u1ebf h\u1ec7 ti\u1ebfp theo c\u1ee7a thi\u1ebft b\u1ecb \u0111o \u0111\u1ed9 cao quang h\u1ecdc ch\u00ednh x\u00e1c, \u0111\u01b0\u1ee3c thi\u1ebft k\u1ebf d\u00e0nh cho c\u00e1c nh\u00e0 kh\u1ea3o s\u00e1t y\u00eau c\u1ea7u \u0111\u1ed9 ch\u00ednh x\u00e1c v\u00e0 \u0111\u1ed9 tin c\u1eady tuy\u1ec7t \u0111\u1ed1i. Nh\u1eefng m\u1eabu m\u00e1y n\u00e0y \u0111\u01b0\u1ee3c thi\u1ebft k\u1ebf nh\u01b0 nh\u1eefng l\u1ef1a ch\u1ecdn m\u00e1y \u0111o \u0111\u1ed9 cao t\u1ef1 \u0111\u1ed9ng ch\u1ea5t l\u01b0\u1ee3ng cao, k\u1ebft h\u1ee3p s\u1ef1 xu\u1ea5t s\u1eafc v\u1ec1 quang h\u1ecdc c\u1ed5 \u0111i\u1ec3n v\u1edbi c\u1ea5u tr\u00fac hi\u1ec7n \u0111\u1ea1i ch\u1eafc ch\u1eafn.<br \/>\nM\u00e1y th\u1ee7y b\u00ecnh t\u1ef1 \u0111\u1ed9ng ki\u1ec3u quang h\u1ecdc MA-DH32\/DH36 c\u00f3 \u0111\u1ed9 ph\u00f3ng \u0111\u1ea1i 32x (MA-DH32) ho\u1eb7c 36x (MA-DH36) v\u1edbi k\u00ednh vi\u1ec5n v\u1ecdng \u1ea3nh th\u1eb3ng \u0111\u1ee9ng, cho h\u00ecnh \u1ea3nh s\u1eafc n\u00e9t, kh\u00f4ng b\u1ecb m\u00e9o m\u00f3 ngay c\u1ea3 \u1edf kho\u1ea3ng c\u00e1ch xa. V\u1edbi b\u1ed9 b\u00f9 gi\u1ea3m ch\u1ea5n kh\u00f4ng kh\u00ed c\u00f3 \u0111\u1ed9 ch\u00ednh x\u00e1c cao v\u00e0 \u0111\u1ed9 l\u1ec7ch chu\u1ea9n ch\u1ec9 1,0mm tr\u00ean m\u1ed7i km khi \u0111o hai chi\u1ec1u, c\u00e1c thi\u1ebft b\u1ecb n\u00e0y \u0111\u01b0\u1ee3c ch\u1ebf t\u1ea1o cho c\u00e1c \u1ee9ng d\u1ee5ng \u0111\u00f2i h\u1ecfi kh\u1eaft khe nh\u01b0 \u0111\u1ecbnh v\u1ecb c\u00f4ng tr\u00ecnh, kh\u1ea3o s\u00e1t \u0111\u1ecba h\u00ecnh v\u00e0 san l\u1ea5p m\u1eb7t b\u1eb1ng k\u1ef9 thu\u1eadt.<\/p>\n<p>V\u1ecf m\u00e1y ch\u1eafc ch\u1eafn \u0111\u1ea1t chu\u1ea9n ch\u1ed1ng n\u01b0\u1edbc IP66 c\u1ea5p \u0111\u1ed9 cao, \u0111\u1ea3m b\u1ea3o hi\u1ec7u su\u1ea5t \u0111\u00e1ng tin c\u1eady trong \u0111i\u1ec1u ki\u1ec7n kh\u1eafc nghi\u1ec7t t\u1ea1i c\u00f4ng tr\u01b0\u1eddng. L\u00e0 nh\u00e0 cung c\u1ea5p \u0111\u00e1ng tin c\u1eady c\u1ee7a...<a href=\"https:\/\/mountlaser.com\/vi\/danh-muc-san-pham\/surveying-instrument\/automatic-level\/\"><strong> thi\u1ebft b\u1ecb \u0111o \u0111\u1ed9 cao quang h\u1ecdc<\/strong><\/a>, Mountlaser \u0111\u1ea3m b\u1ea3o m\u1ed7i thi\u1ebft b\u1ecb \u0111\u1ec1u \u0111\u01b0\u1ee3c hi\u1ec7u chu\u1ea9n theo ti\u00eau chu\u1ea9n cao nh\u1ea5t. \u0110\u1ed1i v\u1edbi c\u00e1c chuy\u00ean gia \u0111ang t\u00ecm ki\u1ebfm m\u00e1y th\u1ee7y b\u00ecnh t\u1ef1 \u0111\u1ed9ng ch\u1ea5t l\u01b0\u1ee3ng cao, d\u00f2ng MA-DH32 v\u00e0 MA-DH36 mang \u0111\u1ebfn \u0111\u1ed9 b\u1ec1n, \u0111\u1ed9 ch\u00ednh x\u00e1c v\u00e0 gi\u00e1 tr\u1ecb v\u01b0\u1ee3t tr\u1ed9i\u2014tr\u1edf th\u00e0nh kho\u1ea3n \u0111\u1ea7u t\u01b0 l\u00fd t\u01b0\u1edfng cho b\u1ea5t k\u1ef3 b\u1ed9 d\u1ee5ng c\u1ee5 kh\u1ea3o s\u00e1t n\u00e0o.<\/p>\n<p>&nbsp;<\/p>\n<p><img fetchpriority=\"high\" decoding=\"async\" class=\"aligncenter wp-image-1896\" src=\"https:\/\/mountlaser.com\/wp-content\/uploads\/2024\/03\/MA-DH328.webp\" alt=\"Optical Level Surveying Equipment\" width=\"500\" height=\"500\" srcset=\"https:\/\/mountlaser.com\/wp-content\/uploads\/2024\/03\/MA-DH328.webp 1000w, https:\/\/mountlaser.com\/wp-content\/uploads\/2024\/03\/MA-DH328-300x300.webp 300w, https:\/\/mountlaser.com\/wp-content\/uploads\/2024\/03\/MA-DH328-400x400.webp 400w, https:\/\/mountlaser.com\/wp-content\/uploads\/2024\/03\/MA-DH328-800x800.webp 800w, https:\/\/mountlaser.com\/wp-content\/uploads\/2024\/03\/MA-DH328-600x600.webp 600w, https:\/\/mountlaser.com\/wp-content\/uploads\/2024\/03\/MA-DH328-150x150.webp 150w, https:\/\/mountlaser.com\/wp-content\/uploads\/2024\/03\/MA-DH328-768x768.webp 768w, https:\/\/mountlaser.com\/wp-content\/uploads\/2024\/03\/MA-DH328-12x12.webp 12w\" sizes=\"(max-width: 500px) 100vw, 500px\" \/><\/p>\n<p><strong><a href=\"https:\/\/mountlaser.com\/vi\/contact-us\/\">T\u1ef1 \u0111\u1ed9ng c\u00e2n b\u1eb1ng ki\u1ec3u quang h\u1ecdc<\/a> Th\u00f4ng s\u1ed1 k\u1ef9 thu\u1eadt<\/strong><\/p>\n<table style=\"border-collapse: collapse; width: 810.77pt;\" border=\"0\" width=\"1081\" cellspacing=\"0\" cellpadding=\"0\">\n<tbody>\n<tr style=\"height: 14.25pt;\">\n<td class=\"et2\" style=\"height: 14.25pt; width: 322.50pt;\" width=\"430\" height=\"19\">M\u00e3 s\u1ed1 s\u1ea3n ph\u1ea9m.<\/td>\n<td class=\"et2\" style=\"width: 141.00pt;\" width=\"188\">MA-DH32<\/td>\n<td class=\"et2\" style=\"width: 88.50pt;\" width=\"118\">MA-DH36<\/td>\n<td class=\"et2\" style=\"width: 82.50pt;\" width=\"110\">MA-DH32L<\/td>\n<td class=\"et3\" style=\"width: 176.25pt;\" width=\"235\">MA-DH36L<\/td>\n<\/tr>\n<tr style=\"height: 14.25pt;\">\n<td class=\"et2\" style=\"height: 14.25pt;\" height=\"19\">Kho\u1ea3ng c\u00e1ch l\u00e0m vi\u1ec7c<\/td>\n<td class=\"et4\" colspan=\"4\">60m<\/td>\n<\/tr>\n<tr style=\"height: 14.25pt;\">\n<td class=\"et2\" style=\"height: 14.25pt;\" height=\"19\">\u0110\u1ed9 l\u1ec7ch chu\u1ea9n cho c\u1ef1 ly ch\u1ea1y \u0111\u00f4i 1km<\/td>\n<td class=\"et4\" colspan=\"4\">1.0mm<\/td>\n<\/tr>\n<tr style=\"height: 14.25pt;\">\n<td class=\"et2\" style=\"height: 14.25pt;\" height=\"19\">\u0110\u1ed9 ph\u00f3ng \u0111\u1ea1i c\u1ee7a k\u00ednh thi\u00ean v\u0103n<\/td>\n<td class=\"et2\">32X<\/td>\n<td class=\"et2\">36X<\/td>\n<td class=\"et2\">32X<\/td>\n<td class=\"et3\">36X<\/td>\n<\/tr>\n<tr style=\"height: 14.25pt;\">\n<td class=\"et2\" style=\"height: 14.25pt;\" height=\"19\">H\u00ecnh \u1ea3nh k\u00ednh thi\u00ean v\u0103n<\/td>\n<td class=\"et4\" colspan=\"4\">D\u1ef1ng l\u00ean<\/td>\n<\/tr>\n<tr style=\"height: 14.25pt;\">\n<td class=\"et2\" style=\"height: 14.25pt;\" height=\"19\">Kho\u1ea3ng c\u00e1ch l\u1ea5y n\u00e9t ng\u1eafn nh\u1ea5t<\/td>\n<td class=\"et4\" colspan=\"4\">0,4m<\/td>\n<\/tr>\n<tr style=\"height: 14.25pt;\">\n<td class=\"et2\" style=\"height: 14.25pt;\" height=\"19\">Sai s\u1ed1 kho\u1ea3ng c\u00e1ch quan s\u00e1t<\/td>\n<td class=\"et4\" colspan=\"4\">\u2264\u00b10,4%<\/td>\n<\/tr>\n<tr style=\"height: 14.25pt;\">\n<td class=\"et2\" style=\"height: 14.25pt;\" height=\"19\">K\u00edch th\u01b0\u1edbc kh\u1ea9u \u0111\u1ed9 hi\u1ec7u d\u1ee5ng c\u1ee7a th\u1ea5u k\u00ednh v\u1eadt k\u00ednh<\/td>\n<td class=\"et4\" colspan=\"4\">42mm<\/td>\n<\/tr>\n<tr style=\"height: 14.25pt;\">\n<td class=\"et2\" style=\"height: 14.25pt;\" height=\"19\">L\u1ed7i l\u1ea5y n\u00e9t<\/td>\n<td class=\"et4\" colspan=\"4\">\u22641mm<\/td>\n<\/tr>\n<tr style=\"height: 14.25pt;\">\n<td class=\"et2\" style=\"height: 14.25pt;\" height=\"19\">Lo\u1ea1i b\u00f9 tr\u1eeb<\/td>\n<td class=\"et4\" colspan=\"4\">H\u1ec7 th\u1ed1ng treo d\u00e2y h\u00ecnh ch\u1eef X gi\u1ea3m ch\u1ea5n t\u1eeb t\u00ednh<\/td>\n<\/tr>\n<tr style=\"height: 14.25pt;\">\n<td class=\"et2\" style=\"height: 14.25pt;\" height=\"19\">Sai s\u1ed1 b\u00f9 tr\u1eeb<\/td>\n<td class=\"et4\" colspan=\"4\">\u22640,2\u2033<\/td>\n<\/tr>\n<tr style=\"height: 14.25pt;\">\n<td class=\"et2\" style=\"height: 14.25pt;\" height=\"19\">T\u00e2m ng\u1eafm<\/td>\n<td class=\"et4\" colspan=\"4\">H\u00ecnh n\u00eam<\/td>\n<\/tr>\n<tr style=\"height: 14.25pt;\">\n<td class=\"et2\" style=\"height: 14.25pt;\" height=\"19\">\u0110\u1ed9 ch\u00ednh x\u00e1c c\u00e0i \u0111\u1eb7t<\/td>\n<td class=\"et4\" colspan=\"4\">\u00b10,3\u2033<\/td>\n<\/tr>\n<tr style=\"height: 14.25pt;\">\n<td class=\"et2\" style=\"height: 14.25pt;\" height=\"19\">Ch\u1ed1ng n\u01b0\u1edbc v\u00e0 b\u1ee5i<\/td>\n<td class=\"et4\" colspan=\"4\">\u0110\u1ea1t chu\u1ea9n ch\u1ed1ng n\u01b0\u1edbc IP66 c\u1ea5p \u0111\u1ed9 cao.<\/td>\n<\/tr>\n<tr style=\"height: 14.25pt;\">\n<td class=\"et2\" style=\"height: 14.25pt;\" height=\"19\">Ph\u1ee5 ki\u1ec7n ti\u00eau chu\u1ea9n<\/td>\n<td class=\"et4\" colspan=\"4\">Qu\u1ea3 c\u00e2n th\u1eb3ng \u0111\u1ee9ng, \u0111i\u1ec1u ch\u1ec9nh b\u1eb1ng tay, ch\u1ed1t \u0111i\u1ec1u ch\u1ec9nh, h\u1ed9p nh\u1ef1a.<\/td>\n<\/tr>\n<tr style=\"height: 14.25pt;\">\n<td class=\"et2\" style=\"height: 14.25pt;\" height=\"19\">B\u01b0\u1edbc s\u00f3ng c\u1ee7a tia laser<\/td>\n<td class=\"et7\" style=\"border-right: .5pt solid #000000;\" colspan=\"2\">\u2014<\/td>\n<td class=\"et4\" colspan=\"2\">Ch\u00f9m tia \u0111\u1ecf 635nm<\/td>\n<\/tr>\n<tr style=\"height: 14.25pt;\">\n<td class=\"et2\" style=\"height: 14.25pt;\" height=\"19\">Ph\u1ea1m vi hi\u1ec7u qu\u1ea3<\/td>\n<td class=\"et7\" style=\"border-right: .5pt solid #000000;\" colspan=\"2\">\u2014<\/td>\n<td class=\"et7\" style=\"border-right: .5pt solid #000000;\" colspan=\"2\">200m (Ban \u0111\u00eam)<\/td>\n<\/tr>\n<tr style=\"height: 14.25pt;\">\n<td class=\"et2\" style=\"height: 14.25pt;\" height=\"19\">K\u00edch th\u01b0\u1edbc \u0111i\u1ec3m<\/td>\n<td class=\"et7\" style=\"border-right: .5pt solid #000000;\" colspan=\"2\">\u2014<\/td>\n<td class=\"et7\" style=\"border-right: .5pt solid #000000;\" colspan=\"2\">5mm\/100m<\/td>\n<\/tr>\n<tr style=\"height: 14.25pt;\">\n<td class=\"et2\" style=\"height: 14.25pt;\" height=\"19\">T\u00e2m \u0111i\u1ec3m v\u00e0 \u0111\u1ed9 l\u1ec7ch c\u1ee7a tr\u1ee5c th\u1ecb gi\u00e1c<\/td>\n<td class=\"et7\" style=\"border-right: .5pt solid #000000;\" colspan=\"2\">\u2014<\/td>\n<td class=\"et7\" style=\"border-right: .5pt solid #000000;\" colspan=\"2\">5\u2033<\/td>\n<\/tr>\n<tr style=\"height: 14.25pt;\">\n<td class=\"et2\" style=\"height: 14.25pt;\" height=\"19\">Powar<\/td>\n<td class=\"et7\" style=\"border-right: .5pt solid #000000;\" colspan=\"2\">\u2014<\/td>\n<td class=\"et7\" style=\"border-right: .5pt solid #000000;\" colspan=\"2\">Pin Li-ion Baltery 3.7V 2000mAh<\/td>\n<\/tr>\n<tr style=\"height: 14.25pt;\">\n<td class=\"et2\" style=\"height: 14.25pt;\" height=\"19\">Lo\u1ea1i \u0111\u1ea7u n\u1ed1i<\/td>\n<td class=\"et7\" style=\"border-right: .5pt solid #000000;\" colspan=\"2\">\u2014<\/td>\n<td class=\"et7\" style=\"border-right: .5pt solid #000000;\" colspan=\"2\">Lo\u1ea1i C<\/td>\n<\/tr>\n<tr style=\"height: 14.25pt;\">\n<td class=\"et2\" style=\"height: 14.25pt;\" height=\"19\">Th\u1eddi gian l\u00e0m vi\u1ec7c<\/td>\n<td class=\"et7\" style=\"border-right: .5pt solid #000000;\" colspan=\"2\">\u2014<\/td>\n<td class=\"et7\" style=\"border-right: .5pt solid #000000;\" colspan=\"2\">&gt;70 gi\u1edd<\/td>\n<\/tr>\n<tr style=\"height: 14.25pt;\">\n<td class=\"et2\" style=\"height: 14.25pt;\" height=\"19\">Nhi\u1ec7t \u0111\u1ed9 l\u00e0m vi\u1ec7c<\/td>\n<td class=\"et7\" style=\"border-right: .5pt solid #000000;\" colspan=\"2\">\u2014<\/td>\n<td class=\"et7\" style=\"border-right: .5pt solid #000000;\" colspan=\"2\">-10\u2103 \u0111\u1ebfn +60\u2103<\/td>\n<\/tr>\n<tr style=\"height: 14.25pt;\">\n<td class=\"et10\" style=\"height: 14.25pt;\" height=\"19\">Tr\u1ecdng l\u01b0\u1ee3ng t\u1ecbnh<\/td>\n<td class=\"et4\" colspan=\"4\">1,85kg<\/td>\n<\/tr>\n<\/tbody>\n<\/table>","protected":false},"excerpt":{"rendered":"<ul>\n<li>M\u00e1y th\u1ee7y b\u00ecnh t\u1ef1 \u0111\u1ed9ng quang h\u1ecdc MA-DH32\/DH36 mang l\u1ea1i hi\u1ec7u su\u1ea5t chuy\u00ean nghi\u1ec7p cho nhi\u1ec1u nhi\u1ec7m v\u1ee5 kh\u1ea3o s\u00e1t kh\u00e1c nhau.<\/li>\n<li>L\u00e0 thi\u1ebft b\u1ecb \u0111o \u0111\u1ed9 cao quang h\u1ecdc c\u00f3 \u0111\u1ed9 ch\u00ednh x\u00e1c cao<\/li>\n<li>C\u1ea3 hai \u0111\u1ec1u b\u1ec1n ch\u1eafc v\u00e0 d\u1ec5 s\u1eed d\u1ee5ng, mang l\u1ea1i gi\u00e1 tr\u1ecb v\u01b0\u1ee3t tr\u1ed9i nh\u01b0 m\u1ed9t lo\u1ea1i th\u01b0\u1edbc \u0111o \u0111\u1ed9 nghi\u00eang t\u1ef1 \u0111\u1ed9ng ch\u1ea5t l\u01b0\u1ee3ng cao \u0111ang \u0111\u01b0\u1ee3c b\u00e1n tr\u00ean th\u1ecb tr\u01b0\u1eddng.<\/li>\n<\/ul>","protected":false},"featured_media":1894,"comment_status":"open","ping_status":"closed","template":"","meta":[],"product_brand":[],"product_cat":[15,140],"product_tag":[],"class_list":{"0":"post-543","1":"product","2":"type-product","3":"status-publish","4":"has-post-thumbnail","6":"product_cat-surveying-instrument","7":"product_cat-automatic-level","9":"first","10":"instock","11":"shipping-taxable","12":"product-type-simple"},"_links":{"self":[{"href":"https:\/\/mountlaser.com\/vi\/wp-json\/wp\/v2\/product\/543","targetHints":{"allow":["GET"]}}],"collection":[{"href":"https:\/\/mountlaser.com\/vi\/wp-json\/wp\/v2\/product"}],"about":[{"href":"https:\/\/mountlaser.com\/vi\/wp-json\/wp\/v2\/types\/product"}],"replies":[{"embeddable":true,"href":"https:\/\/mountlaser.com\/vi\/wp-json\/wp\/v2\/comments?post=543"}],"wp:featuredmedia":[{"embeddable":true,"href":"https:\/\/mountlaser.com\/vi\/wp-json\/wp\/v2\/media\/1894"}],"wp:attachment":[{"href":"https:\/\/mountlaser.com\/vi\/wp-json\/wp\/v2\/media?parent=543"}],"wp:term":[{"taxonomy":"product_brand","embeddable":true,"href":"https:\/\/mountlaser.com\/vi\/wp-json\/wp\/v2\/product_brand?post=543"},{"taxonomy":"product_cat","embeddable":true,"href":"https:\/\/mountlaser.com\/vi\/wp-json\/wp\/v2\/product_cat?post=543"},{"taxonomy":"product_tag","embeddable":true,"href":"https:\/\/mountlaser.com\/vi\/wp-json\/wp\/v2\/product_tag?post=543"}],"curies":[{"name":"trang web","href":"https:\/\/api.w.org\/{rel}","templated":true}]}}