{"id":541,"date":"2024-03-28T08:11:43","date_gmt":"2024-03-28T08:11:43","guid":{"rendered":"https:\/\/startersites.io\/blocksy\/pottery\/?post_type=product&#038;p=541"},"modified":"2025-12-01T02:38:10","modified_gmt":"2025-12-01T02:38:10","slug":"ma-e32-auto-level","status":"publish","type":"product","link":"https:\/\/mountlaser.com\/vi\/san-pham\/ma-e32-auto-level\/","title":{"rendered":"MA-E32 T\u1ef1 \u0111\u1ed9ng c\u00e2n b\u1eb1ng"},"content":{"rendered":"<p>C\u00e1i <a href=\"https:\/\/mountlaser.com\/vi\/\"><strong>MA-E32 T\u1ef1 \u0111\u1ed9ng c\u00e2n b\u1eb1ng<\/strong><\/a> \u0110\u01b0\u1ee3c thi\u1ebft k\u1ebf d\u00e0nh cho c\u00e1c chuy\u00ean gia y\u00eau c\u1ea7u \u0111\u1ed9 ch\u00ednh x\u00e1c v\u00e0 \u0111\u1ed9 b\u1ec1n v\u01b0\u1ee3t tr\u1ed9i trong kh\u1ea3o s\u00e1t cao \u0111\u1ed9 t\u1ef1 \u0111\u1ed9ng. \u0110\u01b0\u1ee3c trang b\u1ecb b\u1ed9 b\u00f9 ti\u00eau chu\u1ea9n Nh\u1eadt B\u1ea3n cho \u0111\u1ed9 \u1ed5n \u0111\u1ecbnh v\u01b0\u1ee3t tr\u1ed9i, thi\u1ebft b\u1ecb n\u00e0y mang l\u1ea1i hi\u1ec7u su\u1ea5t \u0111\u00e1ng tin c\u1eady ngay c\u1ea3 trong \u0111i\u1ec1u ki\u1ec7n kh\u1eafc nghi\u1ec7t. V\u1edbi \u0111\u1ed9 ph\u00f3ng \u0111\u1ea1i 32x, k\u00ednh vi\u1ec5n v\u1ecdng \u1ea3nh th\u1eb3ng \u0111\u1ee9ng v\u00e0 \u0111\u1ed9 l\u1ec7ch chu\u1ea9n \u1ea5n t\u01b0\u1ee3ng 1,0mm tr\u00ean m\u1ed7i km \u0111o k\u00e9p, MA-E32 \u0111\u1ea3m b\u1ea3o c\u00e1c ph\u00e9p \u0111o ch\u00ednh x\u00e1c cho c\u00e1c \u1ee9ng d\u1ee5ng x\u00e2y d\u1ef1ng, k\u1ef9 thu\u1eadt v\u00e0 kh\u1ea3o s\u00e1t \u0111\u1ecba h\u00ecnh. Kh\u1ea3 n\u0103ng ch\u1ed1ng n\u01b0\u1edbc v\u00e0 b\u1ee5i IP66 cao c\u1ea5p khi\u1ebfn n\u00f3 tr\u1edf th\u00e0nh m\u1ed9t trong nh\u1eefng m\u00e1y th\u1ee7y b\u00ecnh t\u1ef1 \u0111\u1ed9ng kh\u1ea3o s\u00e1t m\u1ea1nh m\u1ebd nh\u1ea5t hi\u1ec7n c\u00f3, c\u00f3 kh\u1ea3 n\u0103ng ho\u1ea1t \u0111\u1ed9ng trong m\u00f4i tr\u01b0\u1eddng kh\u1eafc nghi\u1ec7t m\u00e0 c\u00e1c thi\u1ebft b\u1ecb kh\u00e1c c\u00f3 th\u1ec3 g\u1eb7p s\u1ef1 c\u1ed1.<\/p>\n<p>M\u00f4 h\u00ecnh n\u00e0y l\u00e0 m\u1ed9t v\u00ed d\u1ee5 \u0111i\u1ec3n h\u00ecnh cho s\u1ef1 ti\u00ean ti\u1ebfn. <a href=\"https:\/\/mountlaser.com\/vi\/danh-muc-san-pham\/surveying-instrument\/automatic-level\/\"><strong>kh\u1ea3o s\u00e1t \u0111\u1ed9 cao t\u1ef1 \u0111\u1ed9ng<\/strong><\/a> C\u00f4ng ngh\u1ec7 ti\u00ean ti\u1ebfn, v\u1edbi b\u1ed9 b\u00f9 gi\u1ea3m ch\u1ea5n t\u1eeb t\u00ednh treo d\u00e2y h\u00ecnh ch\u1eef X c\u00f3 sai s\u1ed1 \u22640,4\u201d gi\u00fap thi\u1ebft l\u1eadp nhanh ch\u00f3ng v\u00e0 ch\u00ednh x\u00e1c. \u0110\u1ed1i v\u1edbi c\u00e1c nh\u00e0 kh\u1ea3o s\u00e1t \u0111ang t\u00ecm ki\u1ebfm m\u00e1y th\u1ee7y b\u00ecnh t\u1ef1 \u0111\u1ed9ng hi\u1ec7u su\u1ea5t cao, MA-E32 mang \u0111\u1ebfn s\u1ef1 c\u00e2n b\u1eb1ng ho\u00e0n h\u1ea3o gi\u1eefa \u0111\u1ed9 r\u00f5 n\u00e9t quang h\u1ecdc, \u0111\u1ed9 b\u1ec1n v\u00e0 d\u1ec5 s\u1eed d\u1ee5ng, tr\u1edf th\u00e0nh l\u1ef1a ch\u1ecdn l\u00fd t\u01b0\u1edfng cho c\u00e1c d\u1ef1 \u00e1n quan tr\u1ecdng.<\/p>\n<p><img fetchpriority=\"high\" decoding=\"async\" class=\"aligncenter wp-image-1900\" src=\"https:\/\/mountlaser.com\/wp-content\/uploads\/2024\/03\/MA-E325.webp\" alt=\"Automatic level surveying\" width=\"500\" height=\"500\" srcset=\"https:\/\/mountlaser.com\/wp-content\/uploads\/2024\/03\/MA-E325.webp 1000w, https:\/\/mountlaser.com\/wp-content\/uploads\/2024\/03\/MA-E325-300x300.webp 300w, https:\/\/mountlaser.com\/wp-content\/uploads\/2024\/03\/MA-E325-400x400.webp 400w, https:\/\/mountlaser.com\/wp-content\/uploads\/2024\/03\/MA-E325-800x800.webp 800w, https:\/\/mountlaser.com\/wp-content\/uploads\/2024\/03\/MA-E325-600x600.webp 600w, https:\/\/mountlaser.com\/wp-content\/uploads\/2024\/03\/MA-E325-150x150.webp 150w, https:\/\/mountlaser.com\/wp-content\/uploads\/2024\/03\/MA-E325-768x768.webp 768w, https:\/\/mountlaser.com\/wp-content\/uploads\/2024\/03\/MA-E325-12x12.webp 12w\" sizes=\"(max-width: 500px) 100vw, 500px\" \/><\/p>\n<p>&nbsp;<\/p>\n<p><strong><a href=\"https:\/\/mountlaser.com\/vi\/about-us\/\">MA-E32 T\u1ef1 \u0111\u1ed9ng c\u00e2n b\u1eb1ng<\/a> Th\u00f4ng s\u1ed1 k\u1ef9 thu\u1eadt<\/strong><\/p>\n<table style=\"border-collapse: collapse; width: 631.52pt;\" border=\"0\" width=\"842\" cellspacing=\"0\" cellpadding=\"0\">\n<tbody>\n<tr style=\"height: 14.25pt;\">\n<td class=\"et2\" style=\"height: 14.25pt; width: 322.50pt;\" width=\"430\" height=\"19\">M\u00e3 s\u1ed1 s\u1ea3n ph\u1ea9m.<\/td>\n<td class=\"et3\" style=\"width: 309.00pt;\" width=\"412\">MA-E32<\/td>\n<\/tr>\n<tr style=\"height: 14.25pt;\">\n<td class=\"et4\" style=\"height: 14.25pt;\" height=\"19\">Kho\u1ea3ng c\u00e1ch l\u00e0m vi\u1ec7c<\/td>\n<td class=\"et5\">60m<\/td>\n<\/tr>\n<tr style=\"height: 14.25pt;\">\n<td class=\"et4\" style=\"height: 14.25pt;\" height=\"19\">\u0110\u1ed9 l\u1ec7ch chu\u1ea9n cho c\u1ef1 ly ch\u1ea1y \u0111\u00f4i 1km<\/td>\n<td class=\"et5\">1.0mm<\/td>\n<\/tr>\n<tr style=\"height: 14.25pt;\">\n<td class=\"et4\" style=\"height: 14.25pt;\" height=\"19\">\u0110\u1ed9 ph\u00f3ng \u0111\u1ea1i c\u1ee7a k\u00ednh thi\u00ean v\u0103n<\/td>\n<td class=\"et5\">32X<\/td>\n<\/tr>\n<tr style=\"height: 14.25pt;\">\n<td class=\"et4\" style=\"height: 14.25pt;\" height=\"19\">H\u00ecnh \u1ea3nh k\u00ednh thi\u00ean v\u0103n<\/td>\n<td class=\"et5\">D\u1ef1ng l\u00ean<\/td>\n<\/tr>\n<tr style=\"height: 14.25pt;\">\n<td class=\"et4\" style=\"height: 14.25pt;\" height=\"19\">Kho\u1ea3ng c\u00e1ch l\u1ea5y n\u00e9t ng\u1eafn nh\u1ea5t<\/td>\n<td class=\"et5\">0,5m<\/td>\n<\/tr>\n<tr style=\"height: 14.25pt;\">\n<td class=\"et4\" style=\"height: 14.25pt;\" height=\"19\">Sai s\u1ed1 kho\u1ea3ng c\u00e1ch quan s\u00e1t<\/td>\n<td class=\"et5\">\u2264\u00b10,4%<\/td>\n<\/tr>\n<tr style=\"height: 14.25pt;\">\n<td class=\"et4\" style=\"height: 14.25pt;\" height=\"19\">K\u00edch th\u01b0\u1edbc kh\u1ea9u \u0111\u1ed9 hi\u1ec7u d\u1ee5ng c\u1ee7a th\u1ea5u k\u00ednh v\u1eadt k\u00ednh<\/td>\n<td class=\"et5\">36mm<\/td>\n<\/tr>\n<tr style=\"height: 14.25pt;\">\n<td class=\"et4\" style=\"height: 14.25pt;\" height=\"19\">L\u1ed7i l\u1ea5y n\u00e9t<\/td>\n<td class=\"et5\">\u22641mm<\/td>\n<\/tr>\n<tr style=\"height: 14.25pt;\">\n<td class=\"et4\" style=\"height: 14.25pt;\" height=\"19\">Lo\u1ea1i b\u1ed9 b\u00f9<\/td>\n<td class=\"et5\">H\u1ec7 th\u1ed1ng treo d\u00e2y h\u00ecnh ch\u1eef X v\u1edbi gi\u1ea3m ch\u1ea5n t\u1eeb t\u00ednh<\/td>\n<\/tr>\n<tr style=\"height: 14.25pt;\">\n<td class=\"et4\" style=\"height: 14.25pt;\" height=\"19\">Sai s\u1ed1 b\u00f9 tr\u1eeb<\/td>\n<td class=\"et5\">\u22640,4\u201d<\/td>\n<\/tr>\n<tr style=\"height: 14.25pt;\">\n<td class=\"et4\" style=\"height: 14.25pt;\" height=\"19\">T\u00e2m ng\u1eafm<\/td>\n<td class=\"et5\">H\u00ecnh n\u00eam<\/td>\n<\/tr>\n<tr style=\"height: 14.25pt;\">\n<td class=\"et4\" style=\"height: 14.25pt;\" height=\"19\">\u0110\u1ed9 ch\u00ednh x\u00e1c c\u00e0i \u0111\u1eb7t<\/td>\n<td class=\"et5\">\u00b10,3\u201d<\/td>\n<\/tr>\n<tr style=\"height: 14.25pt;\">\n<td class=\"et4\" style=\"height: 14.25pt;\" height=\"19\">Ch\u1ed1ng n\u01b0\u1edbc v\u00e0 b\u1ee5i<\/td>\n<td class=\"et5\">\u0110\u1ea1t chu\u1ea9n ch\u1ed1ng n\u01b0\u1edbc IP66 c\u1ea5p \u0111\u1ed9 cao.<\/td>\n<\/tr>\n<tr style=\"height: 14.25pt;\">\n<td class=\"et4\" style=\"height: 14.25pt;\" height=\"19\">Ph\u1ee5 ki\u1ec7n ti\u00eau chu\u1ea9n<\/td>\n<td class=\"et5\">Qu\u1ea3 c\u00e2n th\u1eb3ng \u0111\u1ee9ng, lo\u1ea1i \u0111i\u1ec1u ch\u1ec9nh b\u1eb1ng tay, c\u00f3 ch\u1ed1t \u0111i\u1ec1u ch\u1ec9nh, h\u1ed9p nh\u1ef1a.<\/td>\n<\/tr>\n<tr style=\"height: 14.25pt;\">\n<td class=\"et6\" style=\"height: 14.25pt;\" height=\"19\">Tr\u1ecdng l\u01b0\u1ee3ng t\u1ecbnh<\/td>\n<td class=\"et7\">1,7 kg<\/td>\n<\/tr>\n<\/tbody>\n<\/table>","protected":false},"excerpt":{"rendered":"<ul>\n<li>H\u1ec7 th\u1ed1ng quang h\u1ecdc \u0111\u1ed9 ch\u00ednh x\u00e1c cao: K\u00ednh vi\u1ec5n v\u1ecdng th\u1eb3ng \u0111\u1ee9ng v\u1edbi \u0111\u1ed9 ph\u00f3ng \u0111\u1ea1i 32x v\u00e0 sai s\u1ed1 kho\u1ea3ng c\u00e1ch quan s\u00e1t \u2264\u00b10,4%.<\/li>\n<li>B\u1ed9 b\u00f9 n\u00e2ng cao: H\u1ec7 th\u1ed1ng gi\u1ea3m ch\u1ea5n t\u1eeb t\u00ednh treo d\u00e2y h\u00ecnh ch\u1eef X (sai s\u1ed1 \u22640,4\u201d).<\/li>\n<li>Thi\u1ebft k\u1ebf ti\u1ec7n d\u1ee5ng: Bao g\u1ed3m d\u00e2y d\u1ecdi, s\u00e1ch h\u01b0\u1edbng d\u1eabn, ch\u1ed1t \u0111i\u1ec1u ch\u1ec9nh v\u00e0 h\u1ed9p \u0111\u1ef1ng \u0111\u1ec3 s\u1eed d\u1ee5ng hi\u1ec7u qu\u1ea3 ngo\u00e0i hi\u1ec7n tr\u01b0\u1eddng.<\/li>\n<\/ul>","protected":false},"featured_media":1898,"comment_status":"open","ping_status":"closed","template":"","meta":[],"product_brand":[],"product_cat":[15,140],"product_tag":[],"class_list":{"0":"post-541","1":"product","2":"type-product","3":"status-publish","4":"has-post-thumbnail","6":"product_cat-surveying-instrument","7":"product_cat-automatic-level","9":"first","10":"instock","11":"shipping-taxable","12":"product-type-simple"},"_links":{"self":[{"href":"https:\/\/mountlaser.com\/vi\/wp-json\/wp\/v2\/product\/541","targetHints":{"allow":["GET"]}}],"collection":[{"href":"https:\/\/mountlaser.com\/vi\/wp-json\/wp\/v2\/product"}],"about":[{"href":"https:\/\/mountlaser.com\/vi\/wp-json\/wp\/v2\/types\/product"}],"replies":[{"embeddable":true,"href":"https:\/\/mountlaser.com\/vi\/wp-json\/wp\/v2\/comments?post=541"}],"wp:featuredmedia":[{"embeddable":true,"href":"https:\/\/mountlaser.com\/vi\/wp-json\/wp\/v2\/media\/1898"}],"wp:attachment":[{"href":"https:\/\/mountlaser.com\/vi\/wp-json\/wp\/v2\/media?parent=541"}],"wp:term":[{"taxonomy":"product_brand","embeddable":true,"href":"https:\/\/mountlaser.com\/vi\/wp-json\/wp\/v2\/product_brand?post=541"},{"taxonomy":"product_cat","embeddable":true,"href":"https:\/\/mountlaser.com\/vi\/wp-json\/wp\/v2\/product_cat?post=541"},{"taxonomy":"product_tag","embeddable":true,"href":"https:\/\/mountlaser.com\/vi\/wp-json\/wp\/v2\/product_tag?post=541"}],"curies":[{"name":"trang web","href":"https:\/\/api.w.org\/{rel}","templated":true}]}}