{"id":538,"date":"2024-03-28T08:06:48","date_gmt":"2024-03-28T08:06:48","guid":{"rendered":"https:\/\/startersites.io\/blocksy\/pottery\/?post_type=product&#038;p=538"},"modified":"2025-12-01T03:22:35","modified_gmt":"2025-12-01T03:22:35","slug":"ma-k32-k40-auto-level","status":"publish","type":"product","link":"https:\/\/mountlaser.com\/vi\/san-pham\/ma-k32-k40-auto-level\/","title":{"rendered":"MA-K32\/ K40 T\u1ef1 \u0111\u1ed9ng c\u00e2n b\u1eb1ng"},"content":{"rendered":"<p>C\u00e1i <a href=\"https:\/\/mountlaser.com\/vi\/\"><strong>MA-K32\/K40 T\u1ef1 \u0111\u1ed9ng c\u00e2n b\u1eb1ng<\/strong><\/a> C\u00e1c s\u1ea3n ph\u1ea9m c\u1ee7a Mountlaser \u0111\u1ea1i di\u1ec7n cho \u0111\u1ec9nh cao c\u1ee7a k\u1ef9 thu\u1eadt ch\u00ednh x\u00e1c d\u00e0nh cho c\u00e1c nh\u00e0 kh\u1ea3o s\u00e1t chuy\u00ean nghi\u1ec7p. \u0110\u01b0\u1ee3c thi\u1ebft k\u1ebf v\u1edbi h\u1ec7 th\u1ed1ng b\u00f9 sai s\u1ed1 \u0111\u1ea1t ti\u00eau chu\u1ea9n Nh\u1eadt B\u1ea3n, c\u00e1c thi\u1ebft b\u1ecb n\u00e0y mang l\u1ea1i \u0111\u1ed9 ch\u00ednh x\u00e1c v\u01b0\u1ee3t tr\u1ed9i v\u1edbi \u0111\u1ed9 l\u1ec7ch chu\u1ea9n 1,0mm tr\u00ean m\u1ed7i km \u0111o k\u00e9p, l\u00fd t\u01b0\u1edfng cho c\u00e1c \u1ee9ng d\u1ee5ng x\u00e2y d\u1ef1ng, k\u1ef9 thu\u1eadt v\u00e0 kh\u1ea3o s\u00e1t \u0111\u1ecba h\u00ecnh \u0111\u00f2i h\u1ecfi \u0111\u1ed9 ch\u00ednh x\u00e1c cao.<br \/>\n<a href=\"https:\/\/mountlaser.com\/vi\/danh-muc-san-pham\/surveying-instrument\/automatic-level\/\">MA-K32\/ K40 T\u1ef1 \u0111\u1ed9ng c\u00e2n b\u1eb1ng<\/a> V\u1edbi c\u00e1c t\u00f9y ch\u1ecdn \u0111\u1ed9 ph\u00f3ng \u0111\u1ea1i 32x (MA-K32) ho\u1eb7c 40x (MA-K40), c\u1ea3 hai m\u1eabu \u0111\u1ec1u c\u00f3 k\u00ednh vi\u1ec5n v\u1ecdng t\u1ea1o \u1ea3nh th\u1eb3ng \u0111\u1ee9ng v\u00e0 b\u1ed9 b\u00f9 gi\u1ea3m ch\u1ea5n t\u1eeb t\u00ednh treo d\u00e2y h\u00ecnh ch\u1eef X ti\u00ean ti\u1ebfn (sai s\u1ed1 \u22640,4\u201d) \u0111\u1ec3 thi\u1ebft l\u1eadp nhanh ch\u00f3ng, \u1ed5n \u0111\u1ecbnh v\u00e0 h\u00ecnh \u1ea3nh s\u1eafc n\u00e9t. Kh\u1ea3 n\u0103ng ch\u1ed1ng n\u01b0\u1edbc IPX6 \u0111\u1ea3m b\u1ea3o \u0111\u1ed9 tin c\u1eady trong nh\u1eefng \u0111i\u1ec1u ki\u1ec7n kh\u1eafc nghi\u1ec7t nh\u1ea5t ngo\u00e0i tr\u1eddi, c\u1ee7ng c\u1ed1 v\u1ecb th\u1ebf c\u1ee7a ch\u00fang l\u00e0 nh\u1eefng chi\u1ebfc th\u01b0\u1edbc th\u1ee7y t\u1ef1 \u0111\u1ed9ng h\u00e0ng \u0111\u1ea7u tr\u00ean th\u1ecb tr\u01b0\u1eddng.<\/p>\n<p>\u0110\u01b0\u1ee3c ch\u1ebf t\u1ea1o \u0111\u1ec3 \u0111\u00e1p \u1ee9ng nhu c\u1ea7u c\u1ee7a c\u00e1c chuy\u00ean gia kh\u1ea3o s\u00e1t hi\u1ec7n \u0111\u1ea1i, nh\u1eefng thi\u1ebft b\u1ecb n\u00e0y...<a href=\"https:\/\/mountlaser.com\/vi\/contact-us\/\"><strong> m\u00e1y \u0111o \u0111\u1ed9 cao t\u1ef1 \u0111\u1ed9ng<\/strong> <\/a>K\u1ebft h\u1ee3p \u0111\u1ed9 b\u1ec1n ch\u1eafc ch\u1eafn v\u1edbi thao t\u00e1c d\u1ec5 d\u00e0ng s\u1eed d\u1ee5ng. \u0110\u1ed1i v\u1edbi nh\u1eefng ai \u0111ang t\u00ecm ki\u1ebfm hi\u1ec7u su\u1ea5t v\u00e0 \u0111\u1ed9 b\u1ec1n v\u01b0\u1ee3t tr\u1ed9i \u1edf m\u00e1y th\u1ee7y b\u00ecnh t\u1ef1 \u0111\u1ed9ng, d\u00f2ng MA-K mang \u0111\u1ebfn gi\u00e1 tr\u1ecb v\u00e0 \u0111\u1ed9 ch\u00ednh x\u00e1c v\u00f4 song cho b\u1ea5t k\u1ef3 d\u1ef1 \u00e1n \u0111\u1ea7y th\u00e1ch th\u1ee9c n\u00e0o.<\/p>\n<p><img fetchpriority=\"high\" decoding=\"async\" class=\"aligncenter wp-image-1907\" src=\"https:\/\/mountlaser.com\/wp-content\/uploads\/2024\/03\/MA-K326.webp\" alt=\"surveyors automatic levels\" width=\"500\" height=\"500\" srcset=\"https:\/\/mountlaser.com\/wp-content\/uploads\/2024\/03\/MA-K326.webp 1000w, https:\/\/mountlaser.com\/wp-content\/uploads\/2024\/03\/MA-K326-300x300.webp 300w, https:\/\/mountlaser.com\/wp-content\/uploads\/2024\/03\/MA-K326-400x400.webp 400w, https:\/\/mountlaser.com\/wp-content\/uploads\/2024\/03\/MA-K326-800x800.webp 800w, https:\/\/mountlaser.com\/wp-content\/uploads\/2024\/03\/MA-K326-600x600.webp 600w, https:\/\/mountlaser.com\/wp-content\/uploads\/2024\/03\/MA-K326-150x150.webp 150w, https:\/\/mountlaser.com\/wp-content\/uploads\/2024\/03\/MA-K326-768x768.webp 768w, https:\/\/mountlaser.com\/wp-content\/uploads\/2024\/03\/MA-K326-12x12.webp 12w\" sizes=\"(max-width: 500px) 100vw, 500px\" \/><\/p>\n<p>&nbsp;<\/p>\n<p><strong><a href=\"https:\/\/mountlaser.com\/vi\/about-us\/\">MA-K32\/ K40 T\u1ef1 \u0111\u1ed9ng c\u00e2n b\u1eb1ng<\/a> Th\u00f4ng s\u1ed1 k\u1ef9 thu\u1eadt<\/strong><\/p>\n<table style=\"border-collapse: collapse; width: 589.52pt;\" border=\"0\" width=\"786\" cellspacing=\"0\" cellpadding=\"0\">\n<tbody>\n<tr style=\"height: 14.25pt;\">\n<td class=\"et2\" style=\"height: 14.25pt; width: 207.75pt;\" width=\"277\" height=\"19\">M\u00e3 s\u1ed1 s\u1ea3n ph\u1ea9m.<\/td>\n<td class=\"et2\" style=\"width: 185.25pt;\" width=\"247\">MA-K32<\/td>\n<td class=\"et3\" style=\"width: 196.50pt;\" width=\"262\">MA-K40<\/td>\n<\/tr>\n<tr style=\"height: 14.25pt;\">\n<td class=\"et2\" style=\"height: 14.25pt;\" height=\"19\">Kho\u1ea3ng c\u00e1ch l\u00e0m vi\u1ec7c<\/td>\n<td class=\"et4\" colspan=\"2\">60m<\/td>\n<\/tr>\n<tr style=\"height: 14.25pt;\">\n<td class=\"et2\" style=\"height: 14.25pt;\" height=\"19\">\u0110\u1ed9 l\u1ec7ch chu\u1ea9n cho c\u1ef1 ly ch\u1ea1y \u0111\u00f4i 1km<\/td>\n<td class=\"et4\" colspan=\"2\">1.0mm<\/td>\n<\/tr>\n<tr style=\"height: 14.25pt;\">\n<td class=\"et2\" style=\"height: 14.25pt;\" height=\"19\">\u0110\u1ed9 ph\u00f3ng \u0111\u1ea1i c\u1ee7a k\u00ednh thi\u00ean v\u0103n<\/td>\n<td class=\"et2\">32X<\/td>\n<td class=\"et3\">40 l\u1ea7n<\/td>\n<\/tr>\n<tr style=\"height: 14.25pt;\">\n<td class=\"et2\" style=\"height: 14.25pt;\" height=\"19\">H\u00ecnh \u1ea3nh k\u00ednh thi\u00ean v\u0103n<\/td>\n<td class=\"et4\" colspan=\"2\">D\u1ef1ng l\u00ean<\/td>\n<\/tr>\n<tr style=\"height: 14.25pt;\">\n<td class=\"et2\" style=\"height: 14.25pt;\" height=\"19\">Kho\u1ea3ng c\u00e1ch l\u1ea5y n\u00e9t ng\u1eafn nh\u1ea5t<\/td>\n<td class=\"et4\" colspan=\"2\">0,5m<\/td>\n<\/tr>\n<tr style=\"height: 14.25pt;\">\n<td class=\"et2\" style=\"height: 14.25pt;\" height=\"19\">Sai s\u1ed1 kho\u1ea3ng c\u00e1ch quan s\u00e1t<\/td>\n<td class=\"et4\" colspan=\"2\">\u2264\u00b10,4%<\/td>\n<\/tr>\n<tr style=\"height: 14.25pt;\">\n<td class=\"et2\" style=\"height: 14.25pt;\" height=\"19\">K\u00edch th\u01b0\u1edbc kh\u1ea9u \u0111\u1ed9 hi\u1ec7u d\u1ee5ng c\u1ee7a th\u1ea5u k\u00ednh v\u1eadt k\u00ednh<\/td>\n<td class=\"et4\" colspan=\"2\">40mm<\/td>\n<\/tr>\n<tr style=\"height: 14.25pt;\">\n<td class=\"et2\" style=\"height: 14.25pt;\" height=\"19\">L\u1ed7i l\u1ea5y n\u00e9t<\/td>\n<td class=\"et4\" colspan=\"2\">\u22641mm<\/td>\n<\/tr>\n<tr style=\"height: 14.25pt;\">\n<td class=\"et2\" style=\"height: 14.25pt;\" height=\"19\">Lo\u1ea1i b\u1ed9 b\u00f9<\/td>\n<td class=\"et4\" colspan=\"2\">H\u1ec7 th\u1ed1ng treo d\u00e2y h\u00ecnh ch\u1eef X v\u1edbi gi\u1ea3m ch\u1ea5n t\u1eeb t\u00ednh<\/td>\n<\/tr>\n<tr style=\"height: 14.25pt;\">\n<td class=\"et2\" style=\"height: 14.25pt;\" height=\"19\">Sai s\u1ed1 b\u00f9 tr\u1eeb<\/td>\n<td class=\"et4\" colspan=\"2\">\u22640,4\u201d<\/td>\n<\/tr>\n<tr style=\"height: 14.25pt;\">\n<td class=\"et2\" style=\"height: 14.25pt;\" height=\"19\">T\u00e2m ng\u1eafm<\/td>\n<td class=\"et4\" colspan=\"2\">H\u00ecnh n\u00eam<\/td>\n<\/tr>\n<tr style=\"height: 14.25pt;\">\n<td class=\"et2\" style=\"height: 14.25pt;\" height=\"19\">\u0110\u1ed9 ch\u00ednh x\u00e1c c\u00e0i \u0111\u1eb7t<\/td>\n<td class=\"et4\" colspan=\"2\">\u00b10,3\u201d<\/td>\n<\/tr>\n<tr style=\"height: 14.25pt;\">\n<td class=\"et2\" style=\"height: 14.25pt;\" height=\"19\">Ch\u1ed1ng n\u01b0\u1edbc v\u00e0 b\u1ee5i<\/td>\n<td class=\"et4\" colspan=\"2\">IPX6<\/td>\n<\/tr>\n<tr style=\"height: 14.25pt;\">\n<td class=\"et2\" style=\"height: 14.25pt;\" height=\"19\">Ph\u1ee5 ki\u1ec7n ti\u00eau chu\u1ea9n<\/td>\n<td class=\"et4\" colspan=\"2\">Qu\u1ea3 c\u00e2n th\u1eb3ng \u0111\u1ee9ng, lo\u1ea1i \u0111i\u1ec1u ch\u1ec9nh b\u1eb1ng tay, c\u00f3 ch\u1ed1t \u0111i\u1ec1u ch\u1ec9nh, h\u1ed9p nh\u1ef1a.<\/td>\n<\/tr>\n<tr style=\"height: 14.25pt;\">\n<td class=\"et6\" style=\"height: 14.25pt;\" height=\"19\">Tr\u1ecdng l\u01b0\u1ee3ng t\u1ecbnh<\/td>\n<td class=\"et7\" colspan=\"2\">1,8 kg<\/td>\n<\/tr>\n<\/tbody>\n<\/table>","protected":false},"excerpt":{"rendered":"<ul>\n<li>\u0110\u1ed9 ch\u00ednh x\u00e1c v\u01b0\u1ee3t tr\u1ed9i: \u0110\u1ed9 l\u1ec7ch chu\u1ea9n 1,0mm tr\u00ean m\u1ed7i km khi \u0111o hai l\u1ea7n \u0111\u1ea3m b\u1ea3o k\u1ebft qu\u1ea3 \u0111\u1ea1t ti\u00eau chu\u1ea9n kh\u1ea3o s\u00e1t.<\/li>\n<li>B\u1ed9 b\u00f9 n\u00e2ng cao: H\u1ec7 th\u1ed1ng treo d\u00e2y h\u00ecnh ch\u1eef X ki\u1ec3u Nh\u1eadt B\u1ea3n v\u1edbi gi\u1ea3m ch\u1ea5n t\u1eeb t\u00ednh (sai s\u1ed1 \u22640,4\u201d).<\/li>\n<li>\u0110\u1ed9 b\u1ec1n b\u1ec9 trong m\u1ecdi \u0111i\u1ec1u ki\u1ec7n th\u1eddi ti\u1ebft: Chu\u1ea9n ch\u1ed1ng n\u01b0\u1edbc IPX6 b\u1ea3o v\u1ec7 s\u1ea3n ph\u1ea9m kh\u1ecfi m\u01b0a l\u1edbn v\u00e0 b\u1ee5i b\u1ea9n.<\/li>\n<li>B\u1ed9 ph\u1ee5 ki\u1ec7n chuy\u00ean nghi\u1ec7p: Bao g\u1ed3m d\u00e2y d\u1ecdi, s\u00e1ch h\u01b0\u1edbng d\u1eabn, ch\u1ed1t \u0111i\u1ec1u ch\u1ec9nh v\u00e0 h\u1ed9p \u0111\u1ef1ng b\u1eb1ng nh\u1ef1a b\u1ec1n ch\u1eafc.<\/li>\n<\/ul>","protected":false},"featured_media":1903,"comment_status":"open","ping_status":"closed","template":"","meta":[],"product_brand":[],"product_cat":[15,140],"product_tag":[],"class_list":{"0":"post-538","1":"product","2":"type-product","3":"status-publish","4":"has-post-thumbnail","6":"product_cat-surveying-instrument","7":"product_cat-automatic-level","9":"first","10":"instock","11":"shipping-taxable","12":"product-type-simple"},"_links":{"self":[{"href":"https:\/\/mountlaser.com\/vi\/wp-json\/wp\/v2\/product\/538","targetHints":{"allow":["GET"]}}],"collection":[{"href":"https:\/\/mountlaser.com\/vi\/wp-json\/wp\/v2\/product"}],"about":[{"href":"https:\/\/mountlaser.com\/vi\/wp-json\/wp\/v2\/types\/product"}],"replies":[{"embeddable":true,"href":"https:\/\/mountlaser.com\/vi\/wp-json\/wp\/v2\/comments?post=538"}],"wp:featuredmedia":[{"embeddable":true,"href":"https:\/\/mountlaser.com\/vi\/wp-json\/wp\/v2\/media\/1903"}],"wp:attachment":[{"href":"https:\/\/mountlaser.com\/vi\/wp-json\/wp\/v2\/media?parent=538"}],"wp:term":[{"taxonomy":"product_brand","embeddable":true,"href":"https:\/\/mountlaser.com\/vi\/wp-json\/wp\/v2\/product_brand?post=538"},{"taxonomy":"product_cat","embeddable":true,"href":"https:\/\/mountlaser.com\/vi\/wp-json\/wp\/v2\/product_cat?post=538"},{"taxonomy":"product_tag","embeddable":true,"href":"https:\/\/mountlaser.com\/vi\/wp-json\/wp\/v2\/product_tag?post=538"}],"curies":[{"name":"trang web","href":"https:\/\/api.w.org\/{rel}","templated":true}]}}