{"id":5358,"date":"2025-12-04T09:22:41","date_gmt":"2025-12-04T09:22:41","guid":{"rendered":"https:\/\/mountlaser.com\/?post_type=product&#038;p=5358"},"modified":"2025-12-12T08:09:26","modified_gmt":"2025-12-12T08:09:26","slug":"cm01-crack-monitor","status":"publish","type":"product","link":"https:\/\/mountlaser.com\/vi\/san-pham\/cm01-crack-monitor\/","title":{"rendered":"M\u00e0n h\u00ecnh CM01 Crack"},"content":{"rendered":"<p data-start=\"179\" data-end=\"744\">C\u00e1i <a href=\"https:\/\/mountlaser.com\/vi\/\"><strong data-start=\"183\" data-end=\"205\">M\u00e0n h\u00ecnh CM01 Crack<\/strong><\/a> \u0110\u00e2y l\u00e0 m\u1ed9t thi\u1ebft b\u1ecb \u0111o \u0111\u01b0\u1ee3c ch\u1ebf t\u1ea1o ch\u00ednh x\u00e1c, \u0111\u01b0\u1ee3c thi\u1ebft k\u1ebf \u0111\u1ec3 theo d\u00f5i ch\u00ednh x\u00e1c chuy\u1ec3n \u0111\u1ed9ng k\u1ebft c\u1ea5u trong c\u00e1c t\u00f2a nh\u00e0, t\u01b0\u1eddng, c\u1ea7u v\u00e0 c\u00e1c b\u1ec1 m\u1eb7t quan tr\u1ecdng kh\u00e1c. L\u00e0 m\u1ed9t thi\u1ebft b\u1ecb \u0111\u00e1ng tin c\u1eady, n\u00f3 \u0111\u01b0\u1ee3c s\u1eed d\u1ee5ng r\u1ed9ng r\u00e3i. <a href=\"https:\/\/mountlaser.com\/vi\/danh-muc-san-pham\/surveying-accessory\/\"><strong data-start=\"360\" data-end=\"386\">Gi\u00e1m s\u00e1t v\u1ebft n\u1ee9t ti\u00eau chu\u1ea9n<\/strong><\/a>, Thi\u1ebft b\u1ecb n\u00e0y c\u00f3 hai t\u1ea5m ch\u1ed3ng l\u00ean nhau\u2014m\u1ed9t t\u1ea5m trong su\u1ed1t v\u1edbi con tr\u1ecf h\u00ecnh ch\u1eef th\u1eadp m\u1ea3nh v\u00e0 m\u1ed9t t\u1ea5m kh\u00e1c \u0111\u01b0\u1ee3c hi\u1ec7u chu\u1ea9n theo milim\u00e9t\u2014cho ph\u00e9p c\u00e1c chuy\u00ean gia \u0111o l\u01b0\u1eddng ngay c\u1ea3 nh\u1eefng thay \u0111\u1ed5i nh\u1ecf nh\u1ea5t m\u1ed9t c\u00e1ch ch\u00ednh x\u00e1c. Cho d\u00f9 \u0111\u01b0\u1ee3c s\u1eed d\u1ee5ng \u0111\u1ec3 gi\u00e1m s\u00e1t l\u00e2u d\u00e0i hay ki\u1ec3m tra \u0111\u1ecbnh k\u1ef3, M\u00e1y \u0111o v\u1ebft n\u1ee9t CM01 \u0111\u1ec1u mang l\u1ea1i hi\u1ec7u su\u1ea5t \u0111\u00e1ng tin c\u1eady trong c\u1ea3 m\u00f4i tr\u01b0\u1eddng trong nh\u00e0 v\u00e0 ngo\u00e0i tr\u1eddi.<\/p>\n<p data-start=\"179\" data-end=\"744\"><img fetchpriority=\"high\" decoding=\"async\" class=\"aligncenter wp-image-5360\" src=\"https:\/\/mountlaser.com\/wp-content\/uploads\/2025\/12\/\u4e3b\u56fe2.webp\" alt=\"CM01 Crack Monitor\" width=\"500\" height=\"500\" srcset=\"https:\/\/mountlaser.com\/wp-content\/uploads\/2025\/12\/\u4e3b\u56fe2.webp 800w, https:\/\/mountlaser.com\/wp-content\/uploads\/2025\/12\/\u4e3b\u56fe2-300x300.webp 300w, https:\/\/mountlaser.com\/wp-content\/uploads\/2025\/12\/\u4e3b\u56fe2-150x150.webp 150w, https:\/\/mountlaser.com\/wp-content\/uploads\/2025\/12\/\u4e3b\u56fe2-768x768.webp 768w, https:\/\/mountlaser.com\/wp-content\/uploads\/2025\/12\/\u4e3b\u56fe2-12x12.webp 12w, https:\/\/mountlaser.com\/wp-content\/uploads\/2025\/12\/\u4e3b\u56fe2-600x600.webp 600w, https:\/\/mountlaser.com\/wp-content\/uploads\/2025\/12\/\u4e3b\u56fe2-400x400.webp 400w\" sizes=\"(max-width: 500px) 100vw, 500px\" \/><\/p>\n<p data-start=\"746\" data-end=\"1250\">D\u1ec5 d\u00e0ng l\u1eafp \u0111\u1eb7t b\u1eb1ng c\u00e1c v\u00edt \u0111\u01b0\u1ee3c cung c\u1ea5p v\u00e0 t\u01b0\u01a1ng th\u00edch v\u1edbi ch\u1ea5t k\u1ebft d\u00ednh (kh\u00f4ng bao g\u1ed3m), M\u00e1y \u0111o v\u1ebft n\u1ee9t ti\u00eau chu\u1ea9n \u0111\u1ea3m b\u1ea3o l\u1eafp \u0111\u1eb7t ch\u1eafc ch\u1eafn \u0111\u1ec3 c\u00f3 \u0111\u01b0\u1ee3c c\u00e1c k\u1ebft qu\u1ea3 \u0111o nh\u1ea5t qu\u00e1n v\u00e0 l\u1eb7p l\u1ea1i. M\u1ed7i M\u00e1y \u0111o v\u1ebft n\u1ee9t CM01 bao g\u1ed3m h\u01b0\u1edbng d\u1eabn l\u1eafp \u0111\u1eb7t chi ti\u1ebft v\u00e0 b\u1ea3ng ghi v\u1ebft n\u1ee9t, t\u1ea1o n\u00ean m\u1ed9t gi\u1ea3i ph\u00e1p ho\u00e0n ch\u1ec9nh cho c\u00e1c k\u1ef9 s\u01b0, nh\u00e0 kh\u1ea3o s\u00e1t v\u00e0 thanh tra x\u00e2y d\u1ef1ng. D\u00e0nh cho c\u00e1c chuy\u00ean gia d\u1ef1a v\u00e0o \u0111\u1ed9 ch\u00ednh x\u00e1c c\u1ee7a k\u1ebft qu\u1ea3 \u0111o. <a href=\"https:\/\/mountlaser.com\/vi\/contact-us\/\">Gi\u00e1m s\u00e1t v\u1ebft n\u1ee9t ti\u00eau chu\u1ea9n<\/a>, M\u1eabu s\u1ea3n ph\u1ea9m n\u00e0y mang l\u1ea1i \u0111\u1ed9 b\u1ec1n, \u0111\u1ed9 r\u00f5 n\u00e9t v\u00e0 \u0111\u1ed9 ch\u00ednh x\u00e1c \u0111o l\u01b0\u1eddng cao.<\/p>","protected":false},"excerpt":{"rendered":"<ul>\n<li>\u0110o l\u01b0\u1eddng v\u00e0 theo d\u00f5i s\u1ef1 di chuy\u1ec3n c\u1ee7a v\u1ebft n\u1ee9t theo th\u1eddi gian.<\/li>\n<li>Cung c\u1ea5p c\u00e1c ch\u1ec9 s\u1ed1 ch\u00ednh x\u00e1c \u0111\u1ebfn t\u1eebng milim\u00e9t.<\/li>\n<li>H\u1ed7 tr\u1ee3 \u0111\u00e1nh gi\u00e1 c\u1ea5u tr\u00fac v\u00e0 ki\u1ec3m tra an to\u00e0n.<\/li>\n<li>Th\u01b0\u1edbc \u0111o ch\u00ednh x\u00e1c v\u1edbi c\u00e1c t\u1ea5m trong su\u1ed1t v\u00e0 \u0111\u01b0\u1ee3c hi\u1ec7u chu\u1ea9n ch\u1ed3ng l\u00ean nhau.<\/li>\n<li>Con tr\u1ecf t\u00e2m ch\u1eef th\u1eadp m\u1ea3nh gi\u00fap \u0111o l\u01b0\u1eddng r\u00f5 r\u00e0ng v\u00e0 ch\u00ednh x\u00e1c.<\/li>\n<li>L\u1eafp \u0111\u1eb7t b\u1eb1ng v\u00edt (\u0111\u00e3 bao g\u1ed3m) v\u00e0 keo d\u00e1n (t\u00f9y ch\u1ecdn)<\/li>\n<\/ul>","protected":false},"featured_media":5359,"comment_status":"open","ping_status":"closed","template":"","meta":[],"product_brand":[],"product_cat":[79,151],"product_tag":[],"class_list":{"0":"post-5358","1":"product","2":"type-product","3":"status-publish","4":"has-post-thumbnail","6":"product_cat-surveying-accessory","7":"product_cat-crack-monitor","9":"first","10":"instock","11":"shipping-taxable","12":"product-type-simple"},"_links":{"self":[{"href":"https:\/\/mountlaser.com\/vi\/wp-json\/wp\/v2\/product\/5358","targetHints":{"allow":["GET"]}}],"collection":[{"href":"https:\/\/mountlaser.com\/vi\/wp-json\/wp\/v2\/product"}],"about":[{"href":"https:\/\/mountlaser.com\/vi\/wp-json\/wp\/v2\/types\/product"}],"replies":[{"embeddable":true,"href":"https:\/\/mountlaser.com\/vi\/wp-json\/wp\/v2\/comments?post=5358"}],"wp:featuredmedia":[{"embeddable":true,"href":"https:\/\/mountlaser.com\/vi\/wp-json\/wp\/v2\/media\/5359"}],"wp:attachment":[{"href":"https:\/\/mountlaser.com\/vi\/wp-json\/wp\/v2\/media?parent=5358"}],"wp:term":[{"taxonomy":"product_brand","embeddable":true,"href":"https:\/\/mountlaser.com\/vi\/wp-json\/wp\/v2\/product_brand?post=5358"},{"taxonomy":"product_cat","embeddable":true,"href":"https:\/\/mountlaser.com\/vi\/wp-json\/wp\/v2\/product_cat?post=5358"},{"taxonomy":"product_tag","embeddable":true,"href":"https:\/\/mountlaser.com\/vi\/wp-json\/wp\/v2\/product_tag?post=5358"}],"curies":[{"name":"trang web","href":"https:\/\/api.w.org\/{rel}","templated":true}]}}