{"id":5353,"date":"2025-12-04T08:35:29","date_gmt":"2025-12-04T08:35:29","guid":{"rendered":"https:\/\/mountlaser.com\/?post_type=product&#038;p=5353"},"modified":"2025-12-15T03:03:51","modified_gmt":"2025-12-15T03:03:51","slug":"sn01-surveying-nail","status":"publish","type":"product","link":"https:\/\/mountlaser.com\/vi\/san-pham\/sn01-surveying-nail\/","title":{"rendered":"\u0110inh \u0111o SN01"},"content":{"rendered":"<p data-start=\"179\" data-end=\"661\">C\u00e1i<a href=\"https:\/\/mountlaser.com\/vi\/\"> <strong data-start=\"183\" data-end=\"206\">\u0110inh \u0111o SN01<\/strong> <\/a>\u0110inh kh\u1ea3o s\u00e1t SN01 l\u00e0 m\u1ed9t lo\u1ea1i c\u1ecdc \u0111\u00e1nh d\u1ea5u m\u1eb7t \u0111\u1ea5t b\u1ec1n ch\u1eafc v\u00e0 \u0111\u00e1ng tin c\u1eady, \u0111\u01b0\u1ee3c thi\u1ebft k\u1ebf \u0111\u1ec3 thi\u1ebft l\u1eadp v\u00e0 x\u00e1c \u0111\u1ecbnh c\u00e1c \u0111i\u1ec3m kh\u1ea3o s\u00e1t ch\u00ednh x\u00e1c v\u1edbi \u0111\u1ed9 ch\u00ednh x\u00e1c l\u00e2u d\u00e0i. \u0110\u01b0\u1ee3c s\u1ea3n xu\u1ea5t t\u1eeb s\u1eaft m\u1ea1 k\u1ebdm ch\u1ea5t l\u01b0\u1ee3ng cao, \u0111inh kh\u1ea3o s\u00e1t SN01 c\u00f3 kh\u1ea3 n\u0103ng ch\u1ed1ng \u0103n m\u00f2n tuy\u1ec7t v\u1eddi, l\u00fd t\u01b0\u1edfng cho c\u00e1c m\u00f4i tr\u01b0\u1eddng ngo\u00e0i tr\u1eddi kh\u1eafc nghi\u1ec7t. L\u00e0 m\u1ed9t d\u1ee5ng c\u1ee5 chuy\u00ean nghi\u1ec7p, \u0111inh kh\u1ea3o s\u00e1t SN01 \u0111\u01b0\u1ee3c s\u1eed d\u1ee5ng r\u1ed9ng r\u00e3i. <a href=\"https:\/\/mountlaser.com\/vi\/danh-muc-san-pham\/surveying-accessory\/\"><strong data-start=\"512\" data-end=\"535\">Kh\u1ea3o s\u00e1t c\u00e1c lo\u1ea1i b\u00fat \u0111\u00e1nh d\u1ea5u m\u00f3ng tay<\/strong><\/a>, Nh\u1eefng chi\u1ebfc \u0111inh n\u00e0y cung c\u1ea5p m\u1ed9t \u0111i\u1ec3m tham chi\u1ebfu \u1ed5n \u0111\u1ecbnh \u0111\u01b0\u1ee3c s\u1eed d\u1ee5ng r\u1ed9ng r\u00e3i trong kh\u1ea3o s\u00e1t k\u1ef9 thu\u1eadt, b\u1ed1 tr\u00ed c\u00f4ng tr\u00ecnh v\u00e0 l\u1eadp b\u1ea3n \u0111\u1ed3 \u0111\u1ecba ch\u00ednh.<\/p>\n<p data-start=\"663\" data-end=\"1112\">\u0110\u01b0\u1ee3c thi\u1ebft k\u1ebf \u0111\u1eb7c bi\u1ec7t \u0111\u1ec3 s\u1eed d\u1ee5ng chuy\u00ean nghi\u1ec7p, s\u1ea3n ph\u1ea9m \u0111inh kh\u1ea3o s\u00e1t SN01 l\u00e0 lo\u1ea1i \u0111inh \u0111\u00e1nh d\u1ea5u kh\u1ea3o s\u00e1t \u0111\u00e1ng tin c\u1eady \u0111\u1ec3 c\u1ed1 \u0111\u1ecbnh c\u00e1c \u0111i\u1ec3m tham chi\u1ebfu m\u1eb7t \u0111\u1ea5t v\u0129nh vi\u1ec5n. C\u00f3 \u0111\u01b0\u1eddng k\u00ednh 7,0 mm v\u1edbi c\u00e1c t\u00f9y ch\u1ecdn chi\u1ec1u d\u00e0i 55 mm ho\u1eb7c 70 mm, \u0111inh kh\u1ea3o s\u00e1t SN01 \u0111\u1ea3m b\u1ea3o neo gi\u1eef ch\u1eafc ch\u1eafn trong nhi\u1ec1u \u0111i\u1ec1u ki\u1ec7n \u0111\u1ecba h\u00ecnh kh\u00e1c nhau. <a href=\"https:\/\/mountlaser.com\/vi\/about-us\/\">Kh\u1ea3o s\u00e1t c\u00e1c lo\u1ea1i b\u00fat \u0111\u00e1nh d\u1ea5u m\u00f3ng tay<\/a> Ch\u00fang l\u00e0 c\u00f4ng c\u1ee5 thi\u1ebft y\u1ebfu cho c\u00e1c nh\u00e0 kh\u1ea3o s\u00e1t c\u1ea7n c\u00f3 c\u00e1c d\u1ea5u hi\u1ec7u \u0111\u00e1nh d\u1ea5u m\u1eb7t \u0111\u1ea5t \u0111\u00e1ng tin c\u1eady, b\u1ec1n l\u00e2u trong m\u1ecdi \u0111i\u1ec1u ki\u1ec7n hi\u1ec7n tr\u01b0\u1eddng.<\/p>\n<div>\n<table style=\"border-collapse: collapse; width: 1002.02pt;\" border=\"0\" width=\"1336\" cellspacing=\"0\" cellpadding=\"0\">\n<tbody>\n<tr style=\"height: 14.25pt;\">\n<td class=\"et2\" style=\"height: 14.25pt; width: 127.50pt;\" width=\"170\" height=\"19\">CON S\u1ed0<\/td>\n<td class=\"et3\" style=\"width: 196.50pt;\" width=\"262\">TH\u1ecaT<\/td>\n<td class=\"et3\" style=\"width: 213.00pt;\" width=\"284\">\u0110\u01af\u1edcNG K\u00cdNH D<\/td>\n<td class=\"et3\" style=\"width: 93.75pt;\" width=\"125\">C\u1ee0 L<\/td>\n<td class=\"et3\" style=\"width: 170.25pt;\" width=\"227\">S\u1ed1 l\u01b0\u1ee3ng \u0111\u1eb7t h\u00e0ng t\u1ed1i thi\u1ec3u (c\u00e1i)<\/td>\n<td class=\"et4\" style=\"width: 201.00pt;\" width=\"268\">H\u00ccNH \u1ea2NH<\/td>\n<\/tr>\n<tr style=\"height: 14.25pt;\">\n<td class=\"et5\" style=\"height: 14.25pt;\" height=\"19\">SN01-70055\/70070<\/td>\n<td class=\"et5\">S\u1eaft m\u1ea1 k\u1ebdm<\/td>\n<td class=\"et5\">7.0mm<\/td>\n<td class=\"et5\">55\/70mm<\/td>\n<td class=\"et6\">1000<\/td>\n<td class=\"et7\"><img fetchpriority=\"high\" decoding=\"async\" class=\"alignnone wp-image-5355\" src=\"https:\/\/mountlaser.com\/wp-content\/uploads\/2025\/12\/SM01-Surveying-Marker2.webp\" alt=\"SN01 Surveying Nail\" width=\"500\" height=\"500\" srcset=\"https:\/\/mountlaser.com\/wp-content\/uploads\/2025\/12\/SM01-Surveying-Marker2.webp 1000w, https:\/\/mountlaser.com\/wp-content\/uploads\/2025\/12\/SM01-Surveying-Marker2-300x300.webp 300w, https:\/\/mountlaser.com\/wp-content\/uploads\/2025\/12\/SM01-Surveying-Marker2-150x150.webp 150w, https:\/\/mountlaser.com\/wp-content\/uploads\/2025\/12\/SM01-Surveying-Marker2-768x768.webp 768w, https:\/\/mountlaser.com\/wp-content\/uploads\/2025\/12\/SM01-Surveying-Marker2-12x12.webp 12w, https:\/\/mountlaser.com\/wp-content\/uploads\/2025\/12\/SM01-Surveying-Marker2-600x600.webp 600w, https:\/\/mountlaser.com\/wp-content\/uploads\/2025\/12\/SM01-Surveying-Marker2-800x800.webp 800w, https:\/\/mountlaser.com\/wp-content\/uploads\/2025\/12\/SM01-Surveying-Marker2-400x400.webp 400w\" sizes=\"(max-width: 500px) 100vw, 500px\" \/><\/td>\n<\/tr>\n<\/tbody>\n<\/table>\n<\/div>\n<p>&nbsp;<\/p>\n<p>&nbsp;<\/p>","protected":false},"excerpt":{"rendered":"<ul>\n<li>Thi\u1ebft l\u1eadp c\u00e1c \u0111i\u1ec3m tham chi\u1ebfu kh\u1ea3o s\u00e1t ch\u00ednh x\u00e1c v\u00e0 l\u00e2u d\u00e0i.<\/li>\n<li>Cung c\u1ea5p \u0111i\u1ec3m t\u1ef1a v\u1eefng ch\u1eafc tr\u00ean m\u1eb7t \u0111\u1ea5t \u0111\u1ec3 \u0111o \u0111\u1ea1c ch\u00ednh x\u00e1c.<\/li>\n<li>Th\u00edch h\u1ee3p cho kh\u1ea3o s\u00e1t k\u1ef9 thu\u1eadt, b\u1ed1 tr\u00ed c\u00f4ng tr\u00ecnh v\u00e0 l\u1eadp b\u1ea3n \u0111\u1ed3 \u0111\u1ecba ch\u00ednh.<\/li>\n<\/ul>","protected":false},"featured_media":5355,"comment_status":"open","ping_status":"closed","template":"","meta":[],"product_brand":[],"product_cat":[79,152],"product_tag":[],"class_list":{"0":"post-5353","1":"product","2":"type-product","3":"status-publish","4":"has-post-thumbnail","6":"product_cat-surveying-accessory","7":"product_cat-surveying-marker","9":"first","10":"instock","11":"shipping-taxable","12":"product-type-simple"},"_links":{"self":[{"href":"https:\/\/mountlaser.com\/vi\/wp-json\/wp\/v2\/product\/5353","targetHints":{"allow":["GET"]}}],"collection":[{"href":"https:\/\/mountlaser.com\/vi\/wp-json\/wp\/v2\/product"}],"about":[{"href":"https:\/\/mountlaser.com\/vi\/wp-json\/wp\/v2\/types\/product"}],"replies":[{"embeddable":true,"href":"https:\/\/mountlaser.com\/vi\/wp-json\/wp\/v2\/comments?post=5353"}],"wp:featuredmedia":[{"embeddable":true,"href":"https:\/\/mountlaser.com\/vi\/wp-json\/wp\/v2\/media\/5355"}],"wp:attachment":[{"href":"https:\/\/mountlaser.com\/vi\/wp-json\/wp\/v2\/media?parent=5353"}],"wp:term":[{"taxonomy":"product_brand","embeddable":true,"href":"https:\/\/mountlaser.com\/vi\/wp-json\/wp\/v2\/product_brand?post=5353"},{"taxonomy":"product_cat","embeddable":true,"href":"https:\/\/mountlaser.com\/vi\/wp-json\/wp\/v2\/product_cat?post=5353"},{"taxonomy":"product_tag","embeddable":true,"href":"https:\/\/mountlaser.com\/vi\/wp-json\/wp\/v2\/product_tag?post=5353"}],"curies":[{"name":"trang web","href":"https:\/\/api.w.org\/{rel}","templated":true}]}}