{"id":5347,"date":"2025-12-04T06:58:07","date_gmt":"2025-12-04T06:58:07","guid":{"rendered":"https:\/\/mountlaser.com\/?post_type=product&#038;p=5347"},"modified":"2025-12-12T06:41:36","modified_gmt":"2025-12-12T06:41:36","slug":"sm01-bl-surveying-marker","status":"publish","type":"product","link":"https:\/\/mountlaser.com\/vi\/san-pham\/sm01-bl-surveying-marker\/","title":{"rendered":"C\u1ed9t m\u1ed1c kh\u1ea3o s\u00e1t SM01-BL"},"content":{"rendered":"<p data-start=\"255\" data-end=\"730\">C\u00e1i <a href=\"https:\/\/mountlaser.com\/vi\/products\/\"><strong data-start=\"259\" data-end=\"287\">C\u1ed9t m\u1ed1c kh\u1ea3o s\u00e1t SM01-BL<\/strong><\/a> \u0110\u00e2y l\u00e0 m\u1ed9t d\u1ee5ng c\u1ee5 \u0111\u00e1nh d\u1ea5u \u0111i\u1ec3m tham chi\u1ebfu b\u1ec1n b\u1ec9, \u0111\u1ed9 ch\u00ednh x\u00e1c cao, \u0111\u01b0\u1ee3c thi\u1ebft k\u1ebf cho m\u00f4i tr\u01b0\u1eddng kh\u1ea3o s\u00e1t v\u00e0 x\u00e2y d\u1ef1ng chuy\u00ean nghi\u1ec7p. \u0110\u01b0\u1ee3c s\u1ea3n xu\u1ea5t t\u1eeb nh\u1ef1a \u0111\u00fac phun ch\u1ea5t l\u01b0\u1ee3ng cao, d\u1ee5ng c\u1ee5 \u0111\u00e1nh d\u1ea5u \u0111i\u1ec3m kh\u1ea3o s\u00e1t SM01-BL mang l\u1ea1i \u0111\u1ed9 b\u1ec1n v\u00e0 tu\u1ed5i th\u1ecd c\u1ea7n thi\u1ebft cho c\u00e1c c\u00f4ng tr\u01b0\u1eddng ngo\u00e0i tr\u1eddi kh\u1eafc nghi\u1ec7t. L\u00e0 m\u1ed9t trong nh\u1eefng d\u1ee5ng c\u1ee5 \u0111\u00e1ng tin c\u1eady nh\u1ea5t... <a href=\"https:\/\/mountlaser.com\/vi\/contact-us\/\"><strong data-start=\"597\" data-end=\"620\">m\u1ed1c kh\u1ea3o s\u00e1t \u0111\u1ea5t \u0111ai<\/strong><\/a>, N\u00f3 cung c\u1ea5p kh\u1ea3 n\u0103ng \u0111\u1ecbnh v\u1ecb ch\u00ednh x\u00e1c \u1ed5n \u0111\u1ecbnh cho c\u00e1c \u0111\u01b0\u1eddng b\u1ed1 tr\u00ed, nh\u1eadn d\u1ea1ng ranh gi\u1edbi v\u00e0 c\u00e1c \u0111i\u1ec3m \u0111i\u1ec1u khi\u1ec3n.<\/p>\n<p data-start=\"732\" data-end=\"1222\">C\u00f3 nhi\u1ec1u m\u00e0u s\u1eafc t\u01b0\u01a1i s\u00e1ng, d\u1ec5 nh\u00ecn th\u1ea5y, m\u1ed1c \u0111o \u0111\u1ea1c SM01-BL \u0111\u1ea3m b\u1ea3o kh\u1ea3 n\u0103ng nh\u1eadn di\u1ec7n r\u00f5 r\u00e0ng trong m\u1ecdi \u0111i\u1ec1u ki\u1ec7n \u00e1nh s\u00e1ng v\u00e0 \u0111\u1ecba h\u00ecnh. C\u00e1c k\u1ef9 s\u01b0 \u0111o \u0111\u1ea1c d\u1ef1a v\u00e0o m\u1ed1c \u0111o \u0111\u1ea1c \u0111\u1ecba h\u00ecnh cho c\u00e1c ho\u1ea1t \u0111\u1ed9ng hi\u1ec7n tr\u01b0\u1eddng h\u00e0ng ng\u00e0y s\u1ebd \u0111\u00e1nh gi\u00e1 cao \u0111\u1ed9 tin c\u1eady, kh\u1ea3 n\u0103ng ch\u1ed1ng ch\u1ecbu th\u1eddi ti\u1ebft v\u00e0 d\u1ec5 d\u00e0ng \u0111\u1eb7t v\u1ecb tr\u00ed c\u1ee7a n\u00f3. Cho d\u00f9 \u0111\u01b0\u1ee3c s\u1eed d\u1ee5ng tr\u00ean c\u00e1c b\u1ed1 tr\u00ed c\u00f4ng tr\u00ecnh x\u00e2y d\u1ef1ng hay c\u00e1c \u0111i\u1ec3m ki\u1ec3m so\u00e1t kh\u1ea3o s\u00e1t d\u00e0i h\u1ea1n, <a href=\"https:\/\/mountlaser.com\/vi\/\">C\u1ed9t m\u1ed1c kh\u1ea3o s\u00e1t SM01-BL<\/a> N\u1ed5i b\u1eadt nh\u01b0 m\u1ed9t gi\u1ea3i ph\u00e1p chuy\u00ean nghi\u1ec7p trong s\u1ed1 c\u00e1c lo\u1ea1i m\u1ed1c \u0111o \u0111\u1ea1c \u0111\u1ecba h\u00ecnh hi\u1ec7n \u0111\u1ea1i.<\/p>\n<div>\n<table style=\"border-collapse: collapse; width: 681.77pt;\" border=\"0\" width=\"909\" cellspacing=\"0\" cellpadding=\"0\">\n<tbody>\n<tr style=\"height: 14.25pt;\">\n<td class=\"et2\" style=\"height: 14.25pt; width: 127.50pt;\" width=\"170\" height=\"19\">CON S\u1ed0<\/td>\n<td class=\"et2\" style=\"width: 196.50pt;\" width=\"262\">M\u00c0U S\u1eaeC<\/td>\n<td class=\"et2\" style=\"width: 213.00pt;\" width=\"284\">K\u00cdCH TH\u01af\u1edaC D x dx H<\/td>\n<td class=\"et3\" style=\"width: 144.75pt;\" width=\"193\">H\u00ccNH \u1ea2NH<\/td>\n<\/tr>\n<tr style=\"height: 14.25pt;\">\n<td class=\"et4\" style=\"height: 14.25pt;\" height=\"19\">SM01-BL<\/td>\n<td class=\"et5\">M\u00e0u xanh da tr\u1eddi<\/td>\n<td class=\"et6\">D46 \u00d7 d10 \u00d7 H6 mm<\/td>\n<td class=\"et7\"><img fetchpriority=\"high\" decoding=\"async\" class=\"alignnone wp-image-5349\" src=\"https:\/\/mountlaser.com\/wp-content\/uploads\/2025\/12\/SM01-Surveying-Marker4.webp\" alt=\"SM01-BL Surveying Marker\" width=\"500\" height=\"500\" srcset=\"https:\/\/mountlaser.com\/wp-content\/uploads\/2025\/12\/SM01-Surveying-Marker4.webp 1000w, https:\/\/mountlaser.com\/wp-content\/uploads\/2025\/12\/SM01-Surveying-Marker4-300x300.webp 300w, https:\/\/mountlaser.com\/wp-content\/uploads\/2025\/12\/SM01-Surveying-Marker4-150x150.webp 150w, https:\/\/mountlaser.com\/wp-content\/uploads\/2025\/12\/SM01-Surveying-Marker4-768x768.webp 768w, https:\/\/mountlaser.com\/wp-content\/uploads\/2025\/12\/SM01-Surveying-Marker4-12x12.webp 12w, https:\/\/mountlaser.com\/wp-content\/uploads\/2025\/12\/SM01-Surveying-Marker4-600x600.webp 600w, https:\/\/mountlaser.com\/wp-content\/uploads\/2025\/12\/SM01-Surveying-Marker4-800x800.webp 800w, https:\/\/mountlaser.com\/wp-content\/uploads\/2025\/12\/SM01-Surveying-Marker4-400x400.webp 400w\" sizes=\"(max-width: 500px) 100vw, 500px\" \/><\/td>\n<\/tr>\n<\/tbody>\n<\/table>\n<\/div>","protected":false},"excerpt":{"rendered":"<ul>\n<li>Ch\u1ea5t li\u1ec7u b\u1ec1n b\u1ec9: \u0110\u01b0\u1ee3c s\u1ea3n xu\u1ea5t b\u1eb1ng nh\u1ef1a \u0111\u00fac khu\u00f4n ch\u1ea5t l\u01b0\u1ee3ng cao, \u0111\u1ea3m b\u1ea3o tu\u1ed5i th\u1ecd s\u1eed d\u1ee5ng l\u00e2u d\u00e0i.<\/li>\n<li>\u0110\u1ed9 hi\u1ec3n th\u1ecb cao: \u0110\u01b0\u1ee3c cung c\u1ea5p v\u1edbi m\u00e0u xanh lam - gi\u00fap d\u1ec5 d\u00e0ng nh\u1eadn bi\u1ebft tr\u00ean m\u1ecdi \u0111\u1ecba h\u00ecnh.<\/li>\n<li>C\u00f4ng c\u1ee5 tham chi\u1ebfu ch\u00ednh x\u00e1c: L\u00fd t\u01b0\u1edfng \u0111\u1ec3 \u0111\u00e1nh d\u1ea5u c\u00e1c \u0111i\u1ec3m ki\u1ec3m so\u00e1t, ranh gi\u1edbi, \u0111\u01b0\u1eddng b\u1ed1 tr\u00ed v\u00e0 t\u1ecda \u0111\u1ed9 kh\u1ea3o s\u00e1t quan tr\u1ecdng.<\/li>\n<li>\u1ed4n \u0111\u1ecbnh v\u00e0 nh\u1eb9: D\u1ec5 d\u00e0ng \u0111\u1ecbnh v\u1ecb v\u00e0 c\u1ed1 \u0111\u1ecbnh, ph\u00f9 h\u1ee3p v\u1edbi m\u1ecdi m\u00f4i tr\u01b0\u1eddng kh\u1ea3o s\u00e1t \u0111\u1ecba h\u00ecnh v\u00e0 x\u00e2y d\u1ef1ng.<\/li>\n<li>K\u00edch th\u01b0\u1edbc ti\u00eau chu\u1ea9n D46 \u00d7 d10 \u00d7 H6 mm ph\u00f9 h\u1ee3p v\u1edbi nhi\u1ec1u \u1ee9ng d\u1ee5ng kh\u1ea3o s\u00e1t kh\u00e1c nhau.<\/li>\n<\/ul>","protected":false},"featured_media":5352,"comment_status":"open","ping_status":"closed","template":"","meta":[],"product_brand":[],"product_cat":[79,152],"product_tag":[],"class_list":{"0":"post-5347","1":"product","2":"type-product","3":"status-publish","4":"has-post-thumbnail","6":"product_cat-surveying-accessory","7":"product_cat-surveying-marker","9":"first","10":"instock","11":"shipping-taxable","12":"product-type-simple"},"_links":{"self":[{"href":"https:\/\/mountlaser.com\/vi\/wp-json\/wp\/v2\/product\/5347","targetHints":{"allow":["GET"]}}],"collection":[{"href":"https:\/\/mountlaser.com\/vi\/wp-json\/wp\/v2\/product"}],"about":[{"href":"https:\/\/mountlaser.com\/vi\/wp-json\/wp\/v2\/types\/product"}],"replies":[{"embeddable":true,"href":"https:\/\/mountlaser.com\/vi\/wp-json\/wp\/v2\/comments?post=5347"}],"wp:featuredmedia":[{"embeddable":true,"href":"https:\/\/mountlaser.com\/vi\/wp-json\/wp\/v2\/media\/5352"}],"wp:attachment":[{"href":"https:\/\/mountlaser.com\/vi\/wp-json\/wp\/v2\/media?parent=5347"}],"wp:term":[{"taxonomy":"product_brand","embeddable":true,"href":"https:\/\/mountlaser.com\/vi\/wp-json\/wp\/v2\/product_brand?post=5347"},{"taxonomy":"product_cat","embeddable":true,"href":"https:\/\/mountlaser.com\/vi\/wp-json\/wp\/v2\/product_cat?post=5347"},{"taxonomy":"product_tag","embeddable":true,"href":"https:\/\/mountlaser.com\/vi\/wp-json\/wp\/v2\/product_tag?post=5347"}],"curies":[{"name":"trang web","href":"https:\/\/api.w.org\/{rel}","templated":true}]}}