{"id":5345,"date":"2025-12-04T06:27:29","date_gmt":"2025-12-04T06:27:29","guid":{"rendered":"https:\/\/mountlaser.com\/?post_type=product&#038;p=5345"},"modified":"2025-12-04T06:27:29","modified_gmt":"2025-12-04T06:27:29","slug":"cw02-crack-width-ruler","status":"publish","type":"product","link":"https:\/\/mountlaser.com\/vi\/san-pham\/cw02-crack-width-ruler\/","title":{"rendered":"Th\u01b0\u1edbc \u0111o \u0111\u1ed9 r\u1ed9ng v\u1ebft n\u1ee9t CW02"},"content":{"rendered":"<p>C\u00e1i <a href=\"https:\/\/mountlaser.com\/vi\/\"><strong data-start=\"172\" data-end=\"193\">Th\u01b0\u1edbc \u0111o \u0111\u1ed9 r\u1ed9ng v\u1ebft n\u1ee9t<\/strong><\/a> \u0110\u00e2y l\u00e0 d\u1ee5ng c\u1ee5 \u0111o \u0111\u1ed9 ch\u00ednh x\u00e1c cao \u0111\u01b0\u1ee3c thi\u1ebft k\u1ebf d\u00e0nh cho k\u1ef9 s\u01b0, thanh tra vi\u00ean v\u00e0 c\u00e1c chuy\u00ean gia x\u00e2y d\u1ef1ng c\u1ea7n \u0111\u00e1nh gi\u00e1 v\u1ebft n\u1ee9t \u0111\u00e1ng tin c\u1eady trong c\u00e1c c\u1ea5u tr\u00fac b\u00ea t\u00f4ng. \u0110\u01b0\u1ee3c l\u00e0m t\u1eeb PET trong su\u1ed1t, d\u1ebbo dai, th\u01b0\u1edbc n\u00e0y \u0111\u1ea3m b\u1ea3o d\u1ec5 s\u1eed d\u1ee5ng v\u00e0 \u0111\u1ed9 b\u1ec1n l\u00e2u d\u00e0i t\u1ea1i c\u00f4ng tr\u01b0\u1eddng. L\u00e0 m\u1ed9t d\u1ee5ng c\u1ee5 \u0111a n\u0103ng, <a href=\"https:\/\/mountlaser.com\/vi\/products\/\"><strong data-start=\"495\" data-end=\"533\">Th\u01b0\u1edbc \u0111o \u0111\u1ed9 r\u1ed9ng v\u1ebft n\u1ee9t b\u00ea t\u00f4ng b\u1eb1ng nh\u1ef1a<\/strong><\/a> Thi\u1ebft b\u1ecb n\u00e0y cung c\u1ea5p c\u00e1c s\u1ed1 li\u1ec7u ch\u00ednh x\u00e1c v\u1ec1 chi\u1ec1u d\u00e0i, chi\u1ec1u r\u1ed9ng, \u0111\u01b0\u1eddng k\u00ednh \u0111i\u1ec3m v\u00e0 di\u1ec7n t\u00edch v\u1ebft n\u1ee9t, r\u1ea5t c\u1ea7n thi\u1ebft cho vi\u1ec7c \u0111\u00e1nh gi\u00e1 an to\u00e0n k\u1ebft c\u1ea5u.<\/p>\n<p><img fetchpriority=\"high\" decoding=\"async\" class=\"aligncenter wp-image-5346\" src=\"https:\/\/mountlaser.com\/wp-content\/uploads\/2025\/12\/CW021.webp\" alt=\"Plastic Concrete Crack Width Ruler\" width=\"500\" height=\"500\" srcset=\"https:\/\/mountlaser.com\/wp-content\/uploads\/2025\/12\/CW021.webp 800w, https:\/\/mountlaser.com\/wp-content\/uploads\/2025\/12\/CW021-300x300.webp 300w, https:\/\/mountlaser.com\/wp-content\/uploads\/2025\/12\/CW021-150x150.webp 150w, https:\/\/mountlaser.com\/wp-content\/uploads\/2025\/12\/CW021-768x768.webp 768w, https:\/\/mountlaser.com\/wp-content\/uploads\/2025\/12\/CW021-12x12.webp 12w, https:\/\/mountlaser.com\/wp-content\/uploads\/2025\/12\/CW021-600x600.webp 600w, https:\/\/mountlaser.com\/wp-content\/uploads\/2025\/12\/CW021-400x400.webp 400w\" sizes=\"(max-width: 500px) 100vw, 500px\" \/><\/p>\n<p>Thang \u0111o r\u00f5 r\u00e0ng v\u00e0 c\u00e1c v\u1ea1ch so s\u00e1nh cho ph\u00e9p ng\u01b0\u1eddi d\u00f9ng \u0111\u1eb7t th\u01b0\u1edbc \u0111o \u0111\u1ed9 r\u1ed9ng v\u1ebft n\u1ee9t tr\u1ef1c ti\u1ebfp l\u00ean b\u1ec1 m\u1eb7t b\u1ecb h\u01b0 h\u1ecfng \u0111\u1ec3 \u0111o nhanh ch\u00f3ng v\u00e0 tr\u1ef1c quan. Th\u01b0\u1edbc \u0111o n\u00e0y r\u1ea5t h\u1eefu \u00edch cho vi\u1ec7c ki\u1ec3m tra \u0111\u1ecbnh k\u1ef3, b\u1ea3o tr\u00ec v\u00e0 gi\u00e1m s\u00e1t k\u1ebft c\u1ea5u. <a href=\"https:\/\/mountlaser.com\/vi\/contact-us\/\">Th\u01b0\u1edbc \u0111o \u0111\u1ed9 r\u1ed9ng v\u1ebft n\u1ee9t b\u00ea t\u00f4ng b\u1eb1ng nh\u1ef1a<\/a> Mang l\u1ea1i s\u1ef1 ch\u00ednh x\u00e1c v\u00e0 \u0111\u01a1n gi\u1ea3n trong m\u1ecdi tr\u01b0\u1eddng h\u1ee3p.<\/p>","protected":false},"excerpt":{"rendered":"<ul>\n<li>\u0110o l\u01b0\u1eddng ch\u00ednh x\u00e1c cao chi\u1ec1u r\u1ed9ng, chi\u1ec1u d\u00e0i, \u0111\u01b0\u1eddng k\u00ednh \u0111i\u1ec3m v\u00e0 di\u1ec7n t\u00edch v\u1ebft n\u1ee9t.<\/li>\n<li>Ph\u1ea1m vi \u0111o r\u1ed9ng: \u0111\u01b0\u1eddng k\u00ednh \u0111i\u1ec3m 0,05\u20132 mm, \u0111\u1ed9 r\u1ed9ng v\u1ea1ch 0,03\u20132,2 mm, \u0111\u1ed9 ch\u00ednh x\u00e1c \u00b10,01 mm.<\/li>\n<li>Thi\u1ebft k\u1ebf hai thang \u0111o v\u1edbi thang \u0111o h\u1ec7 m\u00e9t 80 mm d\u00f9ng cho c\u00e1c ph\u00e9p \u0111o th\u00f4ng th\u01b0\u1eddng.<\/li>\n<li>Ch\u1ea5t li\u1ec7u PET trong su\u1ed1t (d\u00e0y 0,5 mm) gi\u00fap d\u1ec5 d\u00e0ng quan s\u00e1t v\u00e0 d\u00e1n l\u00ean c\u00e1c b\u1ec1 m\u1eb7t.<\/li>\n<li>Nhanh ch\u00f3ng v\u00e0 d\u1ec5 s\u1eed d\u1ee5ng: \u0111\u1eb7t th\u01b0\u1edbc l\u00ean v\u1ebft n\u1ee9t v\u00e0 so s\u00e1nh v\u1edbi c\u00e1c \u0111\u01b0\u1eddng tham chi\u1ebfu.<\/li>\n<\/ul>","protected":false},"featured_media":5346,"comment_status":"open","ping_status":"closed","template":"","meta":[],"product_brand":[],"product_cat":[79,151],"product_tag":[],"class_list":{"0":"post-5345","1":"product","2":"type-product","3":"status-publish","4":"has-post-thumbnail","6":"product_cat-surveying-accessory","7":"product_cat-crack-monitor","9":"first","10":"instock","11":"shipping-taxable","12":"product-type-simple"},"_links":{"self":[{"href":"https:\/\/mountlaser.com\/vi\/wp-json\/wp\/v2\/product\/5345","targetHints":{"allow":["GET"]}}],"collection":[{"href":"https:\/\/mountlaser.com\/vi\/wp-json\/wp\/v2\/product"}],"about":[{"href":"https:\/\/mountlaser.com\/vi\/wp-json\/wp\/v2\/types\/product"}],"replies":[{"embeddable":true,"href":"https:\/\/mountlaser.com\/vi\/wp-json\/wp\/v2\/comments?post=5345"}],"wp:featuredmedia":[{"embeddable":true,"href":"https:\/\/mountlaser.com\/vi\/wp-json\/wp\/v2\/media\/5346"}],"wp:attachment":[{"href":"https:\/\/mountlaser.com\/vi\/wp-json\/wp\/v2\/media?parent=5345"}],"wp:term":[{"taxonomy":"product_brand","embeddable":true,"href":"https:\/\/mountlaser.com\/vi\/wp-json\/wp\/v2\/product_brand?post=5345"},{"taxonomy":"product_cat","embeddable":true,"href":"https:\/\/mountlaser.com\/vi\/wp-json\/wp\/v2\/product_cat?post=5345"},{"taxonomy":"product_tag","embeddable":true,"href":"https:\/\/mountlaser.com\/vi\/wp-json\/wp\/v2\/product_tag?post=5345"}],"curies":[{"name":"trang web","href":"https:\/\/api.w.org\/{rel}","templated":true}]}}