{"id":5343,"date":"2025-12-04T06:08:54","date_gmt":"2025-12-04T06:08:54","guid":{"rendered":"https:\/\/mountlaser.com\/?post_type=product&#038;p=5343"},"modified":"2025-12-04T08:58:08","modified_gmt":"2025-12-04T08:58:08","slug":"cw01-crack-width-gauge","status":"publish","type":"product","link":"https:\/\/mountlaser.com\/vi\/san-pham\/cw01-crack-width-gauge\/","title":{"rendered":"CW01 Th\u01b0\u1edbc \u0111o \u0111\u1ed9 r\u1ed9ng v\u1ebft n\u1ee9t"},"content":{"rendered":"<p data-start=\"160\" data-end=\"642\">C\u00e1i<a href=\"https:\/\/mountlaser.com\/vi\/\"> <strong data-start=\"164\" data-end=\"194\">Th\u01b0\u1edbc \u0111o \u0111\u1ed9 r\u1ed9ng v\u1ebft n\u1ee9t b\u00ea t\u00f4ng<\/strong><\/a> \u0110\u00e2y l\u00e0 m\u1ed9t d\u1ee5ng c\u1ee5 ki\u1ec3m tra \u0111\u00e1ng tin c\u1eady v\u00e0 d\u1ec5 s\u1eed d\u1ee5ng, \u0111\u01b0\u1ee3c thi\u1ebft k\u1ebf \u0111\u1ec3 gi\u00e1m s\u00e1t nhanh ch\u00f3ng v\u00e0 ch\u00ednh x\u00e1c c\u00e1c v\u1ebft n\u1ee9t k\u1ebft c\u1ea5u. \u0110\u01b0\u1ee3c l\u00e0m t\u1eeb polycarbonate b\u1ec1n, ch\u1ecbu va \u0111\u1eadp cao, th\u01b0\u1edbc \u0111o n\u00e0y \u0111\u1ea3m b\u1ea3o hi\u1ec7u su\u1ea5t l\u00e2u d\u00e0i ngay c\u1ea3 trong m\u00f4i tr\u01b0\u1eddng x\u00e2y d\u1ef1ng ho\u1eb7c k\u1ef9 thu\u1eadt kh\u1eafc nghi\u1ec7t.\u00a0<a href=\"https:\/\/mountlaser.com\/vi\/products\/\"><strong data-start=\"499\" data-end=\"520\">Th\u01b0\u1edbc \u0111o \u0111\u1ed9 r\u1ed9ng v\u1ebft n\u1ee9t<\/strong><\/a> C\u00e1c ch\u1ee9c n\u0103ng \u0111\u01b0\u1ee3c t\u00edch h\u1ee3p v\u00e0o thi\u1ebft k\u1ebf nh\u1ecf g\u1ecdn, cho ph\u00e9p c\u00e1c chuy\u00ean gia th\u1ef1c hi\u1ec7n \u0111\u00e1nh gi\u00e1 v\u1ebft n\u1ee9t ch\u00ednh x\u00e1c m\u1ed9t c\u00e1ch t\u1ef1 tin.<\/p>\n<p data-start=\"160\" data-end=\"642\"><img fetchpriority=\"high\" decoding=\"async\" class=\"aligncenter wp-image-5344\" src=\"https:\/\/mountlaser.com\/wp-content\/uploads\/2025\/12\/CW01.webp\" alt=\"Concrete Crack Width Gauge\" width=\"500\" height=\"500\" srcset=\"https:\/\/mountlaser.com\/wp-content\/uploads\/2025\/12\/CW01.webp 1000w, https:\/\/mountlaser.com\/wp-content\/uploads\/2025\/12\/CW01-300x300.webp 300w, https:\/\/mountlaser.com\/wp-content\/uploads\/2025\/12\/CW01-150x150.webp 150w, https:\/\/mountlaser.com\/wp-content\/uploads\/2025\/12\/CW01-768x768.webp 768w, https:\/\/mountlaser.com\/wp-content\/uploads\/2025\/12\/CW01-12x12.webp 12w, https:\/\/mountlaser.com\/wp-content\/uploads\/2025\/12\/CW01-600x600.webp 600w, https:\/\/mountlaser.com\/wp-content\/uploads\/2025\/12\/CW01-800x800.webp 800w, https:\/\/mountlaser.com\/wp-content\/uploads\/2025\/12\/CW01-400x400.webp 400w\" sizes=\"(max-width: 500px) 100vw, 500px\" \/><\/p>\n<p data-start=\"644\" data-end=\"1141\">M\u1ed9t m\u1eb7t c\u1ee7a th\u01b0\u1edbc \u0111o chi\u1ec1u r\u1ed9ng v\u1ebft n\u1ee9t b\u00ea t\u00f4ng c\u00f3 thang \u0111o chia v\u1ea1ch 80 mm v\u1edbi c\u00e1c v\u1ea1ch chia milim\u00e9t v\u00e0 centimet r\u00f5 r\u00e0ng \u0111\u1ec3 \u0111o l\u01b0\u1eddng t\u1ed5ng qu\u00e1t \u0111\u01a1n gi\u1ea3n. M\u1eb7t c\u00f2n l\u1ea1i, b\u1ea3ng so s\u00e1nh th\u01b0\u1edbc \u0111o chi\u1ec1u r\u1ed9ng v\u1ebft n\u1ee9t cung c\u1ea5p c\u00e1c tham chi\u1ebfu tr\u1ef1c quan t\u1eeb 0,1 mm \u0111\u1ebfn 7,0 mm, cho ph\u00e9p ng\u01b0\u1eddi ki\u1ec3m tra nhanh ch\u00f3ng x\u00e1c \u0111\u1ecbnh k\u00edch th\u01b0\u1edbc v\u1ebft n\u1ee9t m\u00e0 kh\u00f4ng c\u1ea7n th\u00eam d\u1ee5ng c\u1ee5. Cho d\u00f9 \u0111\u01b0\u1ee3c s\u1eed d\u1ee5ng \u0111\u1ec3 ki\u1ec3m tra \u0111\u1ecbnh k\u1ef3 hay gi\u00e1m s\u00e1t c\u1ea5u tr\u00fac chi ti\u1ebft, th\u01b0\u1edbc \u0111o n\u00e0y \u0111\u1ec1u r\u1ea5t h\u1eefu \u00edch. <a href=\"https:\/\/mountlaser.com\/vi\/contact-us\/\">Th\u01b0\u1edbc \u0111o \u0111\u1ed9 r\u1ed9ng v\u1ebft n\u1ee9t<\/a> \u0110\u1ea3m b\u1ea3o \u0111\u1ed9 ch\u00ednh x\u00e1c \u0111\u00e1ng tin c\u1eady trong m\u1ecdi l\u1ea7n ki\u1ec3m tra.<\/p>","protected":false},"excerpt":{"rendered":"<ul>\n<li>Cung c\u1ea5p kh\u1ea3 n\u0103ng \u0111\u00e1nh gi\u00e1 nhanh ch\u00f3ng v\u00e0 ch\u00ednh x\u00e1c chi\u1ec1u r\u1ed9ng v\u1ebft n\u1ee9t trong kho\u1ea3ng t\u1eeb 0,1 mm \u0111\u1ebfn 7,0 mm.<\/li>\n<li>Thi\u1ebft k\u1ebf hai m\u1eb7t: thang \u0111o + bi\u1ec3u \u0111\u1ed3 so s\u00e1nh v\u1ebft n\u1ee9t<\/li>\n<li>\u0110\u01b0\u1ee3c ch\u1ebf t\u1ea1o t\u1eeb polycarbonate ch\u1ecbu va \u0111\u1eadp cao, \u0111\u1ea3m b\u1ea3o tu\u1ed5i th\u1ecd s\u1eed d\u1ee5ng l\u00e2u d\u00e0i.<\/li>\n<li>Nh\u1eb9 v\u00e0 d\u1ec5 mang theo \u0111\u1ec3 ki\u1ec3m tra t\u1ea1i hi\u1ec7n tr\u01b0\u1eddng.<\/li>\n<li>Th\u00edch h\u1ee3p cho k\u1ef9 thu\u1eadt x\u00e2y d\u1ef1ng d\u00e2n d\u1ee5ng, b\u1ea3o tr\u00ec t\u00f2a nh\u00e0 v\u00e0 gi\u00e1m s\u00e1t an to\u00e0n k\u1ebft c\u1ea5u.<\/li>\n<\/ul>","protected":false},"featured_media":5344,"comment_status":"open","ping_status":"closed","template":"","meta":[],"product_brand":[],"product_cat":[79,151],"product_tag":[],"class_list":{"0":"post-5343","1":"product","2":"type-product","3":"status-publish","4":"has-post-thumbnail","6":"product_cat-surveying-accessory","7":"product_cat-crack-monitor","9":"first","10":"instock","11":"shipping-taxable","12":"product-type-simple"},"_links":{"self":[{"href":"https:\/\/mountlaser.com\/vi\/wp-json\/wp\/v2\/product\/5343","targetHints":{"allow":["GET"]}}],"collection":[{"href":"https:\/\/mountlaser.com\/vi\/wp-json\/wp\/v2\/product"}],"about":[{"href":"https:\/\/mountlaser.com\/vi\/wp-json\/wp\/v2\/types\/product"}],"replies":[{"embeddable":true,"href":"https:\/\/mountlaser.com\/vi\/wp-json\/wp\/v2\/comments?post=5343"}],"wp:featuredmedia":[{"embeddable":true,"href":"https:\/\/mountlaser.com\/vi\/wp-json\/wp\/v2\/media\/5344"}],"wp:attachment":[{"href":"https:\/\/mountlaser.com\/vi\/wp-json\/wp\/v2\/media?parent=5343"}],"wp:term":[{"taxonomy":"product_brand","embeddable":true,"href":"https:\/\/mountlaser.com\/vi\/wp-json\/wp\/v2\/product_brand?post=5343"},{"taxonomy":"product_cat","embeddable":true,"href":"https:\/\/mountlaser.com\/vi\/wp-json\/wp\/v2\/product_cat?post=5343"},{"taxonomy":"product_tag","embeddable":true,"href":"https:\/\/mountlaser.com\/vi\/wp-json\/wp\/v2\/product_tag?post=5343"}],"curies":[{"name":"trang web","href":"https:\/\/api.w.org\/{rel}","templated":true}]}}