{"id":5338,"date":"2025-12-04T05:07:10","date_gmt":"2025-12-04T05:07:10","guid":{"rendered":"https:\/\/mountlaser.com\/?post_type=product&#038;p=5338"},"modified":"2025-12-04T05:07:10","modified_gmt":"2025-12-04T05:07:10","slug":"ts01-02-topo-shoe","status":"publish","type":"product","link":"https:\/\/mountlaser.com\/vi\/san-pham\/ts01-02-topo-shoe\/","title":{"rendered":"Gi\u00e0y TS01\/02 Topo"},"content":{"rendered":"<p>C\u00e1i <a href=\"https:\/\/mountlaser.com\/vi\/\"><strong>Gi\u00e0y Topo C\u1ed9t L\u0103ng K\u00ednh<\/strong><\/a> \u0110\u00e2y l\u00e0 m\u1ed9t ph\u1ee5 ki\u1ec7n \u0111\u01b0\u1ee3c thi\u1ebft k\u1ebf ch\u00ednh x\u00e1c nh\u1eb1m cung c\u1ea5p ch\u1ed7 \u0111\u1ee9ng \u1ed5n \u0111\u1ecbnh cho c\u00e1c c\u1ed9t l\u0103ng k\u00ednh trong nhi\u1ec1u m\u00f4i tr\u01b0\u1eddng kh\u1ea3o s\u00e1t kh\u00e1c nhau. C\u1ea3 \u0111\u1ebf g\u1eafn c\u1ed9t l\u0103ng k\u00ednh (Prism Pole Topo Shoe) v\u00e0... <strong><a href=\"https:\/\/mountlaser.com\/vi\/danh-muc-san-pham\/surveying-pole-rod\/\">Gi\u00e0y \u0111\u1ebf r\u1ed9ng Topo<\/a><\/strong> S\u1ea3n ph\u1ea9m c\u00f3 c\u1ea5u tr\u00fac b\u1ec1n ch\u1eafc v\u00e0 ren trong 5\/8\u2033-11, \u0111\u1ea3m b\u1ea3o g\u1eafn k\u1ebft ch\u1eafc ch\u1eafn v\u00e0 hi\u1ec7u su\u1ea5t \u0111\u00e1ng tin c\u1eady trong \u0111i\u1ec1u ki\u1ec7n \u0111\u1ecba h\u00ecnh kh\u1eafc nghi\u1ec7t. C\u00e1c nh\u00e0 kh\u1ea3o s\u00e1t l\u00e0m vi\u1ec7c tr\u00ean \u0111\u1ecba h\u00ecnh kh\u00f4ng b\u1eb1ng ph\u1eb3ng ho\u1eb7c m\u1ec1m s\u1ebd \u0111\u01b0\u1ee3c h\u01b0\u1edfng l\u1ee3i r\u1ea5t nhi\u1ec1u t\u1eeb s\u1ef1 \u1ed5n \u0111\u1ecbnh \u0111\u01b0\u1ee3c t\u0103ng c\u01b0\u1eddng m\u00e0 Topo Shoe mang l\u1ea1i, trong khi Topo Shoe \u0111\u1ebf r\u1ed9ng cung c\u1ea5p di\u1ec7n t\u00edch ti\u1ebfp x\u00fac m\u1eb7t \u0111\u1ea5t l\u1edbn h\u01a1n \u0111\u1ec3 c\u00e2n b\u1eb1ng t\u1ed1i \u0111a. Nh\u1eefng chi\u1ebfc Topo Shoe n\u00e0y r\u1ea5t c\u1ea7n thi\u1ebft \u0111\u1ec3 duy tr\u00ec c\u00e1c ph\u00e9p \u0111o ch\u00ednh x\u00e1c v\u00e0 \u0111\u1ed9 cao \u1ed5n \u0111\u1ecbnh trong qu\u00e1 tr\u00ecnh kh\u1ea3o s\u00e1t \u0111\u1ecba h\u00ecnh chuy\u00ean nghi\u1ec7p.<\/p>\n<figure id=\"attachment_5339\" aria-describedby=\"caption-attachment-5339\" style=\"width: 500px\" class=\"wp-caption aligncenter\"><img fetchpriority=\"high\" decoding=\"async\" class=\"wp-image-5339\" src=\"https:\/\/mountlaser.com\/wp-content\/uploads\/2025\/12\/IMG_0632.webp\" alt=\"Wide Base Topo Shoe\" width=\"500\" height=\"500\" srcset=\"https:\/\/mountlaser.com\/wp-content\/uploads\/2025\/12\/IMG_0632.webp 1000w, https:\/\/mountlaser.com\/wp-content\/uploads\/2025\/12\/IMG_0632-300x300.webp 300w, https:\/\/mountlaser.com\/wp-content\/uploads\/2025\/12\/IMG_0632-150x150.webp 150w, https:\/\/mountlaser.com\/wp-content\/uploads\/2025\/12\/IMG_0632-768x768.webp 768w, https:\/\/mountlaser.com\/wp-content\/uploads\/2025\/12\/IMG_0632-12x12.webp 12w, https:\/\/mountlaser.com\/wp-content\/uploads\/2025\/12\/IMG_0632-600x600.webp 600w, https:\/\/mountlaser.com\/wp-content\/uploads\/2025\/12\/IMG_0632-800x800.webp 800w, https:\/\/mountlaser.com\/wp-content\/uploads\/2025\/12\/IMG_0632-400x400.webp 400w\" sizes=\"(max-width: 500px) 100vw, 500px\" \/><figcaption id=\"caption-attachment-5339\" class=\"wp-caption-text\">Gi\u00e0y \u0111\u1ecba h\u00ecnh \u0111\u1ebf r\u1ed9ng TS01<\/figcaption><\/figure>\n<figure id=\"attachment_5340\" aria-describedby=\"caption-attachment-5340\" style=\"width: 500px\" class=\"wp-caption aligncenter\"><img decoding=\"async\" class=\"wp-image-5340\" src=\"https:\/\/mountlaser.com\/wp-content\/uploads\/2025\/12\/TS02.webp\" alt=\"Prism Pole Topo Shoe\" width=\"500\" height=\"500\" srcset=\"https:\/\/mountlaser.com\/wp-content\/uploads\/2025\/12\/TS02.webp 1000w, https:\/\/mountlaser.com\/wp-content\/uploads\/2025\/12\/TS02-300x300.webp 300w, https:\/\/mountlaser.com\/wp-content\/uploads\/2025\/12\/TS02-150x150.webp 150w, https:\/\/mountlaser.com\/wp-content\/uploads\/2025\/12\/TS02-768x768.webp 768w, https:\/\/mountlaser.com\/wp-content\/uploads\/2025\/12\/TS02-12x12.webp 12w, https:\/\/mountlaser.com\/wp-content\/uploads\/2025\/12\/TS02-600x600.webp 600w, https:\/\/mountlaser.com\/wp-content\/uploads\/2025\/12\/TS02-800x800.webp 800w, https:\/\/mountlaser.com\/wp-content\/uploads\/2025\/12\/TS02-400x400.webp 400w\" sizes=\"(max-width: 500px) 100vw, 500px\" \/><figcaption id=\"caption-attachment-5340\" class=\"wp-caption-text\">TS02 Prism Pole Topo Shoe<\/figcaption><\/figure>","protected":false},"excerpt":{"rendered":"<ul>\n<li>Cung c\u1ea5p \u0111i\u1ec3m t\u1ef1a v\u1eefng ch\u1eafc cho c\u00e1c c\u1ed9t l\u0103ng k\u00ednh tr\u00ean n\u1ec1n \u0111\u1ea5t m\u1ec1m, kh\u00f4ng b\u1eb1ng ph\u1eb3ng ho\u1eb7c g\u1ed3 gh\u1ec1.<\/li>\n<li>\u0110\u1ea3m b\u1ea3o k\u1ebft n\u1ed1i ch\u1eafc ch\u1eafn v\u1edbi ren trong 5\/8\u2033-11 c\u00e1i.<\/li>\n<li>T\u0103ng c\u01b0\u1eddng \u0111\u1ed9 ch\u00ednh x\u00e1c \u0111o b\u1eb1ng c\u00e1ch gi\u1ea3m thi\u1ec3u hi\u1ec7n t\u01b0\u1ee3ng d\u1ecbch chuy\u1ec3n ho\u1eb7c s\u1ee5t l\u00fan c\u1ef1c.<\/li>\n<li>\u0110\u01b0\u1ee3c thi\u1ebft k\u1ebf \u0111\u1ec3 s\u1eed d\u1ee5ng trong \u0111i\u1ec1u ki\u1ec7n kh\u1eafc nghi\u1ec7t ngo\u00e0i tr\u1eddi v\u1edbi k\u1ebft c\u1ea5u kim lo\u1ea1i c\u01b0\u1eddng \u0111\u1ed9 cao.<\/li>\n<\/ul>","protected":false},"featured_media":5339,"comment_status":"open","ping_status":"closed","template":"","meta":[],"product_brand":[],"product_cat":[89,150],"product_tag":[],"class_list":{"0":"post-5338","1":"product","2":"type-product","3":"status-publish","4":"has-post-thumbnail","6":"product_cat-surveying-pole-rod","7":"product_cat-pole-accessory","9":"first","10":"instock","11":"shipping-taxable","12":"product-type-simple"},"_links":{"self":[{"href":"https:\/\/mountlaser.com\/vi\/wp-json\/wp\/v2\/product\/5338","targetHints":{"allow":["GET"]}}],"collection":[{"href":"https:\/\/mountlaser.com\/vi\/wp-json\/wp\/v2\/product"}],"about":[{"href":"https:\/\/mountlaser.com\/vi\/wp-json\/wp\/v2\/types\/product"}],"replies":[{"embeddable":true,"href":"https:\/\/mountlaser.com\/vi\/wp-json\/wp\/v2\/comments?post=5338"}],"wp:featuredmedia":[{"embeddable":true,"href":"https:\/\/mountlaser.com\/vi\/wp-json\/wp\/v2\/media\/5339"}],"wp:attachment":[{"href":"https:\/\/mountlaser.com\/vi\/wp-json\/wp\/v2\/media?parent=5338"}],"wp:term":[{"taxonomy":"product_brand","embeddable":true,"href":"https:\/\/mountlaser.com\/vi\/wp-json\/wp\/v2\/product_brand?post=5338"},{"taxonomy":"product_cat","embeddable":true,"href":"https:\/\/mountlaser.com\/vi\/wp-json\/wp\/v2\/product_cat?post=5338"},{"taxonomy":"product_tag","embeddable":true,"href":"https:\/\/mountlaser.com\/vi\/wp-json\/wp\/v2\/product_tag?post=5338"}],"curies":[{"name":"trang web","href":"https:\/\/api.w.org\/{rel}","templated":true}]}}