{"id":5331,"date":"2025-12-04T04:43:31","date_gmt":"2025-12-04T04:43:31","guid":{"rendered":"https:\/\/mountlaser.com\/?post_type=product&#038;p=5331"},"modified":"2025-12-04T04:43:31","modified_gmt":"2025-12-04T04:43:31","slug":"hrt01-pole-tip","status":"publish","type":"product","link":"https:\/\/mountlaser.com\/vi\/san-pham\/hrt01-pole-tip\/","title":{"rendered":"\u0110\u1ea7u c\u1ef1c HRT01"},"content":{"rendered":"<p>C\u00e1i <a href=\"https:\/\/mountlaser.com\/vi\/\"><strong>\u0111i\u1ec3m c\u1ef1c kh\u1ea3o s\u00e1t<\/strong><\/a> C\u1ecdc \u0111o \u0111\u1ea1c l\u00e0 m\u1ed9t th\u00e0nh ph\u1ea7n thi\u1ebft y\u1ebfu \u0111\u1ec3 \u0111\u1ea3m b\u1ea3o \u0111\u1ecbnh v\u1ecb \u1ed5n \u0111\u1ecbnh, ch\u00ednh x\u00e1c v\u00e0 nh\u1ea5t qu\u00e1n trong c\u00e1c nhi\u1ec7m v\u1ee5 \u0111o \u0111\u1ea1c th\u1ef1c \u0111\u1ecba. M\u00f4 h\u00ecnh HRT01 c\u1ee7a ch\u00fang t\u00f4i c\u00f3 thanh l\u1ee5c gi\u00e1c b\u1ec1n ch\u1eafc k\u1ebft h\u1ee3p v\u1edbi \u0111\u1ea7u \u0111\u01b0\u1ee3c gia c\u1ed1, \u0111\u01b0\u1ee3c thi\u1ebft k\u1ebf \u0111\u1ec3 c\u00f3 \u0111\u1ed9 tin c\u1eady l\u00e2u d\u00e0i. \u0110\u1ea7u c\u1ecdc \u0111o \u0111\u1ea1c n\u00e0y t\u0103ng c\u01b0\u1eddng \u0111\u1ed9 b\u00e1m tr\u00ean nhi\u1ec1u \u0111\u1ecba h\u00ecnh kh\u00e1c nhau, cho ph\u00e9p ng\u01b0\u1eddi \u0111o \u0111\u1ea1c duy tr\u00ec s\u1ef1 th\u1eb3ng \u0111\u1ee9ng ch\u00ednh x\u00e1c ngay c\u1ea3 trong m\u00f4i tr\u01b0\u1eddng kh\u00f3 kh\u0103n.<\/p>\n<p>\u0110\u01b0\u1ee3c thi\u1ebft k\u1ebf nh\u01b0 m\u1ed9t <a href=\"https:\/\/mountlaser.com\/vi\/danh-muc-san-pham\/surveying-pole-rod\/\"><strong>\u0110\u1ea7u nh\u1ecdn thay th\u1ebf b\u1eb1ng titan<\/strong><\/a>V\u1edbi thi\u1ebft k\u1ebf ch\u1eafc ch\u1eafn, HRT01 cung c\u1ea5p gi\u1ea3i ph\u00e1p ch\u1ed1ng m\u00e0i m\u00f2n hi\u1ec7u qu\u1ea3 v\u00e0 d\u1ec5 d\u00e0ng thay th\u1ebf khi c\u1ea7n thi\u1ebft. C\u1ea5u tr\u00fac h\u00ecnh l\u1ee5c gi\u00e1c ng\u0103n ng\u1eeba s\u1ef1 xoay chuy\u1ec3n v\u00e0 \u0111\u1ea3m b\u1ea3o k\u1ebft n\u1ed1i c\u1ee9ng c\u00e1p, \u0111\u00e1ng tin c\u1eady gi\u1eefa c\u1ed9t v\u00e0 m\u1eb7t \u0111\u1ea5t. Cho d\u00f9 \u0111\u01b0\u1ee3c s\u1eed d\u1ee5ng v\u1edbi c\u1ed9t GPS, c\u1ed9t l\u0103ng k\u00ednh hay th\u01b0\u1edbc \u0111o truy\u1ec1n th\u1ed1ng, \u0111\u1ea7u c\u1ed9t \u0111o \u0111\u1ea1c n\u00e0y \u0111\u1ec1u mang l\u1ea1i \u0111\u1ed9 \u1ed5n \u0111\u1ecbnh v\u01b0\u1ee3t tr\u1ed9i.<\/p>\n<p><img fetchpriority=\"high\" decoding=\"async\" class=\"aligncenter wp-image-5333\" src=\"https:\/\/mountlaser.com\/wp-content\/uploads\/2025\/12\/HRT012.webp\" alt=\"surveying pole point\" width=\"500\" height=\"500\" srcset=\"https:\/\/mountlaser.com\/wp-content\/uploads\/2025\/12\/HRT012.webp 1000w, https:\/\/mountlaser.com\/wp-content\/uploads\/2025\/12\/HRT012-300x300.webp 300w, https:\/\/mountlaser.com\/wp-content\/uploads\/2025\/12\/HRT012-150x150.webp 150w, https:\/\/mountlaser.com\/wp-content\/uploads\/2025\/12\/HRT012-768x768.webp 768w, https:\/\/mountlaser.com\/wp-content\/uploads\/2025\/12\/HRT012-12x12.webp 12w, https:\/\/mountlaser.com\/wp-content\/uploads\/2025\/12\/HRT012-600x600.webp 600w, https:\/\/mountlaser.com\/wp-content\/uploads\/2025\/12\/HRT012-800x800.webp 800w, https:\/\/mountlaser.com\/wp-content\/uploads\/2025\/12\/HRT012-400x400.webp 400w\" sizes=\"(max-width: 500px) 100vw, 500px\" \/><\/p>\n<p>\u0110\u00fang v\u1eady <a href=\"https:\/\/mountlaser.com\/vi\/about-us\/\">\u0110\u1ea7u nh\u1ecdn c\u00f3 th\u1ec3 thay th\u1ebf<\/a>, S\u1ea3n ph\u1ea9m n\u00e0y mang l\u1ea1i s\u1ef1 b\u1ea3o tr\u00ec d\u1ec5 d\u00e0ng, gi\u1ea3m thi\u1ec3u th\u1eddi gian ng\u1eebng ho\u1ea1t \u0111\u1ed9ng v\u00e0 hi\u1ec7u su\u1ea5t \u1ed5n \u0111\u1ecbnh trong nhi\u1ec1u \u1ee9ng d\u1ee5ng kh\u1ea3o s\u00e1t kh\u00e1c nhau. C\u1ea5u tr\u00fac ch\u1eafc ch\u1eafn \u0111\u1ea3m b\u1ea3o tu\u1ed5i th\u1ecd cao, tr\u1edf th\u00e0nh s\u1ef1 thay th\u1ebf l\u00fd t\u01b0\u1edfng cho c\u00e1c \u0111\u1ea7u m\u0169i b\u1ecb m\u00f2n. C\u00e1c chuy\u00ean gia t\u00ecm ki\u1ebfm \u0111\u1ed9 ch\u00ednh x\u00e1c v\u00e0 \u0111\u1ed9 b\u1ec1n s\u1ebd th\u1ea5y \u0111\u1ea7u m\u0169i c\u1ed9t kh\u1ea3o s\u00e1t n\u00e0y l\u00e0 m\u1ed9t t\u00e0i s\u1ea3n \u0111\u00e1ng tin c\u1eady trong c\u00e1c ho\u1ea1t \u0111\u1ed9ng hi\u1ec7n tr\u01b0\u1eddng h\u00e0ng ng\u00e0y.<\/p>","protected":false},"excerpt":{"rendered":"<ul>\n<li>Cung c\u1ea5p \u0111i\u1ec3m ti\u1ebfp x\u00fac \u1ed5n \u0111\u1ecbnh cho g\u1eady tr\u00ean \u0111\u1ecba h\u00ecnh m\u1ec1m ho\u1eb7c kh\u00f4ng b\u1eb1ng ph\u1eb3ng.<\/li>\n<li>Ng\u0103n ng\u1eeba tr\u01b0\u1ee3t v\u00e0 xoay nh\u1edd thi\u1ebft k\u1ebf thanh l\u1ee5c gi\u00e1c.<\/li>\n<li>C\u00f3 th\u1ec3 d\u00f9ng nh\u01b0 m\u1ed9t c\u00e2y g\u1eady c\u00f3 \u0111\u1ea7u nh\u1ecdn thay th\u1ebf, gi\u00fap thay th\u1ebf nhanh ch\u00f3ng v\u00e0 gi\u1ea3m thi\u1ec3u b\u1ea3o tr\u00ec.<\/li>\n<li>T\u0103ng \u0111\u1ed9 ch\u00ednh x\u00e1c c\u1ee7a vi\u1ec7c c\u0103n ch\u1ec9nh ph\u01b0\u01a1ng th\u1eb3ng \u0111\u1ee9ng trong qu\u00e1 tr\u00ecnh kh\u1ea3o s\u00e1t.<\/li>\n<\/ul>","protected":false},"featured_media":5332,"comment_status":"open","ping_status":"closed","template":"","meta":[],"product_brand":[],"product_cat":[89,150],"product_tag":[],"class_list":{"0":"post-5331","1":"product","2":"type-product","3":"status-publish","4":"has-post-thumbnail","6":"product_cat-surveying-pole-rod","7":"product_cat-pole-accessory","9":"first","10":"instock","11":"shipping-taxable","12":"product-type-simple"},"_links":{"self":[{"href":"https:\/\/mountlaser.com\/vi\/wp-json\/wp\/v2\/product\/5331","targetHints":{"allow":["GET"]}}],"collection":[{"href":"https:\/\/mountlaser.com\/vi\/wp-json\/wp\/v2\/product"}],"about":[{"href":"https:\/\/mountlaser.com\/vi\/wp-json\/wp\/v2\/types\/product"}],"replies":[{"embeddable":true,"href":"https:\/\/mountlaser.com\/vi\/wp-json\/wp\/v2\/comments?post=5331"}],"wp:featuredmedia":[{"embeddable":true,"href":"https:\/\/mountlaser.com\/vi\/wp-json\/wp\/v2\/media\/5332"}],"wp:attachment":[{"href":"https:\/\/mountlaser.com\/vi\/wp-json\/wp\/v2\/media?parent=5331"}],"wp:term":[{"taxonomy":"product_brand","embeddable":true,"href":"https:\/\/mountlaser.com\/vi\/wp-json\/wp\/v2\/product_brand?post=5331"},{"taxonomy":"product_cat","embeddable":true,"href":"https:\/\/mountlaser.com\/vi\/wp-json\/wp\/v2\/product_cat?post=5331"},{"taxonomy":"product_tag","embeddable":true,"href":"https:\/\/mountlaser.com\/vi\/wp-json\/wp\/v2\/product_tag?post=5331"}],"curies":[{"name":"trang web","href":"https:\/\/api.w.org\/{rel}","templated":true}]}}