{"id":5325,"date":"2025-12-04T02:38:47","date_gmt":"2025-12-04T02:38:47","guid":{"rendered":"https:\/\/mountlaser.com\/?post_type=product&#038;p=5325"},"modified":"2025-12-04T02:38:47","modified_gmt":"2025-12-04T02:38:47","slug":"tip01-pole-tip","status":"publish","type":"product","link":"https:\/\/mountlaser.com\/vi\/san-pham\/tip01-pole-tip\/","title":{"rendered":"\u0110\u1ea7u c\u1ed9t TIP01"},"content":{"rendered":"<p data-start=\"198\" data-end=\"516\">C\u00e1i <a href=\"https:\/\/mountlaser.com\/vi\/\"><strong data-start=\"202\" data-end=\"231\">\u0110\u1ea7u thay th\u1ebf cho g\u1eady<\/strong><\/a> \u0110\u00e2y l\u00e0 m\u1ed9t ph\u1ee5 ki\u1ec7n b\u1ec1n b\u1ec9, \u0111\u01b0\u1ee3c gia c\u00f4ng ch\u00ednh x\u00e1c, \u0111\u01b0\u1ee3c thi\u1ebft k\u1ebf \u0111\u1ec3 gi\u1eef cho c\u1ecdc \u0111o \u0111\u1ea1c c\u1ee7a b\u1ea1n \u1ed5n \u0111\u1ecbnh v\u00e0 ch\u00ednh x\u00e1c tr\u00ean m\u1ecdi \u0111\u1ecba h\u00ecnh. \u0110\u01b0\u1ee3c ch\u1ebf t\u1ea1o t\u1eeb kim lo\u1ea1i m\u1ea1 b\u1ea1c ch\u1ea5t l\u01b0\u1ee3ng cao, \u0111\u1ea7u thay th\u1ebf cho c\u1ecdc n\u00e0y mang l\u1ea1i hi\u1ec7u su\u1ea5t l\u00e2u d\u00e0i v\u00e0 kh\u1ea3 n\u0103ng xuy\u00ean th\u1ea5u \u0111\u1ea5t ch\u1eafc ch\u1eafn trong qu\u00e1 tr\u00ecnh l\u00e0m vi\u1ec7c ngo\u00e0i hi\u1ec7n tr\u01b0\u1eddng.<\/p>\n<p data-start=\"518\" data-end=\"894\">C\u1ee7a ch\u00fang t\u00f4i <a href=\"https:\/\/mountlaser.com\/vi\/products\/\"><strong data-start=\"522\" data-end=\"560\">\u0110\u1ea7u thay th\u1ebf nh\u1ecdn cho \u0111\u1ea7u g\u1eady GPS<\/strong><\/a> \u0110\u1ea7u nh\u1ecdn thay th\u1ebf cho c\u1ed9t GPS n\u00e0y gi\u00fap t\u0103ng c\u01b0\u1eddng \u0111\u1ed9 b\u00e1m tr\u00ean \u0111\u1ea5t, s\u1ecfi ho\u1eb7c c\u00e1c b\u1ec1 m\u1eb7t kh\u00f4ng b\u1eb1ng ph\u1eb3ng, \u0111\u1ea3m b\u1ea3o c\u1ed9t \u0111o \u0111\u1ea1c c\u1ee7a b\u1ea1n lu\u00f4n \u0111\u01b0\u1ee3c gi\u1eef ch\u1eafc ch\u1eafn \u0111\u1ec3 c\u00f3 nh\u1eefng ph\u00e9p \u0111o nh\u1ea5t qu\u00e1n. Cho d\u00f9 b\u1ea1n \u0111ang s\u1eed d\u1ee5ng c\u1ed9t GPS, c\u1ed9t l\u0103ng k\u00ednh hay c\u1ea7n \u0111o GNSS, \u0111\u1ea7u nh\u1ecdn thay th\u1ebf n\u00e0y \u0111\u1ec1u mang l\u1ea1i kh\u1ea3 n\u0103ng t\u01b0\u01a1ng th\u00edch \u0111\u00e1ng tin c\u1eady, l\u1eafp \u0111\u1eb7t d\u1ec5 d\u00e0ng v\u00e0 \u0111\u1ed9 b\u1ec1n cao.<\/p>\n<p data-start=\"518\" data-end=\"894\"><img fetchpriority=\"high\" decoding=\"async\" class=\"aligncenter wp-image-5328\" src=\"https:\/\/mountlaser.com\/wp-content\/uploads\/2025\/12\/TIP013.webp\" alt=\"Replacement Tip for Poles\" width=\"500\" height=\"500\" srcset=\"https:\/\/mountlaser.com\/wp-content\/uploads\/2025\/12\/TIP013.webp 1000w, https:\/\/mountlaser.com\/wp-content\/uploads\/2025\/12\/TIP013-300x300.webp 300w, https:\/\/mountlaser.com\/wp-content\/uploads\/2025\/12\/TIP013-150x150.webp 150w, https:\/\/mountlaser.com\/wp-content\/uploads\/2025\/12\/TIP013-768x768.webp 768w, https:\/\/mountlaser.com\/wp-content\/uploads\/2025\/12\/TIP013-12x12.webp 12w, https:\/\/mountlaser.com\/wp-content\/uploads\/2025\/12\/TIP013-600x600.webp 600w, https:\/\/mountlaser.com\/wp-content\/uploads\/2025\/12\/TIP013-800x800.webp 800w, https:\/\/mountlaser.com\/wp-content\/uploads\/2025\/12\/TIP013-400x400.webp 400w\" sizes=\"(max-width: 500px) 100vw, 500px\" \/><\/p>\n<p data-start=\"896\" data-end=\"1118\">V\u1edbi k\u1ebft c\u1ea5u ch\u1eafc ch\u1eafn v\u00e0 kh\u1ea3 n\u0103ng ph\u00f9 h\u1ee3p v\u1edbi m\u1ecdi lo\u1ea1i xe, <a href=\"https:\/\/mountlaser.com\/vi\/about-us\/\">\u0110\u1ea7u thay th\u1ebf cho g\u1eady<\/a>\u00a0Ch\u00fang l\u00e0 nh\u1eefng ph\u1ee5 ki\u1ec7n thi\u1ebft y\u1ebfu \u0111\u1ec3 duy tr\u00ec \u0111\u1ed9 ch\u00ednh x\u00e1c c\u1ee7a thi\u1ebft b\u1ecb v\u00e0 k\u00e9o d\u00e0i tu\u1ed5i th\u1ecd c\u1ee7a h\u1ec7 th\u1ed1ng c\u1ed9t.<\/p>","protected":false},"excerpt":{"rendered":"<ul>\n<li data-start=\"1142\" data-end=\"1196\">\n<p data-start=\"1144\" data-end=\"1196\">Cung c\u1ea5p \u0111i\u1ec3m ti\u1ebfp \u0111\u1ea5t s\u1eafc n\u00e9t v\u00e0 \u1ed5n \u0111\u1ecbnh cho c\u00e1c c\u1ed9t.<\/p>\n<\/li>\n<li data-start=\"1197\" data-end=\"1263\">\n<p data-start=\"1199\" data-end=\"1263\">T\u0103ng \u0111\u1ed9 ch\u00ednh x\u00e1c b\u1eb1ng c\u00e1ch gi\u1ea3m thi\u1ec3u s\u1ef1 d\u1ecbch chuy\u1ec3n c\u1ee7a c\u1ed9t tr\u00ean \u0111\u1ecba h\u00ecnh g\u1ed3 gh\u1ec1.<\/p>\n<\/li>\n<li data-start=\"1264\" data-end=\"1320\">\n<p data-start=\"1266\" data-end=\"1320\">Cung c\u1ea5p kh\u1ea3 n\u0103ng thay th\u1ebf d\u1ec5 d\u00e0ng b\u1eb1ng c\u00e1c c\u1ed9t \u0111o \u0111\u1ea1c t\u01b0\u01a1ng th\u00edch.<\/p>\n<\/li>\n<li data-start=\"1321\" data-end=\"1370\">\n<p data-start=\"1323\" data-end=\"1370\">\u0110\u01b0\u1ee3c l\u00e0m t\u1eeb kim lo\u1ea1i b\u1ec1n ch\u1eafc, \u0111\u1ea3m b\u1ea3o tu\u1ed5i th\u1ecd s\u1eed d\u1ee5ng l\u00e2u d\u00e0i.<\/p>\n<\/li>\n<li data-start=\"1371\" data-end=\"1458\">\n<p data-start=\"1373\" data-end=\"1458\">\u0110\u1ea3m b\u1ea3o hi\u1ec7u su\u1ea5t \u0111\u00e1ng tin c\u1eady trong c\u00e1c \u1ee9ng d\u1ee5ng kh\u1ea3o s\u00e1t \u0111\u1ecba h\u00ecnh, x\u00e2y d\u1ef1ng v\u00e0 \u0111\u1ecbnh v\u1ecb to\u00e0n c\u1ea7u (GNSS).<\/p>\n<\/li>\n<\/ul>","protected":false},"featured_media":5326,"comment_status":"open","ping_status":"closed","template":"","meta":[],"product_brand":[],"product_cat":[89,150],"product_tag":[],"class_list":{"0":"post-5325","1":"product","2":"type-product","3":"status-publish","4":"has-post-thumbnail","6":"product_cat-surveying-pole-rod","7":"product_cat-pole-accessory","9":"first","10":"instock","11":"shipping-taxable","12":"product-type-simple"},"_links":{"self":[{"href":"https:\/\/mountlaser.com\/vi\/wp-json\/wp\/v2\/product\/5325","targetHints":{"allow":["GET"]}}],"collection":[{"href":"https:\/\/mountlaser.com\/vi\/wp-json\/wp\/v2\/product"}],"about":[{"href":"https:\/\/mountlaser.com\/vi\/wp-json\/wp\/v2\/types\/product"}],"replies":[{"embeddable":true,"href":"https:\/\/mountlaser.com\/vi\/wp-json\/wp\/v2\/comments?post=5325"}],"wp:featuredmedia":[{"embeddable":true,"href":"https:\/\/mountlaser.com\/vi\/wp-json\/wp\/v2\/media\/5326"}],"wp:attachment":[{"href":"https:\/\/mountlaser.com\/vi\/wp-json\/wp\/v2\/media?parent=5325"}],"wp:term":[{"taxonomy":"product_brand","embeddable":true,"href":"https:\/\/mountlaser.com\/vi\/wp-json\/wp\/v2\/product_brand?post=5325"},{"taxonomy":"product_cat","embeddable":true,"href":"https:\/\/mountlaser.com\/vi\/wp-json\/wp\/v2\/product_cat?post=5325"},{"taxonomy":"product_tag","embeddable":true,"href":"https:\/\/mountlaser.com\/vi\/wp-json\/wp\/v2\/product_tag?post=5325"}],"curies":[{"name":"trang web","href":"https:\/\/api.w.org\/{rel}","templated":true}]}}