{"id":5288,"date":"2025-12-04T01:51:53","date_gmt":"2025-12-04T01:51:53","guid":{"rendered":"https:\/\/mountlaser.com\/?post_type=product&#038;p=5288"},"modified":"2025-12-04T01:51:53","modified_gmt":"2025-12-04T01:51:53","slug":"rl01-rod-level","status":"publish","type":"product","link":"https:\/\/mountlaser.com\/vi\/san-pham\/rl01-rod-level\/","title":{"rendered":"RL01 Thanh c\u00e2n b\u1eb1ng"},"content":{"rendered":"<p>C\u00e1i <a href=\"https:\/\/mountlaser.com\/vi\/\"><strong>M\u1ee9c \u0111\u1ed9 thanh<\/strong><\/a> Th\u01b0\u1edbc th\u1ee7y l\u00e0 m\u1ed9t c\u00f4ng c\u1ee5 c\u0103n ch\u1ec9nh thi\u1ebft y\u1ebfu \u0111\u01b0\u1ee3c thi\u1ebft k\u1ebf \u0111\u1ec3 gi\u00fap c\u00e1c nh\u00e0 kh\u1ea3o s\u00e1t \u0111\u1ea1t \u0111\u01b0\u1ee3c c\u00e1c s\u1ed1 \u0111\u1ecdc \u0111\u1ed9 cao ch\u00ednh x\u00e1c khi l\u00e0m vi\u1ec7c v\u1edbi th\u01b0\u1edbc \u0111o \u0111\u1ed9 cao v\u00e0 c\u1ed9t m\u1ed1c. \u0110\u01b0\u1ee3c thi\u1ebft k\u1ebf \u0111\u1ec3 \u0111\u00e1ng tin c\u1eady v\u00e0 d\u1ec5 s\u1eed d\u1ee5ng, th\u01b0\u1edbc th\u1ee7y \u0111\u1ea3m b\u1ea3o v\u1ecb tr\u00ed th\u01b0\u1edbc \u0111o ch\u00ednh x\u00e1c trong nhi\u1ec1u m\u00f4i tr\u01b0\u1eddng hi\u1ec7n tr\u01b0\u1eddng kh\u00e1c nhau. D\u00f2ng s\u1ea3n ph\u1ea9m c\u1ee7a ch\u00fang t\u00f4i bao g\u1ed3m nhi\u1ec1u ch\u1ea5t li\u1ec7u v\u00e0 ki\u1ec3u c\u1ed1 \u0111\u1ecbnh\u2014nh\u01b0 ki\u1ec3u k\u1eb9p v\u00e0 ki\u1ec3u d\u00e2y \u0111eo\u2014cho ph\u00e9p c\u00e1c chuy\u00ean gia l\u1ef1a ch\u1ecdn lo\u1ea1i ph\u00f9 h\u1ee3p nh\u1ea5t. <a href=\"https:\/\/mountlaser.com\/vi\/danh-muc-san-pham\/surveying-pole-rod\/\"><strong>Th\u01b0\u1edbc \u0111o \u0111\u1ed9 nghi\u00eang c\u00f3 th\u1ec3 \u0111i\u1ec1u ch\u1ec9nh<\/strong><\/a> cho quy tr\u00ecnh l\u00e0m vi\u1ec7c c\u1ee7a h\u1ecd.<\/p>\n<p>\u0110\u01b0\u1ee3c ch\u1ebf t\u1ea1o ch\u00ednh x\u00e1c v\u1edbi \u1ed1ng th\u1ee7y chu\u1ea9n b\u1ecdt kh\u00ed 40&#039;\/2mm, m\u1ed7i th\u01b0\u1edbc th\u1ee7y cung c\u1ea5p ph\u1ea3n h\u1ed3i tr\u1ef1c quan nhanh ch\u00f3ng \u0111\u1ec3 c\u0103n ch\u1ec9nh \u0111\u00e1ng tin c\u1eady. C\u00e1c t\u00f9y ch\u1ecdn bao g\u1ed3m th\u00e2n b\u1eb1ng nh\u1ef1a nh\u1eb9 nh\u01b0 RL01, khung nh\u00f4m ch\u1eafc ch\u1eafn trong RL02 v\u00e0 RL03, v\u00e0 thi\u1ebft k\u1ebf g\u1eafn d\u00e2y \u0111eo \u0111a n\u0103ng \u0111\u01b0\u1ee3c t\u00ecm th\u1ea5y trong RL04 v\u00e0 PA40. L\u00e0 m\u1ed9t th\u01b0\u1edbc th\u1ee7y \u0111i\u1ec1u ch\u1ec9nh \u0111\u01b0\u1ee3c, d\u1ee5ng c\u1ee5 n\u00e0y ph\u00f9 h\u1ee3p v\u1edbi nhi\u1ec1u lo\u1ea1i th\u01b0\u1edbc kh\u00e1c nhau, \u0111\u1ea3m b\u1ea3o t\u00ednh t\u01b0\u01a1ng th\u00edch v\u00e0 hi\u1ec7u su\u1ea5t \u1ed5n \u0111\u1ecbnh ngay c\u1ea3 trong \u0111i\u1ec1u ki\u1ec7n kh\u1ea3o s\u00e1t kh\u1eafc nghi\u1ec7t.<\/p>\n<p>D\u00f9 \u0111\u01b0\u1ee3c s\u1eed d\u1ee5ng \u0111\u1ec3 b\u1ed1 tr\u00ed c\u00f4ng tr\u00ecnh, kh\u1ea3o s\u00e1t \u0111\u1ecba h\u00ecnh hay \u0111o \u0111\u1ea1c \u0111\u1ed9 cao, m\u00e1y th\u1ee7y chu\u1ea9n gi\u00fap n\u00e2ng cao hi\u1ec7u qu\u1ea3 b\u1eb1ng c\u00e1ch c\u1ea3i thi\u1ec7n \u0111\u1ed9 \u1ed5n \u0111\u1ecbnh c\u1ee7a th\u01b0\u1edbc \u0111o v\u00e0 \u0111\u1ea3m b\u1ea3o c\u00e1c s\u1ed1 li\u1ec7u tham kh\u1ea3o ch\u00ednh x\u00e1c. C\u00e1c nh\u00e0 kh\u1ea3o s\u00e1t d\u1ef1a v\u00e0o m\u00e1y th\u1ee7y chu\u1ea9n \u0111\u1ec3... <a href=\"https:\/\/mountlaser.com\/vi\/contact-us\/\">M\u1ee9c \u0111\u1ed9 thanh<\/a> nh\u1eb1m gi\u1ea3m thi\u1ec3u sai s\u00f3t, duy tr\u00ec quy tr\u00ecnh l\u00e0m vi\u1ec7c nh\u1ea5t qu\u00e1n v\u00e0 \u0111\u1ea3m b\u1ea3o s\u1ef1 \u0111\u1ed3ng b\u1ed9 d\u1ecdc \u0111\u00e1ng tin c\u1eady trong m\u1ecdi d\u1ef1 \u00e1n.<\/p>\n<div>\n<table style=\"border-collapse: collapse; width: 710.27pt;\" border=\"0\" width=\"947\" cellspacing=\"0\" cellpadding=\"0\">\n<tbody>\n<tr style=\"height: 14.25pt;\">\n<td class=\"et2\" style=\"height: 14.25pt; width: 99.75pt;\" width=\"133\" height=\"19\">CON S\u1ed0<\/td>\n<td class=\"et3\" style=\"width: 75.75pt;\" width=\"101\">V\u1eacT LI\u1ec6U<\/td>\n<td class=\"et4\" style=\"width: 108.75pt;\" width=\"145\">L\u1ecc BONG B\u00d3NG<\/td>\n<td class=\"et4\" style=\"width: 144.00pt;\" width=\"192\">PH\u01af\u01a0NG PH\u00c1P S\u1eecA CH\u1eeeA<\/td>\n<td class=\"et4\" style=\"width: 114.00pt;\" width=\"152\">M\u00c0U S\u1eaeC<\/td>\n<td class=\"et5\" style=\"width: 168.00pt;\" width=\"224\">H\u00ccNH \u1ea2NH<\/td>\n<\/tr>\n<tr style=\"height: 14.25pt;\">\n<td class=\"et6\" style=\"height: 14.25pt;\" height=\"19\">RL01<\/td>\n<td class=\"et6\">Nh\u1ef1a<\/td>\n<td class=\"et6\">40&#039;\/ 2mm<\/td>\n<td class=\"et6\">\u2014<\/td>\n<td class=\"et6\">Qu\u1ea3 cam<\/td>\n<td class=\"et7\"><img fetchpriority=\"high\" decoding=\"async\" class=\"alignnone wp-image-5290\" src=\"https:\/\/mountlaser.com\/wp-content\/uploads\/2025\/12\/RL012.webp\" alt=\"Rod Level\" width=\"500\" height=\"500\" srcset=\"https:\/\/mountlaser.com\/wp-content\/uploads\/2025\/12\/RL012.webp 1200w, https:\/\/mountlaser.com\/wp-content\/uploads\/2025\/12\/RL012-300x300.webp 300w, https:\/\/mountlaser.com\/wp-content\/uploads\/2025\/12\/RL012-1024x1024.webp 1024w, https:\/\/mountlaser.com\/wp-content\/uploads\/2025\/12\/RL012-150x150.webp 150w, https:\/\/mountlaser.com\/wp-content\/uploads\/2025\/12\/RL012-768x768.webp 768w, https:\/\/mountlaser.com\/wp-content\/uploads\/2025\/12\/RL012-12x12.webp 12w, https:\/\/mountlaser.com\/wp-content\/uploads\/2025\/12\/RL012-600x600.webp 600w, https:\/\/mountlaser.com\/wp-content\/uploads\/2025\/12\/RL012-800x800.webp 800w, https:\/\/mountlaser.com\/wp-content\/uploads\/2025\/12\/RL012-400x400.webp 400w\" sizes=\"(max-width: 500px) 100vw, 500px\" \/><\/td>\n<\/tr>\n<tr style=\"height: 14.25pt;\">\n<td class=\"et6\" style=\"height: 14.25pt;\" height=\"19\">RL02<\/td>\n<td class=\"et6\">Nh\u00f4m<\/td>\n<td class=\"et6\">40&#039;\/ 2mm<\/td>\n<td class=\"et6\">\u2014<\/td>\n<td class=\"et6\">\u0110\u1ece\/ \u0110EN<\/td>\n<td class=\"et7\"><img decoding=\"async\" class=\"alignnone wp-image-5297\" src=\"https:\/\/mountlaser.com\/wp-content\/uploads\/2025\/12\/RL024.webp\" alt=\"Rod Level\" width=\"500\" height=\"500\" srcset=\"https:\/\/mountlaser.com\/wp-content\/uploads\/2025\/12\/RL024.webp 1200w, https:\/\/mountlaser.com\/wp-content\/uploads\/2025\/12\/RL024-300x300.webp 300w, https:\/\/mountlaser.com\/wp-content\/uploads\/2025\/12\/RL024-1024x1024.webp 1024w, https:\/\/mountlaser.com\/wp-content\/uploads\/2025\/12\/RL024-150x150.webp 150w, https:\/\/mountlaser.com\/wp-content\/uploads\/2025\/12\/RL024-768x768.webp 768w, https:\/\/mountlaser.com\/wp-content\/uploads\/2025\/12\/RL024-12x12.webp 12w, https:\/\/mountlaser.com\/wp-content\/uploads\/2025\/12\/RL024-600x600.webp 600w, https:\/\/mountlaser.com\/wp-content\/uploads\/2025\/12\/RL024-800x800.webp 800w, https:\/\/mountlaser.com\/wp-content\/uploads\/2025\/12\/RL024-400x400.webp 400w\" sizes=\"(max-width: 500px) 100vw, 500px\" \/><\/td>\n<\/tr>\n<tr style=\"height: 14.25pt;\">\n<td class=\"et6\" style=\"height: 14.25pt;\" height=\"19\">RL03<\/td>\n<td class=\"et6\">Nh\u00f4m<\/td>\n<td class=\"et6\">40&#039;\/ 2mm<\/td>\n<td class=\"et6\">Snap-on<\/td>\n<td class=\"et6\">\u0110en<\/td>\n<td class=\"et7\"><img decoding=\"async\" class=\"alignnone wp-image-5303\" src=\"https:\/\/mountlaser.com\/wp-content\/uploads\/2025\/12\/RL034.webp\" alt=\"Rod Level\" width=\"500\" height=\"500\" srcset=\"https:\/\/mountlaser.com\/wp-content\/uploads\/2025\/12\/RL034.webp 1200w, https:\/\/mountlaser.com\/wp-content\/uploads\/2025\/12\/RL034-300x300.webp 300w, https:\/\/mountlaser.com\/wp-content\/uploads\/2025\/12\/RL034-1024x1024.webp 1024w, https:\/\/mountlaser.com\/wp-content\/uploads\/2025\/12\/RL034-150x150.webp 150w, https:\/\/mountlaser.com\/wp-content\/uploads\/2025\/12\/RL034-768x768.webp 768w, https:\/\/mountlaser.com\/wp-content\/uploads\/2025\/12\/RL034-12x12.webp 12w, https:\/\/mountlaser.com\/wp-content\/uploads\/2025\/12\/RL034-600x600.webp 600w, https:\/\/mountlaser.com\/wp-content\/uploads\/2025\/12\/RL034-800x800.webp 800w, https:\/\/mountlaser.com\/wp-content\/uploads\/2025\/12\/RL034-400x400.webp 400w\" sizes=\"(max-width: 500px) 100vw, 500px\" \/><\/td>\n<\/tr>\n<tr style=\"height: 14.25pt;\">\n<td class=\"et6\" style=\"height: 14.25pt;\" height=\"19\">RL04<\/td>\n<td class=\"et6\">Nh\u00f4m<\/td>\n<td class=\"et6\">40&#039;\/ 2mm<\/td>\n<td class=\"et6\">D\u00e2y \u0111eo<\/td>\n<td class=\"et6\">\u0110\u1ece\/ \u0110EN<\/td>\n<td class=\"et7\"><img loading=\"lazy\" decoding=\"async\" class=\"alignnone wp-image-5310\" src=\"https:\/\/mountlaser.com\/wp-content\/uploads\/2025\/12\/RL046.webp\" alt=\"Rod Level\" width=\"500\" height=\"500\" srcset=\"https:\/\/mountlaser.com\/wp-content\/uploads\/2025\/12\/RL046.webp 1200w, https:\/\/mountlaser.com\/wp-content\/uploads\/2025\/12\/RL046-300x300.webp 300w, https:\/\/mountlaser.com\/wp-content\/uploads\/2025\/12\/RL046-1024x1024.webp 1024w, https:\/\/mountlaser.com\/wp-content\/uploads\/2025\/12\/RL046-150x150.webp 150w, https:\/\/mountlaser.com\/wp-content\/uploads\/2025\/12\/RL046-768x768.webp 768w, https:\/\/mountlaser.com\/wp-content\/uploads\/2025\/12\/RL046-12x12.webp 12w, https:\/\/mountlaser.com\/wp-content\/uploads\/2025\/12\/RL046-600x600.webp 600w, https:\/\/mountlaser.com\/wp-content\/uploads\/2025\/12\/RL046-800x800.webp 800w, https:\/\/mountlaser.com\/wp-content\/uploads\/2025\/12\/RL046-400x400.webp 400w\" sizes=\"(max-width: 500px) 100vw, 500px\" \/><\/td>\n<\/tr>\n<tr style=\"height: 14.25pt;\">\n<td class=\"et6\" style=\"height: 14.25pt;\" height=\"19\">PA40<\/td>\n<td class=\"et6\">Nh\u00f4m<\/td>\n<td class=\"et6\">40&#039;\/ 2mm<\/td>\n<td class=\"et6\">D\u00e2y \u0111eo<\/td>\n<td class=\"et6\">M\u00e0u v\u00e0ng<\/td>\n<td class=\"et7\"><img loading=\"lazy\" decoding=\"async\" class=\"alignnone wp-image-5317\" src=\"https:\/\/mountlaser.com\/wp-content\/uploads\/2025\/12\/PA406.webp\" alt=\"Rod Level\" width=\"500\" height=\"500\" srcset=\"https:\/\/mountlaser.com\/wp-content\/uploads\/2025\/12\/PA406.webp 1200w, https:\/\/mountlaser.com\/wp-content\/uploads\/2025\/12\/PA406-300x300.webp 300w, https:\/\/mountlaser.com\/wp-content\/uploads\/2025\/12\/PA406-1024x1024.webp 1024w, https:\/\/mountlaser.com\/wp-content\/uploads\/2025\/12\/PA406-150x150.webp 150w, https:\/\/mountlaser.com\/wp-content\/uploads\/2025\/12\/PA406-768x768.webp 768w, https:\/\/mountlaser.com\/wp-content\/uploads\/2025\/12\/PA406-12x12.webp 12w, https:\/\/mountlaser.com\/wp-content\/uploads\/2025\/12\/PA406-600x600.webp 600w, https:\/\/mountlaser.com\/wp-content\/uploads\/2025\/12\/PA406-800x800.webp 800w, https:\/\/mountlaser.com\/wp-content\/uploads\/2025\/12\/PA406-400x400.webp 400w\" sizes=\"(max-width: 500px) 100vw, 500px\" \/><\/td>\n<\/tr>\n<\/tbody>\n<\/table>\n<\/div>","protected":false},"excerpt":{"rendered":"<ul>\n<li>Cung c\u1ea5p kh\u1ea3 n\u0103ng c\u0103n ch\u1ec9nh th\u1eb3ng \u0111\u1ee9ng ch\u00ednh x\u00e1c cho t\u1ea5t c\u1ea3 c\u00e1c lo\u1ea1i th\u01b0\u1edbc \u0111o tr\u1eafc \u0111\u1ecba th\u00f4ng d\u1ee5ng.<\/li>\n<li>\u0110\u01b0\u1ee3c trang b\u1ecb \u1ed1ng th\u1ee7y chu\u1ea9n b\u1ecdt kh\u00ed 40&#039;\/2mm gi\u00fap c\u00e2n b\u1eb1ng nhanh ch\u00f3ng v\u00e0 ch\u00ednh x\u00e1c.<\/li>\n<li>C\u00f3 s\u1eb5n th\u00e2n m\u00e1y b\u1eb1ng nh\u1ef1a ho\u1eb7c nh\u00f4m \u0111\u1ec3 ph\u00f9 h\u1ee3p v\u1edbi c\u00e1c nhu c\u1ea7u v\u1ec1 \u0111\u1ed9 b\u1ec1n kh\u00e1c nhau.<\/li>\n<li>Nhi\u1ec1u ph\u01b0\u01a1ng ph\u00e1p c\u1ed1 \u0111\u1ecbnh kh\u00e1c nhau\u2014kh\u00f3a g\u00e0i ho\u1eb7c d\u00e2y \u0111ai\u2014mang l\u1ea1i c\u00e1c t\u00f9y ch\u1ecdn l\u1eafp \u0111\u1eb7t linh ho\u1ea1t.<\/li>\n<li>Ho\u1ea1t \u0111\u1ed9ng nh\u01b0 m\u1ed9t th\u01b0\u1edbc \u0111o \u0111\u1ed9 nghi\u00eang c\u00f3 th\u1ec3 \u0111i\u1ec1u ch\u1ec9nh, ph\u00f9 h\u1ee3p v\u1edbi nhi\u1ec1u \u0111\u01b0\u1eddng k\u00ednh th\u01b0\u1edbc v\u00e0 \u1ee9ng d\u1ee5ng th\u1ef1c \u0111\u1ecba kh\u00e1c nhau.<\/li>\n<\/ul>","protected":false},"featured_media":5294,"comment_status":"open","ping_status":"closed","template":"","meta":[],"product_brand":[],"product_cat":[89,150],"product_tag":[],"class_list":{"0":"post-5288","1":"product","2":"type-product","3":"status-publish","4":"has-post-thumbnail","6":"product_cat-surveying-pole-rod","7":"product_cat-pole-accessory","9":"first","10":"instock","11":"shipping-taxable","12":"product-type-simple"},"_links":{"self":[{"href":"https:\/\/mountlaser.com\/vi\/wp-json\/wp\/v2\/product\/5288","targetHints":{"allow":["GET"]}}],"collection":[{"href":"https:\/\/mountlaser.com\/vi\/wp-json\/wp\/v2\/product"}],"about":[{"href":"https:\/\/mountlaser.com\/vi\/wp-json\/wp\/v2\/types\/product"}],"replies":[{"embeddable":true,"href":"https:\/\/mountlaser.com\/vi\/wp-json\/wp\/v2\/comments?post=5288"}],"wp:featuredmedia":[{"embeddable":true,"href":"https:\/\/mountlaser.com\/vi\/wp-json\/wp\/v2\/media\/5294"}],"wp:attachment":[{"href":"https:\/\/mountlaser.com\/vi\/wp-json\/wp\/v2\/media?parent=5288"}],"wp:term":[{"taxonomy":"product_brand","embeddable":true,"href":"https:\/\/mountlaser.com\/vi\/wp-json\/wp\/v2\/product_brand?post=5288"},{"taxonomy":"product_cat","embeddable":true,"href":"https:\/\/mountlaser.com\/vi\/wp-json\/wp\/v2\/product_cat?post=5288"},{"taxonomy":"product_tag","embeddable":true,"href":"https:\/\/mountlaser.com\/vi\/wp-json\/wp\/v2\/product_tag?post=5288"}],"curies":[{"name":"trang web","href":"https:\/\/api.w.org\/{rel}","templated":true}]}}