{"id":5287,"date":"2025-12-04T01:37:53","date_gmt":"2025-12-04T01:37:53","guid":{"rendered":"https:\/\/mountlaser.com\/?post_type=product&#038;p=5287"},"modified":"2025-12-04T01:54:26","modified_gmt":"2025-12-04T01:54:26","slug":"bbp-bubble-and-holder","status":"publish","type":"product","link":"https:\/\/mountlaser.com\/vi\/san-pham\/bbp-bubble-and-holder\/","title":{"rendered":"Gi\u00e1 \u0111\u1ee1 v\u00e0 bong b\u00f3ng BBP"},"content":{"rendered":"<p>C\u00e1i <a href=\"https:\/\/mountlaser.com\/vi\/danh-muc-san-pham\/surveying-pole-rod\/\"><strong>Gi\u00e1 \u0111\u1ee1 bong b\u00f3ng cho c\u1ed9t<\/strong><\/a> \u0110\u00e2y l\u00e0 m\u1ed9t ph\u1ee5 ki\u1ec7n \u0111\u01b0\u1ee3c thi\u1ebft k\u1ebf ch\u00ednh x\u00e1c \u0111\u1ec3 cung c\u1ea5p kh\u1ea3 n\u0103ng c\u00e2n b\u1eb1ng ch\u00ednh x\u00e1c cho c\u00e1c c\u1ed9t \u0111o \u0111\u1ea1c c\u00f3 \u0111\u01b0\u1eddng k\u00ednh kh\u00e1c nhau. C\u00f3 s\u1eb5n c\u00e1c phi\u00ean b\u1ea3n m\u00e0u \u0111en BBP25\/30\/32\/36 v\u00e0 m\u00e0u b\u1ea1c SBP32\/38, gi\u00e1 \u0111\u1ee1 n\u00e0y \u0111\u1ea3m b\u1ea3o s\u1ef1 v\u1eeba v\u1eb7n ch\u1eafc ch\u1eafn v\u00e0 hi\u1ec7u su\u1ea5t \u1ed5n \u0111\u1ecbnh trong m\u00f4i tr\u01b0\u1eddng l\u00e0m vi\u1ec7c kh\u1eafc nghi\u1ec7t. Cho d\u00f9 \u0111\u01b0\u1ee3c s\u1eed d\u1ee5ng tr\u00ean c\u1ed9t l\u0103ng k\u00ednh hay c\u1ed9t \u0111o \u0111\u1ea1c GPS, Gi\u00e1 \u0111\u1ee1 b\u1ecdt kh\u00ed cho c\u1ed9t \u0111\u1ec1u mang l\u1ea1i \u0111\u1ed9 tin c\u1eady nh\u1ea5t qu\u00e1n v\u00e0 kh\u1ea3 n\u0103ng t\u01b0\u01a1ng th\u00edch li\u1ec1n m\u1ea1ch v\u1edbi nhi\u1ec1u lo\u1ea1i b\u1ecdt kh\u00ed cho c\u1ed9t. C\u1ea5u tr\u00fac b\u1ec1n ch\u1eafc v\u00e0 thi\u1ebft k\u1ebf ti\u1ec7n d\u1ee5ng gi\u00fap d\u1ec5 d\u00e0ng l\u1eafp \u0111\u1eb7t, cho ph\u00e9p ng\u01b0\u1eddi kh\u1ea3o s\u00e1t nhanh ch\u00f3ng \u0111i\u1ec1u ch\u1ec9nh v\u00e0 ki\u1ec3m tra \u0111\u1ed9 th\u1eb3ng \u0111\u1ee9ng.<\/p>\n<figure id=\"attachment_5279\" aria-describedby=\"caption-attachment-5279\" style=\"width: 500px\" class=\"wp-caption aligncenter\"><img fetchpriority=\"high\" decoding=\"async\" class=\"wp-image-5279\" src=\"https:\/\/mountlaser.com\/wp-content\/uploads\/2025\/12\/BBP3.webp\" alt=\"Bubble Holder for pole\" width=\"500\" height=\"500\" srcset=\"https:\/\/mountlaser.com\/wp-content\/uploads\/2025\/12\/BBP3.webp 1000w, https:\/\/mountlaser.com\/wp-content\/uploads\/2025\/12\/BBP3-300x300.webp 300w, https:\/\/mountlaser.com\/wp-content\/uploads\/2025\/12\/BBP3-150x150.webp 150w, https:\/\/mountlaser.com\/wp-content\/uploads\/2025\/12\/BBP3-768x768.webp 768w, https:\/\/mountlaser.com\/wp-content\/uploads\/2025\/12\/BBP3-12x12.webp 12w, https:\/\/mountlaser.com\/wp-content\/uploads\/2025\/12\/BBP3-600x600.webp 600w, https:\/\/mountlaser.com\/wp-content\/uploads\/2025\/12\/BBP3-800x800.webp 800w, https:\/\/mountlaser.com\/wp-content\/uploads\/2025\/12\/BBP3-400x400.webp 400w\" sizes=\"(max-width: 500px) 100vw, 500px\" \/><figcaption id=\"caption-attachment-5279\" class=\"wp-caption-text\">BBP25\/30\/32\/36<\/figcaption><\/figure>\n<figure id=\"attachment_5319\" aria-describedby=\"caption-attachment-5319\" style=\"width: 500px\" class=\"wp-caption aligncenter\"><img decoding=\"async\" class=\"wp-image-5319\" src=\"https:\/\/mountlaser.com\/wp-content\/uploads\/2025\/12\/SBP1.webp\" alt=\"Bubble Holder for pole\" width=\"500\" height=\"500\" srcset=\"https:\/\/mountlaser.com\/wp-content\/uploads\/2025\/12\/SBP1.webp 1200w, https:\/\/mountlaser.com\/wp-content\/uploads\/2025\/12\/SBP1-300x300.webp 300w, https:\/\/mountlaser.com\/wp-content\/uploads\/2025\/12\/SBP1-1024x1024.webp 1024w, https:\/\/mountlaser.com\/wp-content\/uploads\/2025\/12\/SBP1-150x150.webp 150w, https:\/\/mountlaser.com\/wp-content\/uploads\/2025\/12\/SBP1-768x768.webp 768w, https:\/\/mountlaser.com\/wp-content\/uploads\/2025\/12\/SBP1-12x12.webp 12w, https:\/\/mountlaser.com\/wp-content\/uploads\/2025\/12\/SBP1-600x600.webp 600w, https:\/\/mountlaser.com\/wp-content\/uploads\/2025\/12\/SBP1-800x800.webp 800w, https:\/\/mountlaser.com\/wp-content\/uploads\/2025\/12\/SBP1-400x400.webp 400w\" sizes=\"(max-width: 500px) 100vw, 500px\" \/><figcaption id=\"caption-attachment-5319\" class=\"wp-caption-text\">SBP32\/38<\/figcaption><\/figure>\n<p>V\u1edbi kh\u1ea3 n\u0103ng quan s\u00e1t \u0111\u01b0\u1ee3c c\u1ea3i thi\u1ec7n v\u00e0 \u0111\u1ed9 ch\u00ednh x\u00e1c l\u00e2u d\u00e0i, gi\u00e1 \u0111\u1ee1 bong b\u00f3ng cho th\u01b0\u1edbc \u0111o l\u00e0 m\u1ed9t c\u00f4ng c\u1ee5 thi\u1ebft y\u1ebfu d\u00e0nh cho c\u00e1c chuy\u00ean gia c\u1ea7n \u0111o l\u01b0\u1eddng ch\u00ednh x\u00e1c, \u0111\u1eb7c bi\u1ec7t khi k\u1ebft h\u1ee3p v\u1edbi c\u00e1c thi\u1ebft b\u1ecb ch\u1ea5t l\u01b0\u1ee3ng cao.<a href=\"https:\/\/mountlaser.com\/vi\/about-us\/\"><strong> bong b\u00f3ng cho c\u1ed9t<\/strong><\/a> linh ki\u1ec7n v\u00e0 ph\u1ee5 ki\u1ec7n.<\/p>","protected":false},"excerpt":{"rendered":"<ul>\n<li>Cung c\u1ea5p kh\u1ea3 n\u0103ng c\u0103n ch\u1ec9nh th\u1eb3ng \u0111\u1ee9ng nhanh ch\u00f3ng v\u00e0 ch\u00ednh x\u00e1c cho c\u00e1c c\u1ed9t \u0111o \u0111\u1ea1c.<\/li>\n<li>T\u01b0\u01a1ng th\u00edch v\u1edbi nhi\u1ec1u \u0111\u01b0\u1eddng k\u00ednh c\u1ed9t kh\u00e1c nhau (25\/30\/32\/36mm &amp; 32\/38mm)<\/li>\n<li>Gi\u00fap c\u1ed1 \u0111\u1ecbnh ch\u1eafc ch\u1eafn c\u00e1c \u1ed1ng nghi\u1ec7m c\u00f3 g\u1eafn bong b\u00f3ng kh\u00ed t\u1ea1i ch\u1ed7.<\/li>\n<li>N\u00e2ng cao \u0111\u1ed9 ch\u00ednh x\u00e1c \u0111o l\u01b0\u1eddng trong x\u00e2y d\u1ef1ng, l\u1eadp b\u1ea3n \u0111\u1ed3 v\u00e0 kh\u1ea3o s\u00e1t \u0111\u1ecba h\u00ecnh.<\/li>\n<li>\u0110\u01b0\u1ee3c thi\u1ebft k\u1ebf \u0111\u1ec3 c\u00f3 \u0111\u1ed9 b\u1ec1n cao v\u00e0 ph\u00f9 h\u1ee3p v\u1edbi \u0111i\u1ec1u ki\u1ec7n ngo\u00e0i tr\u1eddi.<\/li>\n<\/ul>","protected":false},"featured_media":5277,"comment_status":"open","ping_status":"closed","template":"","meta":[],"product_brand":[],"product_cat":[89,150],"product_tag":[],"class_list":{"0":"post-5287","1":"product","2":"type-product","3":"status-publish","4":"has-post-thumbnail","6":"product_cat-surveying-pole-rod","7":"product_cat-pole-accessory","9":"first","10":"instock","11":"shipping-taxable","12":"product-type-simple"},"_links":{"self":[{"href":"https:\/\/mountlaser.com\/vi\/wp-json\/wp\/v2\/product\/5287","targetHints":{"allow":["GET"]}}],"collection":[{"href":"https:\/\/mountlaser.com\/vi\/wp-json\/wp\/v2\/product"}],"about":[{"href":"https:\/\/mountlaser.com\/vi\/wp-json\/wp\/v2\/types\/product"}],"replies":[{"embeddable":true,"href":"https:\/\/mountlaser.com\/vi\/wp-json\/wp\/v2\/comments?post=5287"}],"wp:featuredmedia":[{"embeddable":true,"href":"https:\/\/mountlaser.com\/vi\/wp-json\/wp\/v2\/media\/5277"}],"wp:attachment":[{"href":"https:\/\/mountlaser.com\/vi\/wp-json\/wp\/v2\/media?parent=5287"}],"wp:term":[{"taxonomy":"product_brand","embeddable":true,"href":"https:\/\/mountlaser.com\/vi\/wp-json\/wp\/v2\/product_brand?post=5287"},{"taxonomy":"product_cat","embeddable":true,"href":"https:\/\/mountlaser.com\/vi\/wp-json\/wp\/v2\/product_cat?post=5287"},{"taxonomy":"product_tag","embeddable":true,"href":"https:\/\/mountlaser.com\/vi\/wp-json\/wp\/v2\/product_tag?post=5287"}],"curies":[{"name":"trang web","href":"https:\/\/api.w.org\/{rel}","templated":true}]}}