{"id":5286,"date":"2025-12-03T09:14:35","date_gmt":"2025-12-03T09:14:35","guid":{"rendered":"https:\/\/mountlaser.com\/?post_type=product&#038;p=5286"},"modified":"2025-12-03T09:17:43","modified_gmt":"2025-12-03T09:17:43","slug":"bl09-pole-bubble-vial","status":"publish","type":"product","link":"https:\/\/mountlaser.com\/vi\/san-pham\/bl09-pole-bubble-vial\/","title":{"rendered":"L\u1ecd bong b\u00f3ng c\u1ef1c BL09"},"content":{"rendered":"<p>C\u00e1i <a href=\"https:\/\/mountlaser.com\/vi\/\"><strong>L\u1ecd bong b\u00f3ng c\u1ef1c BL09<\/strong><\/a> BL09 Pole Bubble Vial l\u00e0 m\u1ed9t ph\u1ee5 ki\u1ec7n c\u0103n ch\u1ec9nh \u0111\u01b0\u1ee3c thi\u1ebft k\u1ebf ch\u00ednh x\u00e1c d\u00e0nh cho c\u1ed9t l\u0103ng k\u00ednh v\u00e0 c\u1ed9t GPS, \u0111\u1ea3m b\u1ea3o c\u00e1c ph\u00e9p \u0111o hi\u1ec7n tr\u01b0\u1eddng \u1ed5n \u0111\u1ecbnh v\u00e0 ch\u00ednh x\u00e1c. \u0110\u01b0\u1ee3c ch\u1ebf t\u1ea1o v\u1edbi ch\u1ea5t l\u1ecfng trong su\u1ed1t cao v\u00e0 v\u1ecf b\u1ec1n ch\u1eafc, BL09 Pole Bubble Vial cung c\u1ea5p kh\u1ea3 n\u0103ng c\u00e2n b\u1eb1ng tr\u1ef1c quan nhanh ch\u00f3ng, l\u00fd t\u01b0\u1edfng cho c\u00e1c \u1ee9ng d\u1ee5ng kh\u1ea3o s\u00e1t \u0111\u00f2i h\u1ecfi kh\u1eaft khe.<\/p>\n<p>\u0110i\u1ec1u n\u00e0y \u0111\u00e1ng tin c\u1eady <a href=\"https:\/\/mountlaser.com\/vi\/products\/\"><strong>B\u1ed9 l\u1eafp r\u00e1p l\u1ecd bong b\u00f3ng<\/strong><\/a> S\u1ea3n ph\u1ea9m d\u1ec5 l\u1eafp \u0111\u1eb7t, ch\u1ecbu \u0111\u01b0\u1ee3c va \u0111\u1eadp v\u00e0 duy tr\u00ec \u0111\u1ed9 ch\u00ednh x\u00e1c ngay c\u1ea3 trong \u0111i\u1ec1u ki\u1ec7n ngo\u00e0i tr\u1eddi kh\u1eafc nghi\u1ec7t. Cho d\u00f9 \u0111\u01b0\u1ee3c s\u1eed d\u1ee5ng \u0111\u1ec3 thay th\u1ebf linh ki\u1ec7n hay n\u00e2ng c\u1ea5p, s\u1ea3n ph\u1ea9m n\u00e0y \u0111\u1ec1u r\u1ea5t hi\u1ec7u qu\u1ea3. <!--StartFragment --><span class=\"cf0\">B\u1ed9 l\u1eafp r\u00e1p l\u1ecd bong b\u00f3ng<\/span><!--EndFragment --> \u0110\u1ea3m b\u1ea3o hi\u1ec7u su\u1ea5t \u1ed5n \u0111\u1ecbnh v\u00e0 \u0111\u1ed9 b\u1ec1n l\u00e2u d\u00e0i.<\/p>\n<p>V\u1edbi c\u1ea5u tr\u00fac nh\u1ecf g\u1ecdn v\u00e0 kh\u1ea3 n\u0103ng t\u01b0\u01a1ng th\u00edch ph\u1ed5 qu\u00e1t, b\u1ed9 d\u1ee5ng c\u1ee5 \u0111o \u0111\u1ed9 th\u1eb3ng \u0111\u1ee9ng BL09 gi\u00fap t\u0103ng hi\u1ec7u qu\u1ea3 \u0111o l\u01b0\u1eddng v\u00e0 gi\u1ea3m th\u1eddi gian thi\u1ebft l\u1eadp. C\u00e1c k\u1ef9 s\u01b0 tr\u1eafc \u0111\u1ecba c\u00f3 th\u1ec3 tin t\u01b0\u1edfng v\u00e0o d\u1ee5ng c\u1ee5 \u0111o \u0111\u1ed9 th\u1eb3ng \u0111\u1ee9ng BL09 \u0111\u1ec3 duy tr\u00ec \u0111\u1ed9 ch\u00ednh x\u00e1c cao, trong khi b\u1ed9 d\u1ee5ng c\u1ee5 \u0111o \u0111\u1ed9 th\u1eb3ng \u0111\u1ee9ng cung c\u1ea5p s\u1ef1 h\u1ed7 tr\u1ee3 v\u1eefng ch\u1eafc cho m\u1ecdi c\u00f4ng tr\u01b0\u1eddng.<\/p>\n<p><img fetchpriority=\"high\" decoding=\"async\" class=\"aligncenter wp-image-5273\" src=\"https:\/\/mountlaser.com\/wp-content\/uploads\/2025\/12\/BL093.webp\" alt=\"BL09 Pole Bubble Vial\" width=\"500\" height=\"500\" srcset=\"https:\/\/mountlaser.com\/wp-content\/uploads\/2025\/12\/BL093.webp 1000w, https:\/\/mountlaser.com\/wp-content\/uploads\/2025\/12\/BL093-300x300.webp 300w, https:\/\/mountlaser.com\/wp-content\/uploads\/2025\/12\/BL093-150x150.webp 150w, https:\/\/mountlaser.com\/wp-content\/uploads\/2025\/12\/BL093-768x768.webp 768w, https:\/\/mountlaser.com\/wp-content\/uploads\/2025\/12\/BL093-12x12.webp 12w, https:\/\/mountlaser.com\/wp-content\/uploads\/2025\/12\/BL093-600x600.webp 600w, https:\/\/mountlaser.com\/wp-content\/uploads\/2025\/12\/BL093-800x800.webp 800w, https:\/\/mountlaser.com\/wp-content\/uploads\/2025\/12\/BL093-400x400.webp 400w\" sizes=\"(max-width: 500px) 100vw, 500px\" \/><\/p>\n<p>V\u1edbi c\u1ea5u tr\u00fac nh\u1ecf g\u1ecdn v\u00e0 kh\u1ea3 n\u0103ng t\u01b0\u01a1ng th\u00edch ph\u1ed5 qu\u00e1t, <a href=\"https:\/\/mountlaser.com\/vi\/contact-us\/\">B\u1ed9 l\u1eafp r\u00e1p l\u1ecd bong b\u00f3ng<\/a> T\u0103ng c\u01b0\u1eddng hi\u1ec7u qu\u1ea3 \u0111o l\u01b0\u1eddng v\u00e0 gi\u1ea3m th\u1eddi gian thi\u1ebft l\u1eadp. C\u00e1c k\u1ef9 s\u01b0 tr\u1eafc \u0111\u1ecba c\u00f3 th\u1ec3 tin t\u01b0\u1edfng v\u00e0o \u1ed1ng th\u1ee7y chu\u1ea9n BL09 \u0111\u1ec3 duy tr\u00ec \u0111\u1ed9 th\u1eb3ng \u0111\u1ee9ng ch\u00ednh x\u00e1c, trong khi b\u1ed9 \u1ed1ng th\u1ee7y chu\u1ea9n cung c\u1ea5p s\u1ef1 h\u1ed7 tr\u1ee3 v\u1eefng ch\u1eafc cho m\u1ecdi c\u00f4ng tr\u01b0\u1eddng.<\/p>","protected":false},"excerpt":{"rendered":"<ul>\n<li>\u0110\u1ea3m b\u1ea3o vi\u1ec7c c\u00e2n b\u1eb1ng ch\u00ednh x\u00e1c c\u00e1c c\u1ed9t l\u0103ng k\u00ednh v\u00e0 c\u1ed9t GPS.<\/li>\n<li>Cung c\u1ea5p kh\u1ea3 n\u0103ng quan s\u00e1t b\u1ecdt kh\u00ed nhanh ch\u00f3ng \u0111\u1ec3 thi\u1ebft l\u1eadp hi\u1ec7n tr\u01b0\u1eddng hi\u1ec7u qu\u1ea3.<\/li>\n<li>C\u1ea5u tr\u00fac b\u1ec1n ch\u1eafc gi\u00fap duy tr\u00ec \u0111\u1ed9 ch\u00ednh x\u00e1c trong m\u00f4i tr\u01b0\u1eddng ngo\u00e0i tr\u1eddi.<\/li>\n<li>L\u1eafp \u0111\u1eb7t \u0111\u01a1n gi\u1ea3n v\u00e0 g\u1eafn k\u1ebft ch\u1eafc ch\u1eafn.<\/li>\n<\/ul>","protected":false},"featured_media":5271,"comment_status":"open","ping_status":"closed","template":"","meta":[],"product_brand":[],"product_cat":[89,150],"product_tag":[],"class_list":{"0":"post-5286","1":"product","2":"type-product","3":"status-publish","4":"has-post-thumbnail","6":"product_cat-surveying-pole-rod","7":"product_cat-pole-accessory","9":"first","10":"instock","11":"shipping-taxable","12":"product-type-simple"},"_links":{"self":[{"href":"https:\/\/mountlaser.com\/vi\/wp-json\/wp\/v2\/product\/5286","targetHints":{"allow":["GET"]}}],"collection":[{"href":"https:\/\/mountlaser.com\/vi\/wp-json\/wp\/v2\/product"}],"about":[{"href":"https:\/\/mountlaser.com\/vi\/wp-json\/wp\/v2\/types\/product"}],"replies":[{"embeddable":true,"href":"https:\/\/mountlaser.com\/vi\/wp-json\/wp\/v2\/comments?post=5286"}],"wp:featuredmedia":[{"embeddable":true,"href":"https:\/\/mountlaser.com\/vi\/wp-json\/wp\/v2\/media\/5271"}],"wp:attachment":[{"href":"https:\/\/mountlaser.com\/vi\/wp-json\/wp\/v2\/media?parent=5286"}],"wp:term":[{"taxonomy":"product_brand","embeddable":true,"href":"https:\/\/mountlaser.com\/vi\/wp-json\/wp\/v2\/product_brand?post=5286"},{"taxonomy":"product_cat","embeddable":true,"href":"https:\/\/mountlaser.com\/vi\/wp-json\/wp\/v2\/product_cat?post=5286"},{"taxonomy":"product_tag","embeddable":true,"href":"https:\/\/mountlaser.com\/vi\/wp-json\/wp\/v2\/product_tag?post=5286"}],"curies":[{"name":"trang web","href":"https:\/\/api.w.org\/{rel}","templated":true}]}}