{"id":5269,"date":"2025-12-03T08:48:43","date_gmt":"2025-12-03T08:48:43","guid":{"rendered":"https:\/\/mountlaser.com\/?post_type=product&#038;p=5269"},"modified":"2025-12-03T08:48:43","modified_gmt":"2025-12-03T08:48:43","slug":"pin-pole","status":"publish","type":"product","link":"https:\/\/mountlaser.com\/vi\/san-pham\/pin-pole\/","title":{"rendered":"C\u1ed9t ch\u1ed1t"},"content":{"rendered":"<p>C\u00e1i <a href=\"https:\/\/mountlaser.com\/vi\/\"><strong>C\u1ed9t \u0111\u00e8n pin m\u00e0u \u0111\u1ecf v\u00e0 tr\u1eafng<\/strong><\/a> \u0110\u00e2y l\u00e0 m\u1ed9t lo\u1ea1i c\u1ed9t \u0111o \u0111\u1ea1c nh\u1ecf g\u1ecdn v\u00e0 \u0111\u00e1ng tin c\u1eady, \u0111\u01b0\u1ee3c thi\u1ebft k\u1ebf \u0111\u1ec3 \u0111o \u0111\u1ea1c ch\u00ednh x\u00e1c t\u1ea1i hi\u1ec7n tr\u01b0\u1eddng, \u0111\u1eb7c bi\u1ec7t l\u00e0 trong m\u00f4i tr\u01b0\u1eddng c\u1ea7n t\u00ednh di \u0111\u1ed9ng v\u00e0 kh\u1ea3 n\u0103ng tri\u1ec3n khai nhanh ch\u00f3ng. C\u1ea5u h\u00ecnh c\u1ed9t nh\u1ecdn 1,5m ph\u1ed5 bi\u1ebfn mang l\u1ea1i kh\u1ea3 n\u0103ng quan s\u00e1t tuy\u1ec7t v\u1eddi nh\u1edd l\u1edbp s\u01a1n \u0111\u1ecf tr\u1eafng c\u00f3 \u0111\u1ed9 t\u01b0\u01a1ng ph\u1ea3n cao, \u0111\u1ea3m b\u1ea3o vi\u1ec7c ng\u1eafm b\u1eafn v\u00e0 c\u0103n ch\u1ec9nh ch\u00ednh x\u00e1c trong qu\u00e1 tr\u00ecnh th\u1ef1c hi\u1ec7n c\u00f4ng t\u00e1c kh\u1ea3o s\u00e1t.<\/p>\n<p>\u0110\u01b0\u1ee3c thi\u1ebft k\u1ebf \u0111\u1ec3 \u0111a n\u0103ng, <a href=\"https:\/\/mountlaser.com\/vi\/about-us\/\"><strong>C\u1ed9t ghim 1,5m<\/strong><\/a> S\u1ea3n ph\u1ea9m c\u00f3 \u0111\u1ea7u c\u00f3 th\u1ec3 th\u00e1o r\u1eddi v\u00e0 c\u00e1c b\u1ed9 ph\u1eadn c\u00f3 th\u1ec3 t\u00e1ch r\u1eddi, cho ph\u00e9p ng\u01b0\u1eddi kh\u1ea3o s\u00e1t d\u1ec5 d\u00e0ng v\u1eadn chuy\u1ec3n v\u00e0 l\u1eafp r\u00e1p ch\u1ec9 trong v\u00e0i gi\u00e2y. Cho d\u00f9 l\u00e0 phi\u00ean b\u1ea3n th\u00e9p, th\u00e9p kh\u00f4ng g\u1ec9 hay nh\u00f4m, m\u1ed7i m\u1eabu \u0111\u1ec1u mang l\u1ea1i \u0111\u1ed9 b\u1ec1n v\u00e0 s\u1ef1 \u1ed5n \u0111\u1ecbnh ph\u00f9 h\u1ee3p cho c\u00e1c \u1ee9ng d\u1ee5ng kh\u1ea3o s\u00e1t \u0111\u1ecba h\u00ecnh chuy\u00ean nghi\u1ec7p.<\/p>\n<p>C\u1ed9t m\u1ed1c 1,5m c\u00f3 nhi\u1ec1u c\u1ea5u h\u00ecnh kh\u00e1c nhau\u2014bao g\u1ed3m th\u00e9p, th\u00e9p kh\u00f4ng g\u1ec9 v\u00e0 nh\u00f4m\u2014\u0111\u1ea3m b\u1ea3o t\u01b0\u01a1ng th\u00edch v\u1edbi c\u00e1c ph\u1ee5 ki\u1ec7n \u0111o \u0111\u1ea1c th\u00f4ng d\u1ee5ng th\u00f4ng qua ren M6 ho\u1eb7c 1\/4\u2033-20. Thi\u1ebft k\u1ebf nh\u1eb9 v\u00e0 d\u1ea1ng m\u00f4-\u0111un gi\u00fap... <a href=\"https:\/\/mountlaser.com\/vi\/contact-us\/\">C\u1ed9t \u0111\u00e8n pin m\u00e0u \u0111\u1ecf v\u00e0 tr\u1eafng<\/a> L\u00fd t\u01b0\u1edfng cho c\u00e1c ph\u00e9p \u0111o GNSS, thi\u1ebft l\u1eadp l\u0103ng k\u00ednh v\u00e0 \u0111\u00e1nh d\u1ea5u \u0111i\u1ec3m tr\u00ean c\u00e1c c\u00f4ng tr\u01b0\u1eddng x\u00e2y d\u1ef1ng.<\/p>\n<div>\n<table style=\"border-collapse: collapse; width: 604.52pt;\" border=\"0\" width=\"806\" cellspacing=\"0\" cellpadding=\"0\">\n<tbody>\n<tr style=\"height: 14.25pt;\">\n<td class=\"et2\" style=\"height: 14.25pt; width: 99.75pt;\" width=\"133\" height=\"19\">CON S\u1ed0<\/td>\n<td class=\"et3\" style=\"width: 75.75pt;\" width=\"101\">V\u1eacT LI\u1ec6U<\/td>\n<td class=\"et3\" style=\"width: 108.75pt;\" width=\"145\">\u0110\u01af\u1edcNG K\u00cdNH<\/td>\n<td class=\"et3\" style=\"width: 144.00pt;\" width=\"192\">CHI\u1ec0U D\u00c0I<\/td>\n<td class=\"et3\" style=\"width: 176.25pt;\" width=\"235\">CH\u1ee6 \u0110\u1ec0<\/td>\n<\/tr>\n<tr style=\"height: 14.25pt;\">\n<td class=\"et4\" style=\"height: 14.25pt;\" height=\"19\">SP095003<\/td>\n<td class=\"et4\">Th\u00e9p<\/td>\n<td class=\"et4\">\u0110\u01b0\u1eddng k\u00ednh ngo\u00e0i 9mm<\/td>\n<td class=\"et4\">500mm x 3 \u0111o\u1ea1n, c\u00f3 th\u1ec3 k\u00e9o d\u00e0i \u0111\u1ebfn 1,5m.<\/td>\n<td class=\"et4\">M6<\/td>\n<\/tr>\n<tr style=\"height: 14.25pt;\">\n<td class=\"et4\" style=\"height: 14.25pt;\" height=\"19\">SSP093005<\/td>\n<td class=\"et4\">Th\u00e9p kh\u00f4ng g\u1ec9<\/td>\n<td class=\"et4\">\u0110\u01b0\u1eddng k\u00ednh ngo\u00e0i 9mm<\/td>\n<td class=\"et4\">300mm x 5 \u0111o\u1ea1n, c\u00f3 th\u1ec3 k\u00e9o d\u00e0i \u0111\u1ebfn 1,5m.<\/td>\n<td class=\"et4\">M6<\/td>\n<\/tr>\n<tr style=\"height: 14.25pt;\">\n<td class=\"et4\" style=\"height: 14.25pt;\" height=\"19\">AP123004<\/td>\n<td class=\"et4\">Nh\u00f4m<\/td>\n<td class=\"et4\">\u0110\u01b0\u1eddng k\u00ednh ngo\u00e0i 12mm<\/td>\n<td class=\"et4\">300mm x 4 \u0111o\u1ea1n, c\u00f3 th\u1ec3 k\u00e9o d\u00e0i \u0111\u1ebfn 1,2m.<\/td>\n<td class=\"et4\">1\/4\u2033-20<\/td>\n<\/tr>\n<tr style=\"height: 14.25pt;\">\n<td class=\"et4\" style=\"height: 14.25pt;\" height=\"19\">AP123005<\/td>\n<td class=\"et4\">Nh\u00f4m<\/td>\n<td class=\"et4\">\u0110\u01b0\u1eddng k\u00ednh ngo\u00e0i 12mm<\/td>\n<td class=\"et4\">300mm x 5 \u0111o\u1ea1n, c\u00f3 th\u1ec3 k\u00e9o d\u00e0i \u0111\u1ebfn 1,5m.<\/td>\n<td class=\"et4\">1\/4\u2033-20<\/td>\n<\/tr>\n<\/tbody>\n<\/table>\n<p><img fetchpriority=\"high\" decoding=\"async\" class=\"aligncenter wp-image-5262\" src=\"https:\/\/mountlaser.com\/wp-content\/uploads\/2025\/12\/Pin-Pole1.webp\" alt=\"1.5m pin pole\" width=\"500\" height=\"500\" srcset=\"https:\/\/mountlaser.com\/wp-content\/uploads\/2025\/12\/Pin-Pole1.webp 1000w, https:\/\/mountlaser.com\/wp-content\/uploads\/2025\/12\/Pin-Pole1-300x300.webp 300w, https:\/\/mountlaser.com\/wp-content\/uploads\/2025\/12\/Pin-Pole1-150x150.webp 150w, https:\/\/mountlaser.com\/wp-content\/uploads\/2025\/12\/Pin-Pole1-768x768.webp 768w, https:\/\/mountlaser.com\/wp-content\/uploads\/2025\/12\/Pin-Pole1-12x12.webp 12w, https:\/\/mountlaser.com\/wp-content\/uploads\/2025\/12\/Pin-Pole1-600x600.webp 600w, https:\/\/mountlaser.com\/wp-content\/uploads\/2025\/12\/Pin-Pole1-800x800.webp 800w, https:\/\/mountlaser.com\/wp-content\/uploads\/2025\/12\/Pin-Pole1-400x400.webp 400w\" sizes=\"(max-width: 500px) 100vw, 500px\" \/><\/p>\n<\/div>","protected":false},"excerpt":{"rendered":"<ul>\n<li>Cung c\u1ea5p m\u1ed9t \u0111i\u1ec3m tham chi\u1ebfu \u1ed5n \u0111\u1ecbnh, d\u1ec5 nh\u00ecn th\u1ea5y cho c\u00e1c nhi\u1ec7m v\u1ee5 kh\u1ea3o s\u00e1t.<\/li>\n<li>Thi\u1ebft k\u1ebf d\u1ea1ng m\u00f4-\u0111un gi\u00fap d\u1ec5 d\u00e0ng v\u1eadn chuy\u1ec3n v\u00e0 l\u1eafp r\u00e1p nhanh ch\u00f3ng.<\/li>\n<li>T\u01b0\u01a1ng th\u00edch v\u1edbi b\u1ed9 thu GNSS, l\u0103ng k\u00ednh mini v\u00e0 nhi\u1ec1u ph\u1ee5 ki\u1ec7n d\u00e3 ngo\u1ea1i kh\u00e1c.<\/li>\n<li>\u0110\u1ea7u m\u0169i c\u00f3 th\u1ec3 th\u00e1o r\u1eddi gi\u00fap t\u0103ng t\u00ednh linh ho\u1ea1t khi s\u1eed d\u1ee5ng tr\u00ean nhi\u1ec1u lo\u1ea1i \u0111\u1ecba h\u00ecnh kh\u00e1c nhau.<\/li>\n<li>C\u1ea5u tr\u00fac b\u1ec1n ch\u1eafc, ph\u00f9 h\u1ee3p cho vi\u1ec7c s\u1eed d\u1ee5ng h\u00e0ng ng\u00e0y l\u00e2u d\u00e0i.<\/li>\n<\/ul>","protected":false},"featured_media":5263,"comment_status":"open","ping_status":"closed","template":"","meta":[],"product_brand":[],"product_cat":[89,149],"product_tag":[],"class_list":{"0":"post-5269","1":"product","2":"type-product","3":"status-publish","4":"has-post-thumbnail","6":"product_cat-surveying-pole-rod","7":"product_cat-pin-pole","9":"first","10":"instock","11":"shipping-taxable","12":"product-type-simple"},"_links":{"self":[{"href":"https:\/\/mountlaser.com\/vi\/wp-json\/wp\/v2\/product\/5269","targetHints":{"allow":["GET"]}}],"collection":[{"href":"https:\/\/mountlaser.com\/vi\/wp-json\/wp\/v2\/product"}],"about":[{"href":"https:\/\/mountlaser.com\/vi\/wp-json\/wp\/v2\/types\/product"}],"replies":[{"embeddable":true,"href":"https:\/\/mountlaser.com\/vi\/wp-json\/wp\/v2\/comments?post=5269"}],"wp:featuredmedia":[{"embeddable":true,"href":"https:\/\/mountlaser.com\/vi\/wp-json\/wp\/v2\/media\/5263"}],"wp:attachment":[{"href":"https:\/\/mountlaser.com\/vi\/wp-json\/wp\/v2\/media?parent=5269"}],"wp:term":[{"taxonomy":"product_brand","embeddable":true,"href":"https:\/\/mountlaser.com\/vi\/wp-json\/wp\/v2\/product_brand?post=5269"},{"taxonomy":"product_cat","embeddable":true,"href":"https:\/\/mountlaser.com\/vi\/wp-json\/wp\/v2\/product_cat?post=5269"},{"taxonomy":"product_tag","embeddable":true,"href":"https:\/\/mountlaser.com\/vi\/wp-json\/wp\/v2\/product_tag?post=5269"}],"curies":[{"name":"trang web","href":"https:\/\/api.w.org\/{rel}","templated":true}]}}