{"id":5261,"date":"2025-12-03T07:43:46","date_gmt":"2025-12-03T07:43:46","guid":{"rendered":"https:\/\/mountlaser.com\/?post_type=product&#038;p=5261"},"modified":"2025-12-03T07:43:46","modified_gmt":"2025-12-03T07:43:46","slug":"chaining-pin","status":"publish","type":"product","link":"https:\/\/mountlaser.com\/vi\/san-pham\/chaining-pin\/","title":{"rendered":"Ch\u1ed1t x\u00edch"},"content":{"rendered":"<p>C\u1ecdc \u0111\u1ecbnh v\u1ecb l\u00e0 m\u1ed9t c\u00f4ng c\u1ee5 thi\u1ebft y\u1ebfu \u0111\u01b0\u1ee3c s\u1eed d\u1ee5ng \u0111\u1ec3 \u0111o kho\u1ea3ng c\u00e1ch v\u00e0 c\u0103n ch\u1ec9nh, mang l\u1ea1i \u0111\u1ed9 b\u1ec1n v\u00e0 kh\u1ea3 n\u0103ng quan s\u00e1t cao cho c\u00e1c \u1ee9ng d\u1ee5ng kh\u1ea3o s\u00e1t hi\u1ec7n tr\u01b0\u1eddng. \u0110\u01b0\u1ee3c thi\u1ebft k\u1ebf \u0111\u1ec3 \u0111\u1ea3m b\u1ea3o \u0111\u1ed9 tin c\u1eady, <a href=\"https:\/\/mountlaser.com\/vi\/\"><strong>C\u00e1c ch\u1ed1t \u0111\u1ecbnh v\u1ecb trong c\u00f4ng t\u00e1c kh\u1ea3o s\u00e1t<\/strong><\/a> \u0110\u01b0\u1ee3c ch\u1ebf t\u1ea1o t\u1eeb th\u00e9p l\u00f2 xo ch\u1eafc ch\u1eafn v\u00e0 \u0111\u01b0\u1ee3c ph\u1ee7 l\u1edbp s\u01a1n m\u00e0u \u0111\u1ecf v\u00e0 tr\u1eafng xen k\u1ebd \u0111\u1ec3 t\u1ed1i \u0111a h\u00f3a kh\u1ea3 n\u0103ng hi\u1ec3n th\u1ecb tr\u00ean nhi\u1ec1u \u0111\u1ecba h\u00ecnh kh\u00e1c nhau. Cho d\u00f9 d\u00f9ng \u0111\u1ec3 \u0111\u00e1nh d\u1ea5u c\u00e1c \u0111i\u1ec3m trung gian hay v\u1ea1ch ra kho\u1ea3ng c\u00e1ch d\u00e0i, m\u1ed7i m\u1ed9t <a href=\"https:\/\/mountlaser.com\/vi\/danh-muc-san-pham\/surveying-pole-rod\/\"><strong>Ch\u1ed1t x\u00edch<\/strong><\/a> Mang l\u1ea1i hi\u1ec7u su\u1ea5t \u1ed5n \u0111\u1ecbnh v\u00e0 d\u1ec5 d\u00e0ng l\u1eafp \u0111\u1eb7t.<\/p>\n<p>C\u00f3 nhi\u1ec1u \u0111\u01b0\u1eddng k\u00ednh v\u00e0 chi\u1ec1u d\u00e0i kh\u00e1c nhau, c\u1ecdc \u0111\u1ecbnh v\u1ecb trong kh\u1ea3o s\u00e1t cho ph\u00e9p c\u00e1c chuy\u00ean gia l\u1ef1a ch\u1ecdn k\u00edch th\u01b0\u1edbc ph\u00f9 h\u1ee3p v\u1edbi quy tr\u00ecnh l\u00e0m vi\u1ec7c c\u1ee5 th\u1ec3 c\u1ee7a h\u1ecd. C\u1ea5u tr\u00fac th\u00e9p l\u00f2 xo ch\u1eafc ch\u1eafn \u0111\u1ea3m b\u1ea3o c\u1ecdc gi\u1eef nguy\u00ean h\u00ecnh d\u1ea1ng ngay c\u1ea3 khi c\u1eafm xu\u1ed1ng \u0111\u1ea5t nhi\u1ec1u l\u1ea7n. C\u00e1c lo\u1ea1i c\u1ecdc \u0111\u1ecbnh v\u1ecb \u0111a n\u0103ng n\u00e0y ph\u00f9 h\u1ee3p cho kh\u1ea3o s\u00e1t \u0111\u1ecba h\u00ecnh, b\u1ed1 tr\u00ed c\u00f4ng tr\u00ecnh v\u00e0 c\u00e1c nhi\u1ec7m v\u1ee5 \u0111o \u0111\u1ea1c \u0111\u1ea5t \u0111ai n\u00f3i chung.<\/p>\n<p>B\u1eb1ng c\u00e1ch k\u1ebft h\u1ee3p \u0111\u1ed9 b\u1ec1n, kh\u1ea3 n\u0103ng hi\u1ec3n th\u1ecb v\u00e0 nhi\u1ec1u l\u1ef1a ch\u1ecdn k\u00edch th\u01b0\u1edbc, <a href=\"https:\/\/mountlaser.com\/vi\/contact-us\/\">C\u00e1c ch\u1ed1t \u0111\u1ecbnh v\u1ecb trong c\u00f4ng t\u00e1c kh\u1ea3o s\u00e1t<\/a> Cung c\u1ea5p hi\u1ec7u su\u1ea5t \u0111\u00e1ng tin c\u1eady cho c\u00e1c \u0111\u1ed9i kh\u1ea3o s\u00e1t, nh\u1eefng ng\u01b0\u1eddi y\u00eau c\u1ea7u \u0111\u1ed9 ch\u00ednh x\u00e1c v\u00e0 hi\u1ec7u qu\u1ea3 trong m\u1ecdi d\u1ef1 \u00e1n.<\/p>\n<div>\n<table style=\"border-collapse: collapse; width: 284.27pt;\" border=\"0\" width=\"379\" cellspacing=\"0\" cellpadding=\"0\">\n<tbody>\n<tr style=\"height: 14.25pt;\">\n<td class=\"et2\" style=\"height: 14.25pt; width: 99.75pt;\" width=\"133\" height=\"19\">CON S\u1ed0<\/td>\n<td class=\"et3\" style=\"width: 75.75pt;\" width=\"101\">\u0110\u01af\u1edcNG K\u00cdNH<\/td>\n<td class=\"et3\" style=\"width: 108.75pt;\" width=\"145\">CHI\u1ec0U D\u00c0I<\/td>\n<\/tr>\n<tr style=\"height: 14.25pt;\">\n<td class=\"et4\" style=\"height: 14.25pt;\" height=\"19\">CP4030<\/td>\n<td class=\"et4\">4.0mm<\/td>\n<td class=\"et4\">30cm<\/td>\n<\/tr>\n<tr style=\"height: 14.25pt;\">\n<td class=\"et4\" style=\"height: 14.25pt;\" height=\"19\">CP4050<\/td>\n<td class=\"et4\">4.0mm<\/td>\n<td class=\"et4\">50cm<\/td>\n<\/tr>\n<tr style=\"height: 14.25pt;\">\n<td class=\"et4\" style=\"height: 14.25pt;\" height=\"19\">CP6030<\/td>\n<td class=\"et4\">6.0mm<\/td>\n<td class=\"et4\">30cm<\/td>\n<\/tr>\n<tr style=\"height: 14.25pt;\">\n<td class=\"et4\" style=\"height: 14.25pt;\" height=\"19\">CP6050<\/td>\n<td class=\"et4\">6.0mm<\/td>\n<td class=\"et4\">50cm<\/td>\n<\/tr>\n<tr style=\"height: 14.25pt;\">\n<td class=\"et4\" style=\"height: 14.25pt;\" height=\"19\">CP6060<\/td>\n<td class=\"et4\">6.0mm<\/td>\n<td class=\"et4\">60cm<\/td>\n<\/tr>\n<tr style=\"height: 14.25pt;\">\n<td class=\"et4\" style=\"height: 14.25pt;\" height=\"19\">CP80100<\/td>\n<td class=\"et4\">8.0mm<\/td>\n<td class=\"et4\">100cm<\/td>\n<\/tr>\n<\/tbody>\n<\/table>\n<p><img fetchpriority=\"high\" decoding=\"async\" class=\"aligncenter wp-image-5258\" src=\"https:\/\/mountlaser.com\/wp-content\/uploads\/2025\/12\/Chaning-Pin5.webp\" alt=\"Chaining pins in surveying\" width=\"500\" height=\"500\" srcset=\"https:\/\/mountlaser.com\/wp-content\/uploads\/2025\/12\/Chaning-Pin5.webp 1000w, https:\/\/mountlaser.com\/wp-content\/uploads\/2025\/12\/Chaning-Pin5-300x300.webp 300w, https:\/\/mountlaser.com\/wp-content\/uploads\/2025\/12\/Chaning-Pin5-150x150.webp 150w, https:\/\/mountlaser.com\/wp-content\/uploads\/2025\/12\/Chaning-Pin5-768x768.webp 768w, https:\/\/mountlaser.com\/wp-content\/uploads\/2025\/12\/Chaning-Pin5-12x12.webp 12w, https:\/\/mountlaser.com\/wp-content\/uploads\/2025\/12\/Chaning-Pin5-600x600.webp 600w, https:\/\/mountlaser.com\/wp-content\/uploads\/2025\/12\/Chaning-Pin5-800x800.webp 800w, https:\/\/mountlaser.com\/wp-content\/uploads\/2025\/12\/Chaning-Pin5-400x400.webp 400w\" sizes=\"(max-width: 500px) 100vw, 500px\" \/><\/p>\n<\/div>","protected":false},"excerpt":{"rendered":"<ul>\n<li>\u0110\u1ed9 hi\u1ec3n th\u1ecb cao: L\u1edbp ph\u1ee7 m\u00e0u \u0111\u1ecf v\u00e0 tr\u1eafng xen k\u1ebd gi\u00fap d\u1ec5 d\u00e0ng nh\u1eadn di\u1ec7n t\u1eeb kho\u1ea3ng c\u00e1ch xa.<\/li>\n<li>C\u1ea5u tr\u00fac b\u1ec1n ch\u1eafc: \u0110\u01b0\u1ee3c l\u00e0m t\u1eeb th\u00e9p l\u00f2 xo, \u0111\u1ea3m b\u1ea3o \u0111\u1ed9 \u0111\u00e0n h\u1ed3i v\u00e0 t\u00ednh linh ho\u1ea1t l\u00e2u d\u00e0i.<\/li>\n<li>C\u00f3 nhi\u1ec1u k\u00edch th\u01b0\u1edbc kh\u00e1c nhau: \u0110\u01b0\u1eddng k\u00ednh t\u1eeb 4 mm \u0111\u1ebfn 8 mm v\u00e0 chi\u1ec1u d\u00e0i t\u1eeb 30 cm \u0111\u1ebfn 100 cm.<\/li>\n<li>\u0110\u00e1nh d\u1ea5u ch\u00ednh x\u00e1c: L\u00fd t\u01b0\u1edfng \u0111\u1ec3 \u0111o kho\u1ea3ng c\u00e1ch, c\u0103n ch\u1ec9nh d\u00e2y x\u00edch v\u00e0 \u0111\u00e1nh d\u1ea5u c\u00e1c \u0111i\u1ec3m kh\u1ea3o s\u00e1t.<\/li>\n<\/ul>","protected":false},"featured_media":5255,"comment_status":"open","ping_status":"closed","template":"","meta":[],"product_brand":[],"product_cat":[89,148],"product_tag":[],"class_list":{"0":"post-5261","1":"product","2":"type-product","3":"status-publish","4":"has-post-thumbnail","6":"product_cat-surveying-pole-rod","7":"product_cat-chaining-pin","9":"first","10":"instock","11":"shipping-taxable","12":"product-type-simple"},"_links":{"self":[{"href":"https:\/\/mountlaser.com\/vi\/wp-json\/wp\/v2\/product\/5261","targetHints":{"allow":["GET"]}}],"collection":[{"href":"https:\/\/mountlaser.com\/vi\/wp-json\/wp\/v2\/product"}],"about":[{"href":"https:\/\/mountlaser.com\/vi\/wp-json\/wp\/v2\/types\/product"}],"replies":[{"embeddable":true,"href":"https:\/\/mountlaser.com\/vi\/wp-json\/wp\/v2\/comments?post=5261"}],"wp:featuredmedia":[{"embeddable":true,"href":"https:\/\/mountlaser.com\/vi\/wp-json\/wp\/v2\/media\/5255"}],"wp:attachment":[{"href":"https:\/\/mountlaser.com\/vi\/wp-json\/wp\/v2\/media?parent=5261"}],"wp:term":[{"taxonomy":"product_brand","embeddable":true,"href":"https:\/\/mountlaser.com\/vi\/wp-json\/wp\/v2\/product_brand?post=5261"},{"taxonomy":"product_cat","embeddable":true,"href":"https:\/\/mountlaser.com\/vi\/wp-json\/wp\/v2\/product_cat?post=5261"},{"taxonomy":"product_tag","embeddable":true,"href":"https:\/\/mountlaser.com\/vi\/wp-json\/wp\/v2\/product_tag?post=5261"}],"curies":[{"name":"trang web","href":"https:\/\/api.w.org\/{rel}","templated":true}]}}