{"id":5236,"date":"2025-12-03T06:43:31","date_gmt":"2025-12-03T06:43:31","guid":{"rendered":"https:\/\/mountlaser.com\/?post_type=product&#038;p=5236"},"modified":"2025-12-03T06:43:32","modified_gmt":"2025-12-03T06:43:32","slug":"rp-ca-cas-range-pole","status":"publish","type":"product","link":"https:\/\/mountlaser.com\/vi\/san-pham\/rp-ca-cas-range-pole\/","title":{"rendered":"C\u1ed9t \u0111o kho\u1ea3ng c\u00e1ch RP-CA\/CAS"},"content":{"rendered":"<p>C\u00e1i <a href=\"https:\/\/mountlaser.com\/vi\/\"><strong>C\u1ed9t nh\u00f4m<\/strong><\/a> \u0110\u00e2y l\u00e0 m\u1ed9t lo\u1ea1i c\u1ed9t \u0111o \u0111\u1ea1c chuy\u00ean nghi\u1ec7p \u0111\u01b0\u1ee3c thi\u1ebft k\u1ebf \u0111\u1ec3 \u0111\u00e1nh d\u1ea5u \u0111i\u1ec3m ch\u00ednh x\u00e1c v\u00e0 c\u0103n ch\u1ec9nh th\u1eb3ng \u0111\u1ee9ng \u0111\u00e1ng tin c\u1eady trong c\u00e1c \u1ee9ng d\u1ee5ng th\u1ef1c \u0111\u1ecba. \u0110\u01b0\u1ee3c ch\u1ebf t\u1ea1o v\u1edbi \u1ed1ng l\u1ed3ng ch\u00ednh x\u00e1c, C\u1ed9t \u0110o Kho\u1ea3ng C\u00e1ch B\u1eb1ng Nh\u00f4m mang l\u1ea1i \u0111\u1ed9 c\u1ee9ng tuy\u1ec7t v\u1eddi, kh\u1ea3 n\u0103ng k\u00e9o d\u00e0i m\u01b0\u1ee3t m\u00e0 v\u00e0 \u0111\u1ed9 b\u1ec1n l\u00e2u d\u00e0i cho c\u00e1c c\u00f4ng vi\u1ec7c kh\u1ea3o s\u00e1t, x\u00e2y d\u1ef1ng v\u00e0 \u0111\u1ecba kh\u00f4ng gian.<\/p>\n<p>C\u00e1i <a href=\"https:\/\/mountlaser.com\/vi\/danh-muc-san-pham\/surveying-pole-rod\/\"><strong>C\u1ed9t \u0111o kho\u1ea3ng c\u00e1ch RP-CA\/CAS<\/strong><\/a> D\u00f2ng s\u1ea3n ph\u1ea9m n\u00e0y c\u00f3 k\u1ebft c\u1ea5u b\u1eb1ng nh\u00f4m nh\u1eb9 k\u1ebft h\u1ee3p v\u1edbi h\u1ec7 th\u1ed1ng kh\u00f3a n\u00e9n (C) \u0111\u00e1ng tin c\u1eady, \u0111\u1ea3m b\u1ea3o \u0111i\u1ec1u ch\u1ec9nh chi\u1ec1u cao \u1ed5n \u0111\u1ecbnh trong qu\u00e1 tr\u00ecnh s\u1eed d\u1ee5ng. C\u00f3 s\u1eb5n c\u00e1c c\u1ea5u h\u00ecnh 2m, 3m v\u00e0 5m, C\u1ed9t \u0111o kho\u1ea3ng c\u00e1ch RP-CA\/CAS mang l\u1ea1i t\u00ednh linh ho\u1ea1t v\u01b0\u1ee3t tr\u1ed9i \u0111\u1ed3ng th\u1eddi d\u1ec5 d\u00e0ng v\u1eadn chuy\u1ec3n nh\u1edd t\u00fai \u0111\u1ef1ng \u0111i k\u00e8m. M\u1ed7i<a href=\"https:\/\/mountlaser.com\/vi\/contact-us\/\"> C\u1ed9t nh\u00f4m<\/a> \u0110\u01b0\u1ee3c thi\u1ebft k\u1ebf \u0111\u1ec3 mang l\u1ea1i hi\u1ec7u su\u1ea5t \u1ed5n \u0111\u1ecbnh, \u0111\u1ed9 ch\u00ednh x\u00e1c cao trong c\u00e1c m\u00f4i tr\u01b0\u1eddng l\u00e0m vi\u1ec7c kh\u1eafc nghi\u1ec7t.<\/p>\n<div>\n<table style=\"border-collapse: collapse; width: 395.27pt;\" border=\"0\" width=\"527\" cellspacing=\"0\" cellpadding=\"0\">\n<tbody>\n<tr style=\"height: 14.25pt;\">\n<td class=\"et2\" style=\"height: 14.25pt; width: 99.75pt;\" width=\"133\" height=\"19\">CON S\u1ed0<\/td>\n<td class=\"et3\" style=\"width: 75.75pt;\" width=\"101\">V\u1eacT LI\u1ec6U<\/td>\n<td class=\"et3\" style=\"width: 219.75pt;\" width=\"293\">CHI\u1ec0U D\u00c0I<\/td>\n<\/tr>\n<tr style=\"height: 14.25pt;\">\n<td class=\"et4\" style=\"height: 14.25pt;\" height=\"19\">RP-CA22\/33\/53<\/td>\n<td class=\"et4\">Nh\u00f4m<\/td>\n<td class=\"et4\">K\u00e9o d\u00e0i \u0111\u1ebfn 2\/3\/5m, c\u00e1c \u0111o\u1ea1n 2\/3\/3m<\/td>\n<\/tr>\n<tr style=\"height: 14.25pt;\">\n<td class=\"et4\" style=\"height: 14.25pt;\" height=\"19\">RP-CAS22\/33\/53<\/td>\n<td class=\"et4\">Nh\u00f4m<\/td>\n<td class=\"et4\">K\u00e9o d\u00e0i \u0111\u1ebfn 2\/3\/5m, c\u00e1c \u0111o\u1ea1n 2\/3\/3m<\/td>\n<\/tr>\n<\/tbody>\n<\/table>\n<p><img fetchpriority=\"high\" decoding=\"async\" class=\"aligncenter wp-image-5237\" src=\"https:\/\/mountlaser.com\/wp-content\/uploads\/2025\/12\/RP-CA1.webp\" alt=\"Aluminum Range Pole\" width=\"500\" height=\"500\" srcset=\"https:\/\/mountlaser.com\/wp-content\/uploads\/2025\/12\/RP-CA1.webp 1000w, https:\/\/mountlaser.com\/wp-content\/uploads\/2025\/12\/RP-CA1-300x300.webp 300w, https:\/\/mountlaser.com\/wp-content\/uploads\/2025\/12\/RP-CA1-150x150.webp 150w, https:\/\/mountlaser.com\/wp-content\/uploads\/2025\/12\/RP-CA1-768x768.webp 768w, https:\/\/mountlaser.com\/wp-content\/uploads\/2025\/12\/RP-CA1-12x12.webp 12w, https:\/\/mountlaser.com\/wp-content\/uploads\/2025\/12\/RP-CA1-600x600.webp 600w, https:\/\/mountlaser.com\/wp-content\/uploads\/2025\/12\/RP-CA1-800x800.webp 800w, https:\/\/mountlaser.com\/wp-content\/uploads\/2025\/12\/RP-CA1-400x400.webp 400w\" sizes=\"(max-width: 500px) 100vw, 500px\" \/><\/p>\n<\/div>","protected":false},"excerpt":{"rendered":"<ul>\n<li>\u0110i\u1ec1u ch\u1ec9nh \u0111\u1ed9 cao: C\u00e1c \u1ed1ng nh\u00f4m c\u00f3 th\u1ec3 thu g\u1ecdn v\u1edbi kh\u00f3a n\u00e9n gi\u00fap duy tr\u00ec \u0111\u1ed9 d\u00e0i ch\u1eafc ch\u1eafn trong qu\u00e1 tr\u00ecnh kh\u1ea3o s\u00e1t.<\/li>\n<li>\u0110\u1ed9 hi\u1ec3n th\u1ecb v\u00e0 \u0111\u1ed9 ch\u00ednh x\u00e1c cao: \u0110\u1ea3m b\u1ea3o t\u1ea7m nh\u00ecn r\u00f5 r\u00e0ng v\u00e0 tham chi\u1ebfu ph\u01b0\u01a1ng th\u1eb3ng \u0111\u1ee9ng ch\u00ednh x\u00e1c cho quy tr\u00ecnh l\u00e0m vi\u1ec7c v\u1edbi m\u00e1y to\u00e0n \u0111\u1ea1c ho\u1eb7c h\u1ec7 th\u1ed1ng GNSS.<\/li>\n<li>C\u1ea5u tr\u00fac b\u1ec1n ch\u1eafc: Nh\u00f4m ch\u1ed1ng \u0103n m\u00f2n mang l\u1ea1i \u0111\u1ed9 b\u1ec1n m\u00e0 kh\u00f4ng l\u00e0m t\u0103ng tr\u1ecdng l\u01b0\u1ee3ng qu\u00e1 m\u1ee9c.<\/li>\n<li>Thu\u1eadn ti\u1ec7n khi s\u1eed d\u1ee5ng ngo\u00e0i th\u1ef1c \u0111\u1ecba: Thi\u1ebft k\u1ebf nh\u1eb9 v\u00e0 t\u00fai \u0111\u1ef1ng \u0111i k\u00e8m gi\u00fap tri\u1ec3n khai v\u00e0 v\u1eadn chuy\u1ec3n nhanh ch\u00f3ng.<\/li>\n<\/ul>","protected":false},"featured_media":5237,"comment_status":"open","ping_status":"closed","template":"","meta":[],"product_brand":[],"product_cat":[89,147],"product_tag":[],"class_list":{"0":"post-5236","1":"product","2":"type-product","3":"status-publish","4":"has-post-thumbnail","6":"product_cat-surveying-pole-rod","7":"product_cat-range-pole","9":"first","10":"instock","11":"shipping-taxable","12":"product-type-simple"},"_links":{"self":[{"href":"https:\/\/mountlaser.com\/vi\/wp-json\/wp\/v2\/product\/5236","targetHints":{"allow":["GET"]}}],"collection":[{"href":"https:\/\/mountlaser.com\/vi\/wp-json\/wp\/v2\/product"}],"about":[{"href":"https:\/\/mountlaser.com\/vi\/wp-json\/wp\/v2\/types\/product"}],"replies":[{"embeddable":true,"href":"https:\/\/mountlaser.com\/vi\/wp-json\/wp\/v2\/comments?post=5236"}],"wp:featuredmedia":[{"embeddable":true,"href":"https:\/\/mountlaser.com\/vi\/wp-json\/wp\/v2\/media\/5237"}],"wp:attachment":[{"href":"https:\/\/mountlaser.com\/vi\/wp-json\/wp\/v2\/media?parent=5236"}],"wp:term":[{"taxonomy":"product_brand","embeddable":true,"href":"https:\/\/mountlaser.com\/vi\/wp-json\/wp\/v2\/product_brand?post=5236"},{"taxonomy":"product_cat","embeddable":true,"href":"https:\/\/mountlaser.com\/vi\/wp-json\/wp\/v2\/product_cat?post=5236"},{"taxonomy":"product_tag","embeddable":true,"href":"https:\/\/mountlaser.com\/vi\/wp-json\/wp\/v2\/product_tag?post=5236"}],"curies":[{"name":"trang web","href":"https:\/\/api.w.org\/{rel}","templated":true}]}}