{"id":5231,"date":"2025-12-03T05:58:07","date_gmt":"2025-12-03T05:58:07","guid":{"rendered":"https:\/\/mountlaser.com\/?post_type=product&#038;p=5231"},"modified":"2025-12-03T05:58:07","modified_gmt":"2025-12-03T05:58:07","slug":"rp-a-s-range-pole","status":"publish","type":"product","link":"https:\/\/mountlaser.com\/vi\/san-pham\/rp-a-s-range-pole\/","title":{"rendered":"C\u1ed9t \u0111o kho\u1ea3ng c\u00e1ch RP-A\/S"},"content":{"rendered":"<p>C\u00e1i <a href=\"https:\/\/mountlaser.com\/vi\/danh-muc-san-pham\/surveying-pole-rod\/\"><strong>C\u1ed9t \u0111o kho\u1ea3ng c\u00e1ch RP-A\/S<\/strong><\/a> \u0110\u00e2y l\u00e0 m\u1ed9t c\u00f4ng c\u1ee5 \u0111o \u0111\u1ea1c b\u1ec1n b\u1ec9 v\u00e0 \u0111\u00e1ng tin c\u1eady, \u0111\u01b0\u1ee3c thi\u1ebft k\u1ebf \u0111\u1ec3 \u0111\u00e1nh d\u1ea5u \u0111i\u1ec3m ch\u00ednh x\u00e1c v\u00e0 c\u0103n ch\u1ec9nh \u0111\u01b0\u1eddng ng\u1eafm t\u1ea1i hi\u1ec7n tr\u01b0\u1eddng. \u0110\u01b0\u1ee3c thi\u1ebft k\u1ebf d\u00e0nh cho c\u00e1c chuy\u00ean gia c\u1ea7n c\u00e1c \u0111i\u1ec3m tham chi\u1ebfu \u1ed5n \u0111\u1ecbnh v\u00e0 ch\u00ednh x\u00e1c,<a href=\"https:\/\/mountlaser.com\/vi\/about-us\/\"><strong> c\u1ed9t \u0111o kho\u1ea3ng c\u00e1ch<\/strong> <\/a>C\u1ed9t \u0111o kho\u1ea3ng c\u00e1ch mang l\u1ea1i hi\u1ec7u su\u1ea5t v\u01b0\u1ee3t tr\u1ed9i trong c\u00e1c \u1ee9ng d\u1ee5ng x\u00e2y d\u1ef1ng, kh\u1ea3o s\u00e1t \u0111\u1ecba h\u00ecnh, k\u1ef9 thu\u1eadt v\u00e0 \u0111o \u0111\u1ea1c \u0111\u1ecba m\u1ea1o. C\u00f3 s\u1eb5n b\u1eb1ng nh\u00f4m c\u01b0\u1eddng \u0111\u1ed9 cao (RP-A22\/33\/55) ho\u1eb7c th\u00e9p ch\u1eafc ch\u1eafn (RP-S22\/33\/55), c\u1ed9t \u0111o kho\u1ea3ng c\u00e1ch n\u00e0y c\u00f3 \u0111\u1ed9 b\u1ec1n c\u1ea5u tr\u00fac l\u00e2u d\u00e0i ngay c\u1ea3 trong m\u00f4i tr\u01b0\u1eddng kh\u1eafc nghi\u1ec7t.<\/p>\n<p>M\u1ed7i c\u1ed9t \u0111o kho\u1ea3ng c\u00e1ch \u0111\u01b0\u1ee3c thi\u1ebft k\u1ebf d\u1ea1ng \u0111o\u1ea1n nh\u1ecf g\u1ecdn d\u00e0i 1 m\u00e9t, cho ph\u00e9p ng\u01b0\u1eddi d\u00f9ng nhanh ch\u00f3ng l\u1eafp r\u00e1p th\u00e0nh c\u00e1c c\u1ea5u h\u00ecnh 2 m, 3 m ho\u1eb7c 5 m t\u00f9y thu\u1ed9c v\u00e0o y\u00eau c\u1ea7u c\u00f4ng vi\u1ec7c. C\u1ea5u tr\u00fac d\u1ea1ng \u0111o\u1ea1n gi\u00fap v\u1eadn chuy\u1ec3n thu\u1eadn ti\u1ec7n, trong khi t\u00fai \u0111\u1ef1ng \u0111i k\u00e8m \u0111\u1ea3m b\u1ea3o d\u1ec5 d\u00e0ng thao t\u00e1c t\u1ea1i c\u00f4ng tr\u01b0\u1eddng. V\u1edbi c\u00e1c v\u1ea1ch m\u00e0u r\u00f5 r\u00e0ng v\u00e0 c\u00e1c kh\u1edbp n\u1ed1i \u0111o\u1ea1n ch\u00ednh x\u00e1c, <a href=\"https:\/\/mountlaser.com\/vi\/contact-us\/\">C\u1ed9t \u0111o kho\u1ea3ng c\u00e1ch RP-A\/S<\/a> Cung c\u1ea5p kh\u1ea3 n\u0103ng quan s\u00e1t tuy\u1ec7t v\u1eddi v\u00e0 \u0111\u1ed9 th\u1eb3ng \u0111\u1ee9ng \u0111\u00e1ng tin c\u1eady trong c\u00e1c nhi\u1ec7m v\u1ee5 kh\u1ea3o s\u00e1t.<\/p>\n<p><img fetchpriority=\"high\" decoding=\"async\" class=\"aligncenter wp-image-5233\" src=\"https:\/\/mountlaser.com\/wp-content\/uploads\/2025\/12\/RP-Range-Pole4.webp\" alt=\"ranging pole\" width=\"500\" height=\"500\" srcset=\"https:\/\/mountlaser.com\/wp-content\/uploads\/2025\/12\/RP-Range-Pole4.webp 800w, https:\/\/mountlaser.com\/wp-content\/uploads\/2025\/12\/RP-Range-Pole4-300x300.webp 300w, https:\/\/mountlaser.com\/wp-content\/uploads\/2025\/12\/RP-Range-Pole4-150x150.webp 150w, https:\/\/mountlaser.com\/wp-content\/uploads\/2025\/12\/RP-Range-Pole4-768x768.webp 768w, https:\/\/mountlaser.com\/wp-content\/uploads\/2025\/12\/RP-Range-Pole4-12x12.webp 12w, https:\/\/mountlaser.com\/wp-content\/uploads\/2025\/12\/RP-Range-Pole4-600x600.webp 600w, https:\/\/mountlaser.com\/wp-content\/uploads\/2025\/12\/RP-Range-Pole4-400x400.webp 400w\" sizes=\"(max-width: 500px) 100vw, 500px\" \/><\/p>\n<div>\n<table style=\"border-collapse: collapse; width: 395.27pt;\" border=\"0\" width=\"527\" cellspacing=\"0\" cellpadding=\"0\">\n<tbody>\n<tr style=\"height: 14.25pt;\">\n<td class=\"et2\" style=\"height: 14.25pt; width: 99.75pt;\" width=\"133\" height=\"19\">CON S\u1ed0<\/td>\n<td class=\"et3\" style=\"width: 75.75pt;\" width=\"101\">V\u1eacT LI\u1ec6U<\/td>\n<td class=\"et3\" style=\"width: 219.75pt;\" width=\"293\">CHI\u1ec0U D\u00c0I<\/td>\n<\/tr>\n<tr style=\"height: 14.25pt;\">\n<td class=\"et4\" style=\"height: 14.25pt;\" height=\"19\">RP-A22\/33\/55<\/td>\n<td class=\"et4\">Nh\u00f4m<\/td>\n<td class=\"et4\">1m x 2\/3\/5 \u0111o\u1ea1n, c\u00f3 th\u1ec3 k\u00e9o d\u00e0i th\u00e0nh 2\/3\/5m<\/td>\n<\/tr>\n<tr style=\"height: 14.25pt;\">\n<td class=\"et4\" style=\"height: 14.25pt;\" height=\"19\">RP-S22\/33\/55<\/td>\n<td class=\"et4\">Th\u00e9p m\u1ea1nh<\/td>\n<td class=\"et4\">1m x 2\/3\/5 \u0111o\u1ea1n, c\u00f3 th\u1ec3 k\u00e9o d\u00e0i th\u00e0nh 2\/3\/5m<\/td>\n<\/tr>\n<\/tbody>\n<\/table>\n<\/div>","protected":false},"excerpt":{"rendered":"<ul>\n<li>Kh\u1ea3 n\u0103ng \u0111i\u1ec1u ch\u1ec9nh chi\u1ec1u cao: C\u00e1c \u0111o\u1ea1n d\u00e0i 1 m\u00e9t c\u00f3 th\u1ec3 l\u1eafp r\u00e1p th\u00e0nh c\u00e1c c\u1ea5u h\u00ecnh c\u1ed9t \u0111o kho\u1ea3ng c\u00e1ch 2 m, 3 m ho\u1eb7c 5 m.<\/li>\n<li>C\u00e1c t\u00f9y ch\u1ecdn v\u1eadt li\u1ec7u: C\u00e1c m\u1eabu b\u1eb1ng nh\u00f4m (RP-A22\/33\/55) \u01b0u ti\u00ean kh\u1ea3 n\u0103ng thao t\u00e1c nh\u1eb9 nh\u00e0ng, trong khi c\u00e1c m\u1eabu b\u1eb1ng th\u00e9p (RP-S22\/33\/55) t\u1ed1i \u0111a h\u00f3a \u0111\u1ed9 b\u1ec1n.<\/li>\n<li>\u0110\u1ed9 hi\u1ec3n th\u1ecb cao: \u0110\u01b0\u1ee3c thi\u1ebft k\u1ebf \u0111\u1ec3 quan s\u00e1t v\u00e0 c\u0103n ch\u1ec9nh r\u00f5 r\u00e0ng \u1edf kho\u1ea3ng c\u00e1ch xa.<\/li>\n<li>\u0110\u1ed9 b\u1ec1n ngo\u00e0i tr\u1eddi: \u0110\u01b0\u1ee3c thi\u1ebft k\u1ebf \u0111\u1ec3 ch\u1ecbu \u0111\u01b0\u1ee3c c\u00e1c \u0111i\u1ec1u ki\u1ec7n ngo\u00e0i tr\u1eddi v\u1edbi \u0111\u1ed9 \u1ed5n \u0111\u1ecbnh l\u00e2u d\u00e0i.<\/li>\n<li>D\u1ec5 d\u00e0ng v\u1eadn chuy\u1ec3n: T\u1ea5t c\u1ea3 c\u00e1c m\u1eabu c\u1ed9t \u0111o kho\u1ea3ng c\u00e1ch RP-A\/S \u0111\u1ec1u bao g\u1ed3m t\u00fai \u0111\u1ef1ng \u0111\u1ec3 d\u1ec5 d\u00e0ng di chuy\u1ec3n ngo\u00e0i hi\u1ec7n tr\u01b0\u1eddng.<\/li>\n<\/ul>","protected":false},"featured_media":5232,"comment_status":"open","ping_status":"closed","template":"","meta":[],"product_brand":[],"product_cat":[89],"product_tag":[],"class_list":{"0":"post-5231","1":"product","2":"type-product","3":"status-publish","4":"has-post-thumbnail","6":"product_cat-surveying-pole-rod","8":"first","9":"instock","10":"shipping-taxable","11":"product-type-simple"},"_links":{"self":[{"href":"https:\/\/mountlaser.com\/vi\/wp-json\/wp\/v2\/product\/5231","targetHints":{"allow":["GET"]}}],"collection":[{"href":"https:\/\/mountlaser.com\/vi\/wp-json\/wp\/v2\/product"}],"about":[{"href":"https:\/\/mountlaser.com\/vi\/wp-json\/wp\/v2\/types\/product"}],"replies":[{"embeddable":true,"href":"https:\/\/mountlaser.com\/vi\/wp-json\/wp\/v2\/comments?post=5231"}],"wp:featuredmedia":[{"embeddable":true,"href":"https:\/\/mountlaser.com\/vi\/wp-json\/wp\/v2\/media\/5232"}],"wp:attachment":[{"href":"https:\/\/mountlaser.com\/vi\/wp-json\/wp\/v2\/media?parent=5231"}],"wp:term":[{"taxonomy":"product_brand","embeddable":true,"href":"https:\/\/mountlaser.com\/vi\/wp-json\/wp\/v2\/product_brand?post=5231"},{"taxonomy":"product_cat","embeddable":true,"href":"https:\/\/mountlaser.com\/vi\/wp-json\/wp\/v2\/product_cat?post=5231"},{"taxonomy":"product_tag","embeddable":true,"href":"https:\/\/mountlaser.com\/vi\/wp-json\/wp\/v2\/product_tag?post=5231"}],"curies":[{"name":"trang web","href":"https:\/\/api.w.org\/{rel}","templated":true}]}}