{"id":5193,"date":"2025-12-03T02:46:05","date_gmt":"2025-12-03T02:46:05","guid":{"rendered":"https:\/\/mountlaser.com\/?post_type=product&#038;p=5193"},"modified":"2025-12-03T05:06:30","modified_gmt":"2025-12-03T05:06:30","slug":"gp220tlb-ac-gps-pole-twist-lock","status":"publish","type":"product","link":"https:\/\/mountlaser.com\/vi\/san-pham\/gp220tlb-ac-gps-pole-twist-lock\/","title":{"rendered":"Kh\u00f3a xoay c\u1ed9t GPS GP220TLB-AC"},"content":{"rendered":"<p>Gi\u1edbi thi\u1ec7u <a href=\"https:\/\/mountlaser.com\/vi\/danh-muc-san-pham\/surveying-pole-rod\/\"><strong>Kh\u00f3a xoay c\u1ed9t GPS GP220TLB-AC<\/strong><\/a>, M\u1ed9t lo\u1ea1i c\u1ed9t \u0111o \u0111\u1ea1c chuy\u00ean nghi\u1ec7p \u0111\u01b0\u1ee3c thi\u1ebft k\u1ebf \u0111\u1ec3 \u0111\u1ea1t \u0111\u1ed9 ch\u00ednh x\u00e1c, \u0111\u1ed9 b\u1ec1n v\u00e0 hi\u1ec7u su\u1ea5t \u0111\u00e1ng tin c\u1eady tr\u00ean th\u1ef1c \u0111\u1ecba. \u0110\u01b0\u1ee3c thi\u1ebft k\u1ebf nh\u01b0 m\u1ed9t... <a href=\"https:\/\/mountlaser.com\/vi\/about-us\/\"><strong>C\u1ed9t c\u1ed1 \u0111\u1ecbnh \u0111\u1ea7u c\u00f3 v\u1ea1ch chia h\u1ec7 m\u00e9t 2,5 m d\u00f9ng cho xe GPS t\u1ef1 h\u00e0nh.<\/strong><\/a>, M\u1eabu n\u00e0y \u0111\u1ea3m b\u1ea3o \u0111o \u0111\u1ed9 cao ch\u00ednh x\u00e1c v\u00e0 thu th\u1eadp d\u1eef li\u1ec7u GNSS \u1ed5n \u0111\u1ecbnh trong m\u00f4i tr\u01b0\u1eddng kh\u1eafc nghi\u1ec7t. C\u1ed9t GPS GP220TLB-AC t\u00edch h\u1ee3p c\u01a1 ch\u1ebf kh\u00f3a xoay m\u01b0\u1ee3t m\u00e0 v\u00e0 ch\u1eafc ch\u1eafn, cho ph\u00e9p ng\u01b0\u1eddi kh\u1ea3o s\u00e1t nhanh ch\u00f3ng \u0111i\u1ec1u ch\u1ec9nh c\u1ed9t \u0111\u1ebfn \u0111\u1ed9 cao ch\u00ednh x\u00e1c trong khi v\u1eabn duy tr\u00ec \u0111\u1ed9 \u1ed5n \u0111\u1ecbnh tuy\u1ec7t \u0111\u1ed1i trong su\u1ed1t qu\u00e1 tr\u00ecnh s\u1eed d\u1ee5ng.<\/p>\n<p>\u0110\u01b0\u1ee3c ch\u1ebf t\u1ea1o t\u1eeb s\u1ef1 k\u1ebft h\u1ee3p gi\u1eefa nh\u00f4m v\u00e0 s\u1ee3i carbon ti\u1ebft ki\u1ec7m chi ph\u00ed, c\u1ed9t \u0111\u1ecbnh v\u1ecb GPS c\u1ed1 \u0111\u1ecbnh \u0111\u1ea7u nh\u1ecdn 2,5 m c\u00f3 v\u1ea1ch chia \u0111\u1ed9 h\u1ec7 m\u00e9t mang l\u1ea1i s\u1ef1 c\u00e2n b\u1eb1ng l\u00fd t\u01b0\u1edfng gi\u1eefa \u0111\u1ed9 b\u1ec1n, tr\u1ecdng l\u01b0\u1ee3ng v\u00e0 \u0111\u1ed9 b\u1ec1n l\u00e2u d\u00e0i. M\u1ed7i c\u1ed9t \u0111\u01b0\u1ee3c trang b\u1ecb m\u1ed9t \u1ed1ng th\u1ee7y tinh tr\u00f2n 30\u2032 v\u00e0 m\u1ed9t \u0111\u1ebf bong b\u00f3ng b\u1eb1ng nh\u00f4m ch\u1eafc ch\u1eafn v\u1edbi gi\u00e1 \u0111\u1ee1 t\u00edch h\u1ee3p, la b\u00e0n v\u00e0 th\u01b0\u1edbc th\u1ee7y \u2013 gi\u00fap t\u0103ng \u0111\u1ed9 ch\u00ednh x\u00e1c khi thi\u1ebft l\u1eadp ngo\u00e0i th\u1ef1c \u0111\u1ecba. Ren 5\/8\u2033-11 \u0111\u1ea3m b\u1ea3o kh\u1ea3 n\u0103ng t\u01b0\u01a1ng th\u00edch v\u1edbi c\u00e1c b\u1ed9 thu v\u00e0 ph\u1ee5 ki\u1ec7n GNSS ti\u00eau chu\u1ea9n, trong khi h\u1ed9p \u0111\u1ef1ng m\u1ec1m \u0111i k\u00e8m gi\u00fap v\u1eadn chuy\u1ec3n thu\u1eadn ti\u1ec7n v\u00e0 b\u1ea3o v\u1ec7 trong qu\u00e1 tr\u00ecnh s\u1eed d\u1ee5ng h\u00e0ng ng\u00e0y.<\/p>\n<p>V\u1edbi thi\u1ebft k\u1ebf kh\u00f3a xoay \u0111\u00e1ng tin c\u1eady, v\u1ea1ch chia \u0111\u1ed9 h\u1ec7 m\u00e9t v\u00e0 \u0111\u1ea7u b\u00fat c\u1ed1 \u0111\u1ecbnh ch\u1eafc ch\u1eafn, <a href=\"https:\/\/mountlaser.com\/vi\/contact-us\/\">Kh\u00f3a xoay c\u1ed9t GPS GP220TLB-AC<\/a>\u00a0\u0110\u00e2y l\u00e0 c\u00f4ng c\u1ee5 kh\u00f4ng th\u1ec3 thi\u1ebfu \u0111\u1ed1i v\u1edbi c\u00e1c nh\u00e0 kh\u1ea3o s\u00e1t \u0111\u1ecba h\u00ecnh, k\u1ef9 s\u01b0 x\u00e2y d\u1ef1ng, nh\u00f3m l\u1eadp b\u1ea3n \u0111\u1ed3 GNSS v\u00e0 c\u00e1c chuy\u00ean gia gi\u00e1m s\u00e1t \u0111ang t\u00ecm ki\u1ebfm hi\u1ec7u su\u1ea5t \u0111\u00e1ng tin c\u1eady v\u00e0 k\u1ebft qu\u1ea3 ch\u00ednh x\u00e1c.<\/p>\n<div>\n<table style=\"border-collapse: collapse; width: 669.77pt;\" border=\"0\" width=\"893\" cellspacing=\"0\" cellpadding=\"0\">\n<tbody>\n<tr style=\"height: 14.25pt;\">\n<td class=\"et2\" style=\"height: 14.25pt; width: 99.75pt;\" width=\"133\" height=\"19\">CON S\u1ed0<\/td>\n<td class=\"et2\" style=\"width: 75.75pt;\" width=\"101\">S\u1ef0 M\u1ede R\u1ed8NG<\/td>\n<td class=\"et3\" style=\"width: 46.50pt;\" width=\"62\">KHO\u0301A<\/td>\n<td class=\"et3\" style=\"width: 49.50pt;\" width=\"66\">SINH VI\u00caN T\u1ed0T NGHI\u1ec6P<\/td>\n<td class=\"et3\" style=\"width: 176.25pt;\" width=\"235\">V\u1eacT LI\u1ec6U \u1ed0NG<\/td>\n<td class=\"et3\" style=\"width: 114.00pt;\" width=\"152\">\u0110\u1ebe BONG B\u00d3NG<\/td>\n<td class=\"et3\" style=\"width: 54.00pt;\" width=\"72\">\u0110\u01af\u1edcNG K\u00cdNH<\/td>\n<td class=\"et4\" style=\"width: 54.00pt;\" width=\"72\">H\u00ccNH \u1ea2NH<\/td>\n<\/tr>\n<tr style=\"height: 14.25pt;\">\n<td class=\"et5\" style=\"height: 14.25pt;\" height=\"19\">GP220TLB-AC<\/td>\n<td class=\"et5\">220cm<\/td>\n<td class=\"et5\">Xo\u1eafn<\/td>\n<td class=\"et5\">cm<\/td>\n<td class=\"et5\">Nh\u00f4m\/S\u1ee3i carbon Econic<\/td>\n<td class=\"et5\">V\u1edbi d\u1ea5u ngo\u1eb7c, compa. Bong b\u00f3ng<\/td>\n<td class=\"et5\">25\/32mm<\/td>\n<td><img fetchpriority=\"high\" decoding=\"async\" class=\"alignnone wp-image-5205\" src=\"https:\/\/mountlaser.com\/wp-content\/uploads\/2025\/12\/GP220TLB-AC\uff082\uff09.webp\" alt=\"GP220TLB-AC GPS Pole Thread Lock\" width=\"500\" height=\"500\" srcset=\"https:\/\/mountlaser.com\/wp-content\/uploads\/2025\/12\/GP220TLB-AC\uff082\uff09.webp 1000w, https:\/\/mountlaser.com\/wp-content\/uploads\/2025\/12\/GP220TLB-AC\uff082\uff09-300x300.webp 300w, https:\/\/mountlaser.com\/wp-content\/uploads\/2025\/12\/GP220TLB-AC\uff082\uff09-150x150.webp 150w, https:\/\/mountlaser.com\/wp-content\/uploads\/2025\/12\/GP220TLB-AC\uff082\uff09-768x768.webp 768w, https:\/\/mountlaser.com\/wp-content\/uploads\/2025\/12\/GP220TLB-AC\uff082\uff09-12x12.webp 12w, https:\/\/mountlaser.com\/wp-content\/uploads\/2025\/12\/GP220TLB-AC\uff082\uff09-600x600.webp 600w, https:\/\/mountlaser.com\/wp-content\/uploads\/2025\/12\/GP220TLB-AC\uff082\uff09-800x800.webp 800w, https:\/\/mountlaser.com\/wp-content\/uploads\/2025\/12\/GP220TLB-AC\uff082\uff09-400x400.webp 400w\" sizes=\"(max-width: 500px) 100vw, 500px\" \/><\/td>\n<\/tr>\n<tr style=\"height: 14.25pt;\">\n<td class=\"et5\" style=\"height: 14.25pt;\" height=\"19\">GP220TL-AC<\/td>\n<td class=\"et5\">220cm<\/td>\n<td class=\"et5\">Xo\u1eafn<\/td>\n<td class=\"et5\">cm<\/td>\n<td class=\"et5\">Nh\u00f4m\/ S\u1ee3i carbon cao c\u1ea5p<\/td>\n<td class=\"et5\">c\u00f3 bong b\u00f3ng<\/td>\n<td class=\"et5\">25\/32mm<\/td>\n<td><img decoding=\"async\" class=\"alignnone wp-image-5200\" src=\"https:\/\/mountlaser.com\/wp-content\/uploads\/2025\/12\/GP220TL-AC7.webp\" alt=\"GP220TLB-AC GPS Pole Thread Lock\" width=\"500\" height=\"500\" srcset=\"https:\/\/mountlaser.com\/wp-content\/uploads\/2025\/12\/GP220TL-AC7.webp 1000w, https:\/\/mountlaser.com\/wp-content\/uploads\/2025\/12\/GP220TL-AC7-300x300.webp 300w, https:\/\/mountlaser.com\/wp-content\/uploads\/2025\/12\/GP220TL-AC7-150x150.webp 150w, https:\/\/mountlaser.com\/wp-content\/uploads\/2025\/12\/GP220TL-AC7-768x768.webp 768w, https:\/\/mountlaser.com\/wp-content\/uploads\/2025\/12\/GP220TL-AC7-12x12.webp 12w, https:\/\/mountlaser.com\/wp-content\/uploads\/2025\/12\/GP220TL-AC7-600x600.webp 600w, https:\/\/mountlaser.com\/wp-content\/uploads\/2025\/12\/GP220TL-AC7-800x800.webp 800w, https:\/\/mountlaser.com\/wp-content\/uploads\/2025\/12\/GP220TL-AC7-400x400.webp 400w\" sizes=\"(max-width: 500px) 100vw, 500px\" \/><\/td>\n<\/tr>\n<tr style=\"height: 14.25pt;\">\n<td class=\"et5\" style=\"height: 14.25pt;\" height=\"19\">GP250TL-AC<\/td>\n<td class=\"et5\">250cm<\/td>\n<td class=\"et5\">Xo\u1eafn<\/td>\n<td class=\"et5\">cm<\/td>\n<td class=\"et5\">Nh\u00f4m\/ S\u1ee3i carbon cao c\u1ea5p<\/td>\n<td class=\"et5\">c\u00f3 bong b\u00f3ng<\/td>\n<td class=\"et5\">25\/32mm<\/td>\n<td><img decoding=\"async\" class=\"alignnone wp-image-5216\" src=\"https:\/\/mountlaser.com\/wp-content\/uploads\/2025\/12\/GP250TL-AC4.webp\" alt=\"GP220TLB-AC GPS Pole Thread Lock\" width=\"500\" height=\"500\" srcset=\"https:\/\/mountlaser.com\/wp-content\/uploads\/2025\/12\/GP250TL-AC4.webp 1000w, https:\/\/mountlaser.com\/wp-content\/uploads\/2025\/12\/GP250TL-AC4-300x300.webp 300w, https:\/\/mountlaser.com\/wp-content\/uploads\/2025\/12\/GP250TL-AC4-150x150.webp 150w, https:\/\/mountlaser.com\/wp-content\/uploads\/2025\/12\/GP250TL-AC4-768x768.webp 768w, https:\/\/mountlaser.com\/wp-content\/uploads\/2025\/12\/GP250TL-AC4-12x12.webp 12w, https:\/\/mountlaser.com\/wp-content\/uploads\/2025\/12\/GP250TL-AC4-600x600.webp 600w, https:\/\/mountlaser.com\/wp-content\/uploads\/2025\/12\/GP250TL-AC4-800x800.webp 800w, https:\/\/mountlaser.com\/wp-content\/uploads\/2025\/12\/GP250TL-AC4-400x400.webp 400w\" sizes=\"(max-width: 500px) 100vw, 500px\" \/><\/td>\n<\/tr>\n<tr style=\"height: 14.25pt;\">\n<td class=\"et5\" style=\"height: 14.25pt;\" height=\"19\">GP220TLD-2C<\/td>\n<td class=\"et5\">220cm<\/td>\n<td class=\"et5\">Xo\u1eafn<\/td>\n<td class=\"et5\">cm\/ ft<\/td>\n<td class=\"et5\">Nh\u00f4m\/ S\u1ee3i carbon cao c\u1ea5p<\/td>\n<td class=\"et5\">c\u00f3 bong b\u00f3ng<\/td>\n<td class=\"et5\">25\/32mm<\/td>\n<td><img loading=\"lazy\" decoding=\"async\" class=\"alignnone wp-image-5218\" src=\"https:\/\/mountlaser.com\/wp-content\/uploads\/2025\/12\/GP250TL-AC6.webp\" alt=\"GP220TLB-AC GPS Pole Thread Lock\" width=\"500\" height=\"500\" srcset=\"https:\/\/mountlaser.com\/wp-content\/uploads\/2025\/12\/GP250TL-AC6.webp 1000w, https:\/\/mountlaser.com\/wp-content\/uploads\/2025\/12\/GP250TL-AC6-300x300.webp 300w, https:\/\/mountlaser.com\/wp-content\/uploads\/2025\/12\/GP250TL-AC6-150x150.webp 150w, https:\/\/mountlaser.com\/wp-content\/uploads\/2025\/12\/GP250TL-AC6-768x768.webp 768w, https:\/\/mountlaser.com\/wp-content\/uploads\/2025\/12\/GP250TL-AC6-12x12.webp 12w, https:\/\/mountlaser.com\/wp-content\/uploads\/2025\/12\/GP250TL-AC6-600x600.webp 600w, https:\/\/mountlaser.com\/wp-content\/uploads\/2025\/12\/GP250TL-AC6-800x800.webp 800w, https:\/\/mountlaser.com\/wp-content\/uploads\/2025\/12\/GP250TL-AC6-400x400.webp 400w\" sizes=\"(max-width: 500px) 100vw, 500px\" \/><\/td>\n<\/tr>\n<tr style=\"height: 14.25pt;\">\n<td class=\"et6\" style=\"height: 14.25pt;\" height=\"19\">GP250TLD-2C<\/td>\n<td class=\"et5\">250cm<\/td>\n<td class=\"et5\">Xo\u1eafn<\/td>\n<td class=\"et5\">cm\/ ft<\/td>\n<td class=\"et5\">S\u1ee3i carbon cao c\u1ea5p<\/td>\n<td class=\"et5\">c\u00f3 bong b\u00f3ng<\/td>\n<td class=\"et5\">25\/32mm<\/td>\n<td><img loading=\"lazy\" decoding=\"async\" class=\"alignnone wp-image-5226\" src=\"https:\/\/mountlaser.com\/wp-content\/uploads\/2025\/12\/GP250TLD-CC6.webp\" alt=\"GP220TLB-AC GPS Pole Thread Lock\" width=\"500\" height=\"500\" srcset=\"https:\/\/mountlaser.com\/wp-content\/uploads\/2025\/12\/GP250TLD-CC6.webp 1000w, https:\/\/mountlaser.com\/wp-content\/uploads\/2025\/12\/GP250TLD-CC6-300x300.webp 300w, https:\/\/mountlaser.com\/wp-content\/uploads\/2025\/12\/GP250TLD-CC6-150x150.webp 150w, https:\/\/mountlaser.com\/wp-content\/uploads\/2025\/12\/GP250TLD-CC6-768x768.webp 768w, https:\/\/mountlaser.com\/wp-content\/uploads\/2025\/12\/GP250TLD-CC6-12x12.webp 12w, https:\/\/mountlaser.com\/wp-content\/uploads\/2025\/12\/GP250TLD-CC6-600x600.webp 600w, https:\/\/mountlaser.com\/wp-content\/uploads\/2025\/12\/GP250TLD-CC6-800x800.webp 800w, https:\/\/mountlaser.com\/wp-content\/uploads\/2025\/12\/GP250TLD-CC6-400x400.webp 400w\" sizes=\"(max-width: 500px) 100vw, 500px\" \/><\/td>\n<\/tr>\n<\/tbody>\n<\/table>\n<\/div>","protected":false},"excerpt":{"rendered":"<ul data-start=\"1639\" data-end=\"2157\">\n<li data-start=\"1639\" data-end=\"1733\">\n<p data-start=\"1641\" data-end=\"1733\">C\u01a1 ch\u1ebf \u0111i\u1ec1u ch\u1ec9nh \u0111\u1ed9 cao b\u1eb1ng kh\u00f3a xoay gi\u00fap \u0111\u1ecbnh v\u1ecb nhanh ch\u00f3ng v\u00e0 \u1ed5n \u0111\u1ecbnh trong c\u00e1c ph\u00e9p \u0111o theo thang \u0111o h\u1ec7 m\u00e9t.<\/p>\n<\/li>\n<li data-start=\"1734\" data-end=\"1823\">\n<p data-start=\"1736\" data-end=\"1823\">Thi\u1ebft k\u1ebf \u0111\u1ea7u d\u00f2 c\u1ed1 \u0111\u1ecbnh \u0111\u1ea3m b\u1ea3o ti\u1ebfp x\u00fac \u1ed5n \u0111\u1ecbnh v\u1edbi m\u1eb7t \u0111\u1ea5t v\u00e0 gi\u1ea3m sai l\u1ec7ch \u0111o l\u01b0\u1eddng.<\/p>\n<\/li>\n<li data-start=\"1824\" data-end=\"1913\">\n<p data-start=\"1826\" data-end=\"1913\">T\u00edch h\u1ee3p gi\u00e1 \u0111\u1ee1, la b\u00e0n v\u00e0 \u1ed1ng th\u1ee7y chu\u1ea9n 30\u2032 \u0111\u1ec3 c\u00e2n b\u1eb1ng v\u00e0 \u0111\u1ecbnh h\u01b0\u1edbng nhanh ch\u00f3ng.<\/p>\n<\/li>\n<li data-start=\"1914\" data-end=\"2000\">\n<p data-start=\"1916\" data-end=\"2000\">T\u01b0\u01a1ng th\u00edch v\u1edbi ren 5\/8\u2033-11, h\u1ed7 tr\u1ee3 h\u1ea7u h\u1ebft c\u00e1c b\u1ed9 thu GNSS v\u00e0 h\u1ec7 th\u1ed1ng m\u00e1y thu di \u0111\u1ed9ng.<\/p>\n<\/li>\n<li data-start=\"2001\" data-end=\"2097\">\n<p data-start=\"2003\" data-end=\"2097\">C\u1ea5u tr\u00fac lai b\u1ec1n ch\u1eafc gi\u1eefa nh\u00f4m v\u00e0 s\u1ee3i carbon ti\u1ebft ki\u1ec7m chi ph\u00ed, \u0111\u1ea3m b\u1ea3o tu\u1ed5i th\u1ecd s\u1eed d\u1ee5ng l\u00e2u d\u00e0i.<\/p>\n<\/li>\n<li data-start=\"2098\" data-end=\"2157\">\n<p data-start=\"2100\" data-end=\"2157\">Bao \u0111\u1ef1ng m\u1ec1m \u0111i k\u00e8m gi\u00fap v\u1eadn chuy\u1ec3n an to\u00e0n v\u00e0 d\u1ec5 d\u00e0ng.<\/p>\n<\/li>\n<\/ul>","protected":false},"featured_media":5204,"comment_status":"open","ping_status":"closed","template":"","meta":[],"product_brand":[],"product_cat":[89,146],"product_tag":[],"class_list":{"0":"post-5193","1":"product","2":"type-product","3":"status-publish","4":"has-post-thumbnail","6":"product_cat-surveying-pole-rod","7":"product_cat-gps-pole-twist-lock","9":"first","10":"instock","11":"shipping-taxable","12":"product-type-simple"},"_links":{"self":[{"href":"https:\/\/mountlaser.com\/vi\/wp-json\/wp\/v2\/product\/5193","targetHints":{"allow":["GET"]}}],"collection":[{"href":"https:\/\/mountlaser.com\/vi\/wp-json\/wp\/v2\/product"}],"about":[{"href":"https:\/\/mountlaser.com\/vi\/wp-json\/wp\/v2\/types\/product"}],"replies":[{"embeddable":true,"href":"https:\/\/mountlaser.com\/vi\/wp-json\/wp\/v2\/comments?post=5193"}],"wp:featuredmedia":[{"embeddable":true,"href":"https:\/\/mountlaser.com\/vi\/wp-json\/wp\/v2\/media\/5204"}],"wp:attachment":[{"href":"https:\/\/mountlaser.com\/vi\/wp-json\/wp\/v2\/media?parent=5193"}],"wp:term":[{"taxonomy":"product_brand","embeddable":true,"href":"https:\/\/mountlaser.com\/vi\/wp-json\/wp\/v2\/product_brand?post=5193"},{"taxonomy":"product_cat","embeddable":true,"href":"https:\/\/mountlaser.com\/vi\/wp-json\/wp\/v2\/product_cat?post=5193"},{"taxonomy":"product_tag","embeddable":true,"href":"https:\/\/mountlaser.com\/vi\/wp-json\/wp\/v2\/product_tag?post=5193"}],"curies":[{"name":"trang web","href":"https:\/\/api.w.org\/{rel}","templated":true}]}}