{"id":5186,"date":"2025-12-03T01:33:40","date_gmt":"2025-12-03T01:33:40","guid":{"rendered":"https:\/\/mountlaser.com\/?post_type=product&#038;p=5186"},"modified":"2025-12-03T05:08:31","modified_gmt":"2025-12-03T05:08:31","slug":"gls30-gps-pole-compression-snap-lock","status":"publish","type":"product","link":"https:\/\/mountlaser.com\/vi\/san-pham\/gls30-gps-pole-compression-snap-lock\/","title":{"rendered":"B\u1ed9 n\u00e9n v\u00e0 kh\u00f3a g\u00e0i c\u1ed9t GPS GLS30"},"content":{"rendered":"<p>C\u00e1i <a href=\"https:\/\/mountlaser.com\/vi\/\"><strong>C\u1ea7n c\u00e2u GPS Rover b\u1eb1ng s\u1ee3i carbon d\u00e0i 2 m\u00e9t<\/strong><\/a> \u0110\u01b0\u1ee3c thi\u1ebft k\u1ebf d\u00e0nh cho kh\u1ea3o s\u00e1t GNSS chuy\u00ean nghi\u1ec7p, mang l\u1ea1i \u0111\u1ed9 b\u1ec1n, \u0111\u1ed9 \u1ed5n \u0111\u1ecbnh v\u01b0\u1ee3t tr\u1ed9i v\u00e0 kh\u1ea3 n\u0103ng x\u1eed l\u00fd nh\u1eb9 nh\u00e0ng trong m\u00f4i tr\u01b0\u1eddng hi\u1ec7n tr\u01b0\u1eddng kh\u1eafc nghi\u1ec7t. \u0110\u01b0\u1ee3c ch\u1ebf t\u1ea1o b\u1eb1ng v\u1eadt li\u1ec7u cao c\u1ea5p, thanh \u0111o GPS b\u1eb1ng s\u1ee3i carbon d\u00e0i 2 m\u00e9t \u0111\u1ea3m b\u1ea3o \u0111\u1ed9 c\u1ee9ng v\u01b0\u1ee3t tr\u1ed9i v\u00e0 gi\u1ea3m \u0111\u1ed9 u\u1ed1n cong trong qu\u00e1 tr\u00ecnh \u0111o, l\u00fd t\u01b0\u1edfng cho c\u00f4ng vi\u1ec7c GNSS ch\u00ednh x\u00e1c.<\/p>\n<p>C\u1ea7n \u0111o n\u00e0y t\u01b0\u01a1ng th\u00edch tr\u1ef1c ti\u1ebfp v\u1edbi nhi\u1ec1u lo\u1ea1i m\u00e1y thu GNSS v\u00e0 ch\u1ea5t l\u01b0\u1ee3ng ch\u1ebf t\u1ea1o \u0111\u00e1p \u1ee9ng c\u00e1c ti\u00eau chu\u1ea9n h\u00e0ng \u0111\u1ea7u trong ng\u00e0nh. L\u00e0 m\u1ed9t l\u1ef1a ch\u1ecdn thay th\u1ebf hi\u1ec7u su\u1ea5t cao, c\u1ea7n \u0111o n\u00e0y... <a href=\"https:\/\/mountlaser.com\/vi\/danh-muc-san-pham\/surveying-pole-rod\/\"><strong>C\u1ed9t GNSS b\u1eb1ng s\u1ee3i carbon GLS30<\/strong><\/a> S\u1ea3n ph\u1ea9m c\u00f3 \u0111\u1ed9 b\u1ec1n v\u01b0\u1ee3t tr\u1ed9i v\u00e0 ho\u1ea1t \u0111\u1ed9ng tr\u01a1n tru trong c\u1ea3 \u0111i\u1ec1u ki\u1ec7n kh\u1ea3o s\u00e1t th\u00f4ng th\u01b0\u1eddng v\u00e0 kh\u1eafc nghi\u1ec7t.<\/p>\n<p>V\u1edbi h\u1ec7 th\u1ed1ng n\u00e9n v\u00e0 kh\u00f3a g\u00e0i \u0111\u00e1ng tin c\u1eady, c\u1ed9t GNSS GLS30 Carbon cho ph\u00e9p \u0111i\u1ec1u ch\u1ec9nh chi\u1ec1u cao nhanh ch\u00f3ng trong khi v\u1eabn duy tr\u00ec \u0111\u1ed9 \u1ed5n \u0111\u1ecbnh ch\u1eafc ch\u1eafn trong qu\u00e1 tr\u00ecnh s\u1eed d\u1ee5ng. \u0110\u1ebf bong b\u00f3ng nh\u00f4m t\u00edch h\u1ee3p v\u1edbi \u1ed1ng th\u1ee7y tinh tr\u00f2n 30\u2032 \u0111\u1ea3m b\u1ea3o c\u00e2n b\u1eb1ng nhanh ch\u00f3ng, trong khi ren 5\/8\u2033-11 h\u1ed7 tr\u1ee3 g\u1eafn c\u00e1c thi\u1ebft b\u1ecb GNSS ph\u1ed5 th\u00f4ng.<\/p>\n<p>\u0110\u01b0\u1ee3c x\u00e2y d\u1ef1ng v\u1edbi <a href=\"https:\/\/mountlaser.com\/vi\/about-us\/\">s\u1ee3i carbon cao c\u1ea5p<\/a>, C\u1ea7n \u0111o GPS b\u1eb1ng s\u1ee3i carbon d\u00e0i 2 m\u00e9t \u0111\u1ea1t \u0111\u01b0\u1ee3c s\u1ef1 c\u00e2n b\u1eb1ng tuy\u1ec7t v\u1eddi gi\u1eefa t\u00ednh di \u0111\u1ed9ng nh\u1eb9 v\u00e0 \u0111\u1ed9 b\u1ec1n l\u00e2u d\u00e0i khi s\u1eed d\u1ee5ng ngo\u00e0i tr\u1eddi. \u0110\u01b0\u1ee3c cung c\u1ea5p k\u00e8m theo h\u1ed9p \u0111\u1ef1ng m\u1ec1m b\u1ea3o v\u1ec7, \u0111\u00e2y l\u00e0 l\u1ef1a ch\u1ecdn l\u00fd t\u01b0\u1edfng cho c\u00e1c nh\u00e0 kh\u1ea3o s\u00e1t t\u00ecm ki\u1ebfm \u0111\u1ed9 ch\u00ednh x\u00e1c, s\u1ef1 ti\u1ec7n l\u1ee3i v\u00e0 \u0111\u1ed9 tin c\u1eady.<\/p>\n<div>\n<table style=\"border-collapse: collapse; width: 1055.28pt;\" border=\"0\" width=\"1407\" cellspacing=\"0\" cellpadding=\"0\">\n<tbody>\n<tr style=\"height: 14.25pt;\">\n<td class=\"et2\" style=\"height: 14.25pt; width: 235.50pt;\" width=\"314\" height=\"19\">CON S\u1ed0<\/td>\n<td class=\"et2\" style=\"width: 309.00pt;\" width=\"412\">S\u1ef0 M\u1ede R\u1ed8NG<\/td>\n<td class=\"et3\" style=\"width: 88.50pt;\" width=\"118\">V\u1eacT LI\u1ec6U<\/td>\n<td class=\"et4\" style=\"width: 138.00pt;\" width=\"184\">\u0110\u1ebe BONG B\u00d3NG<\/td>\n<td class=\"et4\" style=\"width: 176.25pt;\" width=\"235\">KHO\u0301A<\/td>\n<td class=\"et2\" style=\"width: 54.00pt;\" width=\"72\">\u0110\u01af\u1edcNG K\u00cdNH<\/td>\n<td class=\"et5\" style=\"width: 54.00pt;\" width=\"72\">H\u00ccNH \u1ea2NH<\/td>\n<\/tr>\n<tr style=\"height: 14.25pt;\">\n<td class=\"et6\" style=\"height: 14.25pt;\" height=\"19\">GLS30<\/td>\n<td class=\"et6\">200cm<\/td>\n<td class=\"et6\">S\u1ee3i carbon cao c\u1ea5p<\/td>\n<td class=\"et6\">c\u00f3 bong b\u00f3ng<\/td>\n<td class=\"et6\">N\u00e9n &amp; B\u1ea5m<\/td>\n<td class=\"et6\">18\/25mm<\/td>\n<td><img fetchpriority=\"high\" decoding=\"async\" class=\"alignnone wp-image-5188\" src=\"https:\/\/mountlaser.com\/wp-content\/uploads\/2025\/12\/GLS302.webp\" alt=\"2 Meter carbon fiber GPS Rover Rod\" width=\"500\" height=\"500\" srcset=\"https:\/\/mountlaser.com\/wp-content\/uploads\/2025\/12\/GLS302.webp 1000w, https:\/\/mountlaser.com\/wp-content\/uploads\/2025\/12\/GLS302-300x300.webp 300w, https:\/\/mountlaser.com\/wp-content\/uploads\/2025\/12\/GLS302-150x150.webp 150w, https:\/\/mountlaser.com\/wp-content\/uploads\/2025\/12\/GLS302-768x768.webp 768w, https:\/\/mountlaser.com\/wp-content\/uploads\/2025\/12\/GLS302-12x12.webp 12w, https:\/\/mountlaser.com\/wp-content\/uploads\/2025\/12\/GLS302-600x600.webp 600w, https:\/\/mountlaser.com\/wp-content\/uploads\/2025\/12\/GLS302-800x800.webp 800w, https:\/\/mountlaser.com\/wp-content\/uploads\/2025\/12\/GLS302-400x400.webp 400w\" sizes=\"(max-width: 500px) 100vw, 500px\" \/><\/td>\n<\/tr>\n<\/tbody>\n<\/table>\n<\/div>","protected":false},"excerpt":{"rendered":"<ul>\n<li>Cung c\u1ea5p tham chi\u1ebfu \u0111\u1ed9 cao \u1ed5n \u0111\u1ecbnh v\u00e0 ch\u00ednh x\u00e1c cho kh\u1ea3o s\u00e1t GNSS.<\/li>\n<li>\u0110\u1ea3m b\u1ea3o \u0111i\u1ec1u ch\u1ec9nh \u0111\u1ed9 cao nhanh ch\u00f3ng v\u00e0 an to\u00e0n v\u1edbi c\u01a1 ch\u1ebf n\u00e9n v\u00e0 kh\u00f3a g\u00e0i.<\/li>\n<li>H\u1ed7 tr\u1ee3 c\u00e1c b\u1ed9 thu GNSS \u0111a n\u0103ng c\u00f3 ren g\u1eafn ti\u00eau chu\u1ea9n 5\/8\u2033-11.<\/li>\n<li>T\u0103ng c\u01b0\u1eddng \u0111\u1ed9 ch\u00ednh x\u00e1c khi c\u00e2n b\u1eb1ng nh\u1edd \u1ed1ng th\u1ee7y chu\u1ea9n tr\u00f2n 30\u2032 t\u00edch h\u1ee3p.<\/li>\n<li>Thi\u1ebft k\u1ebf s\u1ee3i carbon nh\u1eb9 gi\u00fap c\u1ea3i thi\u1ec7n kh\u1ea3 n\u0103ng \u0111i\u1ec1u khi\u1ec3n v\u00e0 \u0111\u1ed9 b\u1ec1n l\u00e2u d\u00e0i.<\/li>\n<\/ul>","protected":false},"featured_media":5187,"comment_status":"open","ping_status":"closed","template":"","meta":[],"product_brand":[],"product_cat":[89,145],"product_tag":[],"class_list":{"0":"post-5186","1":"product","2":"type-product","3":"status-publish","4":"has-post-thumbnail","6":"product_cat-surveying-pole-rod","7":"product_cat-gps-pole-compression-snap-lock","9":"first","10":"instock","11":"shipping-taxable","12":"product-type-simple"},"_links":{"self":[{"href":"https:\/\/mountlaser.com\/vi\/wp-json\/wp\/v2\/product\/5186","targetHints":{"allow":["GET"]}}],"collection":[{"href":"https:\/\/mountlaser.com\/vi\/wp-json\/wp\/v2\/product"}],"about":[{"href":"https:\/\/mountlaser.com\/vi\/wp-json\/wp\/v2\/types\/product"}],"replies":[{"embeddable":true,"href":"https:\/\/mountlaser.com\/vi\/wp-json\/wp\/v2\/comments?post=5186"}],"wp:featuredmedia":[{"embeddable":true,"href":"https:\/\/mountlaser.com\/vi\/wp-json\/wp\/v2\/media\/5187"}],"wp:attachment":[{"href":"https:\/\/mountlaser.com\/vi\/wp-json\/wp\/v2\/media?parent=5186"}],"wp:term":[{"taxonomy":"product_brand","embeddable":true,"href":"https:\/\/mountlaser.com\/vi\/wp-json\/wp\/v2\/product_brand?post=5186"},{"taxonomy":"product_cat","embeddable":true,"href":"https:\/\/mountlaser.com\/vi\/wp-json\/wp\/v2\/product_cat?post=5186"},{"taxonomy":"product_tag","embeddable":true,"href":"https:\/\/mountlaser.com\/vi\/wp-json\/wp\/v2\/product_tag?post=5186"}],"curies":[{"name":"trang web","href":"https:\/\/api.w.org\/{rel}","templated":true}]}}