{"id":5168,"date":"2025-12-03T01:03:04","date_gmt":"2025-12-03T01:03:04","guid":{"rendered":"https:\/\/mountlaser.com\/?post_type=product&#038;p=5168"},"modified":"2025-12-03T05:17:23","modified_gmt":"2025-12-03T05:17:23","slug":"gp200sc-2-gps-pole-compression-snap-lock","status":"publish","type":"product","link":"https:\/\/mountlaser.com\/vi\/san-pham\/gp200sc-2-gps-pole-compression-snap-lock\/","title":{"rendered":"GP200SC-2 B\u1ed9 n\u00e9n v\u00e0 kh\u00f3a g\u00e0i cho c\u1ed9t GPS"},"content":{"rendered":"<p>C\u00e1i <a href=\"https:\/\/mountlaser.com\/vi\/danh-muc-san-pham\/surveying-pole-rod\/\"><strong>C\u1ed9t GPS b\u1eb1ng nh\u00f4m d\u00e0i 2m<\/strong><\/a> \u0110\u01b0\u1ee3c thi\u1ebft k\u1ebf d\u00e0nh cho kh\u1ea3o s\u00e1t GNSS chuy\u00ean nghi\u1ec7p, mang l\u1ea1i \u0111\u1ed9 b\u1ec1n, s\u1ef1 \u1ed5n \u0111\u1ecbnh v\u00e0 thao t\u00e1c thu\u1eadn ti\u1ec7n ngo\u00e0i hi\u1ec7n tr\u01b0\u1eddng. \u0110\u01b0\u1ee3c ch\u1ebf t\u1ea1o v\u1edbi h\u1ec7 th\u1ed1ng kh\u00f3a n\u00e9n v\u00e0 kh\u00f3a g\u00e0i, c\u1ed9t GPS b\u1eb1ng nh\u00f4m 2m cho ph\u00e9p \u0111i\u1ec1u ch\u1ec9nh chi\u1ec1u cao nhanh ch\u00f3ng v\u00e0 kh\u00f3a ch\u1eafc ch\u1eafn, l\u00fd t\u01b0\u1edfng cho c\u00e1c nhi\u1ec7m v\u1ee5 \u0111o l\u01b0\u1eddng \u0111\u1ed9 ch\u00ednh x\u00e1c cao. <a href=\"https:\/\/mountlaser.com\/vi\/\"><strong>GP200SC-2 B\u1ed9 n\u00e9n v\u00e0 kh\u00f3a g\u00e0i cho c\u1ed9t GPS<\/strong>\u00a0<\/a>N\u00e2ng cao hi\u1ec7u su\u1ea5t h\u01a1n n\u1eefa b\u1eb1ng c\u00e1ch cung c\u1ea5p k\u1ebft n\u1ed1i ren \u0111\u00e1ng tin c\u1eady cho t\u1ea5t c\u1ea3 c\u00e1c b\u1ed9 thu GNSS g\u1eafn ti\u00eau chu\u1ea9n 5\/8\u2033-11. V\u1edbi \u1ed1ng th\u1ee7y tinh tr\u00f2n 30\u2032 v\u00e0 \u0111\u1ebf bong b\u00f3ng b\u1eb1ng nh\u00f4m ch\u1eafc ch\u1eafn, GP200SC-2 GPS Pole Compression &amp; Snap Lock \u0111\u1ea3m b\u1ea3o \u0111\u1ed9 c\u00e2n b\u1eb1ng ch\u00ednh x\u00e1c trong m\u00f4i tr\u01b0\u1eddng kh\u1eafc nghi\u1ec7t.<\/p>\n<p>\u0110\u01b0\u1ee3c ch\u1ebf t\u1ea1o t\u1eeb nh\u00f4m c\u01b0\u1eddng \u0111\u1ed9 cao, c\u1ed9t GPS nh\u00f4m 2m v\u1eabn gi\u1eef \u0111\u01b0\u1ee3c tr\u1ecdng l\u01b0\u1ee3ng nh\u1eb9 nh\u01b0ng \u0111\u1ee7 ch\u1eafc ch\u1eafn cho c\u00f4ng vi\u1ec7c ngo\u00e0i tr\u1eddi h\u00e0ng ng\u00e0y. <a href=\"https:\/\/mountlaser.com\/vi\/contact-us\/\">GP200SC-2 B\u1ed9 n\u00e9n v\u00e0 kh\u00f3a g\u00e0i cho c\u1ed9t GPS<\/a>\u00a0S\u1ea3n ph\u1ea9m c\u00f3 c\u1ea3 phi\u00ean b\u1ea3n b\u1eb1ng nh\u00f4m v\u00e0 s\u1ee3i carbon cao c\u1ea5p, mang \u0111\u1ebfn cho c\u00e1c nh\u00e0 kh\u1ea3o s\u00e1t nhi\u1ec1u l\u1ef1a ch\u1ecdn linh ho\u1ea1t cho c\u00e1c \u1ee9ng d\u1ee5ng kh\u00e1c nhau. M\u1ed7i c\u1ed9t \u0111\u1ec1u \u0111i k\u00e8m v\u1edbi t\u00fai \u0111\u1ef1ng m\u1ec1m v\u00e0 h\u1ed9p b\u1ea3o v\u1ec7 b\u00ean trong, \u0111\u1ea3m b\u1ea3o v\u1eadn chuy\u1ec3n an to\u00e0n v\u00e0 \u0111\u1ed9 b\u1ec1n l\u00e2u d\u00e0i.<\/p>\n<div>\n<table style=\"border-collapse: collapse; width: 1055.28pt;\" border=\"0\" width=\"1407\" cellspacing=\"0\" cellpadding=\"0\">\n<tbody>\n<tr style=\"height: 14.25pt;\">\n<td class=\"et2\" style=\"height: 14.25pt; width: 235.50pt;\" width=\"314\" height=\"19\">CON S\u1ed0<\/td>\n<td class=\"et2\" style=\"width: 309.00pt;\" width=\"412\">S\u1ef0 M\u1ede R\u1ed8NG<\/td>\n<td class=\"et3\" style=\"width: 88.50pt;\" width=\"118\">V\u1eacT LI\u1ec6U<\/td>\n<td class=\"et4\" style=\"width: 138.00pt;\" width=\"184\">\u0110\u1ebe BONG B\u00d3NG<\/td>\n<td class=\"et4\" style=\"width: 176.25pt;\" width=\"235\">KHO\u0301A<\/td>\n<td class=\"et2\" style=\"width: 54.00pt;\" width=\"72\">\u0110\u01af\u1edcNG K\u00cdNH<\/td>\n<td class=\"et5\" style=\"width: 54.00pt;\" width=\"72\">H\u00ccNH \u1ea2NH<\/td>\n<\/tr>\n<tr style=\"height: 14.25pt;\">\n<td class=\"et6\" style=\"height: 14.25pt;\" height=\"19\">GP200SC-2A<\/td>\n<td class=\"et6\">200cm<\/td>\n<td class=\"et7\">Nh\u00f4m<\/td>\n<td class=\"et6\">c\u00f3 bong b\u00f3ng<\/td>\n<td class=\"et6\">N\u00e9n &amp; B\u1ea5m<\/td>\n<td class=\"et6\">25\/32mm<\/td>\n<td><img fetchpriority=\"high\" decoding=\"async\" class=\"alignnone wp-image-5173\" src=\"https:\/\/mountlaser.com\/wp-content\/uploads\/2025\/12\/GP200SC-AA-5.webp\" alt=\"2m Aluminum GPS Pole\" width=\"500\" height=\"500\" srcset=\"https:\/\/mountlaser.com\/wp-content\/uploads\/2025\/12\/GP200SC-AA-5.webp 1000w, https:\/\/mountlaser.com\/wp-content\/uploads\/2025\/12\/GP200SC-AA-5-300x300.webp 300w, https:\/\/mountlaser.com\/wp-content\/uploads\/2025\/12\/GP200SC-AA-5-150x150.webp 150w, https:\/\/mountlaser.com\/wp-content\/uploads\/2025\/12\/GP200SC-AA-5-768x768.webp 768w, https:\/\/mountlaser.com\/wp-content\/uploads\/2025\/12\/GP200SC-AA-5-12x12.webp 12w, https:\/\/mountlaser.com\/wp-content\/uploads\/2025\/12\/GP200SC-AA-5-600x600.webp 600w, https:\/\/mountlaser.com\/wp-content\/uploads\/2025\/12\/GP200SC-AA-5-800x800.webp 800w, https:\/\/mountlaser.com\/wp-content\/uploads\/2025\/12\/GP200SC-AA-5-400x400.webp 400w\" sizes=\"(max-width: 500px) 100vw, 500px\" \/><\/td>\n<\/tr>\n<tr style=\"height: 14.25pt;\">\n<td class=\"et6\" style=\"height: 14.25pt;\" height=\"19\">GP200SC-2C<\/td>\n<td class=\"et6\">200cm<\/td>\n<td class=\"et6\">S\u1ee3i carbon cao c\u1ea5p<\/td>\n<td class=\"et6\">c\u00f3 bong b\u00f3ng<\/td>\n<td class=\"et6\">N\u00e9n &amp; B\u1ea5m<\/td>\n<td class=\"et6\">25\/32mm<\/td>\n<td><img decoding=\"async\" class=\"alignnone wp-image-5178\" src=\"https:\/\/mountlaser.com\/wp-content\/uploads\/2025\/12\/GP200SC-CC-1.webp\" alt=\"2m Aluminum GPS Pole\" width=\"500\" height=\"500\" srcset=\"https:\/\/mountlaser.com\/wp-content\/uploads\/2025\/12\/GP200SC-CC-1.webp 1000w, https:\/\/mountlaser.com\/wp-content\/uploads\/2025\/12\/GP200SC-CC-1-300x300.webp 300w, https:\/\/mountlaser.com\/wp-content\/uploads\/2025\/12\/GP200SC-CC-1-150x150.webp 150w, https:\/\/mountlaser.com\/wp-content\/uploads\/2025\/12\/GP200SC-CC-1-768x768.webp 768w, https:\/\/mountlaser.com\/wp-content\/uploads\/2025\/12\/GP200SC-CC-1-12x12.webp 12w, https:\/\/mountlaser.com\/wp-content\/uploads\/2025\/12\/GP200SC-CC-1-600x600.webp 600w, https:\/\/mountlaser.com\/wp-content\/uploads\/2025\/12\/GP200SC-CC-1-800x800.webp 800w, https:\/\/mountlaser.com\/wp-content\/uploads\/2025\/12\/GP200SC-CC-1-400x400.webp 400w\" sizes=\"(max-width: 500px) 100vw, 500px\" \/><\/td>\n<\/tr>\n<\/tbody>\n<\/table>\n<\/div>","protected":false},"excerpt":{"rendered":"<ul>\n<li>\u0110i\u1ec1u ch\u1ec9nh \u0111\u1ed9 cao nhanh ch\u00f3ng: H\u1ec7 th\u1ed1ng n\u00e9n v\u00e0 kh\u00f3a g\u00e0i cho ph\u00e9p thi\u1ebft l\u1eadp nhanh ch\u00f3ng v\u00e0 an to\u00e0n.<\/li>\n<li>C\u00e2n b\u1eb1ng \u0111\u1ed9 ch\u00ednh x\u00e1c cao: \u0110\u1ebf bong b\u00f3ng nh\u00f4m v\u1edbi \u1ed1ng th\u1ee7y tinh tr\u00f2n 30\u2032 \u0111\u1ea3m b\u1ea3o c\u00e1c ph\u00e9p \u0111o \u1ed5n \u0111\u1ecbnh v\u00e0 ch\u00ednh x\u00e1c.<\/li>\n<li>Kh\u1ea3 n\u0103ng t\u01b0\u01a1ng th\u00edch ph\u1ed5 qu\u00e1t: \u0110\u01b0\u1ee3c trang b\u1ecb ren 5\/8\u2033-11 cho h\u1ea7u h\u1ebft c\u00e1c b\u1ed9 thu v\u00e0 ph\u1ee5 ki\u1ec7n GNSS.<\/li>\n<li>C\u1ea5u tr\u00fac b\u1ec1n b\u1ec9: \u1ed0ng nh\u00f4m c\u01b0\u1eddng \u0111\u1ed9 cao \u0111\u1ea3m b\u1ea3o tu\u1ed5i th\u1ecd l\u00e2u d\u00e0i trong m\u00f4i tr\u01b0\u1eddng kh\u1eafc nghi\u1ec7t ngo\u00e0i tr\u1eddi.<\/li>\n<li>Thi\u1ebft k\u1ebf di \u0111\u1ed9ng: C\u1ea5u tr\u00fac c\u00f3 th\u1ec3 th\u00e1o r\u1eddi v\u00e0 t\u00fai \u0111\u1ef1ng m\u1ec1m \u0111i k\u00e8m gi\u00fap d\u1ec5 d\u00e0ng mang theo v\u00e0 c\u1ea5t gi\u1eef g\u1eady.<\/li>\n<\/ul>","protected":false},"featured_media":5173,"comment_status":"open","ping_status":"closed","template":"","meta":[],"product_brand":[],"product_cat":[89,145],"product_tag":[],"class_list":{"0":"post-5168","1":"product","2":"type-product","3":"status-publish","4":"has-post-thumbnail","6":"product_cat-surveying-pole-rod","7":"product_cat-gps-pole-compression-snap-lock","9":"first","10":"instock","11":"shipping-taxable","12":"product-type-simple"},"_links":{"self":[{"href":"https:\/\/mountlaser.com\/vi\/wp-json\/wp\/v2\/product\/5168","targetHints":{"allow":["GET"]}}],"collection":[{"href":"https:\/\/mountlaser.com\/vi\/wp-json\/wp\/v2\/product"}],"about":[{"href":"https:\/\/mountlaser.com\/vi\/wp-json\/wp\/v2\/types\/product"}],"replies":[{"embeddable":true,"href":"https:\/\/mountlaser.com\/vi\/wp-json\/wp\/v2\/comments?post=5168"}],"wp:featuredmedia":[{"embeddable":true,"href":"https:\/\/mountlaser.com\/vi\/wp-json\/wp\/v2\/media\/5173"}],"wp:attachment":[{"href":"https:\/\/mountlaser.com\/vi\/wp-json\/wp\/v2\/media?parent=5168"}],"wp:term":[{"taxonomy":"product_brand","embeddable":true,"href":"https:\/\/mountlaser.com\/vi\/wp-json\/wp\/v2\/product_brand?post=5168"},{"taxonomy":"product_cat","embeddable":true,"href":"https:\/\/mountlaser.com\/vi\/wp-json\/wp\/v2\/product_cat?post=5168"},{"taxonomy":"product_tag","embeddable":true,"href":"https:\/\/mountlaser.com\/vi\/wp-json\/wp\/v2\/product_tag?post=5168"}],"curies":[{"name":"trang web","href":"https:\/\/api.w.org\/{rel}","templated":true}]}}