{"id":5156,"date":"2025-12-02T09:14:54","date_gmt":"2025-12-02T09:14:54","guid":{"rendered":"https:\/\/mountlaser.com\/?post_type=product&#038;p=5156"},"modified":"2025-12-03T05:21:02","modified_gmt":"2025-12-03T05:21:02","slug":"gp180sc-2a-gps-pole-compression-snap-lock","status":"publish","type":"product","link":"https:\/\/mountlaser.com\/vi\/san-pham\/gp180sc-2a-gps-pole-compression-snap-lock\/","title":{"rendered":"GP180SC-2A B\u1ed9 n\u00e9n v\u00e0 kh\u00f3a g\u00e0i cho c\u1ed9t GPS"},"content":{"rendered":"<p>C\u00e1i <a href=\"https:\/\/mountlaser.com\/vi\/danh-muc-san-pham\/surveying-pole-rod\/\"><strong>Thanh Rover kh\u00f3a g\u00e0i b\u1eb1ng nh\u00f4m<\/strong><\/a> \u0110\u00e2y l\u00e0 m\u1ed9t c\u00e2y s\u00e0o \u0111o \u0111\u1ea1c b\u1ec1n ch\u1eafc v\u00e0 s\u1eb5n s\u00e0ng s\u1eed d\u1ee5ng ngo\u00e0i hi\u1ec7n tr\u01b0\u1eddng, \u0111\u01b0\u1ee3c thi\u1ebft k\u1ebf d\u00e0nh cho c\u00e1c chuy\u00ean gia c\u1ea7n \u0111\u1ed9 \u1ed5n \u0111\u1ecbnh chi\u1ec1u cao \u0111\u00e1ng tin c\u1eady v\u00e0 thi\u1ebft l\u1eadp nhanh ch\u00f3ng. \u0110\u01b0\u1ee3c ch\u1ebf t\u1ea1o t\u1eeb nh\u00f4m ch\u1ea5t l\u01b0\u1ee3ng cao, c\u00e2y s\u00e0o \u0111o \u0111\u1ea1c kh\u00f3a g\u00e0i b\u1eb1ng nh\u00f4m n\u00e0y k\u1ebft h\u1ee3p kh\u00f3a n\u00e9n v\u1edbi c\u01a1 ch\u1ebf kh\u00f3a g\u00e0i \u0111\u00e1ng tin c\u1eady, \u0111\u1ea3m b\u1ea3o \u0111\u1ed9 d\u00e0i an to\u00e0n ngay c\u1ea3 tr\u00ean \u0111\u1ecba h\u00ecnh kh\u00f3 kh\u0103n. \u0110\u01b0\u1ee3c thi\u1ebft k\u1ebf nh\u01b0 m\u1ed9t c\u00f4ng c\u1ee5 \u0111a n\u0103ng. <a href=\"https:\/\/mountlaser.com\/vi\/about-us\/\">Thanh nh\u00f4m Rover<\/a>, N\u00f3 mang l\u1ea1i \u0111\u1ed9 c\u1ee9ng tuy\u1ec7t v\u1eddi trong khi v\u1eabn gi\u1eef \u0111\u01b0\u1ee3c tr\u1ecdng l\u01b0\u1ee3ng nh\u1eb9, ph\u00f9 h\u1ee3p cho c\u00e1c quy tr\u00ecnh l\u00e0m vi\u1ec7c h\u00e0ng ng\u00e0y v\u1edbi h\u1ec7 th\u1ed1ng GNSS v\u00e0 m\u00e1y to\u00e0n \u0111\u1ea1c.<\/p>\n<div>\n<p>\u0110\u01b0\u1ee3c trang b\u1ecb ren 5\/8\u2033-11 v\u00e0 v\u00f2ng \u0111\u1ec7m tr\u00f2n t\u00f9y ch\u1ecdn, th\u01b0\u1edbc \u0111o g\u00f3c nh\u00f4m kh\u00f3a g\u00e0i d\u1ec5 d\u00e0ng th\u00edch \u1ee9ng v\u1edbi nhi\u1ec1u lo\u1ea1i m\u00e1y thu v\u00e0 ph\u1ee5 ki\u1ec7n kh\u00e1c nhau. \u0110\u1ebf b\u1ecdt n\u01b0\u1edbc m\u00e0u \u0111en \u0111\u01b0\u1eddng k\u00ednh ngo\u00e0i 32mm \u0111\u1ea3m b\u1ea3o c\u0103n ch\u1ec9nh th\u1eb3ng \u0111\u1ee9ng ch\u00ednh x\u00e1c, trong khi h\u1ed9p \u0111\u1ef1ng m\u1ec1m v\u00e0 h\u1ed9p b\u00ean trong \u0111i k\u00e8m gi\u00fap v\u1eadn chuy\u1ec3n an to\u00e0n v\u00e0 ti\u1ec7n l\u1ee3i. V\u1edbi h\u1ec7 th\u1ed1ng kh\u00f3a hi\u1ec7u qu\u1ea3 v\u00e0 c\u1ea5u tr\u00fac ch\u1eafc ch\u1eafn, th\u01b0\u1edbc \u0111o g\u00f3c nh\u00f4m n\u00e0y cung c\u1ea5p c\u00e1c ph\u00e9p \u0111o \u1ed5n \u0111\u1ecbnh, c\u00f3 th\u1ec3 l\u1eb7p l\u1ea1i cho c\u00e1c nhi\u1ec7m v\u1ee5 kh\u1ea3o s\u00e1t chuy\u00ean nghi\u1ec7p.<\/p>\n<table style=\"border-collapse: collapse; width: 1055.28pt;\" border=\"0\" width=\"1407\" cellspacing=\"0\" cellpadding=\"0\">\n<tbody>\n<tr style=\"height: 14.25pt;\">\n<td class=\"et2\" style=\"height: 14.25pt; width: 235.50pt;\" width=\"314\" height=\"19\">CON S\u1ed0<\/td>\n<td class=\"et2\" style=\"width: 309.00pt;\" width=\"412\">S\u1ef0 M\u1ede R\u1ed8NG<\/td>\n<td class=\"et3\" style=\"width: 88.50pt;\" width=\"118\">V\u1eacT LI\u1ec6U<\/td>\n<td class=\"et4\" style=\"width: 138.00pt;\" width=\"184\">\u0110\u1ebe BONG B\u00d3NG<\/td>\n<td class=\"et4\" style=\"width: 176.25pt;\" width=\"235\">KHO\u0301A<\/td>\n<td class=\"et2\" style=\"width: 54.00pt;\" width=\"72\">\u0110\u01af\u1edcNG K\u00cdNH<\/td>\n<td class=\"et5\" style=\"width: 54.00pt;\" width=\"72\">H\u00ccNH \u1ea2NH<\/td>\n<\/tr>\n<tr style=\"height: 14.25pt;\">\n<td class=\"et6\" style=\"height: 14.25pt;\" height=\"19\">GP180SC-2A<\/td>\n<td class=\"et7\">180cm<\/td>\n<td class=\"et6\">Nh\u00f4m<\/td>\n<td class=\"et6\" style=\"text-align: center;\">&#8211;<\/td>\n<td class=\"et6\">N\u00e9n &amp; B\u1ea5m<\/td>\n<td class=\"et6\">18\/25mm<\/td>\n<td><img fetchpriority=\"high\" decoding=\"async\" class=\"alignnone wp-image-5160\" src=\"https:\/\/mountlaser.com\/wp-content\/uploads\/2025\/12\/GP180SC-AA-4.webp\" alt=\"Aluminum Snap-Lock Rover Rod\" width=\"500\" height=\"500\" srcset=\"https:\/\/mountlaser.com\/wp-content\/uploads\/2025\/12\/GP180SC-AA-4.webp 1000w, https:\/\/mountlaser.com\/wp-content\/uploads\/2025\/12\/GP180SC-AA-4-300x300.webp 300w, https:\/\/mountlaser.com\/wp-content\/uploads\/2025\/12\/GP180SC-AA-4-150x150.webp 150w, https:\/\/mountlaser.com\/wp-content\/uploads\/2025\/12\/GP180SC-AA-4-768x768.webp 768w, https:\/\/mountlaser.com\/wp-content\/uploads\/2025\/12\/GP180SC-AA-4-12x12.webp 12w, https:\/\/mountlaser.com\/wp-content\/uploads\/2025\/12\/GP180SC-AA-4-600x600.webp 600w, https:\/\/mountlaser.com\/wp-content\/uploads\/2025\/12\/GP180SC-AA-4-800x800.webp 800w, https:\/\/mountlaser.com\/wp-content\/uploads\/2025\/12\/GP180SC-AA-4-400x400.webp 400w\" sizes=\"(max-width: 500px) 100vw, 500px\" \/><\/td>\n<\/tr>\n<\/tbody>\n<\/table>\n<\/div>","protected":false},"excerpt":{"rendered":"<ul>\n<li data-start=\"1200\" data-end=\"1286\">\n<p data-start=\"1202\" data-end=\"1286\">Cung c\u1ea5p gi\u1ea3i ph\u00e1p l\u1eafp \u0111\u1eb7t \u1ed5n \u0111\u1ecbnh cho m\u00e1y thu GNSS v\u00e0 thi\u1ebft b\u1ecb to\u00e0n \u0111\u1ea1c \u0111i\u1ec7n t\u1eed.<\/p>\n<\/li>\n<li data-start=\"1287\" data-end=\"1368\">\n<p data-start=\"1289\" data-end=\"1368\">C\u01a1 ch\u1ebf kh\u00f3a g\u00e0i + kh\u00f3a n\u00e9n \u0111\u1ea3m b\u1ea3o vi\u1ec7c k\u00e9o d\u00e0i c\u1ea7n c\u00e2u nhanh ch\u00f3ng v\u00e0 an to\u00e0n.<\/p>\n<\/li>\n<li data-start=\"1369\" data-end=\"1449\">\n<p data-start=\"1371\" data-end=\"1449\">\u0110\u1ea3m b\u1ea3o \u0111\u1ed9 th\u1eb3ng \u0111\u1ee9ng ch\u00ednh x\u00e1c nh\u1edd \u1ed1ng th\u1ee7y tinh \u0111o b\u1ecdt kh\u00ed 30\u2032 \u0111\u01b0\u1ee3c t\u00edch h\u1ee3p v\u00e0o \u0111\u1ebf.<\/p>\n<\/li>\n<li data-start=\"1450\" data-end=\"1507\">\n<p data-start=\"1452\" data-end=\"1507\">T\u01b0\u01a1ng th\u00edch v\u1edbi c\u00e1c d\u1ee5ng c\u1ee5 c\u00f3 ren ti\u00eau chu\u1ea9n 5\/8\u2033-11.<\/p>\n<\/li>\n<li data-start=\"1508\" data-end=\"1567\">\n<p data-start=\"1510\" data-end=\"1567\">C\u1ea5u tr\u00fac nh\u00f4m b\u1ec1n ch\u1eafc h\u1ed7 tr\u1ee3 s\u1eed d\u1ee5ng l\u00e2u d\u00e0i ngo\u00e0i tr\u1eddi.<\/p>\n<\/li>\n<\/ul>","protected":false},"featured_media":5161,"comment_status":"open","ping_status":"closed","template":"","meta":[],"product_brand":[],"product_cat":[89,145],"product_tag":[],"class_list":{"0":"post-5156","1":"product","2":"type-product","3":"status-publish","4":"has-post-thumbnail","6":"product_cat-surveying-pole-rod","7":"product_cat-gps-pole-compression-snap-lock","9":"first","10":"instock","11":"shipping-taxable","12":"product-type-simple"},"_links":{"self":[{"href":"https:\/\/mountlaser.com\/vi\/wp-json\/wp\/v2\/product\/5156","targetHints":{"allow":["GET"]}}],"collection":[{"href":"https:\/\/mountlaser.com\/vi\/wp-json\/wp\/v2\/product"}],"about":[{"href":"https:\/\/mountlaser.com\/vi\/wp-json\/wp\/v2\/types\/product"}],"replies":[{"embeddable":true,"href":"https:\/\/mountlaser.com\/vi\/wp-json\/wp\/v2\/comments?post=5156"}],"wp:featuredmedia":[{"embeddable":true,"href":"https:\/\/mountlaser.com\/vi\/wp-json\/wp\/v2\/media\/5161"}],"wp:attachment":[{"href":"https:\/\/mountlaser.com\/vi\/wp-json\/wp\/v2\/media?parent=5156"}],"wp:term":[{"taxonomy":"product_brand","embeddable":true,"href":"https:\/\/mountlaser.com\/vi\/wp-json\/wp\/v2\/product_brand?post=5156"},{"taxonomy":"product_cat","embeddable":true,"href":"https:\/\/mountlaser.com\/vi\/wp-json\/wp\/v2\/product_cat?post=5156"},{"taxonomy":"product_tag","embeddable":true,"href":"https:\/\/mountlaser.com\/vi\/wp-json\/wp\/v2\/product_tag?post=5156"}],"curies":[{"name":"trang web","href":"https:\/\/api.w.org\/{rel}","templated":true}]}}