{"id":5124,"date":"2025-12-02T08:53:06","date_gmt":"2025-12-02T08:53:06","guid":{"rendered":"https:\/\/mountlaser.com\/?post_type=product&#038;p=5124"},"modified":"2025-12-03T05:22:39","modified_gmt":"2025-12-03T05:22:39","slug":"gp150cl-gps-pole-compression-snap-lock","status":"publish","type":"product","link":"https:\/\/mountlaser.com\/vi\/san-pham\/gp150cl-gps-pole-compression-snap-lock\/","title":{"rendered":"B\u1ed9 n\u00e9n v\u00e0 kh\u00f3a g\u00e0i cho c\u1ed9t GPS GP150CL"},"content":{"rendered":"<p>C\u00e1i <a href=\"https:\/\/mountlaser.com\/vi\/danh-muc-san-pham\/surveying-pole-rod\/\"><strong>C\u1ecdc \u0111\u1ecbnh v\u1ecb GPS c\u00f3 kh\u00f3a g\u00e0i<\/strong><\/a> D\u00f2ng s\u1ea3n ph\u1ea9m n\u00e0y \u0111\u01b0\u1ee3c thi\u1ebft k\u1ebf d\u00e0nh cho kh\u1ea3o s\u00e1t GNSS chuy\u00ean nghi\u1ec7p, mang l\u1ea1i s\u1ef1 \u1ed5n \u0111\u1ecbnh, \u0111\u1ed9 ch\u00ednh x\u00e1c v\u00e0 kh\u1ea3 n\u0103ng tri\u1ec3n khai nhanh ch\u00f3ng t\u1ea1i hi\u1ec7n tr\u01b0\u1eddng. \u0110\u01b0\u1ee3c ch\u1ebf t\u1ea1o v\u1edbi c\u1ea5u tr\u00fac nh\u00f4m b\u1ec1n ch\u1eafc v\u00e0 trang b\u1ecb c\u01a1 ch\u1ebf n\u00e9n v\u00e0 kh\u00f3a g\u00e0i \u0111\u00e1ng tin c\u1eady, nh\u1eefng c\u1ed9t n\u00e0y \u0111\u1ea3m b\u1ea3o thi\u1ebft l\u1eadp chi\u1ec1u cao an to\u00e0n ngay c\u1ea3 trong qu\u00e1 tr\u00ecnh s\u1eed d\u1ee5ng h\u00e0ng ng\u00e0y c\u01b0\u1eddng \u0111\u1ed9 cao. M\u1ed7i c\u1ed9t GPS c\u00f3 kh\u00f3a g\u00e0i \u0111\u1ec1u c\u00f3 m\u1ed9t \u1ed1ng th\u1ee7y tinh tr\u00f2n 30\u2032 g\u1eafn tr\u00ean \u0111\u1ebf bong b\u00f3ng nh\u00f4m ch\u1eafc ch\u1eafn, cung c\u1ea5p kh\u1ea3 n\u0103ng c\u00e2n b\u1eb1ng ch\u00ednh x\u00e1c cho c\u00e1c thi\u1ebft l\u1eadp m\u00e1y thu GNSS v\u00e0 m\u00e1y thu di \u0111\u1ed9ng.<\/p>\n<p>\u0110\u01b0\u1ee3c thi\u1ebft k\u1ebf nh\u01b0 m\u1ed9t s\u1ea3n ph\u1ea9m \u0111a n\u0103ng <a href=\"https:\/\/mountlaser.com\/vi\/about-us\/\"><strong>thanh nh\u00f4m kh\u00f3a g\u00e0i GT rover<\/strong><\/a>, H\u1ec7 th\u1ed1ng n\u00e0y h\u1ed7 tr\u1ee3 \u0111i\u1ec1u ch\u1ec9nh \u0111\u1ed9 cao m\u01b0\u1ee3t m\u00e0 v\u00e0 c\u0103n ch\u1ec9nh nh\u1ea5t qu\u00e1n, l\u00fd t\u01b0\u1edfng cho kh\u1ea3o s\u00e1t \u0111\u1ecba h\u00ecnh, \u0111\u1ecbnh v\u1ecb c\u00f4ng tr\u00ecnh v\u00e0 thu th\u1eadp d\u1eef li\u1ec7u GIS. C\u1ea5u tr\u00fac c\u1ea7n \u0111o GPS b\u1eb1ng nh\u00f4m kh\u00f3a g\u00e0i GT t\u0103ng c\u01b0\u1eddng t\u00ednh di \u0111\u1ed9ng v\u1edbi thi\u1ebft k\u1ebf c\u00f3 th\u1ec3 th\u00e1o r\u1eddi v\u00e0 bao g\u1ed3m m\u1ed9t t\u00fai \u0111\u1ef1ng m\u1ec1m \u0111\u1ec3 d\u1ec5 d\u00e0ng v\u1eadn chuy\u1ec3n. V\u1edbi nhi\u1ec1u chi\u1ec1u d\u00e0i v\u00e0 c\u1ea5u h\u00ecnh kh\u00e1c nhau, c\u1ea7n \u0111o GPS kh\u00f3a g\u00e0i cung c\u1ea5p m\u1ed9t gi\u1ea3i ph\u00e1p \u0111\u00e1ng tin c\u1eady v\u00e0 linh ho\u1ea1t cho c\u1ea3 ng\u01b0\u1eddi m\u1edbi b\u1eaft \u0111\u1ea7u v\u00e0 c\u00e1c nh\u00e0 kh\u1ea3o s\u00e1t chuy\u00ean nghi\u1ec7p c\u1ea7n m\u1ed9t thi\u1ebft b\u1ecb b\u1ec1n b\u1ec9 v\u00e0 hi\u1ec7u qu\u1ea3. <a href=\"https:\/\/mountlaser.com\/vi\/contact-us\/\">thanh nh\u00f4m kh\u00f3a g\u00e0i GT rover<\/a> trong l\u0129nh v\u1ef1c n\u00e0y.<\/p>\n<div>\n<table style=\"border-collapse: collapse; width: 1055.28pt;\" border=\"0\" width=\"1407\" cellspacing=\"0\" cellpadding=\"0\">\n<tbody>\n<tr style=\"height: 14.25pt;\">\n<td class=\"et2\" style=\"height: 14.25pt; width: 235.50pt;\" width=\"314\" height=\"19\">CON S\u1ed0<\/td>\n<td class=\"et2\" style=\"width: 309.00pt;\" width=\"412\">S\u1ef0 M\u1ede R\u1ed8NG<\/td>\n<td class=\"et3\" style=\"width: 88.50pt;\" width=\"118\">V\u1eacT LI\u1ec6U<\/td>\n<td class=\"et4\" style=\"width: 138.00pt;\" width=\"184\">\u0110\u1ebe BONG B\u00d3NG<\/td>\n<td class=\"et4\" style=\"width: 176.25pt;\" width=\"235\">KHO\u0301A<\/td>\n<td class=\"et2\" style=\"width: 54.00pt;\" width=\"72\">\u0110\u01af\u1edcNG K\u00cdNH<\/td>\n<td class=\"et5\" style=\"width: 54.00pt;\" width=\"72\">H\u00ccNH \u1ea2NH<\/td>\n<\/tr>\n<tr style=\"height: 14.25pt;\">\n<td class=\"et6\" style=\"height: 14.25pt;\" height=\"19\">GP150CL-4A<\/td>\n<td class=\"et6\">150cm<\/td>\n<td class=\"et6\">Nh\u00f4m<\/td>\n<td class=\"et6\">c\u00f3 bong b\u00f3ng<\/td>\n<td class=\"et6\">N\u00e9n<\/td>\n<td class=\"et6\">20\/24\/28\/32mm<\/td>\n<td><img fetchpriority=\"high\" decoding=\"async\" class=\"alignnone wp-image-5125\" src=\"https:\/\/mountlaser.com\/wp-content\/uploads\/2025\/12\/GP150CL-4A1.webp\" alt=\"GPS Poles with Snap-Lock\" width=\"500\" height=\"500\" srcset=\"https:\/\/mountlaser.com\/wp-content\/uploads\/2025\/12\/GP150CL-4A1.webp 1000w, https:\/\/mountlaser.com\/wp-content\/uploads\/2025\/12\/GP150CL-4A1-300x300.webp 300w, https:\/\/mountlaser.com\/wp-content\/uploads\/2025\/12\/GP150CL-4A1-150x150.webp 150w, https:\/\/mountlaser.com\/wp-content\/uploads\/2025\/12\/GP150CL-4A1-768x768.webp 768w, https:\/\/mountlaser.com\/wp-content\/uploads\/2025\/12\/GP150CL-4A1-12x12.webp 12w, https:\/\/mountlaser.com\/wp-content\/uploads\/2025\/12\/GP150CL-4A1-600x600.webp 600w, https:\/\/mountlaser.com\/wp-content\/uploads\/2025\/12\/GP150CL-4A1-800x800.webp 800w, https:\/\/mountlaser.com\/wp-content\/uploads\/2025\/12\/GP150CL-4A1-400x400.webp 400w\" sizes=\"(max-width: 500px) 100vw, 500px\" \/><\/td>\n<\/tr>\n<tr style=\"height: 14.25pt;\">\n<td class=\"et6\" style=\"height: 14.25pt;\" height=\"19\">GP180CL-4A<\/td>\n<td class=\"et6\">180cm<\/td>\n<td class=\"et6\">Nh\u00f4m<\/td>\n<td class=\"et6\">c\u00f3 bong b\u00f3ng<\/td>\n<td class=\"et6\">N\u00e9n<\/td>\n<td class=\"et6\">20\/24\/28\/32mm<\/td>\n<td><img decoding=\"async\" class=\"alignnone wp-image-5146\" src=\"https:\/\/mountlaser.com\/wp-content\/uploads\/2025\/12\/GP180CL-4A7.webp\" alt=\"GPS Poles with Snap-Lock\" width=\"500\" height=\"500\" srcset=\"https:\/\/mountlaser.com\/wp-content\/uploads\/2025\/12\/GP180CL-4A7.webp 1000w, https:\/\/mountlaser.com\/wp-content\/uploads\/2025\/12\/GP180CL-4A7-300x300.webp 300w, https:\/\/mountlaser.com\/wp-content\/uploads\/2025\/12\/GP180CL-4A7-150x150.webp 150w, https:\/\/mountlaser.com\/wp-content\/uploads\/2025\/12\/GP180CL-4A7-768x768.webp 768w, https:\/\/mountlaser.com\/wp-content\/uploads\/2025\/12\/GP180CL-4A7-12x12.webp 12w, https:\/\/mountlaser.com\/wp-content\/uploads\/2025\/12\/GP180CL-4A7-600x600.webp 600w, https:\/\/mountlaser.com\/wp-content\/uploads\/2025\/12\/GP180CL-4A7-800x800.webp 800w, https:\/\/mountlaser.com\/wp-content\/uploads\/2025\/12\/GP180CL-4A7-400x400.webp 400w\" sizes=\"(max-width: 500px) 100vw, 500px\" \/><\/td>\n<\/tr>\n<tr style=\"height: 14.25pt;\">\n<td class=\"et6\" style=\"height: 14.25pt;\" height=\"19\">GP150CL-4AB<\/td>\n<td class=\"et6\">150cm<\/td>\n<td class=\"et6\">Nh\u00f4m<\/td>\n<td class=\"et6\">v\u1edbi gi\u00e1 \u0111\u1ee1, compa, b\u1ecdt n\u01b0\u1edbc<\/td>\n<td class=\"et6\">N\u00e9n<\/td>\n<td class=\"et6\">20\/24\/28\/32mm<\/td>\n<td><img decoding=\"async\" class=\"alignnone wp-image-5136\" src=\"https:\/\/mountlaser.com\/wp-content\/uploads\/2025\/12\/GP150CL-4AB4.webp\" alt=\"GPS Poles with Snap-Lock\" width=\"500\" height=\"500\" srcset=\"https:\/\/mountlaser.com\/wp-content\/uploads\/2025\/12\/GP150CL-4AB4.webp 1000w, https:\/\/mountlaser.com\/wp-content\/uploads\/2025\/12\/GP150CL-4AB4-300x300.webp 300w, https:\/\/mountlaser.com\/wp-content\/uploads\/2025\/12\/GP150CL-4AB4-150x150.webp 150w, https:\/\/mountlaser.com\/wp-content\/uploads\/2025\/12\/GP150CL-4AB4-768x768.webp 768w, https:\/\/mountlaser.com\/wp-content\/uploads\/2025\/12\/GP150CL-4AB4-12x12.webp 12w, https:\/\/mountlaser.com\/wp-content\/uploads\/2025\/12\/GP150CL-4AB4-600x600.webp 600w, https:\/\/mountlaser.com\/wp-content\/uploads\/2025\/12\/GP150CL-4AB4-800x800.webp 800w, https:\/\/mountlaser.com\/wp-content\/uploads\/2025\/12\/GP150CL-4AB4-400x400.webp 400w\" sizes=\"(max-width: 500px) 100vw, 500px\" \/><\/td>\n<\/tr>\n<tr style=\"height: 14.25pt;\">\n<td class=\"et6\" style=\"height: 14.25pt;\" height=\"19\">GP180CL-4AB<\/td>\n<td class=\"et6\">180cm<\/td>\n<td class=\"et6\">Nh\u00f4m<\/td>\n<td class=\"et6\">v\u1edbi gi\u00e1 \u0111\u1ee1, compa, b\u1ecdt n\u01b0\u1edbc<\/td>\n<td class=\"et6\">N\u00e9n<\/td>\n<td class=\"et6\">20\/24\/28\/32mm<\/td>\n<td><img loading=\"lazy\" decoding=\"async\" class=\"alignnone wp-image-5150\" src=\"https:\/\/mountlaser.com\/wp-content\/uploads\/2025\/12\/GP180CL-4AB4.webp\" alt=\"GPS Poles with Snap-Lock\" width=\"500\" height=\"500\" srcset=\"https:\/\/mountlaser.com\/wp-content\/uploads\/2025\/12\/GP180CL-4AB4.webp 1000w, https:\/\/mountlaser.com\/wp-content\/uploads\/2025\/12\/GP180CL-4AB4-300x300.webp 300w, https:\/\/mountlaser.com\/wp-content\/uploads\/2025\/12\/GP180CL-4AB4-150x150.webp 150w, https:\/\/mountlaser.com\/wp-content\/uploads\/2025\/12\/GP180CL-4AB4-768x768.webp 768w, https:\/\/mountlaser.com\/wp-content\/uploads\/2025\/12\/GP180CL-4AB4-12x12.webp 12w, https:\/\/mountlaser.com\/wp-content\/uploads\/2025\/12\/GP180CL-4AB4-600x600.webp 600w, https:\/\/mountlaser.com\/wp-content\/uploads\/2025\/12\/GP180CL-4AB4-800x800.webp 800w, https:\/\/mountlaser.com\/wp-content\/uploads\/2025\/12\/GP180CL-4AB4-400x400.webp 400w\" sizes=\"(max-width: 500px) 100vw, 500px\" \/><\/td>\n<\/tr>\n<\/tbody>\n<\/table>\n<\/div>","protected":false},"excerpt":{"rendered":"<ul>\n<li>\u0110i\u1ec1u ch\u1ec9nh \u0111\u1ed9 cao nhanh ch\u00f3ng: H\u1ec7 th\u1ed1ng n\u00e9n + kh\u00f3a g\u00e0i \u0111\u1ea3m b\u1ea3o thi\u1ebft l\u1eadp nhanh ch\u00f3ng v\u00e0 kh\u00f3a ch\u1eafc ch\u1eafn.<\/li>\n<li>C\u00e2n b\u1eb1ng ch\u00ednh x\u00e1c: \u1ed0ng th\u1ee7y tinh tr\u00f2n 30\u2032 t\u00edch h\u1ee3p tr\u00ean \u0111\u1ebf bong b\u00f3ng b\u1eb1ng nh\u00f4m cho ph\u00e9p c\u0103n ch\u1ec9nh th\u1eb3ng \u0111\u1ee9ng ch\u00ednh x\u00e1c.<\/li>\n<li>Kh\u1ea3 n\u0103ng t\u01b0\u01a1ng th\u00edch ph\u1ed5 qu\u00e1t: \u0110\u01b0\u1ee3c trang b\u1ecb ren 5\/8\u2033-11 \u0111\u1ec3 ph\u00f9 h\u1ee3p v\u1edbi h\u1ea7u h\u1ebft c\u00e1c m\u00e1y thu GNSS v\u00e0 thi\u1ebft b\u1ecb \u0111o \u0111\u1ea1c.<\/li>\n<li>\u0110\u1ed9 b\u1ec1n v\u01b0\u1ee3t tr\u1ed9i: Thi\u1ebft k\u1ebf \u1ed1ng nh\u00f4m v\u1edbi c\u00e1c mi\u1ebfng \u0111\u1ec7m tr\u00f2n t\u00f9y ch\u1ecdn h\u1ed7 tr\u1ee3 s\u1eed d\u1ee5ng b\u1ec1n b\u1ec9 ngo\u00e0i tr\u1eddi.<\/li>\n<li>C\u1ea5u h\u00ecnh \u0111a d\u1ea1ng: C\u00f3 nhi\u1ec1u chi\u1ec1u d\u00e0i kh\u00e1c nhau (150 cm \/ 180 cm) v\u00e0 c\u00e1c phi\u00ean b\u1ea3n c\u00f3 gi\u00e1 \u0111\u1ee1 ho\u1eb7c la b\u00e0n t\u00f9y ch\u1ecdn.<\/li>\n<\/ul>","protected":false},"featured_media":5125,"comment_status":"open","ping_status":"closed","template":"","meta":[],"product_brand":[],"product_cat":[89,145],"product_tag":[],"class_list":{"0":"post-5124","1":"product","2":"type-product","3":"status-publish","4":"has-post-thumbnail","6":"product_cat-surveying-pole-rod","7":"product_cat-gps-pole-compression-snap-lock","9":"first","10":"instock","11":"shipping-taxable","12":"product-type-simple"},"_links":{"self":[{"href":"https:\/\/mountlaser.com\/vi\/wp-json\/wp\/v2\/product\/5124","targetHints":{"allow":["GET"]}}],"collection":[{"href":"https:\/\/mountlaser.com\/vi\/wp-json\/wp\/v2\/product"}],"about":[{"href":"https:\/\/mountlaser.com\/vi\/wp-json\/wp\/v2\/types\/product"}],"replies":[{"embeddable":true,"href":"https:\/\/mountlaser.com\/vi\/wp-json\/wp\/v2\/comments?post=5124"}],"wp:featuredmedia":[{"embeddable":true,"href":"https:\/\/mountlaser.com\/vi\/wp-json\/wp\/v2\/media\/5125"}],"wp:attachment":[{"href":"https:\/\/mountlaser.com\/vi\/wp-json\/wp\/v2\/media?parent=5124"}],"wp:term":[{"taxonomy":"product_brand","embeddable":true,"href":"https:\/\/mountlaser.com\/vi\/wp-json\/wp\/v2\/product_brand?post=5124"},{"taxonomy":"product_cat","embeddable":true,"href":"https:\/\/mountlaser.com\/vi\/wp-json\/wp\/v2\/product_cat?post=5124"},{"taxonomy":"product_tag","embeddable":true,"href":"https:\/\/mountlaser.com\/vi\/wp-json\/wp\/v2\/product_tag?post=5124"}],"curies":[{"name":"trang web","href":"https:\/\/api.w.org\/{rel}","templated":true}]}}