{"id":5116,"date":"2025-12-02T08:10:15","date_gmt":"2025-12-02T08:10:15","guid":{"rendered":"https:\/\/mountlaser.com\/?post_type=product&#038;p=5116"},"modified":"2025-12-02T08:10:15","modified_gmt":"2025-12-02T08:10:15","slug":"gp300-6c-gps-pole-thread-lock","status":"publish","type":"product","link":"https:\/\/mountlaser.com\/vi\/san-pham\/gp300-6c-gps-pole-thread-lock\/","title":{"rendered":"Kh\u00f3a ren c\u1ed9t GPS GP300-6C"},"content":{"rendered":"<p>C\u00e1i <a href=\"https:\/\/mountlaser.com\/vi\/\"><strong>Kh\u00f3a ren c\u1ed9t GPS GP300-6C<\/strong><\/a> \u0110\u00e2y l\u00e0 m\u1ed9t c\u00e2y s\u00e0o \u0111o \u0111\u1ea1c cao c\u1ea5p d\u00e0i 300 cm \u0111\u01b0\u1ee3c thi\u1ebft k\u1ebf d\u00e0nh cho c\u00e1c chuy\u00ean gia y\u00eau c\u1ea7u \u0111\u1ed9 \u1ed5n \u0111\u1ecbnh, \u0111\u1ed9 ch\u00ednh x\u00e1c v\u00e0 t\u00ednh di \u0111\u1ed9ng t\u1ed1i \u0111a khi l\u00e0m vi\u1ec7c ngo\u00e0i hi\u1ec7n tr\u01b0\u1eddng. \u0110\u01b0\u1ee3c thi\u1ebft k\u1ebf nh\u01b0 m\u1ed9t... <a href=\"https:\/\/mountlaser.com\/vi\/danh-muc-san-pham\/surveying-pole-rod\/\">c\u1ed9t GNSS m\u00e0u \u0111en<\/a>, V\u1edbi k\u1ebft c\u1ea5u ho\u00e0n to\u00e0n b\u1eb1ng nh\u00f4m v\u00e0 \u0111\u01b0\u1eddng k\u00ednh \u1ed1ng OD32 mm, c\u1ed9t GPS GP300-6C mang l\u1ea1i \u0111\u1ed9 b\u1ec1n v\u01b0\u1ee3t tr\u1ed9i. C\u01a1 ch\u1ebf kh\u00f3a ren \u0111\u00e1ng tin c\u1eady \u0111\u1ea3m b\u1ea3o \u0111i\u1ec1u ch\u1ec9nh chi\u1ec1u cao an to\u00e0n, ngay c\u1ea3 trong qu\u00e1 tr\u00ecnh kh\u1ea3o s\u00e1t GNSS c\u01b0\u1eddng \u0111\u1ed9 cao. C\u1ea5u tr\u00fac 6 \u0111o\u1ea1n c\u00f3 th\u1ec3 th\u00e1o r\u1eddi gi\u00fap c\u1ed9t GNSS m\u00e0u \u0111en n\u00e0y d\u1ec5 d\u00e0ng v\u1eadn chuy\u1ec3n trong khi v\u1eabn gi\u1eef \u0111\u01b0\u1ee3c h\u00ecnh d\u1ea1ng c\u1ee9ng c\u00e1p khi k\u00e9o d\u00e0i.<\/p>\n<p>\u0110\u01b0\u1ee3c trang b\u1ecb \u0111\u1ebf bong b\u00f3ng nh\u00f4m v\u1edbi \u1ed1ng th\u1ee7y tinh tr\u00f2n 30\u2032, c\u1ed9t \u0111\u1ecbnh v\u1ecb GPS GP300-6C c\u00f3 kh\u00f3a ren cho ph\u00e9p c\u00e2n b\u1eb1ng nhanh ch\u00f3ng v\u00e0 ch\u00ednh x\u00e1c \u0111\u1ec3 thu th\u1eadp d\u1eef li\u1ec7u chu\u1ea9n x\u00e1c. S\u1ea3n ph\u1ea9m \u0111i k\u00e8m ti\u00eau chu\u1ea9n v\u1edbi v\u1ecf ch\u1ed1ng tr\u01b0\u1ee3t, ren g\u1eafn 5\/8\u2033-11 v\u00e0 t\u00fai \u0111\u1ef1ng m\u1ec1m \u2013 mang l\u1ea1i s\u1ef1 ti\u1ec7n l\u1ee3i v\u00e0 hi\u1ec7u su\u1ea5t \u0111\u00e1ng tin c\u1eady t\u1ea1i b\u1ea5t k\u1ef3 c\u00f4ng tr\u01b0\u1eddng n\u00e0o. D\u00e0nh cho c\u00e1c nh\u00e0 kh\u1ea3o s\u00e1t \u0111ang t\u00ecm ki\u1ebfm m\u1ed9t thi\u1ebft b\u1ecb nh\u1eb9 nh\u01b0ng ch\u1eafc ch\u1eafn. <a href=\"https:\/\/mountlaser.com\/vi\/contact-us\/\">c\u1ed9t GNSS m\u00e0u \u0111en<\/a>, M\u1eabu n\u00e0y mang l\u1ea1i s\u1ef1 c\u00e2n b\u1eb1ng t\u1ed1i \u01b0u gi\u1eefa \u0111\u1ed9 b\u1ec1n, t\u00ednh d\u1ec5 s\u1eed d\u1ee5ng v\u00e0 \u0111\u1ed9 ch\u00ednh x\u00e1c \u0111o l\u01b0\u1eddng.<\/p>\n<div>\n<table style=\"border-collapse: collapse; width: 1055.28pt;\" border=\"0\" width=\"1407\" cellspacing=\"0\" cellpadding=\"0\">\n<tbody>\n<tr style=\"height: 14.25pt;\">\n<td class=\"et2\" style=\"height: 14.25pt; width: 235.50pt;\" width=\"314\" height=\"19\">CON S\u1ed0<\/td>\n<td class=\"et2\" style=\"width: 309.00pt;\" width=\"412\">S\u1ef0 M\u1ede R\u1ed8NG<\/td>\n<td class=\"et2\" style=\"width: 88.50pt;\" width=\"118\">C\u00c1C PH\u1ea6N<\/td>\n<td class=\"et2\" style=\"width: 138.00pt;\" width=\"184\">V\u1eacT LI\u1ec6U<\/td>\n<td class=\"et2\" style=\"width: 176.25pt;\" width=\"235\">M\u00c0U S\u1eaeC<\/td>\n<td class=\"et2\" style=\"width: 54.00pt;\" width=\"72\">\u0110\u01af\u1edcNG K\u00cdNH<\/td>\n<td class=\"et3\" style=\"width: 54.00pt;\" width=\"72\">H\u00ccNH \u1ea2NH<\/td>\n<\/tr>\n<tr style=\"height: 14.25pt;\">\n<td class=\"et4\" style=\"height: 14.25pt;\" height=\"19\">GP300-6C<\/td>\n<td class=\"et4\">300cm<\/td>\n<td class=\"et5\">6<\/td>\n<td class=\"et4\">S\u1ee3i carbon cao c\u1ea5p<\/td>\n<td class=\"et4\">\u0110en<\/td>\n<td class=\"et4\">32mm<\/td>\n<td><img fetchpriority=\"high\" decoding=\"async\" class=\"alignnone wp-image-5121\" src=\"https:\/\/mountlaser.com\/wp-content\/uploads\/2025\/12\/GP300-6C-5.webp\" alt=\"GP300-6C GPS Pole Thread Lock\" width=\"500\" height=\"500\" srcset=\"https:\/\/mountlaser.com\/wp-content\/uploads\/2025\/12\/GP300-6C-5.webp 1000w, https:\/\/mountlaser.com\/wp-content\/uploads\/2025\/12\/GP300-6C-5-300x300.webp 300w, https:\/\/mountlaser.com\/wp-content\/uploads\/2025\/12\/GP300-6C-5-150x150.webp 150w, https:\/\/mountlaser.com\/wp-content\/uploads\/2025\/12\/GP300-6C-5-768x768.webp 768w, https:\/\/mountlaser.com\/wp-content\/uploads\/2025\/12\/GP300-6C-5-12x12.webp 12w, https:\/\/mountlaser.com\/wp-content\/uploads\/2025\/12\/GP300-6C-5-600x600.webp 600w, https:\/\/mountlaser.com\/wp-content\/uploads\/2025\/12\/GP300-6C-5-800x800.webp 800w, https:\/\/mountlaser.com\/wp-content\/uploads\/2025\/12\/GP300-6C-5-400x400.webp 400w\" sizes=\"(max-width: 500px) 100vw, 500px\" \/><\/td>\n<\/tr>\n<\/tbody>\n<\/table>\n<\/div>","protected":false},"excerpt":{"rendered":"<ul>\n<li>H\u1ec7 th\u1ed1ng kh\u00f3a ren ch\u1eafc ch\u1eafn \u2013 \u0110\u1ea3m b\u1ea3o c\u1ed1 \u0111\u1ecbnh \u0111\u1ed9 cao \u1ed5n \u0111\u1ecbnh trong su\u1ed1t qu\u00e1 tr\u00ecnh kh\u1ea3o s\u00e1t GNSS.<\/li>\n<li>Thi\u1ebft k\u1ebf 6 \u0111o\u1ea1n c\u00f3 th\u1ec3 th\u00e1o r\u1eddi \u2013 Cho ph\u00e9p c\u1ed9t k\u00e9o d\u00e0i \u0111\u1ebfn 300 cm m\u00e0 v\u1eabn gi\u1eef \u0111\u01b0\u1ee3c k\u00edch th\u01b0\u1edbc nh\u1ecf g\u1ecdn \u0111\u1ec3 d\u1ec5 d\u00e0ng v\u1eadn chuy\u1ec3n.<\/li>\n<li>C\u00e2n b\u1eb1ng ch\u00ednh x\u00e1c \u2013 \u0110\u1ebf c\u00e2n b\u1eb1ng b\u1eb1ng nh\u00f4m t\u00edch h\u1ee3p v\u1edbi \u1ed1ng th\u1ee7y tinh tr\u00f2n 30\u2032 gi\u00fap t\u0103ng \u0111\u1ed9 ch\u00ednh x\u00e1c khi c\u0103n ch\u1ec9nh.<\/li>\n<li>L\u1edbp ph\u1ee7 ch\u1ed1ng tr\u01b0\u1ee3t \u2013 L\u1edbp ph\u1ee7 ch\u1ed1ng tr\u01b0\u1ee3t ti\u00eau chu\u1ea9n gi\u00fap t\u0103ng \u0111\u1ed9 an to\u00e0n khi thao t\u00e1c v\u00e0 ng\u0103n ng\u1eeba tr\u01b0\u1ee3t ng\u00e3 tr\u00ean \u0111\u1ecba h\u00ecnh g\u1ed3 gh\u1ec1.<\/li>\n<li>Kh\u1ea3 n\u0103ng t\u01b0\u01a1ng th\u00edch ph\u1ed5 qu\u00e1t \u2013 Ren 5\/8\u2033-11 ph\u00f9 h\u1ee3p v\u1edbi t\u1ea5t c\u1ea3 c\u00e1c m\u00e1y thu GNSS v\u00e0 thi\u1ebft b\u1ecb \u0111o \u0111\u1ea1c ch\u00ednh.<\/li>\n<li>C\u1ea5u tr\u00fac b\u1ec1n b\u1ec9 \u2013 \u1ed0ng nh\u00f4m \u0111\u01b0\u1eddng k\u00ednh ngo\u00e0i 32 mm mang l\u1ea1i \u0111\u1ed9 ch\u1eafc ch\u1eafn v\u00e0 \u0111\u1ed9 tin c\u1eady l\u00e2u d\u00e0i.<\/li>\n<\/ul>","protected":false},"featured_media":5121,"comment_status":"open","ping_status":"closed","template":"","meta":[],"product_brand":[],"product_cat":[89,143],"product_tag":[],"class_list":{"0":"post-5116","1":"product","2":"type-product","3":"status-publish","4":"has-post-thumbnail","6":"product_cat-surveying-pole-rod","7":"product_cat-gps-pole-thread-lock","9":"first","10":"instock","11":"shipping-taxable","12":"product-type-simple"},"_links":{"self":[{"href":"https:\/\/mountlaser.com\/vi\/wp-json\/wp\/v2\/product\/5116","targetHints":{"allow":["GET"]}}],"collection":[{"href":"https:\/\/mountlaser.com\/vi\/wp-json\/wp\/v2\/product"}],"about":[{"href":"https:\/\/mountlaser.com\/vi\/wp-json\/wp\/v2\/types\/product"}],"replies":[{"embeddable":true,"href":"https:\/\/mountlaser.com\/vi\/wp-json\/wp\/v2\/comments?post=5116"}],"wp:featuredmedia":[{"embeddable":true,"href":"https:\/\/mountlaser.com\/vi\/wp-json\/wp\/v2\/media\/5121"}],"wp:attachment":[{"href":"https:\/\/mountlaser.com\/vi\/wp-json\/wp\/v2\/media?parent=5116"}],"wp:term":[{"taxonomy":"product_brand","embeddable":true,"href":"https:\/\/mountlaser.com\/vi\/wp-json\/wp\/v2\/product_brand?post=5116"},{"taxonomy":"product_cat","embeddable":true,"href":"https:\/\/mountlaser.com\/vi\/wp-json\/wp\/v2\/product_cat?post=5116"},{"taxonomy":"product_tag","embeddable":true,"href":"https:\/\/mountlaser.com\/vi\/wp-json\/wp\/v2\/product_tag?post=5116"}],"curies":[{"name":"trang web","href":"https:\/\/api.w.org\/{rel}","templated":true}]}}