{"id":5097,"date":"2025-12-02T07:46:21","date_gmt":"2025-12-02T07:46:21","guid":{"rendered":"https:\/\/mountlaser.com\/?post_type=product&#038;p=5097"},"modified":"2025-12-02T07:46:21","modified_gmt":"2025-12-02T07:46:21","slug":"gp200-2a-gps-pole-thread-lock","status":"publish","type":"product","link":"https:\/\/mountlaser.com\/vi\/san-pham\/gp200-2a-gps-pole-thread-lock\/","title":{"rendered":"Kh\u00f3a ren c\u1ed9t GPS GP200-2A"},"content":{"rendered":"<p>C\u00e1i <a href=\"https:\/\/mountlaser.com\/vi\/danh-muc-san-pham\/surveying-pole-rod\/\">Kh\u00f3a ren c\u1ed9t GPS GP200-2A<\/a> \u0110\u00e2y l\u00e0 m\u1ed9t c\u00e2y s\u00e0o \u0111o \u0111\u1ea1c b\u1ec1n b\u1ec9 v\u00e0 \u0111\u00e1ng tin c\u1eady, \u0111\u01b0\u1ee3c thi\u1ebft k\u1ebf cho c\u00e1c \u1ee9ng d\u1ee5ng GNSS chuy\u00ean nghi\u1ec7p. \u0110\u01b0\u1ee3c thi\u1ebft k\u1ebf nh\u01b0 m\u1ed9t c\u00e2y s\u00e0o GNSS ch\u1eafc ch\u1eafn, n\u00f3 c\u00f3 c\u01a1 ch\u1ebf kh\u00f3a ren \u0111\u1ea3m b\u1ea3o \u0111i\u1ec1u ch\u1ec9nh chi\u1ec1u cao an to\u00e0n v\u00e0 hi\u1ec7u su\u1ea5t \u1ed5n \u0111\u1ecbnh tr\u00ean th\u1ef1c \u0111\u1ecba. C\u00e2y s\u00e0o GPS GP200-2A c\u00f3 kh\u00f3a ren v\u1edbi c\u1ea5u tr\u00fac c\u00f3 th\u1ec3 th\u00e1o r\u1eddi, d\u1ec5 d\u00e0ng mang theo, l\u00fd t\u01b0\u1edfng cho c\u00e1c nh\u00e0 kh\u1ea3o s\u00e1t c\u1ea7n t\u00ednh di \u0111\u1ed9ng m\u00e0 kh\u00f4ng \u1ea3nh h\u01b0\u1edfng \u0111\u1ebfn \u0111\u1ed9 ch\u00ednh x\u00e1c.<\/p>\n<p>\u0110\u01b0\u1ee3c ch\u1ebf t\u1ea1o t\u1eeb nh\u00f4m ch\u1ea5t l\u01b0\u1ee3ng cao v\u00e0 trang b\u1ecb \u1ed1ng th\u1ee7y tinh tr\u00f2n 30\u2032 tr\u00ean \u0111\u1ebf bong b\u00f3ng m\u00e0u \u0111en, s\u1ea3n ph\u1ea9m n\u00e0y <a href=\"https:\/\/mountlaser.com\/vi\/\">Thanh GNSS<\/a> \u0110\u1ea3m b\u1ea3o \u0111\u1ed9 c\u00e2n b\u1eb1ng ch\u00ednh x\u00e1c trong \u0111i\u1ec1u ki\u1ec7n kh\u1eafc nghi\u1ec7t. \u0110\u01b0\u1eddng k\u00ednh \u1ed1ng OD32mm, v\u1ecf ch\u1ed1ng tr\u01b0\u1ee3t v\u00e0 ren l\u1eafp \u0111\u1eb7t 5\/8\u2033-11 gi\u00fap t\u01b0\u01a1ng th\u00edch v\u1edbi nhi\u1ec1u lo\u1ea1i m\u00e1y thu GNSS. C\u00f3 nhi\u1ec1u l\u1ef1a ch\u1ecdn m\u00e0u s\u1eafc, <a href=\"https:\/\/mountlaser.com\/vi\/contact-us\/\">Kh\u00f3a ren c\u1ed9t GPS GP200-2A<\/a> T\u00edch h\u1ee3p m\u01b0\u1ee3t m\u00e0 v\u00e0o b\u1ea5t k\u1ef3 quy tr\u00ecnh kh\u1ea3o s\u00e1t n\u00e0o. Cho d\u00f9 \u0111\u01b0\u1ee3c s\u1eed d\u1ee5ng nh\u01b0 m\u1ed9t thi\u1ebft b\u1ecb \u0111\u1ecbnh v\u1ecb GNSS ch\u00ednh hay m\u1ed9t thi\u1ebft b\u1ecb d\u1ef1 ph\u00f2ng \u0111\u00e1ng tin c\u1eady t\u1ea1i hi\u1ec7n tr\u01b0\u1eddng, n\u00f3 \u0111\u1ec1u mang l\u1ea1i s\u1ee9c m\u1ea1nh, s\u1ef1 \u1ed5n \u0111\u1ecbnh v\u00e0 kh\u1ea3 n\u0103ng s\u1eed d\u1ee5ng l\u00e2u d\u00e0i.<\/p>\n<div>\n<table style=\"border-collapse: collapse; width: 1055.28pt;\" border=\"0\" width=\"1407\" cellspacing=\"0\" cellpadding=\"0\">\n<tbody>\n<tr style=\"height: 14.25pt;\">\n<td class=\"et2\" style=\"height: 14.25pt; width: 235.50pt;\" width=\"314\" height=\"19\">CON S\u1ed0<\/td>\n<td class=\"et2\" style=\"width: 309.00pt;\" width=\"412\">S\u1ef0 M\u1ede R\u1ed8NG<\/td>\n<td class=\"et2\" style=\"width: 88.50pt;\" width=\"118\">C\u00c1C PH\u1ea6N<\/td>\n<td class=\"et2\" style=\"width: 138.00pt;\" width=\"184\">V\u1eacT LI\u1ec6U<\/td>\n<td class=\"et2\" style=\"width: 176.25pt;\" width=\"235\">M\u00c0U S\u1eaeC<\/td>\n<td class=\"et2\" style=\"width: 54.00pt;\" width=\"72\">\u0110\u01af\u1edcNG K\u00cdNH<\/td>\n<td class=\"et3\" style=\"width: 54.00pt;\" width=\"72\">H\u00ccNH \u1ea2NH<\/td>\n<\/tr>\n<tr style=\"height: 14.25pt;\">\n<td class=\"et4\" style=\"height: 14.25pt;\" height=\"19\">GP200-2ABK<\/td>\n<td class=\"et4\">200cm<\/td>\n<td class=\"et5\">2<\/td>\n<td class=\"et4\">Nh\u00f4m<\/td>\n<td class=\"et4\">\u0110en<\/td>\n<td class=\"et4\">32mm<\/td>\n<td><img fetchpriority=\"high\" decoding=\"async\" class=\"alignnone wp-image-5101\" src=\"https:\/\/mountlaser.com\/wp-content\/uploads\/2025\/12\/GP200-2A-4.webp\" alt=\"GP200-2A GPS Pole Thread Lock\" width=\"500\" height=\"500\" srcset=\"https:\/\/mountlaser.com\/wp-content\/uploads\/2025\/12\/GP200-2A-4.webp 1000w, https:\/\/mountlaser.com\/wp-content\/uploads\/2025\/12\/GP200-2A-4-300x300.webp 300w, https:\/\/mountlaser.com\/wp-content\/uploads\/2025\/12\/GP200-2A-4-150x150.webp 150w, https:\/\/mountlaser.com\/wp-content\/uploads\/2025\/12\/GP200-2A-4-768x768.webp 768w, https:\/\/mountlaser.com\/wp-content\/uploads\/2025\/12\/GP200-2A-4-12x12.webp 12w, https:\/\/mountlaser.com\/wp-content\/uploads\/2025\/12\/GP200-2A-4-600x600.webp 600w, https:\/\/mountlaser.com\/wp-content\/uploads\/2025\/12\/GP200-2A-4-800x800.webp 800w, https:\/\/mountlaser.com\/wp-content\/uploads\/2025\/12\/GP200-2A-4-400x400.webp 400w\" sizes=\"(max-width: 500px) 100vw, 500px\" \/><\/td>\n<\/tr>\n<tr style=\"height: 14.25pt;\">\n<td class=\"et4\" style=\"height: 14.25pt;\" height=\"19\">GP200-2AGN<\/td>\n<td class=\"et4\">200cm<\/td>\n<td class=\"et5\">2<\/td>\n<td class=\"et4\">Nh\u00f4m<\/td>\n<td class=\"et4\">M\u00e0u xanh l\u00e1<\/td>\n<td class=\"et4\">32mm<\/td>\n<td><img decoding=\"async\" class=\"alignnone wp-image-5111\" src=\"https:\/\/mountlaser.com\/wp-content\/uploads\/2025\/12\/GP200-2A-5-1.webp\" alt=\"\" width=\"500\" height=\"500\" srcset=\"https:\/\/mountlaser.com\/wp-content\/uploads\/2025\/12\/GP200-2A-5-1.webp 1000w, https:\/\/mountlaser.com\/wp-content\/uploads\/2025\/12\/GP200-2A-5-1-300x300.webp 300w, https:\/\/mountlaser.com\/wp-content\/uploads\/2025\/12\/GP200-2A-5-1-150x150.webp 150w, https:\/\/mountlaser.com\/wp-content\/uploads\/2025\/12\/GP200-2A-5-1-768x768.webp 768w, https:\/\/mountlaser.com\/wp-content\/uploads\/2025\/12\/GP200-2A-5-1-12x12.webp 12w, https:\/\/mountlaser.com\/wp-content\/uploads\/2025\/12\/GP200-2A-5-1-600x600.webp 600w, https:\/\/mountlaser.com\/wp-content\/uploads\/2025\/12\/GP200-2A-5-1-800x800.webp 800w, https:\/\/mountlaser.com\/wp-content\/uploads\/2025\/12\/GP200-2A-5-1-400x400.webp 400w\" sizes=\"(max-width: 500px) 100vw, 500px\" \/><\/td>\n<\/tr>\n<tr style=\"height: 14.25pt;\">\n<td class=\"et4\" style=\"height: 14.25pt;\" height=\"19\">GP200-4AYL<\/td>\n<td class=\"et4\">200cm<\/td>\n<td class=\"et5\">4<\/td>\n<td class=\"et4\">Nh\u00f4m<\/td>\n<td class=\"et4\">M\u00e0u v\u00e0ng<\/td>\n<td class=\"et4\">32mm<\/td>\n<td><\/td>\n<\/tr>\n<\/tbody>\n<\/table>\n<\/div>","protected":false},"excerpt":{"rendered":"<ul>\n<li>Cung c\u1ea5p kh\u1ea3 n\u0103ng \u0111i\u1ec1u ch\u1ec9nh \u0111\u1ed9 cao an to\u00e0n v\u00e0 \u1ed5n \u0111\u1ecbnh nh\u1edd h\u1ec7 th\u1ed1ng kh\u00f3a ren.<\/li>\n<li>Ho\u1ea1t \u0111\u1ed9ng nh\u01b0 m\u1ed9t thi\u1ebft b\u1ecb \u0111o t\u1ecda \u0111\u1ed9 GNSS ch\u00ednh x\u00e1c cao d\u00e0nh cho m\u00e1y thu GNSS, thi\u1ebft b\u1ecb GPS v\u00e0 c\u00e1c d\u1ee5ng c\u1ee5 \u0111o \u0111\u1ea1c.<\/li>\n<li>\u0110\u1ea3m b\u1ea3o \u0111\u1ed9 c\u00e2n b\u1eb1ng ch\u00ednh x\u00e1c nh\u1edd s\u1eed d\u1ee5ng \u1ed1ng th\u1ee7y chu\u1ea9n tr\u00f2n 30\u2032 t\u00edch h\u1ee3p.<\/li>\n<li>Mang l\u1ea1i t\u00ednh di \u0111\u1ed9ng cao nh\u1edd thi\u1ebft k\u1ebf nhi\u1ec1u ph\u1ea7n c\u00f3 th\u1ec3 th\u00e1o r\u1eddi.<\/li>\n<li>Mang l\u1ea1i \u0111\u1ed9 b\u00e1m v\u00e0 s\u1ef1 an to\u00e0n tuy\u1ec7t v\u1eddi nh\u1edd l\u1edbp ph\u1ee7 ch\u1ed1ng tr\u01b0\u1ee3t.<\/li>\n<li>T\u01b0\u01a1ng th\u00edch v\u1edbi t\u1ea5t c\u1ea3 c\u00e1c thi\u1ebft b\u1ecb thu GPS\/GNSS c\u00f3 ren 5\/8\u2033-11.<\/li>\n<li>Bao g\u1ed3m m\u1ed9t t\u00fai \u0111\u1ef1ng m\u1ec1m \u0111\u1ec3 d\u1ec5 d\u00e0ng v\u1eadn chuy\u1ec3n v\u00e0 b\u1ea3o v\u1ec7.<\/li>\n<\/ul>","protected":false},"featured_media":5109,"comment_status":"open","ping_status":"closed","template":"","meta":[],"product_brand":[],"product_cat":[89,143],"product_tag":[],"class_list":{"0":"post-5097","1":"product","2":"type-product","3":"status-publish","4":"has-post-thumbnail","6":"product_cat-surveying-pole-rod","7":"product_cat-gps-pole-thread-lock","9":"first","10":"instock","11":"shipping-taxable","12":"product-type-simple"},"_links":{"self":[{"href":"https:\/\/mountlaser.com\/vi\/wp-json\/wp\/v2\/product\/5097","targetHints":{"allow":["GET"]}}],"collection":[{"href":"https:\/\/mountlaser.com\/vi\/wp-json\/wp\/v2\/product"}],"about":[{"href":"https:\/\/mountlaser.com\/vi\/wp-json\/wp\/v2\/types\/product"}],"replies":[{"embeddable":true,"href":"https:\/\/mountlaser.com\/vi\/wp-json\/wp\/v2\/comments?post=5097"}],"wp:featuredmedia":[{"embeddable":true,"href":"https:\/\/mountlaser.com\/vi\/wp-json\/wp\/v2\/media\/5109"}],"wp:attachment":[{"href":"https:\/\/mountlaser.com\/vi\/wp-json\/wp\/v2\/media?parent=5097"}],"wp:term":[{"taxonomy":"product_brand","embeddable":true,"href":"https:\/\/mountlaser.com\/vi\/wp-json\/wp\/v2\/product_brand?post=5097"},{"taxonomy":"product_cat","embeddable":true,"href":"https:\/\/mountlaser.com\/vi\/wp-json\/wp\/v2\/product_cat?post=5097"},{"taxonomy":"product_tag","embeddable":true,"href":"https:\/\/mountlaser.com\/vi\/wp-json\/wp\/v2\/product_tag?post=5097"}],"curies":[{"name":"trang web","href":"https:\/\/api.w.org\/{rel}","templated":true}]}}