{"id":5087,"date":"2025-12-02T06:41:46","date_gmt":"2025-12-02T06:41:46","guid":{"rendered":"https:\/\/mountlaser.com\/?post_type=product&#038;p=5087"},"modified":"2025-12-02T06:41:47","modified_gmt":"2025-12-02T06:41:47","slug":"gp180-gps-pole-thread-lock","status":"publish","type":"product","link":"https:\/\/mountlaser.com\/vi\/san-pham\/gp180-gps-pole-thread-lock\/","title":{"rendered":"Kh\u00f3a ren c\u1ed9t GPS GP180"},"content":{"rendered":"<p>C\u00e1i <a href=\"https:\/\/mountlaser.com\/vi\/danh-muc-san-pham\/surveying-pole-rod\/\"><strong>Kh\u00f3a ren c\u1ed9t GPS GP180<\/strong><\/a> \u0110\u00e2y l\u00e0 gi\u1ea3i ph\u00e1p chuy\u00ean nghi\u1ec7p \u0111\u01b0\u1ee3c thi\u1ebft k\u1ebf d\u00e0nh cho c\u00e1c nh\u00e0 kh\u1ea3o s\u00e1t y\u00eau c\u1ea7u \u0111\u1ed9 \u1ed5n \u0111\u1ecbnh v\u00e0 \u0111\u1ed9 tin c\u1eady t\u1ed1i \u0111a t\u1ea1i hi\u1ec7n tr\u01b0\u1eddng. H\u1ec7 th\u1ed1ng kh\u00f3a ren c\u1ed9t GPS GP180 ti\u00ean ti\u1ebfn n\u00e0y \u0111\u1ea3m b\u1ea3o k\u1ebft n\u1ed1i ch\u1eafc ch\u1eafn v\u00e0 ch\u1ed1ng rung, l\u00fd t\u01b0\u1edfng cho c\u00e1c \u1ee9ng d\u1ee5ng GNSS \u0111\u00f2i h\u1ecfi kh\u1eaft khe. \u0110\u01b0\u1ee3c ch\u1ebf t\u1ea1o \u0111\u1ec3 \u0111a n\u0103ng, c\u1ed9t ho\u00e0n to\u00e0n t\u01b0\u01a1ng th\u00edch v\u1edbi b\u1ea5t k\u1ef3 c\u1ed9t GPS ti\u00eau chu\u1ea9n n\u00e0o, trong khi c\u1ea5u tr\u00fac kh\u00f3a ren c\u00f3 th\u1ec3 th\u00e1o r\u1eddi gi\u00fap t\u0103ng t\u00ednh di \u0111\u1ed9ng v\u00e0 d\u1ec5 s\u1eed d\u1ee5ng. Cho d\u00f9 trong robot GNSS, c\u00f4ng t\u00e1c \u0111\u1ecba ch\u00ednh hay kh\u1ea3o s\u00e1t x\u00e2y d\u1ef1ng, c\u1ed9t GPS GP180 kh\u00f3a ren \u0111\u1ec1u mang l\u1ea1i hi\u1ec7u su\u1ea5t \u0111\u00e1ng tin c\u1eady m\u1ed7i ng\u00e0y.<\/p>\n<p>\u0110\u01b0\u1ee3c ch\u1ebf t\u1ea1o t\u1eeb s\u1ee3i carbon cao c\u1ea5p, m\u1ed7i chi\u1ebfc <strong><a href=\"https:\/\/mountlaser.com\/vi\/about-us\/\">C\u1ed9t GPS<\/a> <\/strong>S\u1ea3n ph\u1ea9m c\u00f3 \u0111\u1ed9 b\u1ec1n v\u01b0\u1ee3t tr\u1ed9i v\u1edbi tr\u1ecdng l\u01b0\u1ee3ng t\u1ed1i thi\u1ec3u, v\u00e0 \u0111\u1ebf bong b\u00f3ng b\u1eb1ng nh\u00f4m bao g\u1ed3m m\u1ed9t \u1ed1ng th\u1ee7y tinh tr\u00f2n 30\u2032 ch\u00ednh x\u00e1c \u0111\u1ec3 c\u00e2n b\u1eb1ng t\u1ee9c th\u00ec. V\u1ecf ch\u1ed1ng tr\u01b0\u1ee3t t\u00edch h\u1ee3p gi\u00fap c\u1ea3i thi\u1ec7n kh\u1ea3 n\u0103ng c\u1ea7m n\u1eafm trong m\u00f4i tr\u01b0\u1eddng kh\u1eafc nghi\u1ec7t, trong khi ren 5\/8\u2033-11 \u0111\u1ea3m b\u1ea3o kh\u1ea3 n\u0103ng t\u01b0\u01a1ng th\u00edch ph\u1ed5 bi\u1ebfn v\u1edbi c\u00e1c d\u1ee5ng c\u1ee5 \u0111o \u0111\u1ea1c th\u00f4ng th\u01b0\u1eddng. V\u1edbi nhi\u1ec1u t\u00f9y ch\u1ecdn c\u1ea5u h\u00ecnh\u2014ch\u1eb3ng h\u1ea1n nh\u01b0 c\u00e1c m\u1eabu 180 cm v\u00e0 200 cm\u2014s\u1ea3n ph\u1ea9m n\u00e0y mang l\u1ea1i \u0111\u1ed9 b\u1ec1n v\u01b0\u1ee3t tr\u1ed9i v\u1edbi tr\u1ecdng l\u01b0\u1ee3ng t\u1ed1i thi\u1ec3u, v\u00e0 \u0111\u1ebf bong b\u00f3ng b\u1eb1ng nh\u00f4m bao g\u1ed3m m\u1ed9t \u1ed1ng th\u1ee7y tinh tr\u00f2n 30\u2033 ch\u00ednh x\u00e1c \u0111\u1ec3 c\u00e2n b\u1eb1ng t\u1ee9c th\u00ec. V\u1ecf ch\u1ed1ng tr\u01b0\u1ee3t t\u00edch h\u1ee3p gi\u00fap c\u1ea3i thi\u1ec7n kh\u1ea3 n\u0103ng c\u1ea7m n\u1eafm trong m\u00f4i tr\u01b0\u1eddng kh\u1eafc nghi\u1ec7t, trong khi ren 5\/8\u2033-11 \u0111\u1ea3m b\u1ea3o kh\u1ea3 n\u0103ng t\u01b0\u01a1ng th\u00edch ph\u1ed5 bi\u1ebfn v\u1edbi c\u00e1c d\u1ee5ng c\u1ee5 \u0111o \u0111\u1ea1c th\u00f4ng th\u01b0\u1eddng. V\u1edbi nhi\u1ec1u t\u00f9y ch\u1ecdn c\u1ea5u h\u00ecnh\u2014ch\u1eb3ng h\u1ea1n nh\u01b0 c\u00e1c m\u1eabu 180 cm v\u00e0 200 cm\u2014s\u1ea3n ph\u1ea9m n\u00e0y <a href=\"https:\/\/mountlaser.com\/vi\/contact-us\/\">C\u1ed9t GPS<\/a> H\u1ec7 th\u1ed1ng th\u00edch \u1ee9ng d\u1ec5 d\u00e0ng v\u1edbi c\u00e1c y\u00eau c\u1ea7u kh\u00e1c nhau t\u1ea1i c\u00f4ng tr\u01b0\u1eddng.<\/p>\n<div>\n<table style=\"border-collapse: collapse; width: 1055.28pt;\" border=\"0\" width=\"1407\" cellspacing=\"0\" cellpadding=\"0\">\n<tbody>\n<tr style=\"height: 14.25pt;\">\n<td class=\"et2\" style=\"height: 14.25pt; width: 235.50pt;\" width=\"314\" height=\"19\">CON S\u1ed0<\/td>\n<td class=\"et2\" style=\"width: 309.00pt;\" width=\"412\">S\u1ef0 M\u1ede R\u1ed8NG<\/td>\n<td class=\"et2\" style=\"width: 88.50pt;\" width=\"118\">C\u00c1C PH\u1ea6N<\/td>\n<td class=\"et2\" style=\"width: 138.00pt;\" width=\"184\">V\u1eacT LI\u1ec6U<\/td>\n<td class=\"et2\" style=\"width: 176.25pt;\" width=\"235\">M\u00c0U S\u1eaeC<\/td>\n<td class=\"et2\" style=\"width: 54.00pt;\" width=\"72\">\u0110\u01af\u1edcNG K\u00cdNH<\/td>\n<td class=\"et3\" style=\"width: 54.00pt;\" width=\"72\">H\u00ccNH \u1ea2NH<\/td>\n<\/tr>\n<tr style=\"height: 14.25pt;\">\n<td class=\"et4\" style=\"height: 14.25pt;\" height=\"19\">GP180-4C<\/td>\n<td class=\"et4\">180cm<\/td>\n<td class=\"et5\">4<\/td>\n<td class=\"et4\">S\u1ee3i carbon cao c\u1ea5p<\/td>\n<td class=\"et4\">\u0110en<\/td>\n<td class=\"et4\">32mm<\/td>\n<td><img fetchpriority=\"high\" decoding=\"async\" class=\"alignnone wp-image-5079\" src=\"https:\/\/mountlaser.com\/wp-content\/uploads\/2025\/12\/GP180-4C-3.webp\" alt=\"GP180 GPS Pole Thread Lock\" width=\"500\" height=\"500\" srcset=\"https:\/\/mountlaser.com\/wp-content\/uploads\/2025\/12\/GP180-4C-3.webp 1000w, https:\/\/mountlaser.com\/wp-content\/uploads\/2025\/12\/GP180-4C-3-300x300.webp 300w, https:\/\/mountlaser.com\/wp-content\/uploads\/2025\/12\/GP180-4C-3-150x150.webp 150w, https:\/\/mountlaser.com\/wp-content\/uploads\/2025\/12\/GP180-4C-3-768x768.webp 768w, https:\/\/mountlaser.com\/wp-content\/uploads\/2025\/12\/GP180-4C-3-12x12.webp 12w, https:\/\/mountlaser.com\/wp-content\/uploads\/2025\/12\/GP180-4C-3-600x600.webp 600w, https:\/\/mountlaser.com\/wp-content\/uploads\/2025\/12\/GP180-4C-3-800x800.webp 800w, https:\/\/mountlaser.com\/wp-content\/uploads\/2025\/12\/GP180-4C-3-400x400.webp 400w\" sizes=\"(max-width: 500px) 100vw, 500px\" \/><\/td>\n<\/tr>\n<tr style=\"height: 14.25pt;\">\n<td class=\"et4\" style=\"height: 14.25pt;\" height=\"19\">GP200-4C<\/td>\n<td class=\"et4\">200cm<\/td>\n<td class=\"et5\">4<\/td>\n<td class=\"et4\">S\u1ee3i carbon cao c\u1ea5p<\/td>\n<td class=\"et4\">\u0110en<\/td>\n<td class=\"et4\">32mm<\/td>\n<td><img decoding=\"async\" class=\"alignnone wp-image-5081\" src=\"https:\/\/mountlaser.com\/wp-content\/uploads\/2025\/12\/GP180-4C-5.webp\" alt=\"GP180 GPS Pole Thread Lock\" width=\"500\" height=\"500\" srcset=\"https:\/\/mountlaser.com\/wp-content\/uploads\/2025\/12\/GP180-4C-5.webp 1000w, https:\/\/mountlaser.com\/wp-content\/uploads\/2025\/12\/GP180-4C-5-300x300.webp 300w, https:\/\/mountlaser.com\/wp-content\/uploads\/2025\/12\/GP180-4C-5-150x150.webp 150w, https:\/\/mountlaser.com\/wp-content\/uploads\/2025\/12\/GP180-4C-5-768x768.webp 768w, https:\/\/mountlaser.com\/wp-content\/uploads\/2025\/12\/GP180-4C-5-12x12.webp 12w, https:\/\/mountlaser.com\/wp-content\/uploads\/2025\/12\/GP180-4C-5-600x600.webp 600w, https:\/\/mountlaser.com\/wp-content\/uploads\/2025\/12\/GP180-4C-5-800x800.webp 800w, https:\/\/mountlaser.com\/wp-content\/uploads\/2025\/12\/GP180-4C-5-400x400.webp 400w\" sizes=\"(max-width: 500px) 100vw, 500px\" \/><\/td>\n<\/tr>\n<tr style=\"height: 14.25pt;\">\n<td class=\"et4\" style=\"height: 14.25pt;\" height=\"19\">GP200-2C<\/td>\n<td class=\"et4\">200cm<\/td>\n<td class=\"et5\">2<\/td>\n<td class=\"et4\">S\u1ee3i carbon cao c\u1ea5p<\/td>\n<td class=\"et4\">\u0110en<\/td>\n<td class=\"et4\">32mm<\/td>\n<td><img decoding=\"async\" class=\"alignnone wp-image-5091\" src=\"https:\/\/mountlaser.com\/wp-content\/uploads\/2025\/12\/GP200-2C-4.webp\" alt=\"GP180 GPS Pole Thread Lock\" width=\"500\" height=\"500\" srcset=\"https:\/\/mountlaser.com\/wp-content\/uploads\/2025\/12\/GP200-2C-4.webp 1000w, https:\/\/mountlaser.com\/wp-content\/uploads\/2025\/12\/GP200-2C-4-300x300.webp 300w, https:\/\/mountlaser.com\/wp-content\/uploads\/2025\/12\/GP200-2C-4-150x150.webp 150w, https:\/\/mountlaser.com\/wp-content\/uploads\/2025\/12\/GP200-2C-4-768x768.webp 768w, https:\/\/mountlaser.com\/wp-content\/uploads\/2025\/12\/GP200-2C-4-12x12.webp 12w, https:\/\/mountlaser.com\/wp-content\/uploads\/2025\/12\/GP200-2C-4-600x600.webp 600w, https:\/\/mountlaser.com\/wp-content\/uploads\/2025\/12\/GP200-2C-4-800x800.webp 800w, https:\/\/mountlaser.com\/wp-content\/uploads\/2025\/12\/GP200-2C-4-400x400.webp 400w\" sizes=\"(max-width: 500px) 100vw, 500px\" \/><\/td>\n<\/tr>\n<\/tbody>\n<\/table>\n<\/div>","protected":false},"excerpt":{"rendered":"<ul>\n<li>H\u1ec7 th\u1ed1ng kh\u00f3a ren an to\u00e0n: \u0110\u1ea3m b\u1ea3o k\u1ebft n\u1ed1i ch\u1eb7t ch\u1ebd v\u00e0 \u0111\u00e1ng tin c\u1eady gi\u1eefa c\u00e1c \u0111o\u1ea1n c\u1ed9t \u0111\u1ec3 t\u0103ng c\u01b0\u1eddng \u0111\u1ed9 ch\u00ednh x\u00e1c c\u1ee7a GNSS.<\/li>\n<li>\u0110\u1ed9 b\u1ec1n cao: C\u1ea5u tr\u00fac s\u1ee3i carbon cao c\u1ea5p mang l\u1ea1i \u0111\u1ed9 c\u1ee9ng v\u01b0\u1ee3t tr\u1ed9i v\u00e0 tu\u1ed5i th\u1ecd s\u1eed d\u1ee5ng l\u00e2u d\u00e0i.<\/li>\n<li>C\u00e2n b\u1eb1ng ch\u00ednh x\u00e1c: \u0110\u1ebf c\u00e2n b\u1eb1ng b\u1eb1ng nh\u00f4m v\u1edbi \u1ed1ng th\u1ee7y tinh tr\u00f2n 30 inch gi\u00fap thi\u1ebft l\u1eadp nhanh ch\u00f3ng v\u00e0 \u0111\u1ecbnh v\u1ecb ch\u00ednh x\u00e1c.<\/li>\n<li>Nh\u1ecf g\u1ecdn &amp; D\u1ec5 mang theo: Thi\u1ebft k\u1ebf c\u00f3 th\u1ec3 th\u00e1o r\u1eddi v\u00e0 t\u00fai \u0111\u1ef1ng m\u1ec1m gi\u00fap d\u1ec5 d\u00e0ng v\u1eadn chuy\u1ec3n v\u00e0 c\u1ea5t gi\u1eef.<\/li>\n<li>Kh\u1ea3 n\u0103ng t\u01b0\u01a1ng th\u00edch ph\u1ed5 qu\u00e1t: \u0110\u01b0\u1ee3c trang b\u1ecb ren 5\/8\u2033-11, ph\u00f9 h\u1ee3p v\u1edbi nhi\u1ec1u lo\u1ea1i m\u00e1y thu GNSS, l\u0103ng k\u00ednh v\u00e0 ph\u1ee5 ki\u1ec7n.<\/li>\n<li>\u0110\u1ed9 b\u00e1m v\u00e0 \u0111\u1ed9 \u1ed5n \u0111\u1ecbnh \u0111\u01b0\u1ee3c c\u1ea3i thi\u1ec7n: L\u1edbp ph\u1ee7 ch\u1ed1ng tr\u01b0\u1ee3t \u0111\u1ea3m b\u1ea3o thao t\u00e1c an to\u00e0n tr\u00ean \u0111\u1ecba h\u00ecnh \u1ea9m \u01b0\u1edbt, b\u1ee5i b\u1eb7m ho\u1eb7c kh\u00f4ng b\u1eb1ng ph\u1eb3ng.<\/li>\n<\/ul>","protected":false},"featured_media":5079,"comment_status":"open","ping_status":"closed","template":"","meta":[],"product_brand":[],"product_cat":[89,143],"product_tag":[],"class_list":{"0":"post-5087","1":"product","2":"type-product","3":"status-publish","4":"has-post-thumbnail","6":"product_cat-surveying-pole-rod","7":"product_cat-gps-pole-thread-lock","9":"first","10":"instock","11":"shipping-taxable","12":"product-type-simple"},"_links":{"self":[{"href":"https:\/\/mountlaser.com\/vi\/wp-json\/wp\/v2\/product\/5087","targetHints":{"allow":["GET"]}}],"collection":[{"href":"https:\/\/mountlaser.com\/vi\/wp-json\/wp\/v2\/product"}],"about":[{"href":"https:\/\/mountlaser.com\/vi\/wp-json\/wp\/v2\/types\/product"}],"replies":[{"embeddable":true,"href":"https:\/\/mountlaser.com\/vi\/wp-json\/wp\/v2\/comments?post=5087"}],"wp:featuredmedia":[{"embeddable":true,"href":"https:\/\/mountlaser.com\/vi\/wp-json\/wp\/v2\/media\/5079"}],"wp:attachment":[{"href":"https:\/\/mountlaser.com\/vi\/wp-json\/wp\/v2\/media?parent=5087"}],"wp:term":[{"taxonomy":"product_brand","embeddable":true,"href":"https:\/\/mountlaser.com\/vi\/wp-json\/wp\/v2\/product_brand?post=5087"},{"taxonomy":"product_cat","embeddable":true,"href":"https:\/\/mountlaser.com\/vi\/wp-json\/wp\/v2\/product_cat?post=5087"},{"taxonomy":"product_tag","embeddable":true,"href":"https:\/\/mountlaser.com\/vi\/wp-json\/wp\/v2\/product_tag?post=5087"}],"curies":[{"name":"trang web","href":"https:\/\/api.w.org\/{rel}","templated":true}]}}