{"id":5063,"date":"2025-12-02T05:10:42","date_gmt":"2025-12-02T05:10:42","guid":{"rendered":"https:\/\/mountlaser.com\/?post_type=product&#038;p=5063"},"modified":"2025-12-02T05:10:42","modified_gmt":"2025-12-02T05:10:42","slug":"ad-d64-pole-adapter","status":"publish","type":"product","link":"https:\/\/mountlaser.com\/vi\/san-pham\/ad-d64-pole-adapter\/","title":{"rendered":"B\u1ed9 chuy\u1ec3n \u0111\u1ed5i c\u1ef1c AD-D64"},"content":{"rendered":"<p>C\u00e1i <a href=\"https:\/\/mountlaser.com\/vi\/\"><strong>B\u1ed9 chuy\u1ec3n \u0111\u1ed5i c\u1ef1c AD-D64<\/strong><\/a> \u0110\u00e2y l\u00e0 m\u1ed9t ph\u1ee5 ki\u1ec7n \u0111\u01b0\u1ee3c thi\u1ebft k\u1ebf ch\u00ednh x\u00e1c nh\u1eb1m t\u0103ng c\u01b0\u1eddng kh\u1ea3 n\u0103ng t\u01b0\u01a1ng th\u00edch v\u00e0 t\u00ednh linh ho\u1ea1t trong c\u00e1c \u1ee9ng d\u1ee5ng robot GNSS v\u00e0 kh\u1ea3o s\u00e1t b\u1eb1ng m\u00e1y to\u00e0n \u0111\u1ea1c. \u0110\u01b0\u1ee3c ch\u1ebf t\u1ea1o \u0111\u1ec3 s\u1eed d\u1ee5ng chuy\u00ean nghi\u1ec7p ngo\u00e0i hi\u1ec7n tr\u01b0\u1eddng, b\u1ed9 chuy\u1ec3n \u0111\u1ed5i c\u1ed9t AD-D64 \u0111\u1ea3m b\u1ea3o t\u00edch h\u1ee3p tr\u01a1n tru v\u1edbi c\u00e1c c\u1ed9t kh\u1ea3o s\u00e1t c\u00f3 th\u1ec3 thay th\u1ebf v\u00e0 mang l\u1ea1i kh\u1ea3 n\u0103ng \u0111\u1ecbnh v\u1ecb m\u1ee5c ti\u00eau \u1ed5n \u0111\u1ecbnh, ch\u00ednh x\u00e1c. L\u00e0 m\u1ed9t ph\u1ee5 ki\u1ec7n thi\u1ebft y\u1ebfu <a href=\"https:\/\/mountlaser.com\/vi\/products\/\"><strong>b\u1ed9 chuy\u1ec3n \u0111\u1ed5i c\u1ed9t m\u1edf r\u1ed9ng<\/strong><\/a>, N\u00f3 cho ph\u00e9p c\u00e1c nh\u00e0 kh\u1ea3o s\u00e1t nhanh ch\u00f3ng chuy\u1ec3n \u0111\u1ed5i gi\u1eefa c\u00e1c h\u1ec7 th\u1ed1ng m\u1ee5c ti\u00eau kh\u00e1c nhau trong khi v\u1eabn duy tr\u00ec \u0111\u1ed9 ch\u00ednh x\u00e1c \u0111o l\u01b0\u1eddng nh\u1ea5t qu\u00e1n.<\/p>\n<p>\u0110\u01b0\u1ee3c thi\u1ebft k\u1ebf \u0111\u1eb7c bi\u1ec7t cho m\u1ee5c ti\u00eau GPH1 c\u1ee7a Th\u1ee5y S\u0129, <a href=\"https:\/\/mountlaser.com\/vi\/contact-us\/\">B\u1ed9 chuy\u1ec3n \u0111\u1ed5i c\u1ef1c AD-D64<\/a> B\u1ed9 chuy\u1ec3n \u0111\u1ed5i c\u1ed9t AD-D64 cung c\u1ea5p chi\u1ec1u cao m\u1ee5c ti\u00eau 86 mm v\u1edbi chi\u1ec1u d\u00e0i b\u1ed9 chuy\u1ec3n \u0111\u1ed5i 50 mm, \u0111\u1ea3m b\u1ea3o s\u1ef1 c\u0103n ch\u1ec9nh ch\u00ednh x\u00e1c v\u00e0 hi\u1ec7u su\u1ea5t ho\u1ea1t \u0111\u1ed9ng \u0111\u00e1ng tin c\u1eady t\u1ea1i hi\u1ec7n tr\u01b0\u1eddng. C\u1ea5u tr\u00fac b\u1ed9 chuy\u1ec3n \u0111\u1ed5i c\u1ed9t m\u1edf r\u1ed9ng c\u1ee7a n\u00f3 c\u00f3 ren l\u1eafp \u0111\u1eb7t ti\u00eau chu\u1ea9n 5\/8\u2033-11, gi\u00fap n\u00f3 t\u01b0\u01a1ng th\u00edch cao v\u1edbi nhi\u1ec1u lo\u1ea1i thi\u1ebft b\u1ecb \u0111o \u0111\u1ea1c. Cho d\u00f9 n\u00e2ng c\u1ea5p h\u1ec7 th\u1ed1ng c\u1ed9t hi\u1ec7n c\u00f3 hay th\u00edch \u1ee9ng v\u1edbi ph\u1ea7n c\u1ee9ng m\u1edbi, b\u1ed9 chuy\u1ec3n \u0111\u1ed5i c\u1ed9t AD-D64 \u0111\u1ea3m b\u1ea3o vi\u1ec7c l\u1eafp \u0111\u1eb7t nhanh ch\u00f3ng, an to\u00e0n v\u00e0 ch\u00ednh x\u00e1c.<\/p>\n<div>\n<table style=\"border-collapse: collapse; width: 947.27pt;\" border=\"0\" width=\"1263\" cellspacing=\"0\" cellpadding=\"0\">\n<tbody>\n<tr style=\"height: 17.25pt;\">\n<td class=\"et2\" style=\"height: 17.25pt; width: 235.50pt;\" width=\"314\" height=\"23\">\u0110\u1ed0I T\u00c1C<\/td>\n<td class=\"et3\" style=\"width: 309.00pt;\" width=\"412\">M\u1ee4C TI\u00caU \u0110\u01af\u1ee2C THI\u1ebeT K\u1ebe CHO<\/td>\n<td class=\"et3\" style=\"width: 88.50pt;\" width=\"118\">CHI\u1ec0U CAO M\u1ee4C TI\u00caU<\/td>\n<td class=\"et3\" style=\"width: 138.00pt;\" width=\"184\">CHI\u1ec0U D\u00c0I B\u1ed8 CHUY\u1ec2N \u0110\u1ed4I<\/td>\n<td class=\"et4\" style=\"width: 176.25pt;\" width=\"235\">H\u00ccNH \u1ea2NH<\/td>\n<\/tr>\n<tr style=\"height: 14.25pt;\">\n<td class=\"et5\" style=\"height: 14.25pt;\" height=\"19\">AD-D64<\/td>\n<td class=\"et5\">Swiss GPH1<\/td>\n<td class=\"et5\">86mm<\/td>\n<td class=\"et5\">50mm<\/td>\n<td><img fetchpriority=\"high\" decoding=\"async\" class=\"alignnone wp-image-5067\" src=\"https:\/\/mountlaser.com\/wp-content\/uploads\/2025\/12\/AD-D64-4.webp\" alt=\"AD-D64 Pole Adapter\" width=\"500\" height=\"500\" srcset=\"https:\/\/mountlaser.com\/wp-content\/uploads\/2025\/12\/AD-D64-4.webp 1000w, https:\/\/mountlaser.com\/wp-content\/uploads\/2025\/12\/AD-D64-4-300x300.webp 300w, https:\/\/mountlaser.com\/wp-content\/uploads\/2025\/12\/AD-D64-4-150x150.webp 150w, https:\/\/mountlaser.com\/wp-content\/uploads\/2025\/12\/AD-D64-4-768x768.webp 768w, https:\/\/mountlaser.com\/wp-content\/uploads\/2025\/12\/AD-D64-4-12x12.webp 12w, https:\/\/mountlaser.com\/wp-content\/uploads\/2025\/12\/AD-D64-4-600x600.webp 600w, https:\/\/mountlaser.com\/wp-content\/uploads\/2025\/12\/AD-D64-4-800x800.webp 800w, https:\/\/mountlaser.com\/wp-content\/uploads\/2025\/12\/AD-D64-4-400x400.webp 400w\" sizes=\"(max-width: 500px) 100vw, 500px\" \/><\/td>\n<\/tr>\n<\/tbody>\n<\/table>\n<\/div>","protected":false},"excerpt":{"rendered":"<ul>\n<li>Kh\u1ea3 n\u0103ng t\u01b0\u01a1ng th\u00edch thi\u1ebft k\u1ebf c\u00f3 th\u1ec3 thay th\u1ebf: T\u01b0\u01a1ng th\u00edch v\u1edbi c\u00e1c c\u1ed9t \u0111o \u0111\u1ea1c \u0111\u01b0\u1ee3c ch\u1ebf t\u1ea1o cho robot GNSS v\u00e0 m\u00e1y to\u00e0n \u0111\u1ea1c \u0111i\u1ec7n t\u1eed.<\/li>\n<li>Ch\u1ee9c n\u0103ng m\u1edf r\u1ed9ng: Ho\u1ea1t \u0111\u1ed9ng nh\u01b0 m\u1ed9t b\u1ed9 chuy\u1ec3n \u0111\u1ed5i c\u1ea7n n\u1ed1i d\u00e0i \u0111\u00e1ng tin c\u1eady \u0111\u1ec3 \u0111i\u1ec1u ch\u1ec9nh v\u00e0 chuy\u1ec3n \u0111\u1ed5i chi\u1ec1u cao m\u1ee5c ti\u00eau.<\/li>\n<li>C\u0103n ch\u1ec9nh m\u1ee5c ti\u00eau ch\u00ednh x\u00e1c: \u0110\u01b0\u1ee3c thi\u1ebft k\u1ebf \u0111\u1eb7c bi\u1ec7t cho m\u1ee5c ti\u00eau Swiss GPH1 v\u1edbi chi\u1ec1u cao m\u1ee5c ti\u00eau 86 mm.<\/li>\n<li>Ren l\u1eafp ti\u00eau chu\u1ea9n: C\u00f3 ren 5\/8\u2033-11 ph\u1ed5 th\u00f4ng, t\u01b0\u01a1ng th\u00edch v\u1edbi nhi\u1ec1u lo\u1ea1i thi\u1ebft b\u1ecb.<\/li>\n<li>Chi\u1ec1u d\u00e0i b\u1ed9 chuy\u1ec3n \u0111\u1ed5i \u0111\u01b0\u1ee3c t\u1ed1i \u01b0u h\u00f3a: Chi\u1ec1u d\u00e0i b\u1ed9 chuy\u1ec3n \u0111\u1ed5i 50 mm \u0111\u01b0\u1ee3c thi\u1ebft k\u1ebf \u0111\u1ec3 mang l\u1ea1i h\u00ecnh h\u1ecdc \u0111o l\u01b0\u1eddng nh\u1ea5t qu\u00e1n.<\/li>\n<li>Kh\u1ea3 n\u0103ng chuy\u1ec3n \u0111\u1ed5i nhanh ch\u00f3ng: Cho ph\u00e9p chuy\u1ec3n \u0111\u1ed5i nhanh gi\u1eefa c\u00e1c \u1ee9ng d\u1ee5ng ch\u1ec9 b\u1eb1ng c\u00e1ch thay \u0111\u1ed5i b\u1ed9 chuy\u1ec3n \u0111\u1ed5i.<\/li>\n<li>C\u1ea5u tr\u00fac b\u1ec1n b\u1ec9: \u0110\u01b0\u1ee3c ch\u1ebf t\u1ea1o \u0111\u1ec3 ho\u1ea1t \u0111\u1ed9ng l\u00e2u d\u00e0i trong m\u00f4i tr\u01b0\u1eddng kh\u1ea3o s\u00e1t kh\u1eafc nghi\u1ec7t.<\/li>\n<\/ul>","protected":false},"featured_media":5064,"comment_status":"open","ping_status":"closed","template":"","meta":[],"product_brand":[],"product_cat":[142,89],"product_tag":[],"class_list":{"0":"post-5063","1":"product","2":"type-product","3":"status-publish","4":"has-post-thumbnail","6":"product_cat-pole-adapter","7":"product_cat-surveying-pole-rod","9":"first","10":"instock","11":"shipping-taxable","12":"product-type-simple"},"_links":{"self":[{"href":"https:\/\/mountlaser.com\/vi\/wp-json\/wp\/v2\/product\/5063","targetHints":{"allow":["GET"]}}],"collection":[{"href":"https:\/\/mountlaser.com\/vi\/wp-json\/wp\/v2\/product"}],"about":[{"href":"https:\/\/mountlaser.com\/vi\/wp-json\/wp\/v2\/types\/product"}],"replies":[{"embeddable":true,"href":"https:\/\/mountlaser.com\/vi\/wp-json\/wp\/v2\/comments?post=5063"}],"wp:featuredmedia":[{"embeddable":true,"href":"https:\/\/mountlaser.com\/vi\/wp-json\/wp\/v2\/media\/5064"}],"wp:attachment":[{"href":"https:\/\/mountlaser.com\/vi\/wp-json\/wp\/v2\/media?parent=5063"}],"wp:term":[{"taxonomy":"product_brand","embeddable":true,"href":"https:\/\/mountlaser.com\/vi\/wp-json\/wp\/v2\/product_brand?post=5063"},{"taxonomy":"product_cat","embeddable":true,"href":"https:\/\/mountlaser.com\/vi\/wp-json\/wp\/v2\/product_cat?post=5063"},{"taxonomy":"product_tag","embeddable":true,"href":"https:\/\/mountlaser.com\/vi\/wp-json\/wp\/v2\/product_tag?post=5063"}],"curies":[{"name":"trang web","href":"https:\/\/api.w.org\/{rel}","templated":true}]}}