{"id":5030,"date":"2025-12-02T03:25:10","date_gmt":"2025-12-02T03:25:10","guid":{"rendered":"https:\/\/mountlaser.com\/?post_type=product&#038;p=5030"},"modified":"2025-12-02T03:25:10","modified_gmt":"2025-12-02T03:25:10","slug":"ad-b15-pole-adapter","status":"publish","type":"product","link":"https:\/\/mountlaser.com\/vi\/san-pham\/ad-b15-pole-adapter\/","title":{"rendered":"B\u1ed9 chuy\u1ec3n \u0111\u1ed5i c\u1ef1c AD-B15"},"content":{"rendered":"<p>C\u00e1i <a href=\"https:\/\/mountlaser.com\/vi\/\"><strong>B\u1ed9 chuy\u1ec3n \u0111\u1ed5i c\u1ef1c<\/strong><\/a> \u0110\u00e2y l\u00e0 m\u1ed9t ph\u1ee5 ki\u1ec7n \u0111\u01b0\u1ee3c thi\u1ebft k\u1ebf ch\u00ednh x\u00e1c nh\u1eb1m t\u0103ng c\u01b0\u1eddng kh\u1ea3 n\u0103ng t\u01b0\u01a1ng th\u00edch v\u00e0 t\u00ednh linh ho\u1ea1t gi\u1eefa c\u00e1c c\u1ed9t kh\u1ea3o s\u00e1t GNSS, robot v\u00e0 to\u00e0n \u0111\u1ea1c. \u0110\u01b0\u1ee3c ch\u1ebf t\u1ea1o d\u00e0nh cho c\u00e1c chuy\u00ean gia hi\u1ec7n tr\u01b0\u1eddng th\u01b0\u1eddng xuy\u00ean chuy\u1ec3n \u0111\u1ed5i gi\u1eefa c\u00e1c m\u1ee5c ti\u00eau kh\u00e1c nhau, B\u1ed9 chuy\u1ec3n \u0111\u1ed5i c\u1ed9t cho ph\u00e9p thay \u0111\u1ed5i c\u1ea5u h\u00ecnh t\u1ee9c th\u00ec b\u1eb1ng c\u00e1ch \u0111\u01a1n gi\u1ea3n l\u00e0 thay \u0111\u1ed5i b\u1ed9 chuy\u1ec3n \u0111\u1ed5i\u2014bi\u1ebfn n\u00f3 th\u00e0nh m\u1ed9t c\u00f4ng c\u1ee5 thi\u1ebft y\u1ebfu cho quy tr\u00ecnh l\u00e0m vi\u1ec7c hi\u1ec7u qu\u1ea3.<\/p>\n<p>\u0110\u01b0\u1ee3c ch\u1ebf t\u1ea1o t\u1eeb v\u1eadt li\u1ec7u b\u1ec1n ch\u1eafc v\u00e0 c\u00f3 ren l\u1eafp \u0111\u1eb7t ti\u00eau chu\u1ea9n 5\/8\u2033-11, s\u1ea3n ph\u1ea9m n\u00e0y <a href=\"https:\/\/mountlaser.com\/vi\/about-us\/\"><strong>B\u1ed9 chuy\u1ec3n \u0111\u1ed5i c\u1ed9t c\u00f3 ren<\/strong> <\/a>\u0110\u1ea3m b\u1ea3o k\u1ebft n\u1ed1i an to\u00e0n v\u00e0 \u1ed5n \u0111\u1ecbnh cho nhi\u1ec1u m\u1ee5c ti\u00eau kh\u1ea3o s\u00e1t kh\u00e1c nhau. M\u1ed7i b\u1ed9 chuy\u1ec3n \u0111\u1ed5i c\u1ed9t c\u00f3 ren \u0111\u01b0\u1ee3c thi\u1ebft k\u1ebf v\u1edbi chi\u1ec1u d\u00e0i c\u1ee5 th\u1ec3 \u0111\u1ec3 \u0111\u1ea1t \u0111\u01b0\u1ee3c chi\u1ec1u cao m\u1ee5c ti\u00eau ch\u00ednh x\u00e1c 150 mm, \u0111\u1ea3m b\u1ea3o \u0111\u1ed9 ch\u00ednh x\u00e1c trong nhi\u1ec1u \u1ee9ng d\u1ee5ng.<\/p>\n<p><a href=\"https:\/\/mountlaser.com\/vi\/contact-us\/\">Nhi\u1ec1u m\u1eabu b\u1ed9 chuy\u1ec3n \u0111\u1ed5i<\/a>\u2014bao g\u1ed3m AD-B15, AD-B35, AD-B50, AD-B73, AD-B80 v\u00e0 AD-B100\u2014cung c\u1ea5p kh\u1ea3 n\u0103ng t\u01b0\u01a1ng th\u00edch \u0111\u01b0\u1ee3c thi\u1ebft k\u1ebf ri\u00eang v\u1edbi c\u00e1c l\u0103ng k\u00ednh Trimble, Zeiss, Topcon v\u00e0 MountLaser, mang \u0111\u1ebfn cho c\u00e1c nh\u00e0 kh\u1ea3o s\u00e1t s\u1ef1 linh ho\u1ea1t ch\u01b0a t\u1eebng c\u00f3 tr\u00ean th\u1ef1c \u0111\u1ecba. Cho d\u00f9 b\u1ea1n \u0111ang s\u1eed d\u1ee5ng l\u0103ng k\u00ednh 360\u00b0, l\u0103ng k\u00ednh mini hay c\u00e1c m\u1ee5c ti\u00eau gi\u00e1m s\u00e1t c\u00f3 th\u1ec3 \u0111i\u1ec1u ch\u1ec9nh, B\u1ed9 chuy\u1ec3n \u0111\u1ed5i c\u1ed9t \u0111\u1ec1u mang l\u1ea1i s\u1ef1 c\u0103n ch\u1ec9nh ch\u00ednh x\u00e1c, chuy\u1ec3n \u0111\u1ed5i nhanh ch\u00f3ng v\u00e0 \u0111\u1ed9 b\u1ec1n l\u00e2u d\u00e0i.<\/p>\n<div>\n<table style=\"border-collapse: collapse; width: 947.27pt;\" border=\"0\" width=\"1263\" cellspacing=\"0\" cellpadding=\"0\">\n<tbody>\n<tr style=\"height: 17.25pt;\">\n<td class=\"et2\" style=\"height: 17.25pt; width: 235.50pt;\" width=\"314\" height=\"23\">\u0110\u1ed0I T\u00c1C<\/td>\n<td class=\"et3\" style=\"width: 309.00pt;\" width=\"412\">M\u1ee4C TI\u00caU \u0110\u01af\u1ee2C THI\u1ebeT K\u1ebe CHO<\/td>\n<td class=\"et3\" style=\"width: 88.50pt;\" width=\"118\">CHI\u1ec0U CAO M\u1ee4C TI\u00caU<\/td>\n<td class=\"et3\" style=\"width: 138.00pt;\" width=\"184\">CHI\u1ec0U D\u00c0I B\u1ed8 CHUY\u1ec2N \u0110\u1ed4I<\/td>\n<td class=\"et4\" style=\"width: 176.25pt;\" width=\"235\">H\u00ccNH \u1ea2NH<\/td>\n<\/tr>\n<tr style=\"height: 14.25pt;\">\n<td class=\"et5\" style=\"height: 14.25pt;\" height=\"19\">AD-B15<\/td>\n<td class=\"et5\">TRI RMT, C\u00f3 th\u1ec3 \u0111i\u1ec1u ch\u1ec9nh<\/td>\n<td class=\"et5\">135mm<\/td>\n<td class=\"et5\">15mm<\/td>\n<td><img fetchpriority=\"high\" decoding=\"async\" class=\"alignnone wp-image-5022\" src=\"https:\/\/mountlaser.com\/wp-content\/uploads\/2025\/12\/AD-B15-2.webp\" alt=\"Pole Adapter\" width=\"500\" height=\"500\" srcset=\"https:\/\/mountlaser.com\/wp-content\/uploads\/2025\/12\/AD-B15-2.webp 1000w, https:\/\/mountlaser.com\/wp-content\/uploads\/2025\/12\/AD-B15-2-300x300.webp 300w, https:\/\/mountlaser.com\/wp-content\/uploads\/2025\/12\/AD-B15-2-150x150.webp 150w, https:\/\/mountlaser.com\/wp-content\/uploads\/2025\/12\/AD-B15-2-768x768.webp 768w, https:\/\/mountlaser.com\/wp-content\/uploads\/2025\/12\/AD-B15-2-12x12.webp 12w, https:\/\/mountlaser.com\/wp-content\/uploads\/2025\/12\/AD-B15-2-600x600.webp 600w, https:\/\/mountlaser.com\/wp-content\/uploads\/2025\/12\/AD-B15-2-800x800.webp 800w, https:\/\/mountlaser.com\/wp-content\/uploads\/2025\/12\/AD-B15-2-400x400.webp 400w\" sizes=\"(max-width: 500px) 100vw, 500px\" \/><\/td>\n<\/tr>\n<tr style=\"height: 14.25pt;\">\n<td class=\"et5\" style=\"height: 14.25pt;\" height=\"19\">AD-B35<\/td>\n<td class=\"et5\">Chi\u1ec1u cao l\u0103ng k\u00ednh laser g\u1eafn tr\u00ean gi\u00e1 \u0111\u1ee1: 115mm<\/td>\n<td class=\"et5\">115mm<\/td>\n<td class=\"et5\">35mm<\/td>\n<td><img decoding=\"async\" class=\"alignnone wp-image-5031\" src=\"https:\/\/mountlaser.com\/wp-content\/uploads\/2025\/12\/AD-B35-1.webp\" alt=\"Pole Adapter\" width=\"500\" height=\"500\" srcset=\"https:\/\/mountlaser.com\/wp-content\/uploads\/2025\/12\/AD-B35-1.webp 1000w, https:\/\/mountlaser.com\/wp-content\/uploads\/2025\/12\/AD-B35-1-300x300.webp 300w, https:\/\/mountlaser.com\/wp-content\/uploads\/2025\/12\/AD-B35-1-150x150.webp 150w, https:\/\/mountlaser.com\/wp-content\/uploads\/2025\/12\/AD-B35-1-768x768.webp 768w, https:\/\/mountlaser.com\/wp-content\/uploads\/2025\/12\/AD-B35-1-12x12.webp 12w, https:\/\/mountlaser.com\/wp-content\/uploads\/2025\/12\/AD-B35-1-600x600.webp 600w, https:\/\/mountlaser.com\/wp-content\/uploads\/2025\/12\/AD-B35-1-800x800.webp 800w, https:\/\/mountlaser.com\/wp-content\/uploads\/2025\/12\/AD-B35-1-400x400.webp 400w\" sizes=\"(max-width: 500px) 100vw, 500px\" \/><\/td>\n<\/tr>\n<tr style=\"height: 14.25pt;\">\n<td class=\"et5\" style=\"height: 14.25pt;\" height=\"19\">AD-B50<\/td>\n<td class=\"et5\">L\u0103ng k\u00ednh 360\u00b0 c\u1ee7a Zeiss<\/td>\n<td class=\"et5\">100mm<\/td>\n<td class=\"et5\">50mm<\/td>\n<td><img decoding=\"async\" class=\"alignnone wp-image-5039\" src=\"https:\/\/mountlaser.com\/wp-content\/uploads\/2025\/12\/AD-B50-1.webp\" alt=\"Pole Adapter\" width=\"500\" height=\"500\" srcset=\"https:\/\/mountlaser.com\/wp-content\/uploads\/2025\/12\/AD-B50-1.webp 1000w, https:\/\/mountlaser.com\/wp-content\/uploads\/2025\/12\/AD-B50-1-300x300.webp 300w, https:\/\/mountlaser.com\/wp-content\/uploads\/2025\/12\/AD-B50-1-150x150.webp 150w, https:\/\/mountlaser.com\/wp-content\/uploads\/2025\/12\/AD-B50-1-768x768.webp 768w, https:\/\/mountlaser.com\/wp-content\/uploads\/2025\/12\/AD-B50-1-12x12.webp 12w, https:\/\/mountlaser.com\/wp-content\/uploads\/2025\/12\/AD-B50-1-600x600.webp 600w, https:\/\/mountlaser.com\/wp-content\/uploads\/2025\/12\/AD-B50-1-800x800.webp 800w, https:\/\/mountlaser.com\/wp-content\/uploads\/2025\/12\/AD-B50-1-400x400.webp 400w\" sizes=\"(max-width: 500px) 100vw, 500px\" \/><\/td>\n<\/tr>\n<tr style=\"height: 14.25pt;\">\n<td class=\"et5\" style=\"height: 14.25pt;\" height=\"19\">AD-B73<\/td>\n<td class=\"et5\">L\u0103ng k\u00ednh 360\u00b0 h\u00e0ng \u0111\u1ea7u<\/td>\n<td class=\"et5\">77mm<\/td>\n<td class=\"et5\">73mm<\/td>\n<td><img loading=\"lazy\" decoding=\"async\" class=\"alignnone wp-image-5052\" src=\"https:\/\/mountlaser.com\/wp-content\/uploads\/2025\/12\/AD-B80-5.webp\" alt=\"Pole Adapter\" width=\"500\" height=\"500\" srcset=\"https:\/\/mountlaser.com\/wp-content\/uploads\/2025\/12\/AD-B80-5.webp 1000w, https:\/\/mountlaser.com\/wp-content\/uploads\/2025\/12\/AD-B80-5-300x300.webp 300w, https:\/\/mountlaser.com\/wp-content\/uploads\/2025\/12\/AD-B80-5-150x150.webp 150w, https:\/\/mountlaser.com\/wp-content\/uploads\/2025\/12\/AD-B80-5-768x768.webp 768w, https:\/\/mountlaser.com\/wp-content\/uploads\/2025\/12\/AD-B80-5-12x12.webp 12w, https:\/\/mountlaser.com\/wp-content\/uploads\/2025\/12\/AD-B80-5-600x600.webp 600w, https:\/\/mountlaser.com\/wp-content\/uploads\/2025\/12\/AD-B80-5-800x800.webp 800w, https:\/\/mountlaser.com\/wp-content\/uploads\/2025\/12\/AD-B80-5-400x400.webp 400w\" sizes=\"(max-width: 500px) 100vw, 500px\" \/><\/td>\n<\/tr>\n<tr style=\"height: 14.25pt;\">\n<td class=\"et5\" style=\"height: 14.25pt;\" height=\"19\">AD-B80<\/td>\n<td class=\"et5\">L\u0103ng k\u00ednh mini MountLaser<\/td>\n<td class=\"et5\">70mm<\/td>\n<td class=\"et5\">80mm<\/td>\n<td><img loading=\"lazy\" decoding=\"async\" class=\"alignnone wp-image-5048\" src=\"https:\/\/mountlaser.com\/wp-content\/uploads\/2025\/12\/AD-B80-1.webp\" alt=\"\" width=\"500\" height=\"500\" srcset=\"https:\/\/mountlaser.com\/wp-content\/uploads\/2025\/12\/AD-B80-1.webp 1000w, https:\/\/mountlaser.com\/wp-content\/uploads\/2025\/12\/AD-B80-1-300x300.webp 300w, https:\/\/mountlaser.com\/wp-content\/uploads\/2025\/12\/AD-B80-1-150x150.webp 150w, https:\/\/mountlaser.com\/wp-content\/uploads\/2025\/12\/AD-B80-1-768x768.webp 768w, https:\/\/mountlaser.com\/wp-content\/uploads\/2025\/12\/AD-B80-1-12x12.webp 12w, https:\/\/mountlaser.com\/wp-content\/uploads\/2025\/12\/AD-B80-1-600x600.webp 600w, https:\/\/mountlaser.com\/wp-content\/uploads\/2025\/12\/AD-B80-1-800x800.webp 800w, https:\/\/mountlaser.com\/wp-content\/uploads\/2025\/12\/AD-B80-1-400x400.webp 400w\" sizes=\"(max-width: 500px) 100vw, 500px\" \/><\/td>\n<\/tr>\n<tr style=\"height: 14.25pt;\">\n<td class=\"et5\" style=\"height: 14.25pt;\" height=\"19\">AD-B100<\/td>\n<td class=\"et5\">TOP 360\u00b0 Prism ATP1 ATP2<\/td>\n<td class=\"et5\">50mm<\/td>\n<td class=\"et5\">100mm<\/td>\n<td class=\"et6\"><img loading=\"lazy\" decoding=\"async\" class=\"alignnone wp-image-5059\" src=\"https:\/\/mountlaser.com\/wp-content\/uploads\/2025\/12\/AD-B100-4.webp\" alt=\"Pole Adapter\" width=\"500\" height=\"500\" srcset=\"https:\/\/mountlaser.com\/wp-content\/uploads\/2025\/12\/AD-B100-4.webp 1000w, https:\/\/mountlaser.com\/wp-content\/uploads\/2025\/12\/AD-B100-4-300x300.webp 300w, https:\/\/mountlaser.com\/wp-content\/uploads\/2025\/12\/AD-B100-4-150x150.webp 150w, https:\/\/mountlaser.com\/wp-content\/uploads\/2025\/12\/AD-B100-4-768x768.webp 768w, https:\/\/mountlaser.com\/wp-content\/uploads\/2025\/12\/AD-B100-4-12x12.webp 12w, https:\/\/mountlaser.com\/wp-content\/uploads\/2025\/12\/AD-B100-4-600x600.webp 600w, https:\/\/mountlaser.com\/wp-content\/uploads\/2025\/12\/AD-B100-4-800x800.webp 800w, https:\/\/mountlaser.com\/wp-content\/uploads\/2025\/12\/AD-B100-4-400x400.webp 400w\" sizes=\"(max-width: 500px) 100vw, 500px\" \/><\/td>\n<\/tr>\n<\/tbody>\n<\/table>\n<\/div>","protected":false},"excerpt":{"rendered":"<ul>\n<li>Cung c\u1ea5p gi\u00e1 \u0111\u1ee1 ch\u1eafc ch\u1eafn v\u00e0 ch\u00ednh x\u00e1c cho c\u1ed9t GNSS v\u00e0 m\u00e1y to\u00e0n \u0111\u1ea1c.<\/li>\n<li>Cho ph\u00e9p chuy\u1ec3n \u0111\u1ed5i nhanh ch\u00f3ng gi\u1eefa c\u00e1c m\u1ee5c ti\u00eau kh\u1ea3o s\u00e1t kh\u00e1c nhau.<\/li>\n<li>\u0110\u1ea3m b\u1ea3o chi\u1ec1u cao m\u1ee5c ti\u00eau nh\u1ea5t qu\u00e1n (150 mm) tr\u00ean t\u1ea5t c\u1ea3 c\u00e1c lo\u1ea1i b\u1ed9 chuy\u1ec3n \u0111\u1ed5i.<\/li>\n<li>T\u01b0\u01a1ng th\u00edch v\u1edbi nhi\u1ec1u th\u01b0\u01a1ng hi\u1ec7u v\u00e0 h\u1ec7 th\u1ed1ng l\u0103ng k\u00ednh kh\u00e1c nhau.<\/li>\n<li>L\u00fd t\u01b0\u1edfng cho vi\u1ec7c kh\u1ea3o s\u00e1t hi\u1ec7n tr\u01b0\u1eddng, gi\u00e1m s\u00e1t v\u00e0 \u0111o \u0111\u1ea1c trong x\u00e2y d\u1ef1ng.<\/li>\n<\/ul>","protected":false},"featured_media":5021,"comment_status":"open","ping_status":"closed","template":"","meta":[],"product_brand":[],"product_cat":[89,142],"product_tag":[],"class_list":{"0":"post-5030","1":"product","2":"type-product","3":"status-publish","4":"has-post-thumbnail","6":"product_cat-surveying-pole-rod","7":"product_cat-pole-adapter","9":"first","10":"instock","11":"shipping-taxable","12":"product-type-simple"},"_links":{"self":[{"href":"https:\/\/mountlaser.com\/vi\/wp-json\/wp\/v2\/product\/5030","targetHints":{"allow":["GET"]}}],"collection":[{"href":"https:\/\/mountlaser.com\/vi\/wp-json\/wp\/v2\/product"}],"about":[{"href":"https:\/\/mountlaser.com\/vi\/wp-json\/wp\/v2\/types\/product"}],"replies":[{"embeddable":true,"href":"https:\/\/mountlaser.com\/vi\/wp-json\/wp\/v2\/comments?post=5030"}],"wp:featuredmedia":[{"embeddable":true,"href":"https:\/\/mountlaser.com\/vi\/wp-json\/wp\/v2\/media\/5021"}],"wp:attachment":[{"href":"https:\/\/mountlaser.com\/vi\/wp-json\/wp\/v2\/media?parent=5030"}],"wp:term":[{"taxonomy":"product_brand","embeddable":true,"href":"https:\/\/mountlaser.com\/vi\/wp-json\/wp\/v2\/product_brand?post=5030"},{"taxonomy":"product_cat","embeddable":true,"href":"https:\/\/mountlaser.com\/vi\/wp-json\/wp\/v2\/product_cat?post=5030"},{"taxonomy":"product_tag","embeddable":true,"href":"https:\/\/mountlaser.com\/vi\/wp-json\/wp\/v2\/product_tag?post=5030"}],"curies":[{"name":"trang web","href":"https:\/\/api.w.org\/{rel}","templated":true}]}}