{"id":4942,"date":"2025-11-26T03:29:18","date_gmt":"2025-11-26T03:29:18","guid":{"rendered":"https:\/\/mountlaser.com\/?post_type=product&#038;p=4942"},"modified":"2025-11-26T03:29:18","modified_gmt":"2025-11-26T03:29:18","slug":"auto-levels-b-series","status":"publish","type":"product","link":"https:\/\/mountlaser.com\/vi\/san-pham\/auto-levels-b-series\/","title":{"rendered":"B\u1ed9 c\u00e2n b\u1eb1ng t\u1ef1 \u0111\u1ed9ng d\u00f2ng B"},"content":{"rendered":"<p>\u0110\u1ea1t \u0111\u01b0\u1ee3c \u0111\u1ed9 ch\u00ednh x\u00e1c v\u00e0 \u0111\u1ed9 tin c\u1eady v\u01b0\u1ee3t tr\u1ed9i trong c\u00f4ng vi\u1ec7c th\u1ef1c \u0111\u1ecba c\u1ee7a b\u1ea1n v\u1edbi... <a href=\"https:\/\/mountlaser.com\/vi\/about-us\/\">B\u1ed9 c\u00e2n b\u1eb1ng t\u1ef1 \u0111\u1ed9ng d\u00f2ng B<\/a> T\u1eeb \u0111\u1ec9nh n\u00fai Laser.<br \/>\nD\u00f2ng s\u1ea3n ph\u1ea9m Auto Levels B Series \u0111a n\u0103ng n\u00e0y bao g\u1ed3m:<br \/>\nT\u1ef1 \u0111\u1ed9ng c\u00e2n b\u1eb1ng B20<br \/>\nT\u1ef1 \u0111\u1ed9ng c\u00e2n b\u1eb1ng B30<br \/>\nB\u1ed9 c\u00e2n b\u1eb1ng t\u1ef1 \u0111\u1ed9ng B30A<br \/>\nT\u1ef1 \u0111\u1ed9ng c\u00e2n b\u1eb1ng B40<br \/>\nM\u00e1y c\u00e2n b\u1eb1ng t\u1ef1 \u0111\u1ed9ng B40A \u0111\u01b0\u1ee3c thi\u1ebft k\u1ebf \u0111\u1ec3 \u0111\u00e1p \u1ee9ng nh\u1eefng y\u00eau c\u1ea7u kh\u1eaft khe c\u1ee7a m\u1ecdi nh\u00e0 s\u1ea3n xu\u1ea5t. <a href=\"https:\/\/mountlaser.com\/vi\/about-us\/\">kh\u1ea3o s\u00e1t \u0111\u1ed9 cao t\u1ef1 \u0111\u1ed9ng<\/a>. T\u1eeb vi\u1ec7c \u0111\u1ecbnh v\u1ecb c\u00f4ng tr\u00ecnh v\u1edbi \u0111\u1ed9 ch\u00ednh x\u00e1c cao \u0111\u1ebfn c\u00e1c c\u00f4ng vi\u1ec7c san l\u1ea5p m\u1eb7t b\u1eb1ng n\u00f3i chung, d\u00f2ng m\u00e1y B Series \u0111\u1ec1u c\u00f3 thi\u1ebft b\u1ecb ho\u00e0n to\u00e0n ph\u00f9 h\u1ee3p v\u1edbi y\u00eau c\u1ea7u \u0111\u1ed9 ch\u00ednh x\u00e1c c\u1ee7a d\u1ef1 \u00e1n c\u1ee7a b\u1ea1n.<br \/>\nKhi l\u1eadp k\u1ebf ho\u1ea1ch cho cu\u1ed9c kh\u1ea3o s\u00e1t b\u1eb1ng m\u00e1y th\u1ee7y b\u00ecnh t\u1ef1 \u0111\u1ed9ng ti\u1ebfp theo, vi\u1ec7c l\u1ef1a ch\u1ecdn thi\u1ebft b\u1ecb l\u00e0 v\u00f4 c\u00f9ng quan tr\u1ecdng, v\u00e0 d\u00f2ng m\u00e1y B Series mang \u0111\u1ebfn hi\u1ec7u su\u1ea5t \u0111\u00e1ng tin c\u1eady m\u00e0 c\u00e1c chuy\u00ean gia mong \u0111\u1ee3i. \u0110\u1ea7u t\u01b0 v\u00e0o m\u1ed9t c\u00f4ng c\u1ee5 kh\u1ea3o s\u00e1t b\u1eb1ng m\u00e1y th\u1ee7y b\u00ecnh t\u1ef1 \u0111\u1ed9ng m\u1ea1nh m\u1ebd ch\u01b0a bao gi\u1edd d\u1ec5 d\u00e0ng h\u01a1n th\u1ebf, nh\u1edd s\u1ef1 k\u1ebft h\u1ee3p gi\u1eefa c\u00e1c t\u00ednh n\u0103ng ti\u00ean ti\u1ebfn v\u00e0 gi\u00e1 tr\u1ecb v\u01b0\u1ee3t tr\u1ed9i c\u1ee7a d\u00f2ng m\u00e1y B Series.<\/p>\n<p>D\u00f2ng s\u1ea3n ph\u1ea9m n\u00e0y cung c\u1ea5p nhi\u1ec1u m\u1ee9c \u0111\u1ed9 ch\u00ednh x\u00e1c kh\u00e1c nhau, t\u1eeb \u0111\u1ed9 ch\u00ednh x\u00e1c cao 0,7mm (B20) \u0111\u1ebfn \u0111\u1ed9 l\u1ec7ch chu\u1ea9n 2,0mm tr\u00ean m\u1ed7i 1km khi \u0111o cao \u0111\u1ed9 hai l\u1ea7n, \u0111\u1ea3m b\u1ea3o t\u00ednh to\u00e0n v\u1eb9n d\u1eef li\u1ec7u cho m\u1ecdi nhi\u1ec7m v\u1ee5.<\/p>\n<p><strong>Th\u00f4ng s\u1ed1 k\u1ef9 thu\u1eadt d\u00f2ng m\u00e1y c\u00e2n b\u1eb1ng t\u1ef1 \u0111\u1ed9ng B<\/strong><\/p>\n<table width=\"1552\">\n<tbody>\n<tr>\n<td width=\"266\">M\u00e3 s\u1ed1 s\u1ea3n ph\u1ea9m.<\/td>\n<td width=\"256\">B20<\/td>\n<td width=\"257\">B30<\/td>\n<td width=\"258\">B30A<\/td>\n<td width=\"254\">B40<\/td>\n<td width=\"261\">B40A<\/td>\n<\/tr>\n<tr>\n<td>Th\u01b0\u01a1ng hi\u1ec7u<\/td>\n<td>TP\/ SK<\/td>\n<td>TP\/ SK<\/td>\n<td>TP\/ SK<\/td>\n<td>TP\/ SK<\/td>\n<td>TP\/ SK<\/td>\n<\/tr>\n<tr>\n<td>\u0110\u1ed9 l\u1ec7ch chu\u1ea9n cho vi\u1ec7c san l\u1ea5p m\u1eb7t b\u1eb1ng b\u1eb1ng ph\u01b0\u01a1ng ph\u00e1p ch\u1ea1y k\u00e9p tr\u00ean qu\u00e3ng \u0111\u01b0\u1eddng 1km<\/td>\n<td>0,7mm<\/td>\n<td>1,5mm<\/td>\n<td>2.0mm<\/td>\n<td>2.0mm<\/td>\n<td>1,5mm<\/td>\n<\/tr>\n<tr>\n<td>\u0110\u1ed9 ph\u00f3ng \u0111\u1ea1i c\u1ee7a k\u00ednh thi\u00ean v\u0103n<\/td>\n<td>32X<\/td>\n<td>28X<\/td>\n<td>24X<\/td>\n<td>24X<\/td>\n<td>28X<\/td>\n<\/tr>\n<tr>\n<td>H\u00ecnh \u1ea3nh k\u00ednh thi\u00ean v\u0103n<\/td>\n<td>D\u1ef1ng l\u00ean<\/td>\n<td>D\u1ef1ng l\u00ean<\/td>\n<td>D\u1ef1ng l\u00ean<\/td>\n<td>D\u1ef1ng l\u00ean<\/td>\n<td>D\u1ef1ng l\u00ean<\/td>\n<\/tr>\n<tr>\n<td>Kho\u1ea3ng c\u00e1ch ng\u1eafm ng\u1eafn nh\u1ea5t<\/td>\n<td>0,3m<\/td>\n<td>0,3m<\/td>\n<td>0,3m<\/td>\n<td>0,3m<\/td>\n<td>0,3m<\/td>\n<\/tr>\n<tr>\n<td>L\u1ed7i kho\u1ea3ng c\u00e1ch quan s\u00e1t<\/td>\n<td>\u2264\u00b10,4%<\/td>\n<td>\u2264\u00b10,4%<\/td>\n<td>\u2264\u00b10,4%<\/td>\n<td>\u2264\u00b10,4%<\/td>\n<td>\u2264\u00b10,4%<\/td>\n<\/tr>\n<tr>\n<td>K\u00edch th\u01b0\u1edbc kh\u1ea9u \u0111\u1ed9 hi\u1ec7u d\u1ee5ng c\u1ee7a th\u1ea5u k\u00ednh v\u1eadt k\u00ednh<\/td>\n<td>42mm<\/td>\n<td>36mm<\/td>\n<td>36mm<\/td>\n<td>32mm<\/td>\n<td>32mm<\/td>\n<\/tr>\n<tr>\n<td>Ngh\u1ecb quy\u1ebft<\/td>\n<td>\u22643,0\u2033<\/td>\n<td>\u22643,5\u2033<\/td>\n<td>\u22643,5\u2033<\/td>\n<td>\u22644,0\u2033<\/td>\n<td>\u22644,0\u2033<\/td>\n<\/tr>\n<tr>\n<td>G\u00f3c nh\u00ecn<\/td>\n<td>1\u00b025\u2032<\/td>\n<td>1\u00b025\u2032<\/td>\n<td>1\u00b025\u2032<\/td>\n<td>1\u00b025\u2032<\/td>\n<td>1\u00b025\u2032<\/td>\n<\/tr>\n<tr>\n<td>L\u1ed7i l\u1ea5y n\u00e9t<\/td>\n<td>\u22640,5mm<\/td>\n<td>\u22641,0mm<\/td>\n<td>\u22641,0mm<\/td>\n<td>\u22641,0mm<\/td>\n<td>\u22641,0mm<\/td>\n<\/tr>\n<tr>\n<td>Lo\u1ea1i b\u1ed9 b\u00f9<\/td>\n<td>Gi\u1ea3m ch\u1ea5n t\u1eeb t\u00ednh<\/td>\n<td>Gi\u1ea3m ch\u1ea5n t\u1eeb t\u00ednh<\/td>\n<td>Gi\u1ea3m ch\u1ea5n t\u1eeb t\u00ednh<\/td>\n<td>Gi\u1ea3m ch\u1ea5n t\u1eeb t\u00ednh<\/td>\n<td>Gi\u1ea3m ch\u1ea5n t\u1eeb t\u00ednh<\/td>\n<\/tr>\n<tr>\n<td>Ph\u1ea1m vi ho\u1ea1t \u0111\u1ed9ng c\u1ee7a b\u1ed9 b\u00f9<\/td>\n<td>\u00b115\u2032<\/td>\n<td>\u00b115\u2032<\/td>\n<td>\u00b115\u2032<\/td>\n<td>\u00b115\u2032<\/td>\n<td>\u00b115\u2032<\/td>\n<\/tr>\n<tr>\n<td>Sai s\u1ed1 b\u00f9 tr\u1eeb<\/td>\n<td>\u22640,3\u2033<\/td>\n<td>\u22640,5\u2033<\/td>\n<td>\u22640,5\u2033<\/td>\n<td>\u22640,5\u2033<\/td>\n<td>\u22640,5\u2033<\/td>\n<\/tr>\n<tr>\n<td>T\u00e2m ng\u1eafm<\/td>\n<td>H\u00ecnh n\u00eam<\/td>\n<td>T\u00e2m ng\u1eafm ch\u1eef th\u1eadp<\/td>\n<td>T\u00e2m ng\u1eafm ch\u1eef th\u1eadp<\/td>\n<td>T\u00e2m ng\u1eafm ch\u1eef th\u1eadp<\/td>\n<td>T\u00e2m ng\u1eafm ch\u1eef th\u1eadp<\/td>\n<\/tr>\n<tr>\n<td>\u0110\u1ed9 ch\u00ednh x\u00e1c c\u00e0i \u0111\u1eb7t<\/td>\n<td>\u00b10,3\u2033<\/td>\n<td>\u00b10,5\u2033<\/td>\n<td>\u00b10,5\u2033<\/td>\n<td>\u00b10,5\u2033<\/td>\n<td>\u00b10,5\u2033<\/td>\n<\/tr>\n<tr>\n<td>C\u00e0i \u0111\u1eb7t th\u1eddi gian<\/td>\n<td>\u2264 1,5 gi\u00e2y<\/td>\n<td>\u2264 1,5 gi\u00e2y<\/td>\n<td>\u2264 1,5 gi\u00e2y<\/td>\n<td>\u2264 1,5 gi\u00e2y<\/td>\n<td>\u2264 1,5 gi\u00e2y<\/td>\n<\/tr>\n<tr>\n<td>H\u1eb1ng s\u1ed1 nh\u00e2n Stadia<\/td>\n<td>100<\/td>\n<td>100<\/td>\n<td>100<\/td>\n<td>100<\/td>\n<td>100<\/td>\n<\/tr>\n<tr>\n<td>H\u1eb1ng s\u1ed1 c\u1ed9ng Stadia<\/td>\n<td>0<\/td>\n<td>0<\/td>\n<td>0<\/td>\n<td>0<\/td>\n<td>0<\/td>\n<\/tr>\n<tr>\n<td>\u0110\u1ed9 nh\u1ea1y c\u1ee7a m\u1ee9c tr\u00f2n<\/td>\n<td>8\u2032 \/ 2mm<\/td>\n<td>10\u2032 \/ 2mm<\/td>\n<td>10\u2032 \/ 2mm<\/td>\n<td>10\u2032 \/ 2mm<\/td>\n<td>10\u2032 \/ 2mm<\/td>\n<\/tr>\n<tr>\n<td>Kho\u1ea3ng chia \u0111\u1ed9 c\u1ee7a \u0111\u01b0\u1eddng tr\u00f2n<\/td>\n<td>T\u00f9y ch\u1ecdn 360\u00b0 ho\u1eb7c 400 gon<\/td>\n<td>T\u00f9y ch\u1ecdn 360\u00b0 ho\u1eb7c 400 gon<\/td>\n<td>T\u00f9y ch\u1ecdn 360\u00b0 ho\u1eb7c 400 gon<\/td>\n<td>T\u00f9y ch\u1ecdn 360\u00b0 ho\u1eb7c 400 gon<\/td>\n<td>T\u00f9y ch\u1ecdn 360\u00b0 ho\u1eb7c 400 gon<\/td>\n<\/tr>\n<tr>\n<td>Ch\u1ed1ng n\u01b0\u1edbc v\u00e0 b\u1ee5i<\/td>\n<td>IPX6<\/td>\n<td>IPX6<\/td>\n<td>IPX6<\/td>\n<td>IPX6<\/td>\n<td>IPX6<\/td>\n<\/tr>\n<tr>\n<td>Ph\u1ee5 ki\u1ec7n ti\u00eau chu\u1ea9n<\/td>\n<td>S\u00e1ch h\u01b0\u1edbng d\u1eabn s\u1eed d\u1ee5ng, ch\u00eca kh\u00f3a l\u1ee5c gi\u00e1c, ch\u1ed1t \u0111i\u1ec1u ch\u1ec9nh, h\u1ed9p \u0111\u1ef1ng b\u1eb1ng nh\u1ef1a.<\/td>\n<td>S\u00e1ch h\u01b0\u1edbng d\u1eabn s\u1eed d\u1ee5ng, ch\u00eca kh\u00f3a l\u1ee5c gi\u00e1c, ch\u1ed1t \u0111i\u1ec1u ch\u1ec9nh, h\u1ed9p \u0111\u1ef1ng b\u1eb1ng nh\u1ef1a.<\/td>\n<td>S\u00e1ch h\u01b0\u1edbng d\u1eabn s\u1eed d\u1ee5ng, ch\u00eca kh\u00f3a l\u1ee5c gi\u00e1c, ch\u1ed1t \u0111i\u1ec1u ch\u1ec9nh, h\u1ed9p \u0111\u1ef1ng b\u1eb1ng nh\u1ef1a.<\/td>\n<td>S\u00e1ch h\u01b0\u1edbng d\u1eabn s\u1eed d\u1ee5ng, ch\u00eca kh\u00f3a l\u1ee5c gi\u00e1c, ch\u1ed1t \u0111i\u1ec1u ch\u1ec9nh, h\u1ed9p \u0111\u1ef1ng b\u1eb1ng nh\u1ef1a.<\/td>\n<td>S\u00e1ch h\u01b0\u1edbng d\u1eabn s\u1eed d\u1ee5ng, ch\u00eca kh\u00f3a l\u1ee5c gi\u00e1c, ch\u1ed1t \u0111i\u1ec1u ch\u1ec9nh, h\u1ed9p \u0111\u1ef1ng b\u1eb1ng nh\u1ef1a.<\/td>\n<\/tr>\n<tr>\n<td>H\u00ecnh \u1ea3nh<\/td>\n<td><img fetchpriority=\"high\" decoding=\"async\" class=\"alignnone wp-image-4943 size-medium\" src=\"https:\/\/mountlaser.com\/wp-content\/uploads\/2025\/11\/B20-300x300.webp\" alt=\"auto level survey\" width=\"300\" height=\"300\" srcset=\"https:\/\/mountlaser.com\/wp-content\/uploads\/2025\/11\/B20-300x300.webp 300w, https:\/\/mountlaser.com\/wp-content\/uploads\/2025\/11\/B20-400x400.webp 400w, https:\/\/mountlaser.com\/wp-content\/uploads\/2025\/11\/B20-800x800.webp 800w, https:\/\/mountlaser.com\/wp-content\/uploads\/2025\/11\/B20-600x600.webp 600w, https:\/\/mountlaser.com\/wp-content\/uploads\/2025\/11\/B20-150x150.webp 150w, https:\/\/mountlaser.com\/wp-content\/uploads\/2025\/11\/B20-768x768.webp 768w, https:\/\/mountlaser.com\/wp-content\/uploads\/2025\/11\/B20-12x12.webp 12w, https:\/\/mountlaser.com\/wp-content\/uploads\/2025\/11\/B20.webp 1000w\" sizes=\"(max-width: 300px) 100vw, 300px\" \/><\/td>\n<td><\/td>\n<td><img decoding=\"async\" class=\"alignnone wp-image-4944 size-medium\" src=\"https:\/\/mountlaser.com\/wp-content\/uploads\/2025\/11\/B30A-300x300.webp\" alt=\"auto level survey\" width=\"300\" height=\"300\" srcset=\"https:\/\/mountlaser.com\/wp-content\/uploads\/2025\/11\/B30A-300x300.webp 300w, https:\/\/mountlaser.com\/wp-content\/uploads\/2025\/11\/B30A-400x400.webp 400w, https:\/\/mountlaser.com\/wp-content\/uploads\/2025\/11\/B30A-800x800.webp 800w, https:\/\/mountlaser.com\/wp-content\/uploads\/2025\/11\/B30A-600x600.webp 600w, https:\/\/mountlaser.com\/wp-content\/uploads\/2025\/11\/B30A-150x150.webp 150w, https:\/\/mountlaser.com\/wp-content\/uploads\/2025\/11\/B30A-768x768.webp 768w, https:\/\/mountlaser.com\/wp-content\/uploads\/2025\/11\/B30A-12x12.webp 12w, https:\/\/mountlaser.com\/wp-content\/uploads\/2025\/11\/B30A.webp 1000w\" sizes=\"(max-width: 300px) 100vw, 300px\" \/><\/td>\n<td><img decoding=\"async\" class=\"alignnone wp-image-4945 size-medium\" src=\"https:\/\/mountlaser.com\/wp-content\/uploads\/2025\/11\/B40-300x300.webp\" alt=\"auto level survey\" width=\"300\" height=\"300\" srcset=\"https:\/\/mountlaser.com\/wp-content\/uploads\/2025\/11\/B40-300x300.webp 300w, https:\/\/mountlaser.com\/wp-content\/uploads\/2025\/11\/B40-400x400.webp 400w, https:\/\/mountlaser.com\/wp-content\/uploads\/2025\/11\/B40-800x800.webp 800w, https:\/\/mountlaser.com\/wp-content\/uploads\/2025\/11\/B40-600x600.webp 600w, https:\/\/mountlaser.com\/wp-content\/uploads\/2025\/11\/B40-150x150.webp 150w, https:\/\/mountlaser.com\/wp-content\/uploads\/2025\/11\/B40-768x768.webp 768w, https:\/\/mountlaser.com\/wp-content\/uploads\/2025\/11\/B40-12x12.webp 12w, https:\/\/mountlaser.com\/wp-content\/uploads\/2025\/11\/B40.webp 1000w\" sizes=\"(max-width: 300px) 100vw, 300px\" \/><\/td>\n<td><img loading=\"lazy\" decoding=\"async\" class=\"alignnone wp-image-4946 size-medium\" src=\"https:\/\/mountlaser.com\/wp-content\/uploads\/2025\/11\/B40A-300x300.webp\" alt=\"auto level survey\" width=\"300\" height=\"300\" srcset=\"https:\/\/mountlaser.com\/wp-content\/uploads\/2025\/11\/B40A-300x300.webp 300w, https:\/\/mountlaser.com\/wp-content\/uploads\/2025\/11\/B40A-150x150.webp 150w, https:\/\/mountlaser.com\/wp-content\/uploads\/2025\/11\/B40A-768x768.webp 768w, https:\/\/mountlaser.com\/wp-content\/uploads\/2025\/11\/B40A-12x12.webp 12w, https:\/\/mountlaser.com\/wp-content\/uploads\/2025\/11\/B40A-600x600.webp 600w, https:\/\/mountlaser.com\/wp-content\/uploads\/2025\/11\/B40A-800x800.webp 800w, https:\/\/mountlaser.com\/wp-content\/uploads\/2025\/11\/B40A-400x400.webp 400w, https:\/\/mountlaser.com\/wp-content\/uploads\/2025\/11\/B40A.webp 1000w\" sizes=\"(max-width: 300px) 100vw, 300px\" \/><\/td>\n<\/tr>\n<\/tbody>\n<\/table>","protected":false},"excerpt":{"rendered":"<ul>\n<li>S\u1ea3n ph\u1ea9m n\u00e0y c\u00f3 k\u00ednh vi\u1ec5n v\u1ecdng t\u1ea1o \u1ea3nh th\u1eb3ng \u0111\u1ee9ng v\u1edbi \u0111\u1ed9 ph\u00f3ng \u0111\u1ea1i t\u1eeb 24X \u0111\u1ebfn 32X, cung c\u1ea5p h\u00ecnh \u1ea3nh r\u00f5 n\u00e9t, ch\u00ednh x\u00e1c gi\u00fap d\u1ec5 d\u00e0ng nh\u1eafm m\u1ee5c ti\u00eau v\u00e0 gi\u1ea3m thi\u1ec3u sai s\u00f3t khi v\u1eadn h\u00e0nh.<\/li>\n<li>\u0110\u01b0\u1ee3c ch\u1ebf t\u1ea1o v\u1edbi x\u1ebfp h\u1ea1ng IPX6 v\u1ec1 kh\u1ea3 n\u0103ng ch\u1ed1ng n\u01b0\u1edbc v\u00e0 b\u1ee5i, d\u00f2ng B Series s\u1eb5n s\u00e0ng ho\u1ea1t \u0111\u1ed9ng trong nh\u1eefng m\u00f4i tr\u01b0\u1eddng kh\u1eafc nghi\u1ec7t.<\/li>\n<li>T\u1ea5t c\u1ea3 c\u00e1c m\u1eabu \u0111\u1ec1u c\u00f3 kho\u1ea3ng c\u00e1ch ng\u1eafm t\u1ed1i thi\u1ec3u r\u1ea5t ng\u1eafn, ch\u1ec9 0,3m.<\/li>\n<\/ul>","protected":false},"featured_media":4943,"comment_status":"open","ping_status":"closed","template":"","meta":[],"product_brand":[],"product_cat":[95,141],"product_tag":[],"class_list":{"0":"post-4942","1":"product","2":"type-product","3":"status-publish","4":"has-post-thumbnail","6":"product_cat-agent-sales","7":"product_cat-auto-level-agent-sales","9":"first","10":"instock","11":"shipping-taxable","12":"product-type-simple"},"_links":{"self":[{"href":"https:\/\/mountlaser.com\/vi\/wp-json\/wp\/v2\/product\/4942","targetHints":{"allow":["GET"]}}],"collection":[{"href":"https:\/\/mountlaser.com\/vi\/wp-json\/wp\/v2\/product"}],"about":[{"href":"https:\/\/mountlaser.com\/vi\/wp-json\/wp\/v2\/types\/product"}],"replies":[{"embeddable":true,"href":"https:\/\/mountlaser.com\/vi\/wp-json\/wp\/v2\/comments?post=4942"}],"wp:featuredmedia":[{"embeddable":true,"href":"https:\/\/mountlaser.com\/vi\/wp-json\/wp\/v2\/media\/4943"}],"wp:attachment":[{"href":"https:\/\/mountlaser.com\/vi\/wp-json\/wp\/v2\/media?parent=4942"}],"wp:term":[{"taxonomy":"product_brand","embeddable":true,"href":"https:\/\/mountlaser.com\/vi\/wp-json\/wp\/v2\/product_brand?post=4942"},{"taxonomy":"product_cat","embeddable":true,"href":"https:\/\/mountlaser.com\/vi\/wp-json\/wp\/v2\/product_cat?post=4942"},{"taxonomy":"product_tag","embeddable":true,"href":"https:\/\/mountlaser.com\/vi\/wp-json\/wp\/v2\/product_tag?post=4942"}],"curies":[{"name":"trang web","href":"https:\/\/api.w.org\/{rel}","templated":true}]}}