{"id":4938,"date":"2025-11-26T03:07:09","date_gmt":"2025-11-26T03:07:09","guid":{"rendered":"https:\/\/mountlaser.com\/?post_type=product&#038;p=4938"},"modified":"2025-11-26T03:07:10","modified_gmt":"2025-11-26T03:07:10","slug":"auto-levels-at-b-series","status":"publish","type":"product","link":"https:\/\/mountlaser.com\/vi\/san-pham\/auto-levels-at-b-series\/","title":{"rendered":"B\u1ed9 c\u00e2n b\u1eb1ng t\u1ef1 \u0111\u1ed9ng AT-B"},"content":{"rendered":"<p>N\u00e2ng t\u1ea7m c\u00e1c d\u1ef1 \u00e1n kh\u1ea3o s\u00e1t c\u1ee7a b\u1ea1n v\u1edbi m\u00e1y th\u1ee7y b\u00ecnh t\u1ef1 \u0111\u1ed9ng Auto Levels AT-B Series, m\u1ed9t thi\u1ebft b\u1ecb th\u1ee7y b\u00ecnh t\u1ef1 \u0111\u1ed9ng \u0111\u00e1ng tin c\u1eady v\u00e0 ch\u00ednh x\u00e1c t\u1eeb Mount Laser.<br \/>\n<a href=\"https:\/\/mountlaser.com\/vi\/contact-us\/\"><strong>B\u1ed9 c\u00e2n b\u1eb1ng t\u1ef1 \u0111\u1ed9ng AT-B<\/strong><\/a> Cung c\u1ea5p n\u0103m m\u1eabu kh\u00e1c nhau:<br \/>\nT\u1ef1 \u0111\u1ed9ng c\u00e2n b\u1eb1ng ATB2<br \/>\nT\u1ef1 \u0111\u1ed9ng c\u00e2n b\u1eb1ng ATB3<br \/>\nB\u1ed9 c\u00e2n b\u1eb1ng t\u1ef1 \u0111\u1ed9ng ATB3A<br \/>\nT\u1ef1 \u0111\u1ed9ng c\u00e2n b\u1eb1ng ATB4<br \/>\nB\u1ed9 c\u00e2n b\u1eb1ng t\u1ef1 \u0111\u1ed9ng ATB4A<br \/>\n\u0110\u00e1p \u1ee9ng nhi\u1ec1u y\u00eau c\u1ea7u v\u1ec1 \u0111\u1ed9 ch\u00ednh x\u00e1c v\u00e0 ng\u00e2n s\u00e1ch d\u1ef1 \u00e1n kh\u00e1c nhau. Cho d\u00f9 b\u1ea1n \u0111ang tham gia v\u00e0o c\u00f4ng t\u00e1c b\u1ed1 tr\u00ed m\u1eb7t b\u1eb1ng x\u00e2y d\u1ef1ng, san l\u1ea5p m\u1eb7t b\u1eb1ng hay c\u00e1c nhi\u1ec7m v\u1ee5 \u0111o \u0111\u1ea1c kh\u00e1c, d\u00f2ng m\u00e1y AT-B \u0111\u1ec1u mang l\u1ea1i hi\u1ec7u su\u1ea5t \u1ed5n \u0111\u1ecbnh.<\/p>\n<p>Khi xem x\u00e9t m\u1ed9t <a href=\"https:\/\/mountlaser.com\/vi\/contact-us\/\"><strong>d\u1ee5ng c\u1ee5 t\u1ef1 c\u00e2n b\u1eb1ng<\/strong><\/a>, M\u1ee9c gi\u00e1 c\u1ea1nh tranh c\u1ee7a m\u00e1y th\u1ee7y b\u00ecnh t\u1ef1 \u0111\u1ed9ng d\u00f2ng AT-B khi\u1ebfn n\u00f3 tr\u1edf th\u00e0nh m\u1ed9t s\u1ea3n ph\u1ea9m c\u00f3 gi\u00e1 tr\u1ecb v\u01b0\u1ee3t tr\u1ed9i. Ch\u00fang t\u00f4i \u0111\u1ea3m b\u1ea3o b\u1ea1n s\u1ebd nh\u1eadn \u0111\u01b0\u1ee3c m\u1ed9t thi\u1ebft b\u1ecb th\u1ee7y b\u00ecnh t\u1ef1 \u0111\u1ed9ng ch\u1ea5t l\u01b0\u1ee3ng cao m\u00e0 kh\u00f4ng h\u1ec1 c\u00f3 s\u1ef1 th\u1ecfa hi\u1ec7p, mang \u0111\u1ebfn m\u1ee9c gi\u00e1 m\u00e1y th\u1ee7y b\u00ecnh t\u1ef1 \u0111\u1ed9ng tuy\u1ec7t v\u1eddi cho c\u00e1c chuy\u00ean gia y\u00eau c\u1ea7u c\u1ea3 \u0111\u1ed9 ch\u00ednh x\u00e1c v\u00e0 gi\u00e1 c\u1ea3 ph\u1ea3i ch\u0103ng.<\/p>\n<p>&nbsp;<\/p>\n<p><strong>Th\u00f4ng s\u1ed1 k\u1ef9 thu\u1eadt c\u1ee7a m\u00e1y c\u00e2n b\u1eb1ng t\u1ef1 \u0111\u1ed9ng d\u00f2ng AT-B<\/strong><\/p>\n<table width=\"1552\">\n<tbody>\n<tr>\n<td width=\"266\">M\u00e3 s\u1ed1 s\u1ea3n ph\u1ea9m.<\/td>\n<td width=\"256\">ATB2<\/td>\n<td width=\"257\">ATB3<\/td>\n<td width=\"258\">ATB3A<\/td>\n<td width=\"254\">ATB4<\/td>\n<td width=\"261\">ATB4A<\/td>\n<\/tr>\n<tr>\n<td>Th\u01b0\u01a1ng hi\u1ec7u<\/td>\n<td>TP\/ SK<\/td>\n<td>TP\/ SK<\/td>\n<td>TP\/ SK<\/td>\n<td>TP\/ SK<\/td>\n<td>TP\/ SK<\/td>\n<\/tr>\n<tr>\n<td>\u0110\u1ed9 l\u1ec7ch chu\u1ea9n cho vi\u1ec7c san l\u1ea5p m\u1eb7t b\u1eb1ng b\u1eb1ng ph\u01b0\u01a1ng ph\u00e1p ch\u1ea1y k\u00e9p tr\u00ean qu\u00e3ng \u0111\u01b0\u1eddng 1km<\/td>\n<td>0,7mm<\/td>\n<td>1,5mm<\/td>\n<td>2.0mm<\/td>\n<td>2.0mm<\/td>\n<td>1,5mm<\/td>\n<\/tr>\n<tr>\n<td>\u0110\u1ed9 ph\u00f3ng \u0111\u1ea1i c\u1ee7a k\u00ednh thi\u00ean v\u0103n<\/td>\n<td>32X<\/td>\n<td>28X<\/td>\n<td>24X<\/td>\n<td>24X<\/td>\n<td>28X<\/td>\n<\/tr>\n<tr>\n<td>H\u00ecnh \u1ea3nh k\u00ednh thi\u00ean v\u0103n<\/td>\n<td>D\u1ef1ng l\u00ean<\/td>\n<td>D\u1ef1ng l\u00ean<\/td>\n<td>D\u1ef1ng l\u00ean<\/td>\n<td>D\u1ef1ng l\u00ean<\/td>\n<td>D\u1ef1ng l\u00ean<\/td>\n<\/tr>\n<tr>\n<td>Kho\u1ea3ng c\u00e1ch ng\u1eafm ng\u1eafn nh\u1ea5t<\/td>\n<td>0,3m<\/td>\n<td>0,3m<\/td>\n<td>0,3m<\/td>\n<td>0,3m<\/td>\n<td>0,3m<\/td>\n<\/tr>\n<tr>\n<td>L\u1ed7i kho\u1ea3ng c\u00e1ch quan s\u00e1t<\/td>\n<td>\u2264\u00b10,4%<\/td>\n<td>\u2264\u00b10,4%<\/td>\n<td>\u2264\u00b10,4%<\/td>\n<td>\u2264\u00b10,4%<\/td>\n<td>\u2264\u00b10,4%<\/td>\n<\/tr>\n<tr>\n<td>K\u00edch th\u01b0\u1edbc kh\u1ea9u \u0111\u1ed9 hi\u1ec7u d\u1ee5ng c\u1ee7a th\u1ea5u k\u00ednh v\u1eadt k\u00ednh<\/td>\n<td>42mm<\/td>\n<td>36mm<\/td>\n<td>36mm<\/td>\n<td>32mm<\/td>\n<td>32mm<\/td>\n<\/tr>\n<tr>\n<td>Ngh\u1ecb quy\u1ebft<\/td>\n<td>\u22643,0\u2033<\/td>\n<td>\u22643,5\u2033<\/td>\n<td>\u22643,5\u2033<\/td>\n<td>\u22644,0\u2033<\/td>\n<td>\u22644,0\u2033<\/td>\n<\/tr>\n<tr>\n<td>G\u00f3c nh\u00ecn<\/td>\n<td>1\u00b025\u2032<\/td>\n<td>1\u00b025\u2032<\/td>\n<td>1\u00b025\u2032<\/td>\n<td>1\u00b025\u2032<\/td>\n<td>1\u00b025\u2032<\/td>\n<\/tr>\n<tr>\n<td>L\u1ed7i l\u1ea5y n\u00e9t<\/td>\n<td>\u22640,5mm<\/td>\n<td>\u22641,0mm<\/td>\n<td>\u22641,0mm<\/td>\n<td>\u22641,0mm<\/td>\n<td>\u22641,0mm<\/td>\n<\/tr>\n<tr>\n<td>Lo\u1ea1i b\u1ed9 b\u00f9<\/td>\n<td>Gi\u1ea3m ch\u1ea5n t\u1eeb t\u00ednh<\/td>\n<td>Gi\u1ea3m ch\u1ea5n t\u1eeb t\u00ednh<\/td>\n<td>Gi\u1ea3m ch\u1ea5n t\u1eeb t\u00ednh<\/td>\n<td>Gi\u1ea3m ch\u1ea5n t\u1eeb t\u00ednh<\/td>\n<td>Gi\u1ea3m ch\u1ea5n t\u1eeb t\u00ednh<\/td>\n<\/tr>\n<tr>\n<td>Ph\u1ea1m vi ho\u1ea1t \u0111\u1ed9ng c\u1ee7a b\u1ed9 b\u00f9<\/td>\n<td>\u00b115\u2032<\/td>\n<td>\u00b115\u2032<\/td>\n<td>\u00b115\u2032<\/td>\n<td>\u00b115\u2032<\/td>\n<td>\u00b115\u2032<\/td>\n<\/tr>\n<tr>\n<td>Sai s\u1ed1 b\u00f9 tr\u1eeb<\/td>\n<td>\u22640,3\u2033<\/td>\n<td>\u22640,5\u2033<\/td>\n<td>\u22640,5\u2033<\/td>\n<td>\u22640,5\u2033<\/td>\n<td>\u22640,5\u2033<\/td>\n<\/tr>\n<tr>\n<td>T\u00e2m ng\u1eafm<\/td>\n<td>H\u00ecnh n\u00eam<\/td>\n<td>T\u00e2m ng\u1eafm ch\u1eef th\u1eadp<\/td>\n<td>T\u00e2m ng\u1eafm ch\u1eef th\u1eadp<\/td>\n<td>T\u00e2m ng\u1eafm ch\u1eef th\u1eadp<\/td>\n<td>T\u00e2m ng\u1eafm ch\u1eef th\u1eadp<\/td>\n<\/tr>\n<tr>\n<td>\u0110\u1ed9 ch\u00ednh x\u00e1c c\u00e0i \u0111\u1eb7t<\/td>\n<td>\u00b10,3\u2033<\/td>\n<td>\u00b10,5\u2033<\/td>\n<td>\u00b10,5\u2033<\/td>\n<td>\u00b10,5\u2033<\/td>\n<td>\u00b10,5\u2033<\/td>\n<\/tr>\n<tr>\n<td>C\u00e0i \u0111\u1eb7t th\u1eddi gian<\/td>\n<td>\u2264 1,5 gi\u00e2y<\/td>\n<td>\u2264 1,5 gi\u00e2y<\/td>\n<td>\u2264 1,5 gi\u00e2y<\/td>\n<td>\u2264 1,5 gi\u00e2y<\/td>\n<td>\u2264 1,5 gi\u00e2y<\/td>\n<\/tr>\n<tr>\n<td>H\u1eb1ng s\u1ed1 nh\u00e2n Stadia<\/td>\n<td>100<\/td>\n<td>100<\/td>\n<td>100<\/td>\n<td>100<\/td>\n<td>100<\/td>\n<\/tr>\n<tr>\n<td>H\u1eb1ng s\u1ed1 c\u1ed9ng Stadia<\/td>\n<td>0<\/td>\n<td>0<\/td>\n<td>0<\/td>\n<td>0<\/td>\n<td>0<\/td>\n<\/tr>\n<tr>\n<td>\u0110\u1ed9 nh\u1ea1y c\u1ee7a m\u1ee9c tr\u00f2n<\/td>\n<td>8\u2032 \/ 2mm<\/td>\n<td>10\u2032 \/ 2mm<\/td>\n<td>10\u2032 \/ 2mm<\/td>\n<td>10\u2032 \/ 2mm<\/td>\n<td>10\u2032 \/ 2mm<\/td>\n<\/tr>\n<tr>\n<td>Kho\u1ea3ng chia \u0111\u1ed9 c\u1ee7a \u0111\u01b0\u1eddng tr\u00f2n<\/td>\n<td>T\u00f9y ch\u1ecdn 360\u00b0 ho\u1eb7c 400 gon<\/td>\n<td>T\u00f9y ch\u1ecdn 360\u00b0 ho\u1eb7c 400 gon<\/td>\n<td>T\u00f9y ch\u1ecdn 360\u00b0 ho\u1eb7c 400 gon<\/td>\n<td>T\u00f9y ch\u1ecdn 360\u00b0 ho\u1eb7c 400 gon<\/td>\n<td>T\u00f9y ch\u1ecdn 360\u00b0 ho\u1eb7c 400 gon<\/td>\n<\/tr>\n<tr>\n<td>Ch\u1ed1ng n\u01b0\u1edbc v\u00e0 b\u1ee5i<\/td>\n<td>IPX6<\/td>\n<td>IPX6<\/td>\n<td>IPX6<\/td>\n<td>IPX6<\/td>\n<td>IPX6<\/td>\n<\/tr>\n<tr>\n<td>Ph\u1ee5 ki\u1ec7n ti\u00eau chu\u1ea9n<\/td>\n<td>S\u00e1ch h\u01b0\u1edbng d\u1eabn s\u1eed d\u1ee5ng, ch\u00eca kh\u00f3a l\u1ee5c gi\u00e1c, ch\u1ed1t \u0111i\u1ec1u ch\u1ec9nh, h\u1ed9p \u0111\u1ef1ng b\u1eb1ng nh\u1ef1a.<\/td>\n<td>S\u00e1ch h\u01b0\u1edbng d\u1eabn s\u1eed d\u1ee5ng, ch\u00eca kh\u00f3a l\u1ee5c gi\u00e1c, ch\u1ed1t \u0111i\u1ec1u ch\u1ec9nh, h\u1ed9p \u0111\u1ef1ng b\u1eb1ng nh\u1ef1a.<\/td>\n<td>S\u00e1ch h\u01b0\u1edbng d\u1eabn s\u1eed d\u1ee5ng, ch\u00eca kh\u00f3a l\u1ee5c gi\u00e1c, ch\u1ed1t \u0111i\u1ec1u ch\u1ec9nh, h\u1ed9p \u0111\u1ef1ng b\u1eb1ng nh\u1ef1a.<\/td>\n<td>S\u00e1ch h\u01b0\u1edbng d\u1eabn s\u1eed d\u1ee5ng, ch\u00eca kh\u00f3a l\u1ee5c gi\u00e1c, ch\u1ed1t \u0111i\u1ec1u ch\u1ec9nh, h\u1ed9p \u0111\u1ef1ng b\u1eb1ng nh\u1ef1a.<\/td>\n<td>S\u00e1ch h\u01b0\u1edbng d\u1eabn s\u1eed d\u1ee5ng, ch\u00eca kh\u00f3a l\u1ee5c gi\u00e1c, ch\u1ed1t \u0111i\u1ec1u ch\u1ec9nh, h\u1ed9p \u0111\u1ef1ng b\u1eb1ng nh\u1ef1a.<\/td>\n<\/tr>\n<tr>\n<td>H\u00ecnh \u1ea3nh<\/td>\n<td><img fetchpriority=\"high\" decoding=\"async\" class=\"alignnone wp-image-4932 size-medium\" src=\"https:\/\/mountlaser.com\/wp-content\/uploads\/2025\/11\/ATB2-300x300.webp\" alt=\"Auto level instrument\" width=\"300\" height=\"300\" srcset=\"https:\/\/mountlaser.com\/wp-content\/uploads\/2025\/11\/ATB2-300x300.webp 300w, https:\/\/mountlaser.com\/wp-content\/uploads\/2025\/11\/ATB2-400x400.webp 400w, https:\/\/mountlaser.com\/wp-content\/uploads\/2025\/11\/ATB2-800x800.webp 800w, https:\/\/mountlaser.com\/wp-content\/uploads\/2025\/11\/ATB2-600x600.webp 600w, https:\/\/mountlaser.com\/wp-content\/uploads\/2025\/11\/ATB2-150x150.webp 150w, https:\/\/mountlaser.com\/wp-content\/uploads\/2025\/11\/ATB2-768x768.webp 768w, https:\/\/mountlaser.com\/wp-content\/uploads\/2025\/11\/ATB2-12x12.webp 12w, https:\/\/mountlaser.com\/wp-content\/uploads\/2025\/11\/ATB2.webp 1000w\" sizes=\"(max-width: 300px) 100vw, 300px\" \/><\/td>\n<td><img decoding=\"async\" class=\"alignnone wp-image-4933 size-medium\" src=\"https:\/\/mountlaser.com\/wp-content\/uploads\/2025\/11\/ATB3-300x300.webp\" alt=\"Auto level instrument\" width=\"300\" height=\"300\" srcset=\"https:\/\/mountlaser.com\/wp-content\/uploads\/2025\/11\/ATB3-300x300.webp 300w, https:\/\/mountlaser.com\/wp-content\/uploads\/2025\/11\/ATB3-400x400.webp 400w, https:\/\/mountlaser.com\/wp-content\/uploads\/2025\/11\/ATB3-800x800.webp 800w, https:\/\/mountlaser.com\/wp-content\/uploads\/2025\/11\/ATB3-600x600.webp 600w, https:\/\/mountlaser.com\/wp-content\/uploads\/2025\/11\/ATB3-150x150.webp 150w, https:\/\/mountlaser.com\/wp-content\/uploads\/2025\/11\/ATB3-768x768.webp 768w, https:\/\/mountlaser.com\/wp-content\/uploads\/2025\/11\/ATB3-12x12.webp 12w, https:\/\/mountlaser.com\/wp-content\/uploads\/2025\/11\/ATB3.webp 1000w\" sizes=\"(max-width: 300px) 100vw, 300px\" \/><\/td>\n<td><img decoding=\"async\" class=\"alignnone wp-image-4934 size-medium\" src=\"https:\/\/mountlaser.com\/wp-content\/uploads\/2025\/11\/ATB3A-300x300.webp\" alt=\"Auto level instrument\" width=\"300\" height=\"300\" srcset=\"https:\/\/mountlaser.com\/wp-content\/uploads\/2025\/11\/ATB3A-300x300.webp 300w, https:\/\/mountlaser.com\/wp-content\/uploads\/2025\/11\/ATB3A-400x400.webp 400w, https:\/\/mountlaser.com\/wp-content\/uploads\/2025\/11\/ATB3A-800x800.webp 800w, https:\/\/mountlaser.com\/wp-content\/uploads\/2025\/11\/ATB3A-600x600.webp 600w, https:\/\/mountlaser.com\/wp-content\/uploads\/2025\/11\/ATB3A-150x150.webp 150w, https:\/\/mountlaser.com\/wp-content\/uploads\/2025\/11\/ATB3A-768x768.webp 768w, https:\/\/mountlaser.com\/wp-content\/uploads\/2025\/11\/ATB3A-12x12.webp 12w, https:\/\/mountlaser.com\/wp-content\/uploads\/2025\/11\/ATB3A.webp 1000w\" sizes=\"(max-width: 300px) 100vw, 300px\" \/><\/td>\n<td><img loading=\"lazy\" decoding=\"async\" class=\"alignnone wp-image-4935 size-medium\" src=\"https:\/\/mountlaser.com\/wp-content\/uploads\/2025\/11\/ATB4-300x300.webp\" alt=\"Auto level instrument\" width=\"300\" height=\"300\" srcset=\"https:\/\/mountlaser.com\/wp-content\/uploads\/2025\/11\/ATB4-300x300.webp 300w, https:\/\/mountlaser.com\/wp-content\/uploads\/2025\/11\/ATB4-400x400.webp 400w, https:\/\/mountlaser.com\/wp-content\/uploads\/2025\/11\/ATB4-800x800.webp 800w, https:\/\/mountlaser.com\/wp-content\/uploads\/2025\/11\/ATB4-600x600.webp 600w, https:\/\/mountlaser.com\/wp-content\/uploads\/2025\/11\/ATB4-150x150.webp 150w, https:\/\/mountlaser.com\/wp-content\/uploads\/2025\/11\/ATB4-768x768.webp 768w, https:\/\/mountlaser.com\/wp-content\/uploads\/2025\/11\/ATB4-12x12.webp 12w, https:\/\/mountlaser.com\/wp-content\/uploads\/2025\/11\/ATB4.webp 1000w\" sizes=\"(max-width: 300px) 100vw, 300px\" \/><\/td>\n<td><img loading=\"lazy\" decoding=\"async\" class=\"alignnone wp-image-4936 size-medium\" src=\"https:\/\/mountlaser.com\/wp-content\/uploads\/2025\/11\/ATB4A-300x300.webp\" alt=\"Auto level instrument\" width=\"300\" height=\"300\" srcset=\"https:\/\/mountlaser.com\/wp-content\/uploads\/2025\/11\/ATB4A-300x300.webp 300w, https:\/\/mountlaser.com\/wp-content\/uploads\/2025\/11\/ATB4A-400x400.webp 400w, https:\/\/mountlaser.com\/wp-content\/uploads\/2025\/11\/ATB4A-800x800.webp 800w, https:\/\/mountlaser.com\/wp-content\/uploads\/2025\/11\/ATB4A-600x600.webp 600w, https:\/\/mountlaser.com\/wp-content\/uploads\/2025\/11\/ATB4A-150x150.webp 150w, https:\/\/mountlaser.com\/wp-content\/uploads\/2025\/11\/ATB4A-768x768.webp 768w, https:\/\/mountlaser.com\/wp-content\/uploads\/2025\/11\/ATB4A-12x12.webp 12w, https:\/\/mountlaser.com\/wp-content\/uploads\/2025\/11\/ATB4A.webp 1000w\" sizes=\"(max-width: 300px) 100vw, 300px\" \/><\/td>\n<\/tr>\n<\/tbody>\n<\/table>","protected":false},"excerpt":{"rendered":"<ul>\n<li>T\u1ea5t c\u1ea3 c\u00e1c m\u1eabu \u0111\u1ec1u \u0111\u01b0\u1ee3c trang b\u1ecb b\u1ed9 b\u00f9 gi\u1ea3m ch\u1ea5n t\u1eeb t\u00ednh v\u1edbi ph\u1ea1m vi ho\u1ea1t \u0111\u1ed9ng \u00b115\u2032.<\/li>\n<li>\u0110\u1ea3m b\u1ea3o \u0111\u01b0\u1eddng ng\u1eafm ngang \u1ed5n \u0111\u1ecbnh trong v\u00f2ng ch\u01b0a \u0111\u1ea7y 1,5 gi\u00e2y \u0111\u1ec3 c\u00f3 \u0111\u01b0\u1ee3c c\u00e1c ch\u1ec9 s\u1ed1 nhanh ch\u00f3ng v\u00e0 \u0111\u00e1ng tin c\u1eady.<\/li>\n<li>C\u00e1c k\u00ednh vi\u1ec5n v\u1ecdng n\u00e0y cung c\u1ea5p h\u00ecnh \u1ea3nh r\u00f5 n\u00e9t, th\u1eb3ng \u0111\u1ee9ng v\u1edbi \u0111\u1ed9 ph\u00f3ng \u0111\u1ea1i t\u1eeb 24X \u0111\u1ebfn 32X, gi\u00fap vi\u1ec7c ng\u1eafm m\u1ee5c ti\u00eau d\u1ec5 d\u00e0ng h\u01a1n v\u00e0 gi\u1ea3m thi\u1ec3u sai s\u00f3t c\u1ee7a ng\u01b0\u1eddi v\u1eadn h\u00e0nh.<\/li>\n<\/ul>","protected":false},"featured_media":4933,"comment_status":"open","ping_status":"closed","template":"","meta":[],"product_brand":[],"product_cat":[95,141],"product_tag":[],"class_list":{"0":"post-4938","1":"product","2":"type-product","3":"status-publish","4":"has-post-thumbnail","6":"product_cat-agent-sales","7":"product_cat-auto-level-agent-sales","9":"first","10":"instock","11":"shipping-taxable","12":"product-type-simple"},"_links":{"self":[{"href":"https:\/\/mountlaser.com\/vi\/wp-json\/wp\/v2\/product\/4938","targetHints":{"allow":["GET"]}}],"collection":[{"href":"https:\/\/mountlaser.com\/vi\/wp-json\/wp\/v2\/product"}],"about":[{"href":"https:\/\/mountlaser.com\/vi\/wp-json\/wp\/v2\/types\/product"}],"replies":[{"embeddable":true,"href":"https:\/\/mountlaser.com\/vi\/wp-json\/wp\/v2\/comments?post=4938"}],"wp:featuredmedia":[{"embeddable":true,"href":"https:\/\/mountlaser.com\/vi\/wp-json\/wp\/v2\/media\/4933"}],"wp:attachment":[{"href":"https:\/\/mountlaser.com\/vi\/wp-json\/wp\/v2\/media?parent=4938"}],"wp:term":[{"taxonomy":"product_brand","embeddable":true,"href":"https:\/\/mountlaser.com\/vi\/wp-json\/wp\/v2\/product_brand?post=4938"},{"taxonomy":"product_cat","embeddable":true,"href":"https:\/\/mountlaser.com\/vi\/wp-json\/wp\/v2\/product_cat?post=4938"},{"taxonomy":"product_tag","embeddable":true,"href":"https:\/\/mountlaser.com\/vi\/wp-json\/wp\/v2\/product_tag?post=4938"}],"curies":[{"name":"trang web","href":"https:\/\/api.w.org\/{rel}","templated":true}]}}