{"id":4868,"date":"2025-11-25T06:24:10","date_gmt":"2025-11-25T06:24:10","guid":{"rendered":"https:\/\/mountlaser.com\/?post_type=product&#038;p=4868"},"modified":"2025-11-25T06:31:53","modified_gmt":"2025-11-25T06:31:53","slug":"st360-360prism-with-pole","status":"publish","type":"product","link":"https:\/\/mountlaser.com\/vi\/san-pham\/st360-360prism-with-pole\/","title":{"rendered":"ST360 L\u0103ng k\u00ednh 360\u00b0 k\u00e8m c\u1ed9t"},"content":{"rendered":"<p>C\u00e1i <a href=\"https:\/\/mountlaser.com\/vi\/danh-muc-san-pham\/reflective-target-prism\/\"><strong>ST360 360\u00b0PRISM C\u00d3 C\u1ed8T<\/strong><\/a> \u0110\u00e2y l\u00e0 h\u1ec7 th\u1ed1ng l\u0103ng k\u00ednh g\u00f3c r\u1ed9ng \u0111\u1ed9 ch\u00ednh x\u00e1c cao \u0111\u01b0\u1ee3c thi\u1ebft k\u1ebf cho c\u00e1c \u1ee9ng d\u1ee5ng kh\u1ea3o s\u00e1t chuy\u00ean nghi\u1ec7p y\u00eau c\u1ea7u \u0111o l\u01b0\u1eddng \u0111a h\u01b0\u1edbng \u0111\u00e1ng tin c\u1eady. \u0110\u01b0\u1ee3c thi\u1ebft k\u1ebf d\u1ef1a tr\u00ean c\u1ea5u tr\u00fac quang h\u1ecdc 360\u00b0 m\u1ea1nh m\u1ebd, h\u1ec7 th\u1ed1ng n\u00e0y \u0111\u1ea3m b\u1ea3o \u0111\u1ed9 ch\u00ednh x\u00e1c nh\u1ea5t qu\u00e1n cho d\u00f9 \u0111\u01b0\u1ee3c s\u1eed d\u1ee5ng trong gi\u00e1m s\u00e1t bi\u1ebfn d\u1ea1ng, kh\u1ea3o s\u00e1t \u0111\u1ecba h\u00ecnh hay b\u1ed1 tr\u00ed c\u00f4ng tr\u00ecnh. L\u0103ng k\u00ednh 360\u00b0 c\u00f3 c\u1ed9t ST360 cung c\u1ea5p kh\u1ea3 n\u0103ng ph\u1ea3n x\u1ea1 to\u00e0n v\u00f2ng, l\u00fd t\u01b0\u1edfng cho c\u00e1c m\u00e1y to\u00e0n \u0111\u1ea1c robot v\u00e0 quy tr\u00ecnh theo d\u00f5i t\u1ef1 \u0111\u1ed9ng.<\/p>\n<p>\u0110\u01b0\u1ee3c c\u1ea5u t\u1ea1o t\u1eeb s\u00e1u l\u0103ng k\u00ednh nh\u1ecf \u0111\u01b0\u1ee3c c\u0103n ch\u1ec9nh ch\u00ednh x\u00e1c, <a href=\"https:\/\/mountlaser.com\/vi\/\"><strong>L\u0103ng k\u00ednh mini 360 \u0111\u1ed9 d\u00e0nh cho m\u00e1y to\u00e0n \u0111\u1ea1c<\/strong><\/a> Thi\u1ebft b\u1ecb n\u00e0y mang l\u1ea1i kh\u1ea3 n\u0103ng thu t\u00edn hi\u1ec7u v\u00e0 \u0111\u1ed9 \u1ed5n \u0111\u1ecbnh \u0111o l\u01b0\u1eddng v\u01b0\u1ee3t tr\u1ed9i t\u1eeb m\u1ecdi h\u01b0\u1edbng. V\u1edbi h\u1eb1ng s\u1ed1 l\u0103ng k\u00ednh 0 mm, n\u00f3 \u0111\u1ea3m b\u1ea3o kh\u1ea3 n\u0103ng t\u01b0\u01a1ng th\u00edch v\u1edbi nhi\u1ec1u lo\u1ea1i d\u1ee5ng c\u1ee5 \u0111o \u0111\u1ea1c. \u1ed0ng th\u1ee7y tinh tr\u00f2n 40\u2032 t\u00edch h\u1ee3p cho ph\u00e9p c\u00e1c k\u1ef9 s\u01b0 \u0111o \u0111\u1ea1c th\u1ef1c hi\u1ec7n san l\u1ea5p m\u1eb7t b\u1eb1ng nhanh ch\u00f3ng v\u00e0 ch\u00ednh x\u00e1c t\u1ea1i hi\u1ec7n tr\u01b0\u1eddng, \u0111\u1ea3m b\u1ea3o k\u1ebft qu\u1ea3 \u0111\u00e1ng tin c\u1eady ngay c\u1ea3 trong m\u00f4i tr\u01b0\u1eddng kh\u00f3 kh\u0103n.<\/p>\n<p><img fetchpriority=\"high\" decoding=\"async\" class=\"aligncenter wp-image-4874\" src=\"https:\/\/mountlaser.com\/wp-content\/uploads\/2025\/11\/ST360\uff086\uff09.webp\" alt=\"ST360 360\u00b0PRISM WITH POLE\" width=\"500\" height=\"500\" srcset=\"https:\/\/mountlaser.com\/wp-content\/uploads\/2025\/11\/ST360\uff086\uff09.webp 1000w, https:\/\/mountlaser.com\/wp-content\/uploads\/2025\/11\/ST360\uff086\uff09-300x300.webp 300w, https:\/\/mountlaser.com\/wp-content\/uploads\/2025\/11\/ST360\uff086\uff09-400x400.webp 400w, https:\/\/mountlaser.com\/wp-content\/uploads\/2025\/11\/ST360\uff086\uff09-800x800.webp 800w, https:\/\/mountlaser.com\/wp-content\/uploads\/2025\/11\/ST360\uff086\uff09-600x600.webp 600w, https:\/\/mountlaser.com\/wp-content\/uploads\/2025\/11\/ST360\uff086\uff09-150x150.webp 150w, https:\/\/mountlaser.com\/wp-content\/uploads\/2025\/11\/ST360\uff086\uff09-768x768.webp 768w, https:\/\/mountlaser.com\/wp-content\/uploads\/2025\/11\/ST360\uff086\uff09-12x12.webp 12w\" sizes=\"(max-width: 500px) 100vw, 500px\" \/><\/p>\n<p><a href=\"https:\/\/mountlaser.com\/vi\/contact-us\/\">L\u0103ng k\u00ednh mini 360 \u0111\u1ed9 d\u00e0nh cho m\u00e1y to\u00e0n \u0111\u1ea1c<\/a> \u0110\u01b0\u1ee3c g\u1eafn tr\u00ean m\u1ed9t c\u00e2y c\u1ed9t nh\u1ecf b\u1eb1ng nh\u00f4m b\u1ec1n ch\u1eafc, cho ph\u00e9p \u0111i\u1ec1u ch\u1ec9nh \u0111\u1ed9 cao m\u01b0\u1ee3t m\u00e0 v\u1edbi gi\u00e1 \u0111\u1ee1 l\u0103ng k\u00ednh tr\u01b0\u1ee3t gi\u00fap t\u0103ng hi\u1ec7u qu\u1ea3 thi\u1ebft l\u1eadp. C\u1ea5u tr\u00fac \u0111\u01b0\u1ee3c gia c\u1ed1 \u0111\u1ea3m b\u1ea3o \u0111\u1ed9 b\u1ec1n l\u00e2u d\u00e0i v\u00e0 \u0111\u1ed9 \u1ed5n \u0111\u1ecbnh quang h\u1ecdc, bi\u1ebfn ST360 360\u00b0PRISM WITH POLE tr\u1edf th\u00e0nh gi\u1ea3i ph\u00e1p \u0111\u00e1ng tin c\u1eady cho c\u00e1c ph\u00e9p \u0111o m\u1ecdi g\u00f3c \u0111\u1ed9 trong nhi\u1ec1u \u0111i\u1ec1u ki\u1ec7n kh\u00e1c nhau.<\/p>","protected":false},"excerpt":{"rendered":"<ul>\n<li>Cung c\u1ea5p kh\u1ea3 n\u0103ng ph\u1ea3n x\u1ea1 t\u00edn hi\u1ec7u 360\u00b0 cho m\u00e1y to\u00e0n \u0111\u1ea1c v\u00e0 h\u1ec7 th\u1ed1ng kh\u1ea3o s\u00e1t robot.<\/li>\n<li>\u0110\u1ea3m b\u1ea3o c\u00e1c ph\u00e9p \u0111o \u1ed5n \u0111\u1ecbnh th\u00f4ng qua s\u00e1u l\u0103ng k\u00ednh nh\u1ecf \u0111\u01b0\u1ee3c c\u0103n ch\u1ec9nh ch\u00ednh x\u00e1c.<\/li>\n<li>H\u1ed7 tr\u1ee3 thi\u1ebft l\u1eadp nhanh ch\u00f3ng t\u1ea1i hi\u1ec7n tr\u01b0\u1eddng v\u1edbi \u1ed1ng th\u1ee7y tinh tr\u00f2n 40\u2032 t\u00edch h\u1ee3p.<\/li>\n<li>Cung c\u1ea5p kh\u1ea3 n\u0103ng \u0111i\u1ec1u ch\u1ec9nh \u0111\u1ed9 cao linh ho\u1ea1t th\u00f4ng qua gi\u00e1 \u0111\u1ee1 l\u0103ng k\u00ednh tr\u01b0\u1ee3t.<\/li>\n<li>T\u01b0\u01a1ng th\u00edch v\u1edbi nhi\u1ec1u lo\u1ea1i d\u1ee5ng c\u1ee5 \u0111o \u0111\u1ea1c nh\u1edd h\u1eb1ng s\u1ed1 l\u0103ng k\u00ednh 0 mm.<\/li>\n<\/ul>","protected":false},"featured_media":4869,"comment_status":"open","ping_status":"closed","template":"","meta":[],"product_brand":[],"product_cat":[115,72],"product_tag":[],"class_list":{"0":"post-4868","1":"product","2":"type-product","3":"status-publish","4":"has-post-thumbnail","6":"product_cat-wide-angle-prism","7":"product_cat-reflective-target-prism","9":"first","10":"instock","11":"shipping-taxable","12":"product-type-simple"},"_links":{"self":[{"href":"https:\/\/mountlaser.com\/vi\/wp-json\/wp\/v2\/product\/4868","targetHints":{"allow":["GET"]}}],"collection":[{"href":"https:\/\/mountlaser.com\/vi\/wp-json\/wp\/v2\/product"}],"about":[{"href":"https:\/\/mountlaser.com\/vi\/wp-json\/wp\/v2\/types\/product"}],"replies":[{"embeddable":true,"href":"https:\/\/mountlaser.com\/vi\/wp-json\/wp\/v2\/comments?post=4868"}],"wp:featuredmedia":[{"embeddable":true,"href":"https:\/\/mountlaser.com\/vi\/wp-json\/wp\/v2\/media\/4869"}],"wp:attachment":[{"href":"https:\/\/mountlaser.com\/vi\/wp-json\/wp\/v2\/media?parent=4868"}],"wp:term":[{"taxonomy":"product_brand","embeddable":true,"href":"https:\/\/mountlaser.com\/vi\/wp-json\/wp\/v2\/product_brand?post=4868"},{"taxonomy":"product_cat","embeddable":true,"href":"https:\/\/mountlaser.com\/vi\/wp-json\/wp\/v2\/product_cat?post=4868"},{"taxonomy":"product_tag","embeddable":true,"href":"https:\/\/mountlaser.com\/vi\/wp-json\/wp\/v2\/product_tag?post=4868"}],"curies":[{"name":"trang web","href":"https:\/\/api.w.org\/{rel}","templated":true}]}}